{"id":247,"date":"2025-04-29T20:46:19","date_gmt":"2025-04-30T01:46:19","guid":{"rendered":"https:\/\/franciscanas.org\/portal\/?page_id=247"},"modified":"2025-07-08T15:26:37","modified_gmt":"2025-07-08T20:26:37","slug":"principal-animada","status":"publish","type":"page","link":"https:\/\/franciscanas.org\/portal\/pt\/principal-animada\/","title":{"rendered":"Principal Animada"},"content":{"rendered":"<p>[et_pb_section fb_built=&#8221;1&#8243; _builder_version=&#8221;4.27.4&#8243; _module_preset=&#8221;default&#8221; top_divider_style=&#8221;clouds&#8221; top_divider_color=&#8221;#653622&#8243; bottom_divider_style=&#8221;wave2&#8243; bottom_divider_color=&#8221;#653622&#8243; global_colors_info=&#8221;{}&#8221;][et_pb_row _builder_version=&#8221;4.27.4&#8243; _module_preset=&#8221;default&#8221; max_width=&#8221;1370px&#8221; module_alignment=&#8221;center&#8221; custom_padding=&#8221;||3px|||&#8221; hover_transition_duration=&#8221;200ms&#8221; global_colors_info=&#8221;{}&#8221;][et_pb_column type=&#8221;4_4&#8243; _builder_version=&#8221;4.27.4&#8243; _module_preset=&#8221;default&#8221; global_colors_info=&#8221;{}&#8221;][et_pb_slider _builder_version=&#8221;4.27.4&#8243; _module_preset=&#8221;default&#8221; header_text_align=&#8221;center&#8221; background_color=&#8221;rgba(94,94,94,0)&#8221; custom_margin=&#8221;||0px|||&#8221; custom_padding=&#8221;90px||30px|||&#8221; auto=&#8221;on&#8221; global_colors_info=&#8221;{}&#8221;][et_pb_slide heading=&#8221;Somos franciscanas e mission\u00e1rias&#8221; image=&#8221;https:\/\/franciscanas.org\/portal\/wp-content\/uploads\/2025\/04\/visao-de-assis-1.png&#8221; _builder_version=&#8221;4.27.4&#8243; _module_preset=&#8221;_initial&#8221; header_level=&#8221;h1&#8243; header_text_color=&#8221;#653622&#8243; header_font_size=&#8221;56px&#8221; header_line_height=&#8221;1.4em&#8221; body_text_color=&#8221;#000000&#8243; body_line_height=&#8221;1.4em&#8221; hover_transition_duration=&#8221;100ms&#8221; global_colors_info=&#8221;{}&#8221; sticky_transition=&#8221;on&#8221;]<\/p>\n<div class=\"et_pb_module et_pb_text et_pb_text_1  et_pb_text_align_left et_pb_bg_layout_light\">\n<h1 class=\"et_pb_text_inner\" style=\"text-align: center;\"><\/h1>\n<p style=\"text-align: center;\">Como o Deus Encarnado, <strong>apaixonadas<\/strong> pelo <strong>Reino<\/strong> e pela <strong>humanidade<\/strong>. Assim, nosso cora\u00e7\u00e3o se abre <strong>al\u00e9m fronteiras<\/strong>.<\/p>\n<p><span class=\"VIiyi\" jsaction=\"mouseup:BR6jm\" jsname=\"jqKxS\" lang=\"es\"><span jsaction=\"agoMJf:PFBcW;usxOmf:aWLT7;jhKsnd:P7O7bd,F8DmGf;Q4AGo:Gm7gYd,qAKMYb;uFUCPb:pvnm0e,pfE8Hb,PFBcW;f56efd:dJXsye;EnoYf:KNzws,ZJsZZ,JgVSJc;zdMJQc:cCQNKb,ZJsZZ,zchEXc;Ytrrj:JJDvdc;tNR8yc:GeFvjb;oFN6Ye:hij5Wb\" jsname=\"txFAF\" class=\"JLqJ4b ChMk0b\" data-language-for-alternatives=\"es\" data-language-to-translate-into=\"pt\" data-phrase-index=\"1\" jscontroller=\"Zl5N8\" jsdata=\"uqLsIf;_;$11\" jsmodel=\"SsMkhd\"><span jsaction=\"click:qtZ4nf,GFf3ac,tMZCfe; contextmenu:Nqw7Te,QP7LD; mouseout:Nqw7Te; mouseover:qtZ4nf,c2aHje\" jsname=\"W297wb\"><\/span><\/span><\/span><\/p>\n<\/div>\n<p>[\/et_pb_slide][et_pb_slide heading=&#8221;Testemunhar o amor misericordioso de Deus Uno e Trino&#8221; image=&#8221;https:\/\/franciscanas.org\/portal\/wp-content\/uploads\/2025\/04\/Trindade-1.png&#8221; _builder_version=&#8221;4.27.4&#8243; _module_preset=&#8221;_initial&#8221; header_level=&#8221;h1&#8243; header_text_align=&#8221;center&#8221; header_text_color=&#8221;#653622&#8243; header_font_size=&#8221;50px&#8221; header_line_height=&#8221;1.4em&#8221; body_text_color=&#8221;#000000&#8243; body_line_height=&#8221;1.4em&#8221; hover_transition_duration=&#8221;100ms&#8221; global_colors_info=&#8221;{}&#8221; sticky_transition=&#8221;on&#8221;]<\/p>\n<div class=\"et_pb_module et_pb_text et_pb_text_1  et_pb_text_align_left et_pb_bg_layout_light\">\n<h1 class=\"et_pb_text_inner\" style=\"text-align: center;\"><\/h1>\n<p style=\"text-align: center;\">\u00c9 o que <strong>move nossa vida <\/strong>e<strong> nossa hist\u00f3ria<\/strong>, sempre atentas aos sinais dos tempos.<\/p>\n<p><span class=\"VIiyi\" jsaction=\"mouseup:BR6jm\" jsname=\"jqKxS\" lang=\"es\"><span jsaction=\"agoMJf:PFBcW;usxOmf:aWLT7;jhKsnd:P7O7bd,F8DmGf;Q4AGo:Gm7gYd,qAKMYb;uFUCPb:pvnm0e,pfE8Hb,PFBcW;f56efd:dJXsye;EnoYf:KNzws,ZJsZZ,JgVSJc;zdMJQc:cCQNKb,ZJsZZ,zchEXc;Ytrrj:JJDvdc;tNR8yc:GeFvjb;oFN6Ye:hij5Wb\" jsname=\"txFAF\" class=\"JLqJ4b ChMk0b\" data-language-for-alternatives=\"es\" data-language-to-translate-into=\"pt\" data-phrase-index=\"1\" jscontroller=\"Zl5N8\" jsdata=\"uqLsIf;_;$11\" jsmodel=\"SsMkhd\"><span jsaction=\"click:qtZ4nf,GFf3ac,tMZCfe; contextmenu:Nqw7Te,QP7LD; mouseout:Nqw7Te; mouseover:qtZ4nf,c2aHje\" jsname=\"W297wb\"><\/span><\/span><\/span><\/p>\n<\/div>\n<p>[\/et_pb_slide][et_pb_slide heading=&#8221;Anunciar a Boa-Nova do Reino de Deus&#8221; image=&#8221;https:\/\/franciscanas.org\/portal\/wp-content\/uploads\/2025\/04\/nosso-louvor-1.png&#8221; _builder_version=&#8221;4.27.4&#8243; _module_preset=&#8221;_initial&#8221; header_level=&#8221;h1&#8243; header_text_align=&#8221;center&#8221; header_text_color=&#8221;#653622&#8243; header_font_size=&#8221;50px&#8221; header_line_height=&#8221;1.4em&#8221; body_text_color=&#8221;#000000&#8243; body_line_height=&#8221;1.4em&#8221; hover_transition_duration=&#8221;100ms&#8221; global_colors_info=&#8221;{}&#8221; sticky_transition=&#8221;on&#8221;]<\/p>\n<div class=\"et_pb_module et_pb_text et_pb_text_1  et_pb_text_align_left et_pb_bg_layout_light\">\n<h1 class=\"et_pb_text_inner\" style=\"text-align: center;\"><\/h1>\n<div class=\"et_pb_module et_pb_text et_pb_text_1  et_pb_text_align_left et_pb_bg_layout_light\">\n<div class=\"et_pb_text_inner\">\n<p style=\"text-align: center;\">Exercendo as <strong>obras de miseric\u00f3rdia<\/strong>, <strong>promovemos vida<\/strong> mais humana e fraterna. Assim, nossa miss\u00e3o se eleva como um <strong>hino de louvor<\/strong> \u00c0quele que nos amou primeiro e assumiu a condi\u00e7\u00e3o humana.<\/p>\n<\/div>\n<\/div>\n<p><span class=\"VIiyi\" jsaction=\"mouseup:BR6jm\" jsname=\"jqKxS\" lang=\"es\"><span jsaction=\"agoMJf:PFBcW;usxOmf:aWLT7;jhKsnd:P7O7bd,F8DmGf;Q4AGo:Gm7gYd,qAKMYb;uFUCPb:pvnm0e,pfE8Hb,PFBcW;f56efd:dJXsye;EnoYf:KNzws,ZJsZZ,JgVSJc;zdMJQc:cCQNKb,ZJsZZ,zchEXc;Ytrrj:JJDvdc;tNR8yc:GeFvjb;oFN6Ye:hij5Wb\" jsname=\"txFAF\" class=\"JLqJ4b ChMk0b\" data-language-for-alternatives=\"es\" data-language-to-translate-into=\"pt\" data-phrase-index=\"1\" jscontroller=\"Zl5N8\" jsdata=\"uqLsIf;_;$11\" jsmodel=\"SsMkhd\"><span jsaction=\"click:qtZ4nf,GFf3ac,tMZCfe; contextmenu:Nqw7Te,QP7LD; mouseout:Nqw7Te; mouseover:qtZ4nf,c2aHje\" jsname=\"W297wb\"><\/span><\/span><\/span><\/p>\n<\/div>\n<p>[\/et_pb_slide][et_pb_slide heading=&#8221;O jeito franciscano de&#8230;&#8221; image=&#8221;https:\/\/franciscanas.org\/portal\/wp-content\/uploads\/2025\/07\/san_francisco.png&#8221; _builder_version=&#8221;4.27.4&#8243; _module_preset=&#8221;_initial&#8221; header_level=&#8221;h1&#8243; header_text_align=&#8221;center&#8221; header_text_color=&#8221;#653622&#8243; header_font_size=&#8221;50px&#8221; header_line_height=&#8221;1.4em&#8221; body_text_color=&#8221;#000000&#8243; body_line_height=&#8221;1.4em&#8221; hover_transition_duration=&#8221;100ms&#8221; global_colors_info=&#8221;{}&#8221; sticky_transition=&#8221;on&#8221;]<\/p>\n<div class=\"et_pb_module et_pb_text et_pb_text_1  et_pb_text_align_left et_pb_bg_layout_light\">\n<p class=\"et_pb_text_inner\" style=\"text-align: center;\">\u2013 viver a <strong>hospitalidade<\/strong>;<br \/>\u2013 <strong>educar<\/strong> para a vida;<br \/>\u2013 <strong>cuidar<\/strong> da vida;<br \/>\u2013 <strong>promover<\/strong> a vida;<br \/>\u2013 <strong>anunciar<\/strong> o Reino de Deus,<br \/>\u2026 orienta nossa a\u00e7\u00e3o mission\u00e1ria.<\/p>\n<div class=\"et_pb_module et_pb_text et_pb_text_1  et_pb_text_align_left et_pb_bg_layout_light\">\n<div class=\"et_pb_text_inner\">\n<div class=\"et_pb_module et_pb_text et_pb_text_1  et_pb_text_align_left et_pb_bg_layout_light\">\n<div class=\"et_pb_text_inner\">\n<p style=\"text-align: center;\">\n<\/div>\n<\/div>\n<\/div>\n<\/div>\n<p><span class=\"VIiyi\" jsaction=\"mouseup:BR6jm\" jsname=\"jqKxS\" lang=\"es\"><span jsaction=\"agoMJf:PFBcW;usxOmf:aWLT7;jhKsnd:P7O7bd,F8DmGf;Q4AGo:Gm7gYd,qAKMYb;uFUCPb:pvnm0e,pfE8Hb,PFBcW;f56efd:dJXsye;EnoYf:KNzws,ZJsZZ,JgVSJc;zdMJQc:cCQNKb,ZJsZZ,zchEXc;Ytrrj:JJDvdc;tNR8yc:GeFvjb;oFN6Ye:hij5Wb\" jsname=\"txFAF\" class=\"JLqJ4b ChMk0b\" data-language-for-alternatives=\"es\" data-language-to-translate-into=\"pt\" data-phrase-index=\"1\" jscontroller=\"Zl5N8\" jsdata=\"uqLsIf;_;$11\" jsmodel=\"SsMkhd\"><span jsaction=\"click:qtZ4nf,GFf3ac,tMZCfe; contextmenu:Nqw7Te,QP7LD; mouseout:Nqw7Te; mouseover:qtZ4nf,c2aHje\" jsname=\"W297wb\"><\/span><\/span><\/span><\/p>\n<\/div>\n<p>[\/et_pb_slide][et_pb_slide heading=&#8221;Ouse viver um grande prop\u00f3sito&#8221; image=&#8221;https:\/\/franciscanas.org\/portal\/wp-content\/uploads\/2025\/04\/Timao-1.png&#8221; _builder_version=&#8221;4.27.4&#8243; _module_preset=&#8221;_initial&#8221; header_level=&#8221;h1&#8243; header_text_align=&#8221;center&#8221; header_text_color=&#8221;#653622&#8243; header_font_size=&#8221;50px&#8221; header_line_height=&#8221;1.4em&#8221; body_text_color=&#8221;#000000&#8243; body_line_height=&#8221;1.4em&#8221; hover_transition_duration=&#8221;100ms&#8221; global_colors_info=&#8221;{}&#8221; sticky_transition=&#8221;on&#8221;]<\/p>\n<div class=\"et_pb_module et_pb_text et_pb_text_1  et_pb_text_align_left et_pb_bg_layout_light\">\n<h1 class=\"et_pb_text_inner\" style=\"text-align: center;\"><\/h1>\n<div class=\"et_pb_module et_pb_text et_pb_text_1  et_pb_text_align_left et_pb_bg_layout_light\">\n<div class=\"et_pb_text_inner\">\n<div class=\"et_pb_module et_pb_text et_pb_text_1  et_pb_text_align_left et_pb_bg_layout_light\">\n<div class=\"et_pb_text_inner\">\n<div class=\"et_pb_module et_pb_text et_pb_text_6  et_pb_text_align_left et_pb_bg_layout_light\">\n<div class=\"et_pb_text_inner\">\n<p style=\"text-align: center;\">O que move voc\u00ea? Est\u00e1 em busca de maior sentido? Quer ampliar seu horizonte? O projeto de vida <strong>franciscana <\/strong>e <strong>mission\u00e1ria<\/strong> pode ser o caminho de realiza\u00e7\u00e3o do seu <strong>prop\u00f3sito<\/strong> de vida.<\/p>\n<\/div>\n<\/div>\n<\/div>\n<\/div>\n<\/div>\n<\/div>\n<p><span class=\"VIiyi\" jsaction=\"mouseup:BR6jm\" jsname=\"jqKxS\" lang=\"es\"><span jsaction=\"agoMJf:PFBcW;usxOmf:aWLT7;jhKsnd:P7O7bd,F8DmGf;Q4AGo:Gm7gYd,qAKMYb;uFUCPb:pvnm0e,pfE8Hb,PFBcW;f56efd:dJXsye;EnoYf:KNzws,ZJsZZ,JgVSJc;zdMJQc:cCQNKb,ZJsZZ,zchEXc;Ytrrj:JJDvdc;tNR8yc:GeFvjb;oFN6Ye:hij5Wb\" jsname=\"txFAF\" class=\"JLqJ4b ChMk0b\" data-language-for-alternatives=\"es\" data-language-to-translate-into=\"pt\" data-phrase-index=\"1\" jscontroller=\"Zl5N8\" jsdata=\"uqLsIf;_;$11\" jsmodel=\"SsMkhd\"><span jsaction=\"click:qtZ4nf,GFf3ac,tMZCfe; contextmenu:Nqw7Te,QP7LD; mouseout:Nqw7Te; mouseover:qtZ4nf,c2aHje\" jsname=\"W297wb\"><\/span><\/span><\/span><\/p>\n<\/div>\n<p>[\/et_pb_slide][\/et_pb_slider][\/et_pb_column][\/et_pb_row][et_pb_row _builder_version=&#8221;4.27.4&#8243; _module_preset=&#8221;default&#8221; max_width=&#8221;1370px&#8221; module_alignment=&#8221;center&#8221; custom_padding=&#8221;13px||50px|||&#8221; hover_transition_duration=&#8221;200ms&#8221; global_colors_info=&#8221;{}&#8221; column_structure=&#8221;1_2,1_2&#8243;][et_pb_column type=&#8221;1_2&#8243; _builder_version=&#8221;4.27.4&#8243; _module_preset=&#8221;default&#8221; global_colors_info=&#8221;{}&#8221;][\/et_pb_column][et_pb_column type=&#8221;1_2&#8243; _builder_version=&#8221;4.27.4&#8243; _module_preset=&#8221;default&#8221; global_colors_info=&#8221;{}&#8221;][et_pb_button button_url=&#8221;https:\/\/franciscanas.org\/portal\/brasil\/&#8221; button_text=&#8221;Acesse o site&#8230;&#8221; button_alignment=&#8221;center&#8221; _builder_version=&#8221;4.27.4&#8243; _module_preset=&#8221;default&#8221; custom_button=&#8221;on&#8221; button_text_color=&#8221;#ffffff&#8221; button_bg_color=&#8221;#330d08&#8243; button_border_width=&#8221;1px&#8221; button_border_color=&#8221;#330d08&#8243; button_border_radius=&#8221;30px&#8221; button_icon=&#8221;&#x39;||divi||400&#8243; custom_margin=&#8221;|145px||||&#8221; hover_enabled=&#8221;0&#8243; locked=&#8221;off&#8221; global_colors_info=&#8221;{}&#8221; sticky_enabled=&#8221;0&#8243;][\/et_pb_button][\/et_pb_column][\/et_pb_row][\/et_pb_section]<\/p>\n","protected":false},"excerpt":{"rendered":"<p>Como o Deus Encarnado, apaixonadas pelo Reino e pela humanidade. Assim, nosso cora\u00e7\u00e3o se abre al\u00e9m fronteiras. \u00c9 o que move nossa vida e nossa hist\u00f3ria, sempre atentas aos sinais dos tempos. Exercendo as obras de miseric\u00f3rdia, promovemos vida mais humana e fraterna. Assim, nossa miss\u00e3o se eleva como um hino de louvor \u00c0quele que [&hellip;]<\/p>\n","protected":false},"author":1,"featured_media":0,"parent":0,"menu_order":0,"comment_status":"closed","ping_status":"closed","template":"","meta":{"_et_pb_use_builder":"on","_et_pb_old_content":"","_et_gb_content_width":"","footnotes":""},"class_list":["post-247","page","type-page","status-publish","hentry"],"_links":{"self":[{"href":"https:\/\/franciscanas.org\/portal\/wp-json\/wp\/v2\/pages\/247","targetHints":{"allow":["GET"]}}],"collection":[{"href":"https:\/\/franciscanas.org\/portal\/wp-json\/wp\/v2\/pages"}],"about":[{"href":"https:\/\/franciscanas.org\/portal\/wp-json\/wp\/v2\/types\/page"}],"author":[{"embeddable":true,"href":"https:\/\/franciscanas.org\/portal\/wp-json\/wp\/v2\/users\/1"}],"replies":[{"embeddable":true,"href":"https:\/\/franciscanas.org\/portal\/wp-json\/wp\/v2\/comments?post=247"}],"version-history":[{"count":9,"href":"https:\/\/franciscanas.org\/portal\/wp-json\/wp\/v2\/pages\/247\/revisions"}],"predecessor-version":[{"id":295,"href":"https:\/\/franciscanas.org\/portal\/wp-json\/wp\/v2\/pages\/247\/revisions\/295"}],"wp:attachment":[{"href":"https:\/\/franciscanas.org\/portal\/wp-json\/wp\/v2\/media?parent=247"}],"curies":[{"name":"wp","href":"https:\/\/api.w.org\/{rel}","templated":true}]}}