{"id":4925,"date":"2025-05-23T20:52:48","date_gmt":"2025-05-24T01:52:48","guid":{"rendered":"https:\/\/franciscanas.org\/portal\/lamerica\/?page_id=4925"},"modified":"2025-07-22T12:56:52","modified_gmt":"2025-07-22T17:56:52","slug":"maria-auxiliadora","status":"publish","type":"page","link":"https:\/\/franciscanas.org\/portal\/lamerica\/maria-auxiliadora\/","title":{"rendered":"Mar\u00eda Auxiliadora"},"content":{"rendered":"<p>[et_pb_section fb_built=&#8221;1&#8243; _builder_version=&#8221;4.27.4&#8243; _module_preset=&#8221;default&#8221; global_colors_info=&#8221;{}&#8221;][et_pb_row _builder_version=&#8221;4.27.4&#8243; _module_preset=&#8221;default&#8221; global_colors_info=&#8221;{}&#8221;][et_pb_column type=&#8221;4_4&#8243; _builder_version=&#8221;4.27.4&#8243; _module_preset=&#8221;default&#8221; global_colors_info=&#8221;{}&#8221;][et_pb_text _builder_version=&#8221;4.27.4&#8243; _module_preset=&#8221;default&#8221; global_colors_info=&#8221;{}&#8221;]<\/p>\n<h1>Mar\u00eda Auxiliadora<\/h1>\n<p>[\/et_pb_text][\/et_pb_column][\/et_pb_row][et_pb_row column_structure=&#8221;3_4,1_4&#8243; _builder_version=&#8221;4.27.4&#8243; _module_preset=&#8221;default&#8221; custom_padding=&#8221;3px||0px|||&#8221; global_colors_info=&#8221;{}&#8221;][et_pb_column type=&#8221;3_4&#8243; _builder_version=&#8221;4.27.4&#8243; _module_preset=&#8221;default&#8221; global_colors_info=&#8221;{}&#8221;][et_pb_text _builder_version=&#8221;4.27.4&#8243; _module_preset=&#8221;default&#8221; custom_padding=&#8221;||27px|||&#8221; global_colors_info=&#8221;{}&#8221;]<\/p>\n<p><span class=\"HwtZe\" jsname=\"jqKxS\" jsaction=\"mouseup:Sxi9L,BR6jm; mousedown:qjlr0e\" lang=\"es\"><span jsname=\"txFAF\" class=\"jCAhz ChMk0b\" jsaction=\"agoMJf:PFBcW;MZfLnc:P7O7bd;nt4Alf:pvnm0e,pfE8Hb,PFBcW;B01qod:dJXsye;H1e5u:iXtTIf;lYIUJf:hij5Wb\" jscontroller=\"BiTO4b\"><span class=\"ryNqvb\" jsname=\"W297wb\" jsaction=\"click:PDNqTc,GFf3ac,qlVvte;contextmenu:Nqw7Te,QP7LD; mouseout:Nqw7Te; mouseover:PDNqTc,c2aHje\"> La Congregaci\u00f3n de las Hermanas Franciscanas Misioneras de Mar\u00eda Auxiliadora tiene a Nuestra Se\u00f1ora como su santa patrona bajo el t\u00edtulo de Mar\u00eda Auxiliadora o Nuestra Se\u00f1ora Auxiliadora.<\/span><\/span> <span jsname=\"txFAF\" class=\"jCAhz ChMk0b\" jsaction=\"agoMJf:PFBcW;MZfLnc:P7O7bd;nt4Alf:pvnm0e,pfE8Hb,PFBcW;B01qod:dJXsye;H1e5u:iXtTIf;lYIUJf:hij5Wb\" jscontroller=\"BiTO4b\"><span class=\"ryNqvb\" jsname=\"W297wb\" jsaction=\"click:PDNqTc,GFf3ac,qlVvte;contextmenu:Nqw7Te,QP7LD; mouseout:Nqw7Te; mouseover:PDNqTc,c2aHje\">Pero \u00bfde d\u00f3nde viene esta devoci\u00f3n?<\/span><\/span><span jsname=\"txFAF\" class=\"jCAhz ChMk0b\" jsaction=\"agoMJf:PFBcW;MZfLnc:P7O7bd;nt4Alf:pvnm0e,pfE8Hb,PFBcW;B01qod:dJXsye;H1e5u:iXtTIf;lYIUJf:hij5Wb\" jscontroller=\"BiTO4b\"><span class=\"ryNqvb\" jsname=\"W297wb\" jsaction=\"click:PDNqTc,GFf3ac,qlVvte;contextmenu:Nqw7Te,QP7LD; mouseout:Nqw7Te; mouseover:PDNqTc,c2aHje\"> <\/span><\/span><\/span><\/p>\n<p><span class=\"HwtZe\" jsname=\"jqKxS\" jsaction=\"mouseup:Sxi9L,BR6jm; mousedown:qjlr0e\" lang=\"es\"><span jsname=\"txFAF\" class=\"jCAhz ChMk0b\" jsaction=\"agoMJf:PFBcW;MZfLnc:P7O7bd;nt4Alf:pvnm0e,pfE8Hb,PFBcW;B01qod:dJXsye;H1e5u:iXtTIf;lYIUJf:hij5Wb\" jscontroller=\"BiTO4b\"><span class=\"ryNqvb\" jsname=\"W297wb\" jsaction=\"click:PDNqTc,GFf3ac,qlVvte;contextmenu:Nqw7Te,QP7LD; mouseout:Nqw7Te; mouseover:PDNqTc,c2aHje\">El convento que acogi\u00f3 a Santa Mar\u00eda Bernarda, mucho antes de su llegada, es decir, en el siglo XVI, al parecer, se consolid\u00f3 a partir del movimiento de mujeres piadosas surgidas en la Edad Media llamadas Beguinas.<\/span><\/span> <span jsname=\"txFAF\" class=\"jCAhz ChMk0b\" jsaction=\"agoMJf:PFBcW;MZfLnc:P7O7bd;nt4Alf:pvnm0e,pfE8Hb,PFBcW;B01qod:dJXsye;H1e5u:iXtTIf;lYIUJf:hij5Wb\" jscontroller=\"BiTO4b\"><span class=\"ryNqvb\" jsname=\"W297wb\" jsaction=\"click:PDNqTc,GFf3ac,qlVvte;contextmenu:Nqw7Te,QP7LD; mouseout:Nqw7Te; mouseover:PDNqTc,c2aHje\">En esta \u00e9poca el convento se integr\u00f3 a la Tercera Orden Regular de San Francisco de As\u00eds, asumiendo el carisma franciscano y pasando a llamarse Capuchinos de Mar\u00eda Hilf.<\/span><\/span><span jsname=\"txFAF\" class=\"jCAhz ChMk0b\" jsaction=\"agoMJf:PFBcW;MZfLnc:P7O7bd;nt4Alf:pvnm0e,pfE8Hb,PFBcW;B01qod:dJXsye;H1e5u:iXtTIf;lYIUJf:hij5Wb\" jscontroller=\"BiTO4b\"><span class=\"ryNqvb\" jsname=\"W297wb\" jsaction=\"click:PDNqTc,GFf3ac,qlVvte;contextmenu:Nqw7Te,QP7LD; mouseout:Nqw7Te; mouseover:PDNqTc,c2aHje\"> <\/span><\/span><\/span><\/p>\n<p><span class=\"HwtZe\" jsname=\"jqKxS\" jsaction=\"mouseup:Sxi9L,BR6jm; mousedown:qjlr0e\" lang=\"es\"><span jsname=\"txFAF\" class=\"jCAhz ChMk0b\" jsaction=\"agoMJf:PFBcW;MZfLnc:P7O7bd;nt4Alf:pvnm0e,pfE8Hb,PFBcW;B01qod:dJXsye;H1e5u:iXtTIf;lYIUJf:hij5Wb\" jscontroller=\"BiTO4b\"><span class=\"ryNqvb\" jsname=\"W297wb\" jsaction=\"click:PDNqTc,GFf3ac,qlVvte;contextmenu:Nqw7Te,QP7LD; mouseout:Nqw7Te; mouseover:PDNqTc,c2aHje\">Junto al convento hab\u00eda una capilla.<\/span><\/span> <span jsname=\"txFAF\" class=\"jCAhz ChMk0b\" jsaction=\"agoMJf:PFBcW;MZfLnc:P7O7bd;nt4Alf:pvnm0e,pfE8Hb,PFBcW;B01qod:dJXsye;H1e5u:iXtTIf;lYIUJf:hij5Wb\" jscontroller=\"BiTO4b\"><span class=\"ryNqvb\" jsname=\"W297wb\" jsaction=\"click:PDNqTc,GFf3ac,qlVvte;contextmenu:Nqw7Te,QP7LD; mouseout:Nqw7Te; mouseover:PDNqTc,c2aHje\">El obispo local inaugur\u00f3 esta capilla bajo el patrocinio de Mar\u00eda Hilf.<\/span><\/span> <span jsname=\"txFAF\" class=\"jCAhz ChMk0b\" jsaction=\"agoMJf:PFBcW;MZfLnc:P7O7bd;nt4Alf:pvnm0e,pfE8Hb,PFBcW;B01qod:dJXsye;H1e5u:iXtTIf;lYIUJf:hij5Wb\" jscontroller=\"BiTO4b\"><span class=\"ryNqvb\" jsname=\"W297wb\" jsaction=\"click:PDNqTc,GFf3ac,qlVvte;contextmenu:Nqw7Te,QP7LD; mouseout:Nqw7Te; mouseover:PDNqTc,c2aHje\">Traducido del alem\u00e1n, pues, Mar\u00eda Auxiliadora.<\/span><\/span> <span jsname=\"txFAF\" class=\"jCAhz ChMk0b\" jsaction=\"agoMJf:PFBcW;MZfLnc:P7O7bd;nt4Alf:pvnm0e,pfE8Hb,PFBcW;B01qod:dJXsye;H1e5u:iXtTIf;lYIUJf:hij5Wb\" jscontroller=\"BiTO4b\"><span class=\"ryNqvb\" jsname=\"W297wb\" jsaction=\"click:PDNqTc,GFf3ac,qlVvte;contextmenu:Nqw7Te,QP7LD; mouseout:Nqw7Te; mouseover:PDNqTc,c2aHje\">No se sabe con seguridad qu\u00e9 motiv\u00f3 esta devoci\u00f3n en aquella \u00e9poca.<\/span><\/span> <span jsname=\"txFAF\" class=\"jCAhz ChMk0b\" jsaction=\"agoMJf:PFBcW;MZfLnc:P7O7bd;nt4Alf:pvnm0e,pfE8Hb,PFBcW;B01qod:dJXsye;H1e5u:iXtTIf;lYIUJf:hij5Wb\" jscontroller=\"BiTO4b\"><span class=\"ryNqvb\" jsname=\"W297wb\" jsaction=\"click:PDNqTc,GFf3ac,qlVvte;contextmenu:Nqw7Te,QP7LD; mouseout:Nqw7Te; mouseover:PDNqTc,c2aHje\">Pudo haber ocurrido debido a la influencia de alguna espiritualidad o alg\u00fan acontecimiento ocurrido durante ese periodo.<\/span><\/span> <span jsname=\"txFAF\" class=\"jCAhz ChMk0b\" jsaction=\"agoMJf:PFBcW;MZfLnc:P7O7bd;nt4Alf:pvnm0e,pfE8Hb,PFBcW;B01qod:dJXsye;H1e5u:iXtTIf;lYIUJf:hij5Wb\" jscontroller=\"BiTO4b\"><span class=\"ryNqvb\" jsname=\"W297wb\" jsaction=\"click:PDNqTc,GFf3ac,qlVvte;contextmenu:Nqw7Te,QP7LD; mouseout:Nqw7Te; mouseover:PDNqTc,c2aHje\">Lo que s\u00ed se sabe es que en Europa se cultiv\u00f3 una fuerte devoci\u00f3n a Mar\u00eda Auxiliadora tras la batalla de Lepanto de 1571, ganada por los cristianos luchando contra la dominaci\u00f3n de los moros.<\/span><\/span> Desde all\u00ed<span jsname=\"txFAF\" class=\"jCAhz ChMk0b\" jsaction=\"agoMJf:PFBcW;MZfLnc:P7O7bd;nt4Alf:pvnm0e,pfE8Hb,PFBcW;B01qod:dJXsye;H1e5u:iXtTIf;lYIUJf:hij5Wb\" jscontroller=\"BiTO4b\"><span class=\"ryNqvb\" jsname=\"W297wb\" jsaction=\"click:PDNqTc,GFf3ac,qlVvte;contextmenu:Nqw7Te,QP7LD; mouseout:Nqw7Te; mouseover:PDNqTc,c2aHje\">, el Papa P\u00edo V incluy\u00f3 el t\u00edtulo de \u201cMar\u00eda Auxiliadora\u201d en las letan\u00edas de Nuestra Se\u00f1ora.<\/span><\/span><\/span><\/p>\n<p>[\/et_pb_text][\/et_pb_column][et_pb_column type=&#8221;1_4&#8243; _builder_version=&#8221;4.27.4&#8243; _module_preset=&#8221;default&#8221; global_colors_info=&#8221;{}&#8221;][et_pb_image src=&#8221;https:\/\/franciscanas.org\/portal\/lamerica\/wp-content\/uploads\/sites\/2\/2025\/05\/maria.jpg&#8221; title_text=&#8221;maria&#8221; _builder_version=&#8221;4.27.4&#8243; _module_preset=&#8221;default&#8221; custom_margin=&#8221;||1px|||&#8221; global_colors_info=&#8221;{}&#8221;][\/et_pb_image][et_pb_text _builder_version=&#8221;4.27.4&#8243; _module_preset=&#8221;default&#8221; text_font_size=&#8221;18px&#8221; global_colors_info=&#8221;{}&#8221;]<\/p>\n<p style=\"text-align: center;\"><em>Imagen ilustrativa &#8211; La Piet\u00e1<\/em><\/p>\n<p>[\/et_pb_text][\/et_pb_column][\/et_pb_row][et_pb_row column_structure=&#8221;2_5,3_5&#8243; _builder_version=&#8221;4.27.4&#8243; _module_preset=&#8221;default&#8221; custom_padding=&#8221;3px||10px|||&#8221; global_colors_info=&#8221;{}&#8221;][et_pb_column type=&#8221;2_5&#8243; _builder_version=&#8221;4.27.4&#8243; _module_preset=&#8221;default&#8221; global_colors_info=&#8221;{}&#8221;][et_pb_image src=&#8221;https:\/\/franciscanas.org\/portal\/lamerica\/wp-content\/uploads\/sites\/2\/2025\/05\/Auxiliadora.jpg&#8221; title_text=&#8221;Auxiliadora&#8221; _builder_version=&#8221;4.27.4&#8243; _module_preset=&#8221;default&#8221; custom_margin=&#8221;||0px|||&#8221; global_colors_info=&#8221;{}&#8221;][\/et_pb_image][et_pb_text _builder_version=&#8221;4.27.4&#8243; _module_preset=&#8221;default&#8221; text_font_size=&#8221;18px&#8221; global_colors_info=&#8221;{}&#8221;]<\/p>\n<p style=\"text-align: center;\"><em>Imagen de Mar\u00eda Auxiliadora &#8211; Pintura<\/em><\/p>\n<p>[\/et_pb_text][\/et_pb_column][et_pb_column type=&#8221;3_5&#8243; _builder_version=&#8221;4.27.4&#8243; _module_preset=&#8221;default&#8221; global_colors_info=&#8221;{}&#8221;][et_pb_text _builder_version=&#8221;4.27.4&#8243; _module_preset=&#8221;default&#8221; custom_padding=&#8221;||0px|||&#8221; global_colors_info=&#8221;{}&#8221;]<\/p>\n<p><span class=\"HwtZe\" jsname=\"jqKxS\" jsaction=\"mouseup:Sxi9L,BR6jm; mousedown:qjlr0e\" lang=\"es\"><span jsname=\"txFAF\" class=\"jCAhz ChMk0b\" jsaction=\"agoMJf:PFBcW;MZfLnc:P7O7bd;nt4Alf:pvnm0e,pfE8Hb,PFBcW;B01qod:dJXsye;H1e5u:iXtTIf;lYIUJf:hij5Wb\" jscontroller=\"BiTO4b\"><span class=\"ryNqvb\" jsname=\"W297wb\" jsaction=\"click:PDNqTc,GFf3ac,qlVvte;contextmenu:Nqw7Te,QP7LD; mouseout:Nqw7Te; mouseover:PDNqTc,c2aHje\">Pero tambi\u00e9n se sabe que San Juan Cris\u00f3stomo, en el siglo V, llam\u00f3 a la Virgen Mar\u00eda Auxiliadora y que San Juan Damasceno, en el siglo XIII, difundi\u00f3 la devocaci\u00f3n a Mar\u00eda Auxiliadora.<\/span><\/span> <span jsname=\"txFAF\" class=\"jCAhz ChMk0b\" jsaction=\"agoMJf:PFBcW;MZfLnc:P7O7bd;nt4Alf:pvnm0e,pfE8Hb,PFBcW;B01qod:dJXsye;H1e5u:iXtTIf;lYIUJf:hij5Wb\" jscontroller=\"BiTO4b\"><span class=\"ryNqvb\" jsname=\"W297wb\" jsaction=\"click:PDNqTc,GFf3ac,qlVvte;contextmenu:Nqw7Te,QP7LD; mouseout:Nqw7Te; mouseover:PDNqTc,c2aHje\">Estos acontecimientos denotan la distinci\u00f3n a Mar\u00eda Auxiliadora desde los inicios de la Iglesia.<\/span><\/span> <span jsname=\"txFAF\" class=\"jCAhz ChMk0b\" jsaction=\"agoMJf:PFBcW;MZfLnc:P7O7bd;nt4Alf:pvnm0e,pfE8Hb,PFBcW;B01qod:dJXsye;H1e5u:iXtTIf;lYIUJf:hij5Wb\" jscontroller=\"BiTO4b\"><span class=\"ryNqvb\" jsname=\"W297wb\" jsaction=\"click:PDNqTc,GFf3ac,qlVvte;contextmenu:Nqw7Te,QP7LD; mouseout:Nqw7Te; mouseover:PDNqTc,c2aHje\">Cualquiera de estas influencias pudo haber dado lugar a la iniciativa de dedicar la capilla del convento a Mar\u00eda Auxiliadora.<\/span><\/span><span jsname=\"txFAF\" class=\"jCAhz ChMk0b\" jsaction=\"agoMJf:PFBcW;MZfLnc:P7O7bd;nt4Alf:pvnm0e,pfE8Hb,PFBcW;B01qod:dJXsye;H1e5u:iXtTIf;lYIUJf:hij5Wb\" jscontroller=\"BiTO4b\"><span class=\"ryNqvb\" jsname=\"W297wb\" jsaction=\"click:PDNqTc,GFf3ac,qlVvte;contextmenu:Nqw7Te,QP7LD; mouseout:Nqw7Te; mouseover:PDNqTc,c2aHje\"> <\/span><\/span><\/span><\/p>\n<p><span class=\"HwtZe\" jsname=\"jqKxS\" jsaction=\"mouseup:Sxi9L,BR6jm; mousedown:qjlr0e\" lang=\"es\"><span jsname=\"txFAF\" class=\"jCAhz ChMk0b\" jsaction=\"agoMJf:PFBcW;MZfLnc:P7O7bd;nt4Alf:pvnm0e,pfE8Hb,PFBcW;B01qod:dJXsye;H1e5u:iXtTIf;lYIUJf:hij5Wb\" jscontroller=\"BiTO4b\"><span class=\"ryNqvb\" jsname=\"W297wb\" jsaction=\"click:PDNqTc,GFf3ac,qlVvte;contextmenu:Nqw7Te,QP7LD; mouseout:Nqw7Te; mouseover:PDNqTc,c2aHje\">Cuando Santa Mar\u00eda Bernarda parti\u00f3 para la misi\u00f3n en Ecuador, despu\u00e9s de haber dedicado veinte a\u00f1os a la vida religiosa contemplativa, ella y sus seis compa\u00f1eras renunciaron a sus derechos y deberes para partir hacia lo desconocido.<\/span><\/span> <span jsname=\"txFAF\" class=\"jCAhz ChMk0b\" jsaction=\"agoMJf:PFBcW;MZfLnc:P7O7bd;nt4Alf:pvnm0e,pfE8Hb,PFBcW;B01qod:dJXsye;H1e5u:iXtTIf;lYIUJf:hij5Wb\" jscontroller=\"BiTO4b\"><span class=\"ryNqvb\" jsname=\"W297wb\" jsaction=\"click:PDNqTc,GFf3ac,qlVvte;contextmenu:Nqw7Te,QP7LD; mouseout:Nqw7Te; mouseover:PDNqTc,c2aHje\">En la despedida, ante la imagen de Mar\u00eda Auxiliadora, las misioneras y las dem\u00e1s religiosas rezaron e invocaron la protecci\u00f3n y bendici\u00f3n de Nuestra Se\u00f1ora para el camino y la iniciativa que emprend\u00edan.<\/span><\/span> <span jsname=\"txFAF\" class=\"jCAhz ChMk0b\" jsaction=\"agoMJf:PFBcW;MZfLnc:P7O7bd;nt4Alf:pvnm0e,pfE8Hb,PFBcW;B01qod:dJXsye;H1e5u:iXtTIf;lYIUJf:hij5Wb\" jscontroller=\"BiTO4b\"><span class=\"ryNqvb\" jsname=\"W297wb\" jsaction=\"click:PDNqTc,GFf3ac,qlVvte;contextmenu:Nqw7Te,QP7LD; mouseout:Nqw7Te; mouseover:PDNqTc,c2aHje\">La congregaci\u00f3n surgida de este \u00e9xodo misionero adopt\u00f3 tambi\u00e9n a Mar\u00eda Auxiliadora como su patrona, expresando el deseo de vivir en fidelidad a las intuiciones de su origen.<\/span><\/span><span jsname=\"txFAF\" class=\"jCAhz ChMk0b\" jsaction=\"agoMJf:PFBcW;MZfLnc:P7O7bd;nt4Alf:pvnm0e,pfE8Hb,PFBcW;B01qod:dJXsye;H1e5u:iXtTIf;lYIUJf:hij5Wb\" jscontroller=\"BiTO4b\"><span class=\"ryNqvb\" jsname=\"W297wb\" jsaction=\"click:PDNqTc,GFf3ac,qlVvte;contextmenu:Nqw7Te,QP7LD; mouseout:Nqw7Te; mouseover:PDNqTc,c2aHje\"> <\/span><\/span><\/span><\/p>\n<p>[\/et_pb_text][\/et_pb_column][\/et_pb_row][et_pb_row _builder_version=&#8221;4.27.4&#8243; _module_preset=&#8221;default&#8221; custom_padding=&#8221;3px|||||&#8221; global_colors_info=&#8221;{}&#8221;][et_pb_column type=&#8221;4_4&#8243; _builder_version=&#8221;4.27.4&#8243; _module_preset=&#8221;default&#8221; global_colors_info=&#8221;{}&#8221;][et_pb_text _builder_version=&#8221;4.27.4&#8243; _module_preset=&#8221;default&#8221; custom_padding=&#8221;||0px|||&#8221; global_colors_info=&#8221;{}&#8221;]<\/p>\n<p><span class=\"HwtZe\" jsname=\"jqKxS\" jsaction=\"mouseup:Sxi9L,BR6jm; mousedown:qjlr0e\" lang=\"es\"><span jsname=\"txFAF\" class=\"jCAhz ChMk0b\" jsaction=\"agoMJf:PFBcW;MZfLnc:P7O7bd;nt4Alf:pvnm0e,pfE8Hb,PFBcW;B01qod:dJXsye;H1e5u:iXtTIf;lYIUJf:hij5Wb\" jscontroller=\"BiTO4b\"><span class=\"ryNqvb\" jsname=\"W297wb\" jsaction=\"click:PDNqTc,GFf3ac,qlVvte;contextmenu:Nqw7Te,QP7LD; mouseout:Nqw7Te; mouseover:PDNqTc,c2aHje\">La imagen de Mar\u00eda Auxiliadora, a la que eran devotas Santa Mar\u00eda Bernarda y las hermanas de Mar\u00eda Hilf, tiene un aspecto diferente de la imagen de Mar\u00eda Auxiliadora que conocemos hoy.<\/span><\/span> <span jsname=\"txFAF\" class=\"jCAhz ChMk0b\" jsaction=\"agoMJf:PFBcW;MZfLnc:P7O7bd;nt4Alf:pvnm0e,pfE8Hb,PFBcW;B01qod:dJXsye;H1e5u:iXtTIf;lYIUJf:hij5Wb\" jscontroller=\"BiTO4b\"><span class=\"ryNqvb\" jsname=\"W297wb\" jsaction=\"click:PDNqTc,GFf3ac,qlVvte;contextmenu:Nqw7Te,QP7LD; mouseout:Nqw7Te; mouseover:PDNqTc,c2aHje\">En lugar de una corona en la cabeza, el Ni\u00f1o Jes\u00fas en brazos y el cetro real en la mano, esa imagen evoca a la Madre de la Misericordia.<\/span><\/span> <span jsname=\"txFAF\" class=\"jCAhz ChMk0b\" jsaction=\"agoMJf:PFBcW;MZfLnc:P7O7bd;nt4Alf:pvnm0e,pfE8Hb,PFBcW;B01qod:dJXsye;H1e5u:iXtTIf;lYIUJf:hij5Wb\" jscontroller=\"BiTO4b\"><span class=\"ryNqvb\" jsname=\"W297wb\" jsaction=\"click:PDNqTc,GFf3ac,qlVvte;contextmenu:Nqw7Te,QP7LD; mouseout:Nqw7Te; mouseover:PDNqTc,c2aHje\">Es Nuestra Se\u00f1ora quien abre su manto y acoge bajo \u00e9l a todos sus hijos, especialmente a aquellos necesitados de la misericordia divina.<\/span><\/span> <span jsname=\"txFAF\" class=\"jCAhz ChMk0b\" jsaction=\"agoMJf:PFBcW;MZfLnc:P7O7bd;nt4Alf:pvnm0e,pfE8Hb,PFBcW;B01qod:dJXsye;H1e5u:iXtTIf;lYIUJf:hij5Wb\" jscontroller=\"BiTO4b\"><span class=\"ryNqvb\" jsname=\"W297wb\" jsaction=\"click:PDNqTc,GFf3ac,qlVvte;contextmenu:Nqw7Te,QP7LD; mouseout:Nqw7Te; mouseover:PDNqTc,c2aHje\">Su mirada est\u00e1 atenta a las realidades que acoge bajo su manto.<\/span><\/span><\/span><\/p>\n<p>[\/et_pb_text][\/et_pb_column][\/et_pb_row][\/et_pb_section]<\/p>\n","protected":false},"excerpt":{"rendered":"<p>Mar\u00eda Auxiliadora La Congregaci\u00f3n de las Hermanas Franciscanas Misioneras de Mar\u00eda Auxiliadora tiene a Nuestra Se\u00f1ora como su santa patrona bajo el t\u00edtulo de Mar\u00eda Auxiliadora o Nuestra Se\u00f1ora Auxiliadora. Pero \u00bfde d\u00f3nde viene esta devoci\u00f3n? El convento que acogi\u00f3 a Santa Mar\u00eda Bernarda, mucho antes de su llegada, es decir, en el siglo XVI, [&hellip;]<\/p>\n","protected":false},"author":1,"featured_media":0,"parent":0,"menu_order":0,"comment_status":"closed","ping_status":"closed","template":"","meta":{"_et_pb_use_builder":"on","_et_pb_old_content":"","_et_gb_content_width":"","footnotes":""},"class_list":["post-4925","page","type-page","status-publish","hentry"],"_links":{"self":[{"href":"https:\/\/franciscanas.org\/portal\/lamerica\/wp-json\/wp\/v2\/pages\/4925","targetHints":{"allow":["GET"]}}],"collection":[{"href":"https:\/\/franciscanas.org\/portal\/lamerica\/wp-json\/wp\/v2\/pages"}],"about":[{"href":"https:\/\/franciscanas.org\/portal\/lamerica\/wp-json\/wp\/v2\/types\/page"}],"author":[{"embeddable":true,"href":"https:\/\/franciscanas.org\/portal\/lamerica\/wp-json\/wp\/v2\/users\/1"}],"replies":[{"embeddable":true,"href":"https:\/\/franciscanas.org\/portal\/lamerica\/wp-json\/wp\/v2\/comments?post=4925"}],"version-history":[{"count":11,"href":"https:\/\/franciscanas.org\/portal\/lamerica\/wp-json\/wp\/v2\/pages\/4925\/revisions"}],"predecessor-version":[{"id":5398,"href":"https:\/\/franciscanas.org\/portal\/lamerica\/wp-json\/wp\/v2\/pages\/4925\/revisions\/5398"}],"wp:attachment":[{"href":"https:\/\/franciscanas.org\/portal\/lamerica\/wp-json\/wp\/v2\/media?parent=4925"}],"curies":[{"name":"wp","href":"https:\/\/api.w.org\/{rel}","templated":true}]}}