{"id":4830,"date":"2025-04-21T09:44:10","date_gmt":"2025-04-21T14:44:10","guid":{"rendered":"https:\/\/franciscanas.org\/portal\/lamerica\/?page_id=4830"},"modified":"2025-07-10T11:57:52","modified_gmt":"2025-07-10T16:57:52","slug":"canciones-congregacionales","status":"publish","type":"page","link":"https:\/\/franciscanas.org\/portal\/lamerica\/canciones-congregacionales\/","title":{"rendered":"Canciones Congregacionales"},"content":{"rendered":"<p>[et_pb_section fb_built=&#8221;1&#8243; _builder_version=&#8221;4.27.4&#8243; _module_preset=&#8221;default&#8221; custom_padding=&#8221;||1px|||&#8221; global_colors_info=&#8221;{}&#8221;][et_pb_row _builder_version=&#8221;4.27.4&#8243; _module_preset=&#8221;default&#8221; global_colors_info=&#8221;{}&#8221;][et_pb_column type=&#8221;4_4&#8243; _builder_version=&#8221;4.27.4&#8243; _module_preset=&#8221;default&#8221; global_colors_info=&#8221;{}&#8221;][et_pb_text _builder_version=&#8221;4.27.4&#8243; _module_preset=&#8221;default&#8221; global_colors_info=&#8221;{}&#8221;]<\/p>\n<h1>Canciones congregacionales<\/h1>\n<p>[\/et_pb_text][et_pb_text _builder_version=&#8221;4.27.4&#8243; _module_preset=&#8221;default&#8221; global_colors_info=&#8221;{}&#8221;]<\/p>\n<p><em>\u2026 Cantemos alabanzas al Se\u00f1or con todo nuestro coraz\u00f3n<\/em> (Ef. 5, 19).<\/p>\n<p>Recogemos la preciosa inspiraci\u00f3n de nuestras Hermanas desde su profunda experiencia e intimidad con Dios en sinton\u00eda con la realidad; Hacemos visibles las melod\u00edas in\u00e9ditas de Hermanas y laicos que a lo largo de nuestra historia congregacional han colaborado y producido una s\u00edntesis de la vida, misi\u00f3n, carisma y santidad de nuestra amada fundadora, as\u00ed como las vivencias de la vida y misi\u00f3n de la congregaci\u00f3n.<\/p>\n<p>Esperamos que estos cantos sigan siendo una herramienta \u00fatil para las reuniones de grupos, el trabajo pastoral y el trabajo misionero donde estamos presentes. Las letras y melod\u00edas de las canciones son composiciones de nuestras Hermanas y laicos: Hermanas Esther Myriam \u00c1lvarez, + Hermana L\u00eddia Amanda Cuenca, Hermana Maria Aleida Cond\u00e9, otras Hermanas y laicos colaboraron con la inspiraci\u00f3n y detalles de cada canci\u00f3n. Es un trabajo que queremos ofrecer a Dios Padre, para alabanza y gloria de su santo nombre.<\/p>\n<p>Queremos compartir estos dones musicales, guardarlos en nuestra memoria y comunicarlos con nuestra voz para que las maravillas de Dios sean anunciadas y celebradas.<\/p>\n<p>\u00a1Cantemos con alegr\u00eda! \u00a1Cantemos siempre las maravillas del Se\u00f1or!<\/p>\n<p>[\/et_pb_text][\/et_pb_column][\/et_pb_row][\/et_pb_section][et_pb_section fb_built=&#8221;1&#8243; _builder_version=&#8221;4.27.4&#8243; _module_preset=&#8221;default&#8221; custom_padding=&#8221;24px|||||&#8221; global_colors_info=&#8221;{}&#8221;][et_pb_row _builder_version=&#8221;4.27.4&#8243; _module_preset=&#8221;default&#8221; global_colors_info=&#8221;{}&#8221;][et_pb_column type=&#8221;4_4&#8243; _builder_version=&#8221;4.27.4&#8243; _module_preset=&#8221;default&#8221; global_colors_info=&#8221;{}&#8221;][et_pb_text _builder_version=&#8221;4.27.4&#8243; _module_preset=&#8221;default&#8221; global_colors_info=&#8221;{}&#8221;]<\/p>\n<h3>Listado de Canciones<\/h3>\n<p>[\/et_pb_text][et_pb_blog fullwidth=&#8221;off&#8221; posts_number=&#8221;12&#8243; include_categories=&#8221;99&#8243; use_manual_excerpt=&#8221;off&#8221; show_author=&#8221;off&#8221; show_date=&#8221;off&#8221; show_categories=&#8221;off&#8221; show_excerpt=&#8221;off&#8221; _builder_version=&#8221;4.27.4&#8243; _module_preset=&#8221;default&#8221; header_level=&#8221;h6&#8243; hover_enabled=&#8221;0&#8243; box_shadow_style=&#8221;preset1&#8243; global_colors_info=&#8221;{}&#8221; sticky_enabled=&#8221;0&#8243;][\/et_pb_blog][\/et_pb_column][\/et_pb_row][\/et_pb_section]<\/p>\n","protected":false},"excerpt":{"rendered":"<p>Canciones congregacionales\u2026 Cantemos alabanzas al Se\u00f1or con todo nuestro coraz\u00f3n (Ef. 5, 19). Recogemos la preciosa inspiraci\u00f3n de nuestras Hermanas desde su profunda experiencia e intimidad con Dios en sinton\u00eda con la realidad; Hacemos visibles las melod\u00edas in\u00e9ditas de Hermanas y laicos que a lo largo de nuestra historia congregacional han colaborado y producido una [&hellip;]<\/p>\n","protected":false},"author":1,"featured_media":0,"parent":0,"menu_order":0,"comment_status":"closed","ping_status":"closed","template":"","meta":{"_et_pb_use_builder":"on","_et_pb_old_content":"","_et_gb_content_width":"","footnotes":""},"class_list":["post-4830","page","type-page","status-publish","hentry"],"_links":{"self":[{"href":"https:\/\/franciscanas.org\/portal\/lamerica\/wp-json\/wp\/v2\/pages\/4830","targetHints":{"allow":["GET"]}}],"collection":[{"href":"https:\/\/franciscanas.org\/portal\/lamerica\/wp-json\/wp\/v2\/pages"}],"about":[{"href":"https:\/\/franciscanas.org\/portal\/lamerica\/wp-json\/wp\/v2\/types\/page"}],"author":[{"embeddable":true,"href":"https:\/\/franciscanas.org\/portal\/lamerica\/wp-json\/wp\/v2\/users\/1"}],"replies":[{"embeddable":true,"href":"https:\/\/franciscanas.org\/portal\/lamerica\/wp-json\/wp\/v2\/comments?post=4830"}],"version-history":[{"count":9,"href":"https:\/\/franciscanas.org\/portal\/lamerica\/wp-json\/wp\/v2\/pages\/4830\/revisions"}],"predecessor-version":[{"id":5552,"href":"https:\/\/franciscanas.org\/portal\/lamerica\/wp-json\/wp\/v2\/pages\/4830\/revisions\/5552"}],"wp:attachment":[{"href":"https:\/\/franciscanas.org\/portal\/lamerica\/wp-json\/wp\/v2\/media?parent=4830"}],"curies":[{"name":"wp","href":"https:\/\/api.w.org\/{rel}","templated":true}]}}