{"id":415,"date":"2021-08-30T12:21:38","date_gmt":"2021-08-30T17:21:38","guid":{"rendered":"https:\/\/franciscanas.org\/portal\/lamerica\/?page_id=415"},"modified":"2021-09-03T07:33:05","modified_gmt":"2021-09-03T12:33:05","slug":"smb","status":"publish","type":"page","link":"https:\/\/franciscanas.org\/portal\/lamerica\/smb\/","title":{"rendered":"Santa Mar\u00eda Bernarda"},"content":{"rendered":"<p>[et_pb_section fb_built=&#8221;1&#8243; _builder_version=&#8221;4.10.5&#8243; _module_preset=&#8221;default&#8221; global_colors_info=&#8221;{}&#8221;][et_pb_row _builder_version=&#8221;4.10.5&#8243; _module_preset=&#8221;default&#8221; custom_padding=&#8221;8px|||||&#8221; global_colors_info=&#8221;{}&#8221;][et_pb_column type=&#8221;4_4&#8243; _builder_version=&#8221;4.10.5&#8243; _module_preset=&#8221;default&#8221; global_colors_info=&#8221;{}&#8221;][et_pb_text _builder_version=&#8221;4.10.5&#8243; _module_preset=&#8221;default&#8221; global_colors_info=&#8221;{}&#8221;]<\/p>\n<h1>Santa Mar\u00eda Bernarda<\/h1>\n<p>[\/et_pb_text][\/et_pb_column][\/et_pb_row][et_pb_row _builder_version=&#8221;4.10.5&#8243; _module_preset=&#8221;default&#8221; custom_padding=&#8221;2px|||||&#8221; global_colors_info=&#8221;{}&#8221;][et_pb_column type=&#8221;4_4&#8243; _builder_version=&#8221;4.10.5&#8243; _module_preset=&#8221;default&#8221; global_colors_info=&#8221;{}&#8221;][et_pb_text _builder_version=&#8221;4.10.5&#8243; _module_preset=&#8221;default&#8221; custom_padding=&#8221;0px|||||&#8221; global_colors_info=&#8221;{}&#8221;]<\/p>\n<p><span class=\"VIiyi\" jsaction=\"mouseup:BR6jm\" jsname=\"jqKxS\" lang=\"es\"><span jsaction=\"agoMJf:PFBcW;usxOmf:aWLT7;jhKsnd:P7O7bd,F8DmGf;Q4AGo:Gm7gYd,qAKMYb;uFUCPb:pvnm0e,pfE8Hb,PFBcW;f56efd:dJXsye;EnoYf:KNzws,ZJsZZ,JgVSJc;zdMJQc:cCQNKb,ZJsZZ,zchEXc;Ytrrj:JJDvdc;tNR8yc:GeFvjb;oFN6Ye:hij5Wb\" jsname=\"txFAF\" class=\"JLqJ4b ChMk0b\" data-language-for-alternatives=\"es\" data-language-to-translate-into=\"pt\" data-phrase-index=\"0\" jscontroller=\"Zl5N8\" jsdata=\"uqLsIf;_;$154\" jsmodel=\"SsMkhd\"><span jsaction=\"click:qtZ4nf,GFf3ac,tMZCfe; contextmenu:Nqw7Te,QP7LD; mouseout:Nqw7Te; mouseover:qtZ4nf,c2aHje\" jsname=\"W297wb\">Santa Mar\u00eda Bernarda es la Fundadora de la Congregaci\u00f3n. Siempre viva en el\u00a0 Jard\u00edn de Dios, nos inspira a asumir el \u00e9xodo misionero y a ser una Iglesia en salida a trav\u00e9s de la pr\u00e1ctica de las obras de misericordia.<br \/><\/span><\/span><\/span><\/p>\n<p>[\/et_pb_text][\/et_pb_column][\/et_pb_row][et_pb_row _builder_version=&#8221;4.10.5&#8243; _module_preset=&#8221;default&#8221; custom_padding=&#8221;2px|||||&#8221; global_colors_info=&#8221;{}&#8221;][et_pb_column type=&#8221;4_4&#8243; _builder_version=&#8221;4.10.5&#8243; _module_preset=&#8221;default&#8221; global_colors_info=&#8221;{}&#8221;][et_pb_text _builder_version=&#8221;4.10.6&#8243; _module_preset=&#8221;default&#8221; hover_enabled=&#8221;0&#8243; global_colors_info=&#8221;{}&#8221; sticky_enabled=&#8221;0&#8243;]<\/p>\n<p>De bautismo lleva el nombre de Verena. Ingres\u00f3 en el convento de las Capuchinas de Mar\u00eda Hilf a los 19 a\u00f1os.\u00a0 Cuando visti\u00f3 el habito religioso a los 21 a\u00f1os, recibi\u00f3 el nombre de Maria Bernarda del Sagrado Coraz\u00f3n de Mar\u00eda. Como joven religiosa cultiv\u00f3 ideales de renovaci\u00f3n para la vida de su comunidad.<\/p>\n<p>[\/et_pb_text][\/et_pb_column][\/et_pb_row][et_pb_row _builder_version=&#8221;4.10.5&#8243; _module_preset=&#8221;default&#8221; custom_padding=&#8221;2px|||||&#8221; global_colors_info=&#8221;{}&#8221;][et_pb_column type=&#8221;4_4&#8243; _builder_version=&#8221;4.10.5&#8243; _module_preset=&#8221;default&#8221; global_colors_info=&#8221;{}&#8221;][et_pb_text _builder_version=&#8221;4.10.5&#8243; _module_preset=&#8221;default&#8221; global_colors_info=&#8221;{}&#8221;]<\/p>\n<p>En Mar\u00eda Hilf, Maria Bernarda ejerci\u00f3n las funciones de economa, maestra de novicias, llegando m\u00e1s tarde, a ser elegida como Superiora. As\u00ed trabaj\u00f3 por la renovaci\u00f3n espiritual de la comunidad te niendo como base el Evangelio y la regra de vida franciscana. La comunidad despert\u00f3 en la alegria y compromiso radical de vida consagrada y pas\u00f3 a atrair muchas vocaciones que pedian el ingreso al convento.<\/p>\n<p>[\/et_pb_text][\/et_pb_column][\/et_pb_row][et_pb_row _builder_version=&#8221;4.10.5&#8243; _module_preset=&#8221;default&#8221; custom_padding=&#8221;2px|||||&#8221; global_colors_info=&#8221;{}&#8221;][et_pb_column type=&#8221;4_4&#8243; _builder_version=&#8221;4.10.5&#8243; _module_preset=&#8221;default&#8221; global_colors_info=&#8221;{}&#8221;][et_pb_text _builder_version=&#8221;4.10.5&#8243; _module_preset=&#8221;default&#8221; global_colors_info=&#8221;{}&#8221;]<\/p>\n<p>M\u00e1s tarde, conociendo la realidade de las misiones en Am\u00e9rica Latina, Mar\u00eda Bernarda con otras seis hermanas se lanzaron en exodo misionero rumbo a Ecuador.\u00a0 Fue el nacimiento de la Congregaci\u00f3n de Hermanas Franciscanas Misioneras de Mar\u00eda Auxiliadora. Migrando a Colombia por dificultades del contexto pol\u00edtico y social en Ecuador, las hermanas se establecieron en Cartagena, de donde se expandi\u00f3 la comunidad a otros paises y continentes. Madre Mar\u00eda Bernarda pas\u00f3 los \u00faltimos a\u00f1os de su vida en Cartagena.<\/p>\n<p>[\/et_pb_text][\/et_pb_column][\/et_pb_row][et_pb_row _builder_version=&#8221;4.10.5&#8243; _module_preset=&#8221;default&#8221; custom_padding=&#8221;2px|||||&#8221; global_colors_info=&#8221;{}&#8221;][et_pb_column type=&#8221;4_4&#8243; _builder_version=&#8221;4.10.5&#8243; _module_preset=&#8221;default&#8221; global_colors_info=&#8221;{}&#8221;][et_pb_text _builder_version=&#8221;4.10.6&#8243; _module_preset=&#8221;default&#8221; hover_enabled=&#8221;0&#8243; global_colors_info=&#8221;{}&#8221; sticky_enabled=&#8221;0&#8243;]<\/p>\n<p>La Madre Mar\u00eda Bernarda dej\u00f3 una rica herencia espiritual. Sus escritos y cartas con diversidad de temas y contenidos revelan su profundidad m\u00edstica y el acompa\u00f1amiento dedicado a las hermanas. En el d\u00eda de su elevaci\u00f3n a los altares de los santos, Mar\u00eda Bernarda fue reconocida por el Papa Benedicto XVI como la Misionera de la Misericordia.<\/p>\n<p>[\/et_pb_text][\/et_pb_column][\/et_pb_row][\/et_pb_section]<\/p>\n","protected":false},"excerpt":{"rendered":"<p>Santa Mar\u00eda BernardaSanta Mar\u00eda Bernarda es la Fundadora de la Congregaci\u00f3n. Siempre viva en el\u00a0 Jard\u00edn de Dios, nos inspira a asumir el \u00e9xodo misionero y a ser una Iglesia en salida a trav\u00e9s de la pr\u00e1ctica de las obras de misericordia.De bautismo lleva el nombre de Verena. Ingres\u00f3 en el convento de las Capuchinas [&hellip;]<\/p>\n","protected":false},"author":1,"featured_media":0,"parent":0,"menu_order":0,"comment_status":"closed","ping_status":"closed","template":"","meta":{"_et_pb_use_builder":"on","_et_pb_old_content":"","_et_gb_content_width":"","footnotes":""},"class_list":["post-415","page","type-page","status-publish","hentry"],"_links":{"self":[{"href":"https:\/\/franciscanas.org\/portal\/lamerica\/wp-json\/wp\/v2\/pages\/415","targetHints":{"allow":["GET"]}}],"collection":[{"href":"https:\/\/franciscanas.org\/portal\/lamerica\/wp-json\/wp\/v2\/pages"}],"about":[{"href":"https:\/\/franciscanas.org\/portal\/lamerica\/wp-json\/wp\/v2\/types\/page"}],"author":[{"embeddable":true,"href":"https:\/\/franciscanas.org\/portal\/lamerica\/wp-json\/wp\/v2\/users\/1"}],"replies":[{"embeddable":true,"href":"https:\/\/franciscanas.org\/portal\/lamerica\/wp-json\/wp\/v2\/comments?post=415"}],"version-history":[{"count":12,"href":"https:\/\/franciscanas.org\/portal\/lamerica\/wp-json\/wp\/v2\/pages\/415\/revisions"}],"predecessor-version":[{"id":539,"href":"https:\/\/franciscanas.org\/portal\/lamerica\/wp-json\/wp\/v2\/pages\/415\/revisions\/539"}],"wp:attachment":[{"href":"https:\/\/franciscanas.org\/portal\/lamerica\/wp-json\/wp\/v2\/media?parent=415"}],"curies":[{"name":"wp","href":"https:\/\/api.w.org\/{rel}","templated":true}]}}