{"id":377,"date":"2021-08-27T12:14:51","date_gmt":"2021-08-27T17:14:51","guid":{"rendered":"https:\/\/franciscanas.org\/portal\/lamerica\/?page_id=377"},"modified":"2021-08-27T12:15:23","modified_gmt":"2021-08-27T17:15:23","slug":"mision-de-almaber","status":"publish","type":"page","link":"https:\/\/franciscanas.org\/portal\/lamerica\/mision-de-almaber\/","title":{"rendered":"Misi\u00f3n de ALMABER"},"content":{"rendered":"<p>[et_pb_section fb_built=&#8221;1&#8243; _builder_version=&#8221;4.10.4&#8243; _module_preset=&#8221;default&#8221;][et_pb_row _builder_version=&#8221;4.10.4&#8243; _module_preset=&#8221;default&#8221; custom_padding=&#8221;8px|||||&#8221;][et_pb_column _builder_version=&#8221;4.10.4&#8243; _module_preset=&#8221;default&#8221; type=&#8221;4_4&#8243;][et_pb_text _builder_version=&#8221;4.10.4&#8243; _module_preset=&#8221;default&#8221; hover_enabled=&#8221;0&#8243; sticky_enabled=&#8221;0&#8243;]<\/p>\n<h1>Misi\u00f3n de ALMABER<\/h1>\n<p>[\/et_pb_text][\/et_pb_column][\/et_pb_row][et_pb_row _builder_version=&#8221;4.10.4&#8243; _module_preset=&#8221;default&#8221; custom_padding=&#8221;7px|||||&#8221;][et_pb_column _builder_version=&#8221;4.10.4&#8243; _module_preset=&#8221;default&#8221; type=&#8221;4_4&#8243;][et_pb_text _builder_version=&#8221;4.10.4&#8243; _module_preset=&#8221;default&#8221; hover_enabled=&#8221;0&#8243; sticky_enabled=&#8221;0&#8243;]<\/p>\n<p>El Carisma del \u00a0laico (a) ALMABER ES VIVIR EL EVANGELIO. Ese es el coraz\u00f3n y fuente del proyecto de vida franciscano. Francisco deseaba vivir el Evangelio \u201csin glosa\u201d, esto es, al pie de la letra, sin explicaciones. La Palabra de Dios no es para ser explicada, sino vivida. La Palabra de Dios es: el Cristo encarnado, su testimonio de vida. Y su amor que no es una intuici\u00f3n, sino algo concreto; siendo Dios, se insert\u00f3 en la historia humana por la Encarnaci\u00f3n; vivi\u00f3 en medio de su Pueblo, experiment\u00f3 al extremo la condici\u00f3n humana en todas las dimensiones; vivi\u00f3 radicalmente el amor a punto de enfrentar la muerte en la cruz. \u00a0Siendo plenamente humano fue enteramente divino, venci\u00f3 el mal y la muerte con el bien y resucit\u00f3. Para Vivir el Evangelio, es fundamental en la vida franciscana, conocer \u00a0a Jesucristo y seguir sus pasos.<\/p>\n<p>[\/et_pb_text][\/et_pb_column][\/et_pb_row][et_pb_row _builder_version=&#8221;4.10.4&#8243; _module_preset=&#8221;default&#8221; custom_padding=&#8221;8px|||||&#8221; hover_enabled=&#8221;0&#8243; sticky_enabled=&#8221;0&#8243;][et_pb_column _builder_version=&#8221;4.10.4&#8243; _module_preset=&#8221;default&#8221; type=&#8221;4_4&#8243;][et_pb_text _builder_version=&#8221;4.10.4&#8243; _module_preset=&#8221;default&#8221; hover_enabled=&#8221;0&#8243; sticky_enabled=&#8221;0&#8243;]<\/p>\n<p>Santa Mar\u00eda Bernarda insist\u00eda mucho que el Evangelio no fuera apenas el libro \u00a0para reverenciar y meditar; \u00c9l debe ser el CAMINO a ser recorrido, la vida concreta del cristiano; el Evangelio era su ESTRELLA POLAR, su norte, su gu\u00eda. El amor evang\u00e9lico es expresado en la relaci\u00f3n con Dios, con los hermanos, hermanas y consigo mismo.<\/p>\n<p>[\/et_pb_text][\/et_pb_column][\/et_pb_row][et_pb_row _builder_version=&#8221;4.10.4&#8243; _module_preset=&#8221;default&#8221; custom_padding=&#8221;8px|||||&#8221; hover_enabled=&#8221;0&#8243; sticky_enabled=&#8221;0&#8243;][et_pb_column _builder_version=&#8221;4.10.4&#8243; _module_preset=&#8221;default&#8221; type=&#8221;4_4&#8243;][et_pb_text _builder_version=&#8221;4.10.4&#8243; _module_preset=&#8221;default&#8221; hover_enabled=&#8221;0&#8243; sticky_enabled=&#8221;0&#8243;]<\/p>\n<p>Para los (as) franciscanos (as), los valores del Evangelio se deben tornar en vida, testimonio; esa es la primera forma de evangelizar, de hacer pastoral; despu\u00e9s podr\u00e1n venir las dem\u00e1s. Para ALMABER, eso acontece, ante \u00a0todo, en el seno, en la fraternidad laical, en el mundo del trabajo y en la convivencia social; all\u00ed encarnan el Evangelio de forma creativa, atrayente y contagiante.<\/p>\n<p>[\/et_pb_text][\/et_pb_column][\/et_pb_row][\/et_pb_section]<\/p>\n","protected":false},"excerpt":{"rendered":"<p>Misi\u00f3n de ALMABEREl Carisma del \u00a0laico (a) ALMABER ES VIVIR EL EVANGELIO. Ese es el coraz\u00f3n y fuente del proyecto de vida franciscano. Francisco deseaba vivir el Evangelio \u201csin glosa\u201d, esto es, al pie de la letra, sin explicaciones. La Palabra de Dios no es para ser explicada, sino vivida. La Palabra de Dios es: [&hellip;]<\/p>\n","protected":false},"author":1,"featured_media":0,"parent":0,"menu_order":0,"comment_status":"closed","ping_status":"closed","template":"","meta":{"_et_pb_use_builder":"on","_et_pb_old_content":"","_et_gb_content_width":"","footnotes":""},"class_list":["post-377","page","type-page","status-publish","hentry"],"_links":{"self":[{"href":"https:\/\/franciscanas.org\/portal\/lamerica\/wp-json\/wp\/v2\/pages\/377","targetHints":{"allow":["GET"]}}],"collection":[{"href":"https:\/\/franciscanas.org\/portal\/lamerica\/wp-json\/wp\/v2\/pages"}],"about":[{"href":"https:\/\/franciscanas.org\/portal\/lamerica\/wp-json\/wp\/v2\/types\/page"}],"author":[{"embeddable":true,"href":"https:\/\/franciscanas.org\/portal\/lamerica\/wp-json\/wp\/v2\/users\/1"}],"replies":[{"embeddable":true,"href":"https:\/\/franciscanas.org\/portal\/lamerica\/wp-json\/wp\/v2\/comments?post=377"}],"version-history":[{"count":3,"href":"https:\/\/franciscanas.org\/portal\/lamerica\/wp-json\/wp\/v2\/pages\/377\/revisions"}],"predecessor-version":[{"id":382,"href":"https:\/\/franciscanas.org\/portal\/lamerica\/wp-json\/wp\/v2\/pages\/377\/revisions\/382"}],"wp:attachment":[{"href":"https:\/\/franciscanas.org\/portal\/lamerica\/wp-json\/wp\/v2\/media?parent=377"}],"curies":[{"name":"wp","href":"https:\/\/api.w.org\/{rel}","templated":true}]}}