{"id":372,"date":"2021-08-27T12:08:44","date_gmt":"2021-08-27T17:08:44","guid":{"rendered":"https:\/\/franciscanas.org\/portal\/lamerica\/?page_id=372"},"modified":"2021-08-30T11:55:50","modified_gmt":"2021-08-30T16:55:50","slug":"espiritualidad-de-almaber","status":"publish","type":"page","link":"https:\/\/franciscanas.org\/portal\/lamerica\/espiritualidad-de-almaber\/","title":{"rendered":"Pilares de la espiritualidad de ALMABER"},"content":{"rendered":"\n[et_pb_section fb_built=&#8221;1&#8243; _builder_version=&#8221;4.10.4&#8243; _module_preset=&#8221;default&#8221;][et_pb_row _builder_version=&#8221;4.10.4&#8243; _module_preset=&#8221;default&#8221; custom_padding=&#8221;7px|||||&#8221;][et_pb_column _builder_version=&#8221;4.10.4&#8243; _module_preset=&#8221;default&#8221; type=&#8221;4_4&#8243;][et_pb_text _builder_version=&#8221;4.10.4&#8243; _module_preset=&#8221;default&#8221; hover_enabled=&#8221;0&#8243; sticky_enabled=&#8221;0&#8243;]<h1>Pilares de la espiritualidad de ALMABER<\/h1>[\/et_pb_text][\/et_pb_column][\/et_pb_row][et_pb_row _builder_version=&#8221;4.10.4&#8243; _module_preset=&#8221;default&#8221; custom_padding=&#8221;7px|||||&#8221;][et_pb_column _builder_version=&#8221;4.10.4&#8243; _module_preset=&#8221;default&#8221; type=&#8221;4_4&#8243;][et_pb_text _builder_version=&#8221;4.10.4&#8243; _module_preset=&#8221;default&#8221; hover_enabled=&#8221;0&#8243; sticky_enabled=&#8221;0&#8243;]<p>Las personas que quieran unirse a ALMABER est\u00e1n invitadas a profundizar en el conocimiento del carisma franciscano y el carisma de Santa Mar\u00eda Bernarda, para asumir el proyecto de vida laical y su propia misi\u00f3n que destaca tres pilares:<\/p>[\/et_pb_text][\/et_pb_column][\/et_pb_row][et_pb_row _builder_version=&#8221;4.10.4&#8243; _module_preset=&#8221;default&#8221; custom_padding=&#8221;7px|||||&#8221; column_structure=&#8221;1_3,1_3,1_3&#8243;][et_pb_column _builder_version=&#8221;4.10.4&#8243; _module_preset=&#8221;default&#8221; type=&#8221;1_3&#8243;][et_pb_text _builder_version=&#8221;4.10.4&#8243; _module_preset=&#8221;default&#8221; hover_enabled=&#8221;0&#8243; sticky_enabled=&#8221;0&#8243; custom_margin=&#8221;||15px|||&#8221;]<h2 style=\"text-align: center;\">Fraternidad<\/h2>[\/et_pb_text][et_pb_text _builder_version=&#8221;4.10.4&#8243; _module_preset=&#8221;default&#8221; hover_enabled=&#8221;0&#8243; sticky_enabled=&#8221;0&#8243;]<p style=\"text-align: center;\">Es el valor esencial del \u00a0carisma franciscano, heredado por ALMABER. Emana de la experiencia de la paternidad de Dios, filiaci\u00f3n divina y nuestra hermandad en Cristo. Si Dios es nuestro Padre, nosotros somos todos hermanos (as); esta \u00a0es la dignidad que debe caracterizar la convivencia en las relaciones; en ella se supera toda forma de hipocres\u00eda. Es en el hermano y en la hermana que ALMABER encuentra la presencia m\u00edstica de Cristo. Implica testimoniar el amor, el respeto y la reverencia en la fraternidad laical, con la vida y con toda la creaci\u00f3n. Eso debe manifestarse, especialmente, con los m\u00e1s pobres y necesitados. Es en la fraternidad que se crean lazos profundos, donde se vive el perd\u00f3n y la reconciliaci\u00f3n; los pecados y debilidades de los hermanos y hermanas no pueden ser motivos de separaci\u00f3n; los hermanos se preocupan por las necesidades unos de otros. Al final, es lo que somos: Hermanos y hermanas.<\/p>[\/et_pb_text][\/et_pb_column][et_pb_column _builder_version=&#8221;4.10.4&#8243; _module_preset=&#8221;default&#8221; type=&#8221;1_3&#8243;][et_pb_text _builder_version=&#8221;4.10.4&#8243; _module_preset=&#8221;default&#8221; hover_enabled=&#8221;0&#8243; sticky_enabled=&#8221;0&#8243; custom_margin=&#8221;||21px|||&#8221;]<h2 style=\"text-align: center;\">Minoridad<\/h2>[\/et_pb_text][et_pb_text _builder_version=&#8221;4.10.4&#8243; _module_preset=&#8221;default&#8221; hover_enabled=&#8221;0&#8243; sticky_enabled=&#8221;0&#8243;]<p style=\"text-align: center;\">Est\u00e1 \u00edntimamente ligada a la vida en fraternidad. Es un esp\u00edritu alternativo referente al exerc\u00edcio del poder, del liderazgo, de los dones, del servicio&#8230; Como hijos de Dios somos hermanos; eso es lo que conforma la dignidad de la persona; nadie es m\u00e1s que nadie, todos son llamados a servir. Se trata del ejercicio del poder en la horizontalidad y no en la verticalidad; las decisiones son compartidas, \u00a0consensuadas y no impuestas. El ejercicio del liderazgo existe, porque \u00e9ste siempre ser\u00e1 necesario, pero la persona lo har\u00e1 con humildad y despojo. El l\u00edder es el primero que sirve \u00a0porque \u201cel mayor en el Reino de los Cielos es \u00a0aquel que sirve\u201d (Mt 20). El ejemplo \u00a0est\u00e1 en Jes\u00fas. San Francisco comprende que, a\u00fan la persona m\u00e1s despose\u00edda o limitada tiene algo para contribuir y debe ser escuchado en fidelidad al Esp\u00edritu. Para eliminar cualquier forma de abuso em la relaci\u00f3n fraterna, Francisco insiste en el servicio y la honra unos para unos y \u00a0\u00a0otros. Tambi\u00e9n deben sentirse honrados cuando estuvieren en medio de los pobres. La persona que vive la minoridad deja que Dios act\u00fae en su vida y se torna en su instrumento.<\/p>[\/et_pb_text][\/et_pb_column][et_pb_column _builder_version=&#8221;4.10.4&#8243; _module_preset=&#8221;default&#8221; type=&#8221;1_3&#8243;][et_pb_text _builder_version=&#8221;4.10.4&#8243; _module_preset=&#8221;default&#8221; hover_enabled=&#8221;0&#8243; sticky_enabled=&#8221;0&#8243; custom_margin=&#8221;||18px|||&#8221;]<h2 style=\"text-align: center;\">Miseric\u00f3rdia<\/h2>[\/et_pb_text][et_pb_text _builder_version=&#8221;4.10.4&#8243; _module_preset=&#8221;default&#8221; hover_enabled=&#8221;0&#8243; sticky_enabled=&#8221;0&#8243;]<p style=\"text-align: center;\">La palabra miseric\u00f3rdia significa dar el coraz\u00f3n al miserable. La persona misericordiosa abre el coraz\u00f3n a la condici\u00f3n de quien sufre para actuar en el rescate de su vida. La miseric\u00f3rdia es la caridad en obras. La compasi\u00f3n se transforma en gestos y \u00a0actitudes. Santa Mar\u00eda Bernarda dej\u00f3 la clausura y se lanz\u00f3 a la misi\u00f3n. Dar atenci\u00f3n a la necesidad del pobre es un imperativo \u00e9tico. Para Francisco, la miseric\u00f3rdia es fuente y fruto de su proceso de conversi\u00f3n; ella define su modo de ser, de actuar y su pedagog\u00eda. Es la actitud que caracteriza a \u00a0Francisco despu\u00e9s de su conversi\u00f3n. La \u00a0miseric\u00f3rdia hecha com los leprosos lleva a Francisco a la experiencia de reconciliaci\u00f3n con Dios y \u00a0con las personas. La conversi\u00f3n implica el servicio pues la persona se torna em instrumento de Dios. La persona misericordiosa es capaz de transformar sus sentimientos y su juicio sobre la realidad por la comprensi\u00f3n de la \u00a0da Buena del Evangelio.<\/p>[\/et_pb_text][\/et_pb_column][\/et_pb_row][\/et_pb_section]\n","protected":false},"excerpt":{"rendered":"<p>Pilares de la espiritualidad de ALMABERLas personas que quieran unirse a ALMABER est\u00e1n invitadas a profundizar en el conocimiento del carisma franciscano y el carisma de Santa Mar\u00eda Bernarda, para asumir el proyecto de vida laical y su propia misi\u00f3n que destaca tres pilares:FraternidadEs el valor esencial del \u00a0carisma franciscano, heredado por ALMABER. Emana de [&hellip;]<\/p>\n","protected":false},"author":1,"featured_media":0,"parent":0,"menu_order":0,"comment_status":"closed","ping_status":"closed","template":"","meta":{"_et_pb_use_builder":"on","_et_pb_old_content":"","_et_gb_content_width":"","footnotes":""},"class_list":["post-372","page","type-page","status-publish","hentry"],"_links":{"self":[{"href":"https:\/\/franciscanas.org\/portal\/lamerica\/wp-json\/wp\/v2\/pages\/372","targetHints":{"allow":["GET"]}}],"collection":[{"href":"https:\/\/franciscanas.org\/portal\/lamerica\/wp-json\/wp\/v2\/pages"}],"about":[{"href":"https:\/\/franciscanas.org\/portal\/lamerica\/wp-json\/wp\/v2\/types\/page"}],"author":[{"embeddable":true,"href":"https:\/\/franciscanas.org\/portal\/lamerica\/wp-json\/wp\/v2\/users\/1"}],"replies":[{"embeddable":true,"href":"https:\/\/franciscanas.org\/portal\/lamerica\/wp-json\/wp\/v2\/comments?post=372"}],"version-history":[{"count":4,"href":"https:\/\/franciscanas.org\/portal\/lamerica\/wp-json\/wp\/v2\/pages\/372\/revisions"}],"predecessor-version":[{"id":407,"href":"https:\/\/franciscanas.org\/portal\/lamerica\/wp-json\/wp\/v2\/pages\/372\/revisions\/407"}],"wp:attachment":[{"href":"https:\/\/franciscanas.org\/portal\/lamerica\/wp-json\/wp\/v2\/media?parent=372"}],"curies":[{"name":"wp","href":"https:\/\/api.w.org\/{rel}","templated":true}]}}