{"id":363,"date":"2021-08-27T09:50:43","date_gmt":"2021-08-27T14:50:43","guid":{"rendered":"https:\/\/franciscanas.org\/portal\/lamerica\/?page_id=363"},"modified":"2021-08-30T11:54:09","modified_gmt":"2021-08-30T16:54:09","slug":"cristianos-laicos","status":"publish","type":"page","link":"https:\/\/franciscanas.org\/portal\/lamerica\/cristianos-laicos\/","title":{"rendered":"Cristianos laicos y laicas"},"content":{"rendered":"\n[et_pb_section fb_built=&#8221;1&#8243; _builder_version=&#8221;4.10.4&#8243; _module_preset=&#8221;default&#8221;][et_pb_row _builder_version=&#8221;4.10.4&#8243; _module_preset=&#8221;default&#8221; custom_padding=&#8221;5px|||||&#8221;][et_pb_column _builder_version=&#8221;4.10.4&#8243; _module_preset=&#8221;default&#8221; type=&#8221;4_4&#8243;][et_pb_text _builder_version=&#8221;4.10.4&#8243; _module_preset=&#8221;default&#8221; hover_enabled=&#8221;0&#8243; sticky_enabled=&#8221;0&#8243;]<h1>Cristianos laicos y laicas<\/h1>[\/et_pb_text][\/et_pb_column][\/et_pb_row][et_pb_row _builder_version=&#8221;4.10.4&#8243; _module_preset=&#8221;default&#8221; custom_padding=&#8221;0px|||||&#8221;][et_pb_column _builder_version=&#8221;4.10.4&#8243; _module_preset=&#8221;default&#8221; type=&#8221;4_4&#8243;][et_pb_text _builder_version=&#8221;4.10.4&#8243; _module_preset=&#8221;default&#8221; hover_enabled=&#8221;0&#8243; sticky_enabled=&#8221;0&#8243;]<p>\u00a1La sal de la tierra \u00a0y la luz del \u00a0mundo, en la Iglesia y en la sociedad! Los cristianos laicos y laicas recibieron por el Bautismo y por la Confirmaci\u00f3n la gracia de ser Iglesia y, por eso, la gracia de ser sal de la tierra y luz del mundo.<\/p>[\/et_pb_text][\/et_pb_column][\/et_pb_row][et_pb_row _builder_version=&#8221;4.10.4&#8243; _module_preset=&#8221;default&#8221; custom_padding=&#8221;0px|||||&#8221;][et_pb_column _builder_version=&#8221;4.10.4&#8243; _module_preset=&#8221;default&#8221; type=&#8221;4_4&#8243;][et_pb_text _builder_version=&#8221;4.10.4&#8243; _module_preset=&#8221;default&#8221; hover_enabled=&#8221;0&#8243; sticky_enabled=&#8221;0&#8243;]<p>Los que reciben la gracia del seguimiento se tornan disc\u00edpulos misioneros. El disc\u00edpulo, tocado por el llamado, aprende, el seguimiento en el estilo de vida Jes\u00fas; descubre el vivir como \u00c9l, y se torna anunciador y es testigo. \u00a0<\/p>[\/et_pb_text][\/et_pb_column][\/et_pb_row][et_pb_row _builder_version=&#8221;4.10.4&#8243; _module_preset=&#8221;default&#8221; custom_padding=&#8221;0px|||||&#8221;][et_pb_column _builder_version=&#8221;4.10.4&#8243; _module_preset=&#8221;default&#8221; type=&#8221;4_4&#8243;][et_pb_text _builder_version=&#8221;4.10.4&#8243; _module_preset=&#8221;default&#8221; hover_enabled=&#8221;0&#8243; sticky_enabled=&#8221;0&#8243;]<p>En los bienes recibidos del Esp\u00edritu Santo y colocados al servicio de la edificaci\u00f3n de la comunidade eclesial y de la sociedad, los cristianos laicos, hombres y mujeres, son llamados a la santidad. Son llamados a asumir activamente la vocaci\u00f3n de ser sal de la \u00a0tierra y luz del mundo, ayudando em la transformaci\u00f3n de la sociedad. Deben adentrarse en la humanizaci\u00f3n, que construye un mundo m\u00e1s humano.<\/p>[\/et_pb_text][\/et_pb_column][\/et_pb_row][\/et_pb_section]\n","protected":false},"excerpt":{"rendered":"<p>Cristianos laicos y laicas\u00a1La sal de la tierra \u00a0y la luz del \u00a0mundo, en la Iglesia y en la sociedad! Los cristianos laicos y laicas recibieron por el Bautismo y por la Confirmaci\u00f3n la gracia de ser Iglesia y, por eso, la gracia de ser sal de la tierra y luz del mundo.Los que reciben [&hellip;]<\/p>\n","protected":false},"author":1,"featured_media":0,"parent":0,"menu_order":0,"comment_status":"closed","ping_status":"closed","template":"","meta":{"_et_pb_use_builder":"on","_et_pb_old_content":"","_et_gb_content_width":"","footnotes":""},"class_list":["post-363","page","type-page","status-publish","hentry"],"_links":{"self":[{"href":"https:\/\/franciscanas.org\/portal\/lamerica\/wp-json\/wp\/v2\/pages\/363","targetHints":{"allow":["GET"]}}],"collection":[{"href":"https:\/\/franciscanas.org\/portal\/lamerica\/wp-json\/wp\/v2\/pages"}],"about":[{"href":"https:\/\/franciscanas.org\/portal\/lamerica\/wp-json\/wp\/v2\/types\/page"}],"author":[{"embeddable":true,"href":"https:\/\/franciscanas.org\/portal\/lamerica\/wp-json\/wp\/v2\/users\/1"}],"replies":[{"embeddable":true,"href":"https:\/\/franciscanas.org\/portal\/lamerica\/wp-json\/wp\/v2\/comments?post=363"}],"version-history":[{"count":4,"href":"https:\/\/franciscanas.org\/portal\/lamerica\/wp-json\/wp\/v2\/pages\/363\/revisions"}],"predecessor-version":[{"id":402,"href":"https:\/\/franciscanas.org\/portal\/lamerica\/wp-json\/wp\/v2\/pages\/363\/revisions\/402"}],"wp:attachment":[{"href":"https:\/\/franciscanas.org\/portal\/lamerica\/wp-json\/wp\/v2\/media?parent=363"}],"curies":[{"name":"wp","href":"https:\/\/api.w.org\/{rel}","templated":true}]}}