{"id":362,"date":"2021-08-27T09:55:27","date_gmt":"2021-08-27T14:55:27","guid":{"rendered":"https:\/\/franciscanas.org\/portal\/lamerica\/?page_id=362"},"modified":"2021-08-27T09:55:27","modified_gmt":"2021-08-27T14:55:27","slug":"asociacion-almaber","status":"publish","type":"page","link":"https:\/\/franciscanas.org\/portal\/lamerica\/asociacion-almaber\/","title":{"rendered":"Asociaci\u00f3n ALMABER"},"content":{"rendered":"<p>[et_pb_section fb_built=&#8221;1&#8243; _builder_version=&#8221;4.10.4&#8243; _module_preset=&#8221;default&#8221;][et_pb_row _builder_version=&#8221;4.10.4&#8243; _module_preset=&#8221;default&#8221; custom_padding=&#8221;7px|||||&#8221;][et_pb_column _builder_version=&#8221;4.10.4&#8243; _module_preset=&#8221;default&#8221; type=&#8221;4_4&#8243;][et_pb_text _builder_version=&#8221;4.10.4&#8243; _module_preset=&#8221;default&#8221; hover_enabled=&#8221;0&#8243; sticky_enabled=&#8221;0&#8243;]<\/p>\n<h1>Asociaci\u00f3n ALMABER<\/h1>\n<p>[\/et_pb_text][\/et_pb_column][\/et_pb_row][et_pb_row _builder_version=&#8221;4.10.4&#8243; _module_preset=&#8221;default&#8221; custom_padding=&#8221;6px|||||&#8221;][et_pb_column _builder_version=&#8221;4.10.4&#8243; _module_preset=&#8221;default&#8221; type=&#8221;4_4&#8243;][et_pb_text _builder_version=&#8221;4.10.4&#8243; _module_preset=&#8221;default&#8221; hover_enabled=&#8221;0&#8243; sticky_enabled=&#8221;0&#8243;]<\/p>\n<p>La Asociaci\u00f3n Misionera de Laicos Franciscanos Madre Bernarda es una entidad de car\u00e1cter espiritual y misionero. Est\u00e1 constituida de hombres y mujeres animados por el esp\u00edritu de San Francisco de As\u00eds y Santa Mar\u00eda Bernarda B\u00fctler. Se integran a la Familia Franciscana y comparten la espiritualidad de las Hermanas Franciscanas Misioneras de Mar\u00eda Auxiliadora.<\/p>\n<p>[\/et_pb_text][\/et_pb_column][\/et_pb_row][et_pb_row _builder_version=&#8221;4.10.4&#8243; _module_preset=&#8221;default&#8221; custom_padding=&#8221;6px|||||&#8221;][et_pb_column _builder_version=&#8221;4.10.4&#8243; _module_preset=&#8221;default&#8221; type=&#8221;4_4&#8243;][et_pb_text _builder_version=&#8221;4.10.4&#8243; _module_preset=&#8221;default&#8221; hover_enabled=&#8221;0&#8243; sticky_enabled=&#8221;0&#8243;]<\/p>\n<p>El Carisma de ALMABER es un Don de Dios para la misi\u00f3n evangelizadora de la Iglesia. Tiene su fuente \u00a0en el amor \u00a0misericordioso de Dios Uno y Trino, particularmente manifestado en la Encarnaci\u00f3n de Jesucristo. Los miembros de ALMABER est\u00e1n llamados a viver este misterio en la radicalidad del compromisso bautismal, testimoniarlo y \u00a0promover el Reino de Dios, mediante una vida de fidelidad al Evangelio y de servicio misericordioso a todos, especialmente a los m\u00e1s necesitados.<\/p>\n<p>[\/et_pb_text][\/et_pb_column][\/et_pb_row][\/et_pb_section]<\/p>\n","protected":false},"excerpt":{"rendered":"<p>Asociaci\u00f3n ALMABERLa Asociaci\u00f3n Misionera de Laicos Franciscanos Madre Bernarda es una entidad de car\u00e1cter espiritual y misionero. Est\u00e1 constituida de hombres y mujeres animados por el esp\u00edritu de San Francisco de As\u00eds y Santa Mar\u00eda Bernarda B\u00fctler. Se integran a la Familia Franciscana y comparten la espiritualidad de las Hermanas Franciscanas Misioneras de Mar\u00eda Auxiliadora.El [&hellip;]<\/p>\n","protected":false},"author":1,"featured_media":0,"parent":0,"menu_order":0,"comment_status":"closed","ping_status":"closed","template":"","meta":{"_et_pb_use_builder":"on","_et_pb_old_content":"","_et_gb_content_width":"","footnotes":""},"class_list":["post-362","page","type-page","status-publish","hentry"],"_links":{"self":[{"href":"https:\/\/franciscanas.org\/portal\/lamerica\/wp-json\/wp\/v2\/pages\/362","targetHints":{"allow":["GET"]}}],"collection":[{"href":"https:\/\/franciscanas.org\/portal\/lamerica\/wp-json\/wp\/v2\/pages"}],"about":[{"href":"https:\/\/franciscanas.org\/portal\/lamerica\/wp-json\/wp\/v2\/types\/page"}],"author":[{"embeddable":true,"href":"https:\/\/franciscanas.org\/portal\/lamerica\/wp-json\/wp\/v2\/users\/1"}],"replies":[{"embeddable":true,"href":"https:\/\/franciscanas.org\/portal\/lamerica\/wp-json\/wp\/v2\/comments?post=362"}],"version-history":[{"count":2,"href":"https:\/\/franciscanas.org\/portal\/lamerica\/wp-json\/wp\/v2\/pages\/362\/revisions"}],"predecessor-version":[{"id":371,"href":"https:\/\/franciscanas.org\/portal\/lamerica\/wp-json\/wp\/v2\/pages\/362\/revisions\/371"}],"wp:attachment":[{"href":"https:\/\/franciscanas.org\/portal\/lamerica\/wp-json\/wp\/v2\/media?parent=362"}],"curies":[{"name":"wp","href":"https:\/\/api.w.org\/{rel}","templated":true}]}}