{"id":347,"date":"2021-08-26T15:58:11","date_gmt":"2021-08-26T20:58:11","guid":{"rendered":"https:\/\/franciscanas.org\/portal\/lamerica\/?page_id=347"},"modified":"2021-08-30T11:54:23","modified_gmt":"2021-08-30T16:54:23","slug":"canonizacion","status":"publish","type":"page","link":"https:\/\/franciscanas.org\/portal\/lamerica\/canonizacion\/","title":{"rendered":"El Milagro de la Canonizaci\u00f3n"},"content":{"rendered":"\n[et_pb_section fb_built=&#8221;1&#8243; _builder_version=&#8221;4.10.4&#8243; _module_preset=&#8221;default&#8221;][et_pb_row _builder_version=&#8221;4.10.4&#8243; _module_preset=&#8221;default&#8221; custom_padding=&#8221;7px|||||&#8221;][et_pb_column _builder_version=&#8221;4.10.4&#8243; _module_preset=&#8221;default&#8221; type=&#8221;4_4&#8243;][et_pb_text _builder_version=&#8221;4.10.4&#8243; _module_preset=&#8221;default&#8221; hover_enabled=&#8221;0&#8243; sticky_enabled=&#8221;0&#8243;]<h1>El Milagro de la Canonizaci\u00f3n<\/h1>[\/et_pb_text][\/et_pb_column][\/et_pb_row][et_pb_row _builder_version=&#8221;4.10.4&#8243; _module_preset=&#8221;default&#8221; custom_padding=&#8221;7px|||||&#8221;][et_pb_column _builder_version=&#8221;4.10.4&#8243; _module_preset=&#8221;default&#8221; type=&#8221;4_4&#8243;][et_pb_text _builder_version=&#8221;4.10.4&#8243; _module_preset=&#8221;default&#8221; hover_enabled=&#8221;0&#8243; sticky_enabled=&#8221;0&#8243;]<p>Santa Mar\u00eda Bernarda Butler fue elevada a los altares de la santidad por la revelaci\u00f3n de un segundo milagro. En este \u00a0caso, la gracia de la curaci\u00f3n a una m\u00e9dica colombiana, la Dr. Myrna Jazime Correa, aquejada de una grave neumon\u00eda no com\u00fan.<\/p>[\/et_pb_text][\/et_pb_column][\/et_pb_row][et_pb_row _builder_version=&#8221;4.10.4&#8243; _module_preset=&#8221;default&#8221; custom_padding=&#8221;7px|||||&#8221;][et_pb_column _builder_version=&#8221;4.10.4&#8243; _module_preset=&#8221;default&#8221; type=&#8221;4_4&#8243;][et_pb_text _builder_version=&#8221;4.10.4&#8243; _module_preset=&#8221;default&#8221; hover_enabled=&#8221;0&#8243; sticky_enabled=&#8221;0&#8243;]<p>La Dr. Myrna fue internada en la Cl\u00ednica Madre Bernarda el martes, 26 de julio de 2002, diagnosticada con neumon\u00eda at\u00edpica. Dada la imposibilidad de descubrir la bacteria infecciosa, el tratamiento se tornaba dif\u00edcil.<\/p>[\/et_pb_text][\/et_pb_column][\/et_pb_row][et_pb_row _builder_version=&#8221;4.10.4&#8243; _module_preset=&#8221;default&#8221; custom_padding=&#8221;7px|||||&#8221;][et_pb_column _builder_version=&#8221;4.10.4&#8243; _module_preset=&#8221;default&#8221; type=&#8221;4_4&#8243;][et_pb_text _builder_version=&#8221;4.10.4&#8243; _module_preset=&#8221;default&#8221; hover_enabled=&#8221;0&#8243; sticky_enabled=&#8221;0&#8243;]<p>M\u00e9dicos e especialistas informaran a la familia y alertaron para que estuviesen preparados. La paciente presentaba grave da\u00f1o pulmonar y, en el caso de curaci\u00f3n, quedar\u00eda con muchas secuelas. \u00a0Pr\u00e1cticamente no hab\u00eda buenos pron\u00f3sticos, ni esperanza.<\/p>[\/et_pb_text][\/et_pb_column][\/et_pb_row][et_pb_row _builder_version=&#8221;4.10.4&#8243; _module_preset=&#8221;default&#8221; custom_padding=&#8221;7px|||||&#8221;][et_pb_column _builder_version=&#8221;4.10.4&#8243; _module_preset=&#8221;default&#8221; type=&#8221;4_4&#8243;][et_pb_text _builder_version=&#8221;4.10.4&#8243; _module_preset=&#8221;default&#8221; hover_enabled=&#8221;0&#8243; sticky_enabled=&#8221;0&#8243;]<p>Con mucha fe, Lilian, madre de la Dra. Myrna, fue al Centro de Tratamiento Intensivo (CTI) y coloc\u00f3,\u00a0la reliquia de la Beata Mar\u00eda Bernarda en la cabeza de la hija. Junto a eso, moviliz\u00f3 la familia para una novena a la Beata Mar\u00eda Bernarda. Los familiares se unieron en intensa oraci\u00f3n, pidiendo a Dios un milagro. A la oraci\u00f3n \u00a0insistente, llena de confianza y de fe, se unieron otros familiares, amigos, los funcionarios de la Cl\u00ednica Madre Bernarda y las hermanas.<\/p>[\/et_pb_text][\/et_pb_column][\/et_pb_row][et_pb_row _builder_version=&#8221;4.10.4&#8243; _module_preset=&#8221;default&#8221; custom_padding=&#8221;7px|||||&#8221;][et_pb_column _builder_version=&#8221;4.10.4&#8243; _module_preset=&#8221;default&#8221; type=&#8221;4_4&#8243;][et_pb_text _builder_version=&#8221;4.10.4&#8243; _module_preset=&#8221;default&#8221; hover_enabled=&#8221;0&#8243; sticky_enabled=&#8221;0&#8243;]<p>Al d\u00eda siguiente se observ\u00f3 una incre\u00edble recuperaci\u00f3n en el estado de salud de la \u00a0Dra. Myrna. El edema disminuy\u00f3, hubo mejor\u00eda en la respiraci\u00f3n y reducci\u00f3n del \u00a0derrame pleural.<\/p>[\/et_pb_text][\/et_pb_column][\/et_pb_row][et_pb_row _builder_version=&#8221;4.10.4&#8243; _module_preset=&#8221;default&#8221; custom_padding=&#8221;7px|||||&#8221;][et_pb_column _builder_version=&#8221;4.10.4&#8243; _module_preset=&#8221;default&#8221; type=&#8221;4_4&#8243;][et_pb_text _builder_version=&#8221;4.10.4&#8243; _module_preset=&#8221;default&#8221; hover_enabled=&#8221;0&#8243; sticky_enabled=&#8221;0&#8243;]<p>Al tercer d\u00eda siguiente, ella sali\u00f3 de la CTI. Se presentaba un cuadro de mejor\u00eda \u00a0constante hasta el processo de alta. Contra el diagn\u00f3stico de los m\u00e9dicos, no hubo secuela en los pulmones. Una curaci\u00f3n cient\u00edficamente inexplicable por el relato de los propios m\u00e9dicos. Uno \u00a0de ellos, Dr. Angelo Larius, as\u00ed testimoni\u00f3: \u201cComo m\u00e9dico, para m\u00ed no existen explicaciones cient\u00edficas en la curaci\u00f3n de la Dra. Myrna. Atribuyo la curaci\u00f3n de Myrna a la fe que todos colocaran en Dios pidiendo su recuperaci\u00f3n, por la intercesi\u00f3n de la Beata Mar\u00eda Bernarda y, por qu\u00e9 no decir, ocurri\u00f3 un milagro\u201d. Para Dios, nada es imposible.<\/p>[\/et_pb_text][\/et_pb_column][\/et_pb_row][et_pb_row _builder_version=&#8221;4.10.4&#8243; _module_preset=&#8221;default&#8221; custom_padding=&#8221;7px|||||&#8221;][et_pb_column _builder_version=&#8221;4.10.4&#8243; _module_preset=&#8221;default&#8221; type=&#8221;4_4&#8243;][et_pb_text _builder_version=&#8221;4.10.4&#8243; _module_preset=&#8221;default&#8221; hover_enabled=&#8221;0&#8243; sticky_enabled=&#8221;0&#8243;]<p>Fuente: Canonizaci\u00f3n. Exaltaci\u00f3n de una vida. Roma. En espa\u00f1ol, 2008, p. 7.<\/p>[\/et_pb_text][\/et_pb_column][\/et_pb_row][\/et_pb_section]\n","protected":false},"excerpt":{"rendered":"<p>El Milagro de la Canonizaci\u00f3nSanta Mar\u00eda Bernarda Butler fue elevada a los altares de la santidad por la revelaci\u00f3n de un segundo milagro. En este \u00a0caso, la gracia de la curaci\u00f3n a una m\u00e9dica colombiana, la Dr. Myrna Jazime Correa, aquejada de una grave neumon\u00eda no com\u00fan.La Dr. Myrna fue internada en la Cl\u00ednica Madre [&hellip;]<\/p>\n","protected":false},"author":1,"featured_media":0,"parent":0,"menu_order":0,"comment_status":"closed","ping_status":"closed","template":"","meta":{"_et_pb_use_builder":"on","_et_pb_old_content":"","_et_gb_content_width":"","footnotes":""},"class_list":["post-347","page","type-page","status-publish","hentry"],"_links":{"self":[{"href":"https:\/\/franciscanas.org\/portal\/lamerica\/wp-json\/wp\/v2\/pages\/347","targetHints":{"allow":["GET"]}}],"collection":[{"href":"https:\/\/franciscanas.org\/portal\/lamerica\/wp-json\/wp\/v2\/pages"}],"about":[{"href":"https:\/\/franciscanas.org\/portal\/lamerica\/wp-json\/wp\/v2\/types\/page"}],"author":[{"embeddable":true,"href":"https:\/\/franciscanas.org\/portal\/lamerica\/wp-json\/wp\/v2\/users\/1"}],"replies":[{"embeddable":true,"href":"https:\/\/franciscanas.org\/portal\/lamerica\/wp-json\/wp\/v2\/comments?post=347"}],"version-history":[{"count":4,"href":"https:\/\/franciscanas.org\/portal\/lamerica\/wp-json\/wp\/v2\/pages\/347\/revisions"}],"predecessor-version":[{"id":403,"href":"https:\/\/franciscanas.org\/portal\/lamerica\/wp-json\/wp\/v2\/pages\/347\/revisions\/403"}],"wp:attachment":[{"href":"https:\/\/franciscanas.org\/portal\/lamerica\/wp-json\/wp\/v2\/media?parent=347"}],"curies":[{"name":"wp","href":"https:\/\/api.w.org\/{rel}","templated":true}]}}