{"id":343,"date":"2021-08-26T15:41:04","date_gmt":"2021-08-26T20:41:04","guid":{"rendered":"https:\/\/franciscanas.org\/portal\/lamerica\/?page_id=343"},"modified":"2023-03-05T20:28:27","modified_gmt":"2023-03-06T01:28:27","slug":"beatificacion","status":"publish","type":"page","link":"https:\/\/franciscanas.org\/portal\/lamerica\/beatificacion\/","title":{"rendered":"Milagro para la Beatificaci\u00f3n"},"content":{"rendered":"<p>[et_pb_section fb_built=&#8221;1&#8243; _builder_version=&#8221;4.16&#8243; _module_preset=&#8221;default&#8221; global_colors_info=&#8221;{}&#8221;][et_pb_row _builder_version=&#8221;4.16&#8243; _module_preset=&#8221;default&#8221; custom_padding=&#8221;8px|||||&#8221; global_colors_info=&#8221;{}&#8221;][et_pb_column type=&#8221;4_4&#8243; _builder_version=&#8221;4.16&#8243; _module_preset=&#8221;default&#8221; global_colors_info=&#8221;{}&#8221;][et_pb_text _builder_version=&#8221;4.16&#8243; _module_preset=&#8221;default&#8221; global_colors_info=&#8221;{}&#8221;]<\/p>\n<h1>Milagro para la Beatificaci\u00f3n<\/h1>\n<p>[\/et_pb_text][\/et_pb_column][\/et_pb_row][et_pb_row _builder_version=&#8221;4.16&#8243; _module_preset=&#8221;default&#8221; custom_padding=&#8221;4px|||||&#8221; global_colors_info=&#8221;{}&#8221;][et_pb_column type=&#8221;4_4&#8243; _builder_version=&#8221;4.16&#8243; _module_preset=&#8221;default&#8221; global_colors_info=&#8221;{}&#8221;][et_pb_text _builder_version=&#8221;4.19.5&#8243; _module_preset=&#8221;default&#8221; custom_padding=&#8221;||0px|||&#8221; hover_enabled=&#8221;0&#8243; global_colors_info=&#8221;{}&#8221; sticky_enabled=&#8221;0&#8243;]<\/p>\n<p style=\"text-align: justify;\">El hecho aconteci\u00f3 em la ciudad de \u00a0Barranquilla, Colombia, el dia 02 de septiembre \u00a0de 1967. Se refiere a Liliana Sanchez R\u00edos a los 16 d\u00edas de vida. La peque\u00f1a Liliana es la \u00a0sexta hija de Carlos Sanchez y Gladis R\u00edos de Sanchez, nacida \u00a0el 17 de agosto de 1967. Al d\u00eda siguiente del \u00a0nacimiento, la ni\u00f1a present\u00f3 una \u00a0inflamaci\u00f3n tumoral en la parte derecha del cr\u00e1neo. Esa inflamaci\u00f3n crec\u00eda diariamente y revelaba un cuadro preocupante.<\/p>\n<p>[\/et_pb_text][\/et_pb_column][\/et_pb_row][et_pb_row _builder_version=&#8221;4.16&#8243; _module_preset=&#8221;default&#8221; custom_padding=&#8221;4px|||||&#8221; global_colors_info=&#8221;{}&#8221;][et_pb_column type=&#8221;4_4&#8243; _builder_version=&#8221;4.16&#8243; _module_preset=&#8221;default&#8221; global_colors_info=&#8221;{}&#8221;][et_pb_text _builder_version=&#8221;4.19.5&#8243; _module_preset=&#8221;default&#8221; hover_enabled=&#8221;0&#8243; global_colors_info=&#8221;{}&#8221; sticky_enabled=&#8221;0&#8243;]<\/p>\n<p style=\"text-align: justify;\">La \u00a0familia tard\u00f3 para buscar la ayuda debida por falta de recursos. La madre, preocupada con el hecho, el d\u00eda primero de septiembre, llev\u00f3 la ni\u00f1a a un \u00a0centro \u00a0m\u00e9dico ambulatorio. All\u00ed trabajaba la hermana Filomena Mart\u00ednez, religiosa de la Congregaci\u00f3n de las hermanas Franciscanas Misioneras de Mar\u00eda Auxiliadora. La hermana qued\u00f3 impresionada con el volumen del tumor, y encamin\u00f3 la madre al m\u00e9dico \u00a0Lu\u00eds de La Hoz, que tambi\u00e9n prestaba sus servicios en el \u00a0local. Este, a la vez, constat\u00f3 un tumor voluminoso y la ausencia del hueso superior \u00a0que cubr\u00eda o cr\u00e1neo. Viendo la gravedad del caso, no recet\u00f3 ning\u00fan medicamento. Para consolar a la madre, solicit\u00f3 una radiograf\u00eda del cr\u00e1neo que deb\u00eda hacerse al d\u00eda siguiente, mismo aunque lo consideraba in\u00fatil por ser un caso sin soluci\u00f3n.<\/p>\n<p>[\/et_pb_text][\/et_pb_column][\/et_pb_row][et_pb_row _builder_version=&#8221;4.16&#8243; _module_preset=&#8221;default&#8221; custom_padding=&#8221;4px|||||&#8221; global_colors_info=&#8221;{}&#8221;][et_pb_column type=&#8221;4_4&#8243; _builder_version=&#8221;4.16&#8243; _module_preset=&#8221;default&#8221; global_colors_info=&#8221;{}&#8221;][et_pb_text _builder_version=&#8221;4.19.5&#8243; _module_preset=&#8221;default&#8221; custom_padding=&#8221;||0px|||&#8221; hover_enabled=&#8221;0&#8243; global_colors_info=&#8221;{}&#8221; sticky_enabled=&#8221;0&#8243;]<\/p>\n<p style=\"text-align: justify;\">La hermana Mar\u00eda Filomena Mart\u00ednez, se solidariz\u00f3 y anim\u00f3 a la madre de Liliana, \u00a0obsequi\u00e1ndole una reliquia de la entonces Sierva de Dios Madre Maria Bernarda Butler y la orient\u00f3 para que la colocase sobre la cabecita de la ni\u00f1a. Le di\u00f3 tambi\u00e9n, un ejemplar de la Novena de la Sierva de Dios, recomend\u00e1ndole que iniciara la oraci\u00f3n. La hermana prometi\u00f3 acompa\u00f1ar la familia en su gran preocupaci\u00f3n rezando la novena con esta intenci\u00f3n. El m\u00e9dico hab\u00eda pronosticado que la ni\u00f1a podr\u00eda \u00a0morir hasta el amanecer.<\/p>\n<p>[\/et_pb_text][\/et_pb_column][\/et_pb_row][et_pb_row _builder_version=&#8221;4.16&#8243; _module_preset=&#8221;default&#8221; custom_padding=&#8221;4px|||||&#8221; global_colors_info=&#8221;{}&#8221;][et_pb_column type=&#8221;4_4&#8243; _builder_version=&#8221;4.16&#8243; _module_preset=&#8221;default&#8221; global_colors_info=&#8221;{}&#8221;][et_pb_text _builder_version=&#8221;4.19.5&#8243; _module_preset=&#8221;default&#8221; hover_enabled=&#8221;0&#8243; global_colors_info=&#8221;{}&#8221; sticky_enabled=&#8221;0&#8243;]<\/p>\n<p style=\"text-align: justify;\">La madre, con inmensa fe, inici\u00f3 la oraci\u00f3n de la novena en favor de la ni\u00f1a y la recitaba continuamente, \u00a0hasta las primeras horas del d\u00eda, cuando, por el cansancio \u00a0se durmi\u00f3. El padre, no creyente, la critic\u00f3 por estar arrodillada rezando la noche entera Y se fue a dormir, desconect\u00e1ndose de la situaci\u00f3n de la ni\u00f1a.<\/p>\n<p>[\/et_pb_text][\/et_pb_column][\/et_pb_row][et_pb_row _builder_version=&#8221;4.16&#8243; _module_preset=&#8221;default&#8221; custom_padding=&#8221;4px|||||&#8221; global_colors_info=&#8221;{}&#8221;][et_pb_column type=&#8221;4_4&#8243; _builder_version=&#8221;4.16&#8243; _module_preset=&#8221;default&#8221; global_colors_info=&#8221;{}&#8221;][et_pb_text _builder_version=&#8221;4.19.5&#8243; _module_preset=&#8221;default&#8221; hover_enabled=&#8221;0&#8243; global_colors_info=&#8221;{}&#8221; sticky_enabled=&#8221;0&#8243;]<\/p>\n<p style=\"text-align: justify;\">Al despertar, la madre fue atender la ni\u00f1a cuando percibi\u00f3 que el tumor hab\u00eda desaparecido. La ni\u00f1a estaba saludable. Para sorpresa de todos, se constat\u00f3 la recuperaci\u00f3n de su estructura \u00f3sea de la \u00a0cabeza y la desaparici\u00f3n del \u00a0tumor. El hecho impresion\u00f3 a toda fam\u00edlia y se expandi\u00f3 entre los vecinos.<\/p>\n<p>[\/et_pb_text][\/et_pb_column][\/et_pb_row][et_pb_row _builder_version=&#8221;4.16&#8243; _module_preset=&#8221;default&#8221; custom_padding=&#8221;4px|||||&#8221; global_colors_info=&#8221;{}&#8221;][et_pb_column type=&#8221;4_4&#8243; _builder_version=&#8221;4.16&#8243; _module_preset=&#8221;default&#8221; global_colors_info=&#8221;{}&#8221;][et_pb_text _builder_version=&#8221;4.19.5&#8243; _module_preset=&#8221;default&#8221; hover_enabled=&#8221;0&#8243; global_colors_info=&#8221;{}&#8221; sticky_enabled=&#8221;0&#8243;]<\/p>\n<p style=\"text-align: justify;\">Gladis, la madre, corri\u00f3 al centro m\u00e9dico buscando la hermana Filomena, a quien relat\u00f3 lo ocurrido. Juntas buscaron tambi\u00e9n al m\u00e9dico, \u00a0Dr. Lu\u00eds, \u00a0que qued\u00f3 \u00a0impresionado al \u00a0ver la ni\u00f1a. Fue una maravillosa cura realizada por la intercesi\u00f3n de la Beata Mar\u00eda Bernarda.<\/p>\n<p>[\/et_pb_text][\/et_pb_column][\/et_pb_row][et_pb_row _builder_version=&#8221;4.16&#8243; _module_preset=&#8221;default&#8221; custom_padding=&#8221;4px|||||&#8221; global_colors_info=&#8221;{}&#8221;][et_pb_column type=&#8221;4_4&#8243; _builder_version=&#8221;4.16&#8243; _module_preset=&#8221;default&#8221; global_colors_info=&#8221;{}&#8221;][et_pb_text _builder_version=&#8221;4.19.5&#8243; _module_preset=&#8221;default&#8221; hover_enabled=&#8221;0&#8243; global_colors_info=&#8221;{}&#8221; sticky_enabled=&#8221;0&#8243;]<\/p>\n<p style=\"text-align: justify;\">El m\u00e9dico examin\u00f3 minuciosamente a la ni\u00f1a y constat\u00f3 que:<\/p>\n<p style=\"text-align: justify;\">&#8211; La \u00a0masa tumoral desapareci\u00f3 y el hueso adquiri\u00f3 la forma natural.<\/p>\n<p style=\"text-align: justify;\">&#8211; Afirm\u00f3 que se trataba de un milagro, por la ciencia no ten\u00eda explicaci\u00f3n nin soluci\u00f3n para el caso.<\/p>\n<p>[\/et_pb_text][\/et_pb_column][\/et_pb_row][et_pb_row _builder_version=&#8221;4.16&#8243; _module_preset=&#8221;default&#8221; custom_padding=&#8221;4px|||||&#8221; global_colors_info=&#8221;{}&#8221;][et_pb_column type=&#8221;4_4&#8243; _builder_version=&#8221;4.16&#8243; _module_preset=&#8221;default&#8221; global_colors_info=&#8221;{}&#8221;][et_pb_text _builder_version=&#8221;4.19.5&#8243; _module_preset=&#8221;default&#8221; hover_enabled=&#8221;0&#8243; global_colors_info=&#8221;{}&#8221; sticky_enabled=&#8221;0&#8243;]<\/p>\n<p style=\"text-align: justify;\">El 1974, dos m\u00e9dicos peritos examinaran detalladamente la ni\u00f1a y no encontraron en ella \u00a0nada de anormal desde el punto de vista anat\u00f3mico, ni de salud.<\/p>\n<p>[\/et_pb_text][\/et_pb_column][\/et_pb_row][et_pb_row _builder_version=&#8221;4.16&#8243; _module_preset=&#8221;default&#8221; custom_padding=&#8221;4px|||||&#8221; global_colors_info=&#8221;{}&#8221;][et_pb_column type=&#8221;4_4&#8243; _builder_version=&#8221;4.16&#8243; _module_preset=&#8221;default&#8221; global_colors_info=&#8221;{}&#8221;][et_pb_text _builder_version=&#8221;4.19.5&#8243; _module_preset=&#8221;default&#8221; hover_enabled=&#8221;0&#8243; global_colors_info=&#8221;{}&#8221; sticky_enabled=&#8221;0&#8243;]<\/p>\n<p style=\"text-align: justify;\">Este acontecimiento fue reconocido como milagro de Dios por intercesi\u00f3n de la Madre Mar\u00eda Bernarda Butler, y sirvi\u00f3 para su proceso de Beatificaci\u00f3n.<\/p>\n<p>[\/et_pb_text][\/et_pb_column][\/et_pb_row][et_pb_row _builder_version=&#8221;4.16&#8243; _module_preset=&#8221;default&#8221; custom_padding=&#8221;4px|||||&#8221; global_colors_info=&#8221;{}&#8221;][et_pb_column type=&#8221;4_4&#8243; _builder_version=&#8221;4.16&#8243; _module_preset=&#8221;default&#8221; global_colors_info=&#8221;{}&#8221;][et_pb_text _builder_version=&#8221;4.19.5&#8243; _module_preset=&#8221;default&#8221; hover_enabled=&#8221;0&#8243; global_colors_info=&#8221;{}&#8221; sticky_enabled=&#8221;0&#8243;]<\/p>\n<p style=\"text-align: justify;\"><strong>Fuente<\/strong>: Sagrada Congregaci\u00f3n para las Causas de los Santos. <em>Informe y voto<\/em>, p\u00e1g. 17. Roma, 1974.<\/p>\n<p>[\/et_pb_text][\/et_pb_column][\/et_pb_row][\/et_pb_section]<\/p>\n","protected":false},"excerpt":{"rendered":"<p>Milagro para la Beatificaci\u00f3nEl hecho aconteci\u00f3 em la ciudad de \u00a0Barranquilla, Colombia, el dia 02 de septiembre \u00a0de 1967. Se refiere a Liliana Sanchez R\u00edos a los 16 d\u00edas de vida. La peque\u00f1a Liliana es la \u00a0sexta hija de Carlos Sanchez y Gladis R\u00edos de Sanchez, nacida \u00a0el 17 de agosto de 1967. Al d\u00eda [&hellip;]<\/p>\n","protected":false},"author":1,"featured_media":0,"parent":0,"menu_order":0,"comment_status":"closed","ping_status":"closed","template":"","meta":{"_et_pb_use_builder":"on","_et_pb_old_content":"","_et_gb_content_width":"","footnotes":""},"class_list":["post-343","page","type-page","status-publish","hentry"],"_links":{"self":[{"href":"https:\/\/franciscanas.org\/portal\/lamerica\/wp-json\/wp\/v2\/pages\/343","targetHints":{"allow":["GET"]}}],"collection":[{"href":"https:\/\/franciscanas.org\/portal\/lamerica\/wp-json\/wp\/v2\/pages"}],"about":[{"href":"https:\/\/franciscanas.org\/portal\/lamerica\/wp-json\/wp\/v2\/types\/page"}],"author":[{"embeddable":true,"href":"https:\/\/franciscanas.org\/portal\/lamerica\/wp-json\/wp\/v2\/users\/1"}],"replies":[{"embeddable":true,"href":"https:\/\/franciscanas.org\/portal\/lamerica\/wp-json\/wp\/v2\/comments?post=343"}],"version-history":[{"count":7,"href":"https:\/\/franciscanas.org\/portal\/lamerica\/wp-json\/wp\/v2\/pages\/343\/revisions"}],"predecessor-version":[{"id":2023,"href":"https:\/\/franciscanas.org\/portal\/lamerica\/wp-json\/wp\/v2\/pages\/343\/revisions\/2023"}],"wp:attachment":[{"href":"https:\/\/franciscanas.org\/portal\/lamerica\/wp-json\/wp\/v2\/media?parent=343"}],"curies":[{"name":"wp","href":"https:\/\/api.w.org\/{rel}","templated":true}]}}