{"id":337,"date":"2021-08-26T15:09:15","date_gmt":"2021-08-26T20:09:15","guid":{"rendered":"https:\/\/franciscanas.org\/portal\/lamerica\/?page_id=337"},"modified":"2022-06-19T19:27:30","modified_gmt":"2022-06-20T00:27:30","slug":"historia-del-santuario","status":"publish","type":"page","link":"https:\/\/franciscanas.org\/portal\/lamerica\/historia-del-santuario\/","title":{"rendered":"Historia del Santu\u00e1rio"},"content":{"rendered":"<p>[et_pb_section fb_built=&#8221;1&#8243; _builder_version=&#8221;4.16&#8243; _module_preset=&#8221;default&#8221; global_colors_info=&#8221;{}&#8221; custom_padding=&#8221;||9px|||&#8221;][et_pb_row _builder_version=&#8221;4.16&#8243; _module_preset=&#8221;default&#8221; custom_padding=&#8221;5px|||||&#8221; global_colors_info=&#8221;{}&#8221;][et_pb_column type=&#8221;4_4&#8243; _builder_version=&#8221;4.16&#8243; _module_preset=&#8221;default&#8221; global_colors_info=&#8221;{}&#8221;][et_pb_text _builder_version=&#8221;4.16&#8243; _module_preset=&#8221;default&#8221; global_colors_info=&#8221;{}&#8221;]<\/p>\n<h1>Historia del Santuario<\/h1>\n<p>[\/et_pb_text][\/et_pb_column][\/et_pb_row][et_pb_row _builder_version=&#8221;4.16&#8243; _module_preset=&#8221;default&#8221; custom_padding=&#8221;5px|||||&#8221; global_colors_info=&#8221;{}&#8221;][et_pb_column type=&#8221;4_4&#8243; _builder_version=&#8221;4.16&#8243; _module_preset=&#8221;default&#8221; global_colors_info=&#8221;{}&#8221;][et_pb_text _builder_version=&#8221;4.16&#8243; _module_preset=&#8221;default&#8221; global_colors_info=&#8221;{}&#8221;]<\/p>\n<p>A los 19 d\u00edas del mes de mayo de 1924 muri\u00f3 Madre Bernarda en la entonces casa Madre, en la Obra Pia, en Cartagena, Colombia. El p\u00e1roco de la Catedral, durante la celebraci\u00f3n de la Eucarist\u00eda, anunci\u00f3: \u201cEsta ma\u00f1ana muri\u00f3 en la ciudad una santa, la reverenda Madre Bernarda B\u00fctler\u201d.<\/p>\n<p>[\/et_pb_text][\/et_pb_column][\/et_pb_row][et_pb_row _builder_version=&#8221;4.16&#8243; _module_preset=&#8221;default&#8221; custom_padding=&#8221;5px|||||&#8221; global_colors_info=&#8221;{}&#8221;][et_pb_column type=&#8221;4_4&#8243; _builder_version=&#8221;4.16&#8243; _module_preset=&#8221;default&#8221; global_colors_info=&#8221;{}&#8221;][et_pb_text _builder_version=&#8221;4.16&#8243; _module_preset=&#8221;default&#8221; global_colors_info=&#8221;{}&#8221;]<\/p>\n<p>El seis de septiembre de 1926, los restos mortales de Madre Bernarda fueron trasladados del cementerio de la comunidad, \u00a0en el Barrio Manga, para la capilla de la Obra Pia. La fama de santidad comenz\u00f3 a atraer visitantes.<\/p>\n<p>[\/et_pb_text][\/et_pb_column][\/et_pb_row][et_pb_row _builder_version=&#8221;4.16&#8243; _module_preset=&#8221;default&#8221; custom_padding=&#8221;5px|||||&#8221; global_colors_info=&#8221;{}&#8221;][et_pb_column type=&#8221;4_4&#8243; _builder_version=&#8221;4.16&#8243; _module_preset=&#8221;default&#8221; global_colors_info=&#8221;{}&#8221;][et_pb_text _builder_version=&#8221;4.16&#8243; _module_preset=&#8221;default&#8221; global_colors_info=&#8221;{}&#8221;]<\/p>\n<p>En los a\u00f1os siguientes, se dio la construcci\u00f3n del Colegio Biffi, donde las hermanas pasaron a residir, saliendo de la Obra Pia. Junto al colegio se construy\u00f3 una capilla. Despu\u00e9s de su inauguraci\u00f3n, el d\u00eda 16 de marzo de 1956, los restos mortales de Madre Bernarda fueron solemnemente trasladados de la Obra Pia para la capilla del colegio Biffi. A partir de entonces, las visitas y peregrinaciones de los devotos, aumentaron considerablemente.<\/p>\n<p>[\/et_pb_text][\/et_pb_column][\/et_pb_row][et_pb_row _builder_version=&#8221;4.16&#8243; _module_preset=&#8221;default&#8221; custom_padding=&#8221;5px||13px|||&#8221; global_colors_info=&#8221;{}&#8221;][et_pb_column type=&#8221;4_4&#8243; _builder_version=&#8221;4.16&#8243; _module_preset=&#8221;default&#8221; global_colors_info=&#8221;{}&#8221;][et_pb_text _builder_version=&#8221;4.16&#8243; _module_preset=&#8221;default&#8221; global_colors_info=&#8221;{}&#8221;]<\/p>\n<p>El d\u00eda 14 de diciembre de 2007, en vista de la aprobaci\u00f3n de la canonizaci\u00f3n, se exhumaron los restos mortales de Madre Bernarda. La capilla fue remodelada, como tambi\u00e9n la tumba. A partir de la canonizaci\u00f3n \u00a0de la Fundadora y la Congregaci\u00f3n, el 12 de octubre de 2008, el lugar fue elevado a la categor\u00eda de Santuario Santa Maria Bernarda.<\/p>\n<p>[\/et_pb_text][\/et_pb_column][\/et_pb_row][\/et_pb_section][et_pb_section fb_built=&#8221;1&#8243; theme_builder_area=&#8221;post_content&#8221; _builder_version=&#8221;4.17.4&#8243; _module_preset=&#8221;default&#8221; custom_padding=&#8221;20px|||||&#8221;][et_pb_row _builder_version=&#8221;4.17.4&#8243; _module_preset=&#8221;default&#8221; theme_builder_area=&#8221;post_content&#8221; custom_padding=&#8221;0px|||||&#8221;][et_pb_column _builder_version=&#8221;4.17.4&#8243; _module_preset=&#8221;default&#8221; type=&#8221;4_4&#8243; theme_builder_area=&#8221;post_content&#8221;][et_pb_image src=&#8221;https:\/\/franciscanas.org\/portal\/lamerica\/wp-content\/uploads\/sites\/2\/2022\/06\/visionlateralSMB.jpg&#8221; _builder_version=&#8221;4.17.4&#8243; _module_preset=&#8221;default&#8221; theme_builder_area=&#8221;post_content&#8221; title_text=&#8221;visi\u00f3nlateralSMB&#8221; hover_enabled=&#8221;0&#8243; sticky_enabled=&#8221;0&#8243;][\/et_pb_image][\/et_pb_column][\/et_pb_row][\/et_pb_section]<\/p>\n","protected":false},"excerpt":{"rendered":"<p>Junto al colegio Biffi se construy\u00f3 una capilla. Despu\u00e9s de su inauguraci\u00f3n, el d\u00eda 16 de marzo de 1956, los restos mortales de Madre Bernarda fueron solemnemente trasladados de la Obra Pia para la capilla del colegio Biffi. A partir de entonces, las visitas y peregrinaciones de los devotos, aumentaron considerablemente.<\/p>\n","protected":false},"author":1,"featured_media":0,"parent":0,"menu_order":0,"comment_status":"closed","ping_status":"closed","template":"","meta":{"_et_pb_use_builder":"on","_et_pb_old_content":"","_et_gb_content_width":"","footnotes":""},"class_list":["post-337","page","type-page","status-publish","hentry"],"_links":{"self":[{"href":"https:\/\/franciscanas.org\/portal\/lamerica\/wp-json\/wp\/v2\/pages\/337","targetHints":{"allow":["GET"]}}],"collection":[{"href":"https:\/\/franciscanas.org\/portal\/lamerica\/wp-json\/wp\/v2\/pages"}],"about":[{"href":"https:\/\/franciscanas.org\/portal\/lamerica\/wp-json\/wp\/v2\/types\/page"}],"author":[{"embeddable":true,"href":"https:\/\/franciscanas.org\/portal\/lamerica\/wp-json\/wp\/v2\/users\/1"}],"replies":[{"embeddable":true,"href":"https:\/\/franciscanas.org\/portal\/lamerica\/wp-json\/wp\/v2\/comments?post=337"}],"version-history":[{"count":6,"href":"https:\/\/franciscanas.org\/portal\/lamerica\/wp-json\/wp\/v2\/pages\/337\/revisions"}],"predecessor-version":[{"id":1135,"href":"https:\/\/franciscanas.org\/portal\/lamerica\/wp-json\/wp\/v2\/pages\/337\/revisions\/1135"}],"wp:attachment":[{"href":"https:\/\/franciscanas.org\/portal\/lamerica\/wp-json\/wp\/v2\/media?parent=337"}],"curies":[{"name":"wp","href":"https:\/\/api.w.org\/{rel}","templated":true}]}}