{"id":330,"date":"2021-08-26T14:56:01","date_gmt":"2021-08-26T19:56:01","guid":{"rendered":"https:\/\/franciscanas.org\/portal\/lamerica\/?page_id=330"},"modified":"2022-06-19T19:14:25","modified_gmt":"2022-06-20T00:14:25","slug":"o-santuario","status":"publish","type":"page","link":"https:\/\/franciscanas.org\/portal\/lamerica\/o-santuario\/","title":{"rendered":"O Santu\u00e1rio"},"content":{"rendered":"\n[et_pb_section fb_built=&#8221;1&#8243; _builder_version=&#8221;4.16&#8243; _module_preset=&#8221;default&#8221; global_colors_info=&#8221;{}&#8221; custom_padding=&#8221;||21px|||&#8221;][et_pb_row _builder_version=&#8221;4.16&#8243; _module_preset=&#8221;default&#8221; custom_padding=&#8221;7px||23px|||&#8221; global_colors_info=&#8221;{}&#8221;][et_pb_column type=&#8221;4_4&#8243; _builder_version=&#8221;4.16&#8243; _module_preset=&#8221;default&#8221; global_colors_info=&#8221;{}&#8221;][et_pb_text _builder_version=&#8221;4.16&#8243; _module_preset=&#8221;default&#8221; global_colors_info=&#8221;{}&#8221;]<h1>El santuario<\/h1>[\/et_pb_text][\/et_pb_column][\/et_pb_row][et_pb_row _builder_version=&#8221;4.16&#8243; _module_preset=&#8221;default&#8221; custom_padding=&#8221;4px|||||&#8221; global_colors_info=&#8221;{}&#8221;][et_pb_column type=&#8221;4_4&#8243; _builder_version=&#8221;4.16&#8243; _module_preset=&#8221;default&#8221; global_colors_info=&#8221;{}&#8221;][et_pb_text _builder_version=&#8221;4.16&#8243; _module_preset=&#8221;default&#8221; global_colors_info=&#8221;{}&#8221;]<p>Visita el Santuario dedicado a Santa Mar\u00eda Bernarda y vive una profunda experiencia espiritual. Bebe de las fuentes de su carisma y disfruta de su presencia junto al altar que contiene sus reliquias.<\/p>[\/et_pb_text][\/et_pb_column][\/et_pb_row][et_pb_row _builder_version=&#8221;4.16&#8243; _module_preset=&#8221;default&#8221; custom_padding=&#8221;4px|||||&#8221; global_colors_info=&#8221;{}&#8221;][et_pb_column type=&#8221;4_4&#8243; _builder_version=&#8221;4.16&#8243; _module_preset=&#8221;default&#8221; global_colors_info=&#8221;{}&#8221;][et_pb_text _builder_version=&#8221;4.16&#8243; _module_preset=&#8221;default&#8221; global_colors_info=&#8221;{}&#8221;]<p>Las reliquias est\u00e1n guardadas en un altar en formato de barca. En el barco Madre Bernarda parti\u00f3 para las misiones el 19 de junio de 1888. Este hecho di\u00f3 origen \u00a0a la Congregaci\u00f3n \u00a0de las Hermanas Franciscanas Misioneras de Mar\u00eda Auxiliadora. La Palabra de Dios fue el tim\u00f3n que orient\u00f3 su vida. Con inquietud y aud\u00e1cia misionera \u00a0anunci\u00f3 la Palabra en las tierras Latino-americanas. Su existencia es un heroico testimonio cristiano que inspira a las generaciones. Santa Mar\u00eda Bernarda se torn\u00f3 intercesora ante Dios por sus fieles devotos, por la Iglesia y por su Congregaci\u00f3n.<\/p>[\/et_pb_text][\/et_pb_column][\/et_pb_row][et_pb_row _builder_version=&#8221;4.16&#8243; _module_preset=&#8221;default&#8221; custom_padding=&#8221;4px|||||&#8221; global_colors_info=&#8221;{}&#8221;][et_pb_column type=&#8221;4_4&#8243; _builder_version=&#8221;4.16&#8243; _module_preset=&#8221;default&#8221; global_colors_info=&#8221;{}&#8221;][et_pb_text _builder_version=&#8221;4.16&#8243; _module_preset=&#8221;default&#8221; global_colors_info=&#8221;{}&#8221;]<p>En el Santuario, dos grandes auto relieves\u00a0en bronce, colocados a la derecha y a la izquierda del altar, resumen su espiritualidad y la misi\u00f3n realizada. Uno de ellos representa a la Sant\u00edssima Trinidad, fuente de la espiritualidad de la Santa y del Carisma de las Hermanas Franciscanas Misioneras de Mar\u00eda Auxiliadora. El otro, representa los aspectos de la acci\u00f3n misionera de Santa Mar\u00eda Bernarda.<\/p>[\/et_pb_text][\/et_pb_column][\/et_pb_row][\/et_pb_section][et_pb_section fb_built=&#8221;1&#8243; theme_builder_area=&#8221;post_content&#8221; _builder_version=&#8221;4.17.4&#8243; _module_preset=&#8221;default&#8221; custom_padding=&#8221;18px|||||&#8221;][et_pb_row _builder_version=&#8221;4.17.4&#8243; _module_preset=&#8221;default&#8221; theme_builder_area=&#8221;post_content&#8221; custom_padding=&#8221;0px|||||&#8221;][et_pb_column _builder_version=&#8221;4.17.4&#8243; _module_preset=&#8221;default&#8221; type=&#8221;4_4&#8243; theme_builder_area=&#8221;post_content&#8221;][et_pb_image src=&#8221;https:\/\/franciscanas.org\/portal\/lamerica\/wp-content\/uploads\/sites\/2\/2022\/06\/Santuariointerior.jpg&#8221; _builder_version=&#8221;4.17.4&#8243; _module_preset=&#8221;default&#8221; theme_builder_area=&#8221;post_content&#8221; title_text=&#8221;Santuariointerior&#8221; hover_enabled=&#8221;0&#8243; sticky_enabled=&#8221;0&#8243;][\/et_pb_image][\/et_pb_column][\/et_pb_row][\/et_pb_section]\n","protected":false},"excerpt":{"rendered":"<p>Visita el Santuario dedicado a Santa Mar\u00eda Bernarda y vive una profunda experiencia espiritual. Bebe de las fuentes de su carisma y disfruta de su presencia junto al altar que contiene sus reliquias.<\/p>\n","protected":false},"author":1,"featured_media":0,"parent":0,"menu_order":0,"comment_status":"closed","ping_status":"closed","template":"","meta":{"_et_pb_use_builder":"on","_et_pb_old_content":"","_et_gb_content_width":"","footnotes":""},"class_list":["post-330","page","type-page","status-publish","hentry"],"_links":{"self":[{"href":"https:\/\/franciscanas.org\/portal\/lamerica\/wp-json\/wp\/v2\/pages\/330","targetHints":{"allow":["GET"]}}],"collection":[{"href":"https:\/\/franciscanas.org\/portal\/lamerica\/wp-json\/wp\/v2\/pages"}],"about":[{"href":"https:\/\/franciscanas.org\/portal\/lamerica\/wp-json\/wp\/v2\/types\/page"}],"author":[{"embeddable":true,"href":"https:\/\/franciscanas.org\/portal\/lamerica\/wp-json\/wp\/v2\/users\/1"}],"replies":[{"embeddable":true,"href":"https:\/\/franciscanas.org\/portal\/lamerica\/wp-json\/wp\/v2\/comments?post=330"}],"version-history":[{"count":7,"href":"https:\/\/franciscanas.org\/portal\/lamerica\/wp-json\/wp\/v2\/pages\/330\/revisions"}],"predecessor-version":[{"id":1130,"href":"https:\/\/franciscanas.org\/portal\/lamerica\/wp-json\/wp\/v2\/pages\/330\/revisions\/1130"}],"wp:attachment":[{"href":"https:\/\/franciscanas.org\/portal\/lamerica\/wp-json\/wp\/v2\/media?parent=330"}],"curies":[{"name":"wp","href":"https:\/\/api.w.org\/{rel}","templated":true}]}}