{"id":260,"date":"2021-08-25T13:42:44","date_gmt":"2021-08-25T18:42:44","guid":{"rendered":"https:\/\/franciscanas.org\/portal\/lamerica\/?page_id=260"},"modified":"2021-08-25T13:42:44","modified_gmt":"2021-08-25T18:42:44","slug":"vocacion","status":"publish","type":"page","link":"https:\/\/franciscanas.org\/portal\/lamerica\/vocacion\/","title":{"rendered":"Vocaci\u00f3n"},"content":{"rendered":"<p>[et_pb_section fb_built=&#8221;1&#8243; _builder_version=&#8221;4.10.4&#8243; _module_preset=&#8221;default&#8221;][et_pb_row _builder_version=&#8221;4.10.4&#8243; _module_preset=&#8221;default&#8221; custom_padding=&#8221;4px|||||&#8221;][et_pb_column _builder_version=&#8221;4.10.4&#8243; _module_preset=&#8221;default&#8221; type=&#8221;4_4&#8243;][et_pb_text _builder_version=&#8221;4.10.4&#8243; _module_preset=&#8221;default&#8221; hover_enabled=&#8221;0&#8243; sticky_enabled=&#8221;0&#8243;]<\/p>\n<h1>Vocaci\u00f3n<\/h1>\n<p>[\/et_pb_text][\/et_pb_column][\/et_pb_row][et_pb_row _builder_version=&#8221;4.10.4&#8243; _module_preset=&#8221;default&#8221; custom_padding=&#8221;4px|||||&#8221;][et_pb_column _builder_version=&#8221;4.10.4&#8243; _module_preset=&#8221;default&#8221; type=&#8221;4_4&#8243;][et_pb_text _builder_version=&#8221;4.10.4&#8243; _module_preset=&#8221;default&#8221; hover_enabled=&#8221;0&#8243; sticky_enabled=&#8221;0&#8243;]<\/p>\n<p>Toda persona desea descubrir el sentido \u00faltimo de su existencia, encontrar algo que la lleve a la realizaci\u00f3n plena. El ser humano que viva conscientemente, tiende a cuestionarse sobre as opciones y decisiones a tomar, sobre el destino que ha de dar a su vida, sobre el \u00a0ser y el hacer.<\/p>\n<p>[\/et_pb_text][\/et_pb_column][\/et_pb_row][et_pb_row _builder_version=&#8221;4.10.4&#8243; _module_preset=&#8221;default&#8221; custom_padding=&#8221;4px|||||&#8221;][et_pb_column _builder_version=&#8221;4.10.4&#8243; _module_preset=&#8221;default&#8221; type=&#8221;4_4&#8243;][et_pb_text _builder_version=&#8221;4.10.4&#8243; _module_preset=&#8221;default&#8221; hover_enabled=&#8221;0&#8243; sticky_enabled=&#8221;0&#8243;]<\/p>\n<p>Con una visi\u00f3n cristina creemos que todos reciben la semilla de la vocaci\u00f3n. En el origen de su significado, la palabra vocaci\u00f3n se traduce como llamado; Dios nos llama a realizar una visi\u00f3n en el mundo; en esta \u00a0perspectiva, la existencia humana nunca estar\u00e1 entregada en el ocaso.<\/p>\n<p>[\/et_pb_text][\/et_pb_column][\/et_pb_row][et_pb_row _builder_version=&#8221;4.10.4&#8243; _module_preset=&#8221;default&#8221; custom_padding=&#8221;4px|||||&#8221;][et_pb_column _builder_version=&#8221;4.10.4&#8243; _module_preset=&#8221;default&#8221; type=&#8221;4_4&#8243;][et_pb_text _builder_version=&#8221;4.10.4&#8243; _module_preset=&#8221;default&#8221; hover_enabled=&#8221;0&#8243; sticky_enabled=&#8221;0&#8243;]<\/p>\n<p>La vocaci\u00f3n es especial y \u00fanica; Dios nos llama a partir de una realidad concreta para ser sus brazos en la construcci\u00f3n del Reino de Dios viviendo en el amor. La adehesi\u00f3n al llamado passa por uma experiencia de Dios, de su amor, hecha de forma \u00edntima y personal. \u00c9l act\u00faa en nuestra historia marcada por el pecado y por la gracia y se comunica a trav\u00e9s de ella tocando nuestra vida y revelando el bien mayor.<\/p>\n<p>[\/et_pb_text][\/et_pb_column][\/et_pb_row][et_pb_row _builder_version=&#8221;4.10.4&#8243; _module_preset=&#8221;default&#8221; custom_padding=&#8221;4px|||||&#8221;][et_pb_column _builder_version=&#8221;4.10.4&#8243; _module_preset=&#8221;default&#8221; type=&#8221;4_4&#8243;][et_pb_text _builder_version=&#8221;4.10.4&#8243; _module_preset=&#8221;default&#8221; hover_enabled=&#8221;0&#8243; sticky_enabled=&#8221;0&#8243;]<\/p>\n<p>La respuesta al llamado de Dios envuelve p\u00e9rdidas y ganancias; as\u00ed &#8220;cuando encuentra una perla de gran valor, la persona va y vende todos sus bienes y compra esa perla.\u201d(Mt, 13, 46). Es siempre una realidad que nos ultrapasa, como una peque\u00f1a semilla de mostaza que crece y queda mayor que todos los \u00e1rboles. (Mt 13, 32).<\/p>\n<p>[\/et_pb_text][\/et_pb_column][\/et_pb_row][\/et_pb_section]<\/p>\n","protected":false},"excerpt":{"rendered":"<p>Vocaci\u00f3nToda persona desea descubrir el sentido \u00faltimo de su existencia, encontrar algo que la lleve a la realizaci\u00f3n plena. El ser humano que viva conscientemente, tiende a cuestionarse sobre as opciones y decisiones a tomar, sobre el destino que ha de dar a su vida, sobre el \u00a0ser y el hacer.Con una visi\u00f3n cristina creemos [&hellip;]<\/p>\n","protected":false},"author":1,"featured_media":0,"parent":0,"menu_order":0,"comment_status":"closed","ping_status":"closed","template":"","meta":{"_et_pb_use_builder":"on","_et_pb_old_content":"","_et_gb_content_width":"","footnotes":""},"class_list":["post-260","page","type-page","status-publish","hentry"],"_links":{"self":[{"href":"https:\/\/franciscanas.org\/portal\/lamerica\/wp-json\/wp\/v2\/pages\/260","targetHints":{"allow":["GET"]}}],"collection":[{"href":"https:\/\/franciscanas.org\/portal\/lamerica\/wp-json\/wp\/v2\/pages"}],"about":[{"href":"https:\/\/franciscanas.org\/portal\/lamerica\/wp-json\/wp\/v2\/types\/page"}],"author":[{"embeddable":true,"href":"https:\/\/franciscanas.org\/portal\/lamerica\/wp-json\/wp\/v2\/users\/1"}],"replies":[{"embeddable":true,"href":"https:\/\/franciscanas.org\/portal\/lamerica\/wp-json\/wp\/v2\/comments?post=260"}],"version-history":[{"count":2,"href":"https:\/\/franciscanas.org\/portal\/lamerica\/wp-json\/wp\/v2\/pages\/260\/revisions"}],"predecessor-version":[{"id":263,"href":"https:\/\/franciscanas.org\/portal\/lamerica\/wp-json\/wp\/v2\/pages\/260\/revisions\/263"}],"wp:attachment":[{"href":"https:\/\/franciscanas.org\/portal\/lamerica\/wp-json\/wp\/v2\/media?parent=260"}],"curies":[{"name":"wp","href":"https:\/\/api.w.org\/{rel}","templated":true}]}}