{"id":242,"date":"2021-08-25T13:02:08","date_gmt":"2021-08-25T18:02:08","guid":{"rendered":"https:\/\/franciscanas.org\/portal\/lamerica\/?page_id=242"},"modified":"2021-08-25T13:02:31","modified_gmt":"2021-08-25T18:02:31","slug":"evangelizacion","status":"publish","type":"page","link":"https:\/\/franciscanas.org\/portal\/lamerica\/evangelizacion\/","title":{"rendered":"Evangelizaci\u00f3n"},"content":{"rendered":"<p>[et_pb_section fb_built=&#8221;1&#8243; _builder_version=&#8221;4.10.4&#8243; _module_preset=&#8221;default&#8221;][et_pb_row _builder_version=&#8221;4.10.4&#8243; _module_preset=&#8221;default&#8221; custom_padding=&#8221;7px|||||&#8221;][et_pb_column _builder_version=&#8221;4.10.4&#8243; _module_preset=&#8221;default&#8221; type=&#8221;4_4&#8243;][et_pb_text _builder_version=&#8221;4.10.4&#8243; _module_preset=&#8221;default&#8221; hover_enabled=&#8221;0&#8243; sticky_enabled=&#8221;0&#8243;]<\/p>\n<h1>Evangelizaci\u00f3n<\/h1>\n<p>[\/et_pb_text][\/et_pb_column][\/et_pb_row][et_pb_row _builder_version=&#8221;4.10.4&#8243; _module_preset=&#8221;default&#8221; custom_padding=&#8221;2px|||||&#8221;][et_pb_column _builder_version=&#8221;4.10.4&#8243; _module_preset=&#8221;default&#8221; type=&#8221;4_4&#8243;][et_pb_text _builder_version=&#8221;4.10.4&#8243; _module_preset=&#8221;default&#8221; hover_enabled=&#8221;0&#8243; sticky_enabled=&#8221;0&#8243;]<\/p>\n<p>Somos una Congregaci\u00f3n misionera; la misionariedad es consecuencia del compromiso bautismal de todo cristiano; engloba dos acciones importantes: la pastoral y la evangelizaci\u00f3n. El pastoreo implica el acompa\u00f1amiento de aquellos que se adhieren a la comunidad cristiana y est\u00e1n en formaci\u00f3n permanente. La evangelizaci\u00f3n comprende el anuncio del reino de Dios, del Evangelio y de la persona de Jes\u00fas a los que no lo conocen y buscan un mayor sentido de su vida. Eso incluye la misi\u00f3n \u201cad gentes\u201d, conocida como misi\u00f3n m\u00e1s all\u00e1 de las fronteras geogr\u00e1fica, \u201cad extra\u201d o misi\u00f3n \u201cad intra\u201d, la nueva evangelizaci\u00f3n.<\/p>\n<p>[\/et_pb_text][\/et_pb_column][\/et_pb_row][et_pb_row _builder_version=&#8221;4.10.4&#8243; _module_preset=&#8221;default&#8221; custom_padding=&#8221;2px|||||&#8221;][et_pb_column _builder_version=&#8221;4.10.4&#8243; _module_preset=&#8221;default&#8221; type=&#8221;4_4&#8243;][et_pb_text _builder_version=&#8221;4.10.4&#8243; _module_preset=&#8221;default&#8221; hover_enabled=&#8221;0&#8243; sticky_enabled=&#8221;0&#8243;]<\/p>\n<p>La Hermanas Franciscanas de Mar\u00eda Auxiliadora act\u00faan en estos frentes, a trav\u00e9s de las pastorales de la Iglesia, en los lugares donde est\u00e1n insertas. Las hermanas en su misi\u00f3n acompa\u00f1an:<\/p>\n<p>[\/et_pb_text][\/et_pb_column][\/et_pb_row][et_pb_row _builder_version=&#8221;4.10.4&#8243; _module_preset=&#8221;default&#8221; custom_padding=&#8221;2px|||||&#8221;][et_pb_column _builder_version=&#8221;4.10.4&#8243; _module_preset=&#8221;default&#8221; type=&#8221;4_4&#8243;][et_pb_text _builder_version=&#8221;4.10.4&#8243; _module_preset=&#8221;default&#8221; hover_enabled=&#8221;0&#8243; sticky_enabled=&#8221;0&#8243;]<\/p>\n<ul>\n<li><span><\/span>Pastoral de la infancia;<\/li>\n<li><span><\/span>Obras Pontificias de la Infancia y Adolescencia Misioneras;<\/li>\n<li><span><\/span>Pastoral de la Juventud;<\/li>\n<li><span><\/span>Pastoral con ancianos;<\/li>\n<li><span><\/span>Pastoral de la Visitaci\u00f3n;<\/li>\n<li><span><\/span>Servicio de Animaci\u00f3n Vocacional;<\/li>\n<li><span><\/span>Catequesis de Iniciaci\u00f3n a la Vida Cristiana;<\/li>\n<li><span><\/span>Pastoral lit\u00fargica;<\/li>\n<li><span><\/span>Movimientos eclesiales de Adolescentes, J\u00f3venes, Adultos y Parejas;<\/li>\n<li><span><\/span>Asociaci\u00f3n de Laicos misioneros Franciscanos de Madre Bernarda \u2013 ALMABER;<\/li>\n<li><span><\/span>Asociaciones laicales presentes en la Iglesia Local; (Orden Franciscana Secular, Sociedad San Vicente de Paul\u2026);<\/li>\n<li><span><\/span>Pastoral de Salud;<\/li>\n<li><span><\/span>Pastoral de la educaci\u00f3n;<\/li>\n<li><span><\/span>Pastorales sociales;<\/li>\n<li><span><\/span>Pastoral Familiar;<\/li>\n<li>Pastoral del Migrante.<\/li>\n<\/ul>\n<p>[\/et_pb_text][\/et_pb_column][\/et_pb_row][\/et_pb_section]<\/p>\n","protected":false},"excerpt":{"rendered":"<p>Evangelizaci\u00f3nSomos una Congregaci\u00f3n misionera; la misionariedad es consecuencia del compromiso bautismal de todo cristiano; engloba dos acciones importantes: la pastoral y la evangelizaci\u00f3n. El pastoreo implica el acompa\u00f1amiento de aquellos que se adhieren a la comunidad cristiana y est\u00e1n en formaci\u00f3n permanente. La evangelizaci\u00f3n comprende el anuncio del reino de Dios, del Evangelio y de [&hellip;]<\/p>\n","protected":false},"author":1,"featured_media":0,"parent":0,"menu_order":0,"comment_status":"closed","ping_status":"closed","template":"","meta":{"_et_pb_use_builder":"on","_et_pb_old_content":"","_et_gb_content_width":"","footnotes":""},"class_list":["post-242","page","type-page","status-publish","hentry"],"_links":{"self":[{"href":"https:\/\/franciscanas.org\/portal\/lamerica\/wp-json\/wp\/v2\/pages\/242","targetHints":{"allow":["GET"]}}],"collection":[{"href":"https:\/\/franciscanas.org\/portal\/lamerica\/wp-json\/wp\/v2\/pages"}],"about":[{"href":"https:\/\/franciscanas.org\/portal\/lamerica\/wp-json\/wp\/v2\/types\/page"}],"author":[{"embeddable":true,"href":"https:\/\/franciscanas.org\/portal\/lamerica\/wp-json\/wp\/v2\/users\/1"}],"replies":[{"embeddable":true,"href":"https:\/\/franciscanas.org\/portal\/lamerica\/wp-json\/wp\/v2\/comments?post=242"}],"version-history":[{"count":2,"href":"https:\/\/franciscanas.org\/portal\/lamerica\/wp-json\/wp\/v2\/pages\/242\/revisions"}],"predecessor-version":[{"id":245,"href":"https:\/\/franciscanas.org\/portal\/lamerica\/wp-json\/wp\/v2\/pages\/242\/revisions\/245"}],"wp:attachment":[{"href":"https:\/\/franciscanas.org\/portal\/lamerica\/wp-json\/wp\/v2\/media?parent=242"}],"curies":[{"name":"wp","href":"https:\/\/api.w.org\/{rel}","templated":true}]}}