{"id":225,"date":"2021-08-25T12:39:46","date_gmt":"2021-08-25T17:39:46","guid":{"rendered":"https:\/\/franciscanas.org\/portal\/lamerica\/?page_id=225"},"modified":"2021-11-22T14:27:00","modified_gmt":"2021-11-22T19:27:00","slug":"accion-misionera","status":"publish","type":"page","link":"https:\/\/franciscanas.org\/portal\/lamerica\/accion-misionera\/","title":{"rendered":"Acci\u00f3n Misionera"},"content":{"rendered":"<p>[et_pb_section fb_built=&#8221;1&#8243; _builder_version=&#8221;4.10.4&#8243; _module_preset=&#8221;default&#8221; global_colors_info=&#8221;{}&#8221;][et_pb_row _builder_version=&#8221;4.10.4&#8243; _module_preset=&#8221;default&#8221; global_colors_info=&#8221;{}&#8221;][et_pb_column type=&#8221;4_4&#8243; _builder_version=&#8221;4.10.4&#8243; _module_preset=&#8221;default&#8221; global_colors_info=&#8221;{}&#8221;][et_pb_text _builder_version=&#8221;4.10.4&#8243; _module_preset=&#8221;default&#8221; global_colors_info=&#8221;{}&#8221;]<\/p>\n<h1>Acci\u00f3n Misionera<\/h1>\n<p>[\/et_pb_text][\/et_pb_column][\/et_pb_row][et_pb_row column_structure=&#8221;1_2,1_2&#8243; _builder_version=&#8221;4.10.4&#8243; _module_preset=&#8221;default&#8221; custom_padding=&#8221;0px|||||&#8221; global_colors_info=&#8221;{}&#8221;][et_pb_column type=&#8221;1_2&#8243; _builder_version=&#8221;4.10.4&#8243; _module_preset=&#8221;default&#8221; global_colors_info=&#8221;{}&#8221;][et_pb_text _builder_version=&#8221;4.10.4&#8243; _module_preset=&#8221;default&#8221; global_colors_info=&#8221;{}&#8221;]<\/p>\n<p style=\"text-align: left;\"><em>\u201cEl primer campo de acci\u00f3n misionera fue Chone, en el Ecuador. All\u00ed las hermanas respondieron a las necesidades emergentes del contexto. La acci\u00f3n educativa era urgente y los recursos precarios. Entonces comenzaron modestamente utilizando el patio como sala de clase. Tambi\u00e9n emprendieron esfuerzos en la pastoral parroquial, a trav\u00e9s de la catequesis con ni\u00f1os y adultos, ense\u00f1ando la Palabra de Dios, acompa\u00f1ando las celebraciones y administrando el sacramento del bautismo. El cuidado de los enfermos entonces era un imperativo. Ellos acud\u00edan al convento de Santa Clara buscando alivio. Com lo que dispon\u00edan las hermanas los asist\u00edan cediendo alg\u00fan lugar del convento para ellos. Atentas a la realidad social, ofrec\u00edan su ayuda practicando las obras de misericordia.\u201d<\/em><\/p>\n<p>Esp\u00edritu y Misi\u00f3n n\u00ba 138 a 143.<\/p>\n<p>[\/et_pb_text][\/et_pb_column][et_pb_column type=&#8221;1_2&#8243; _builder_version=&#8221;4.10.4&#8243; _module_preset=&#8221;default&#8221; global_colors_info=&#8221;{}&#8221;][et_pb_image src=&#8221;https:\/\/franciscanas.org\/portal\/brasil\/wp-content\/uploads\/sites\/5\/2021\/07\/IlustracaoCanoa-1.jpg&#8221; _builder_version=&#8221;4.13.1&#8243; _module_preset=&#8221;default&#8221; global_colors_info=&#8221;{}&#8221;][\/et_pb_image][\/et_pb_column][\/et_pb_row][et_pb_row _builder_version=&#8221;4.10.4&#8243; _module_preset=&#8221;default&#8221; custom_padding=&#8221;0px|||||&#8221; global_colors_info=&#8221;{}&#8221;][et_pb_column type=&#8221;4_4&#8243; _builder_version=&#8221;4.10.4&#8243; _module_preset=&#8221;default&#8221; global_colors_info=&#8221;{}&#8221;][et_pb_text _builder_version=&#8221;4.13.1&#8243; _module_preset=&#8221;default&#8221; hover_enabled=&#8221;0&#8243; global_colors_info=&#8221;{}&#8221; sticky_enabled=&#8221;0&#8243;]<\/p>\n<p style=\"text-align: justify;\">Este peque\u00f1o relato ilustra el inicio de la acci\u00f3n misionera de las Hermanas Franciscanas Misioneras de Mar\u00eda Auxiliadora. Desde el principio, la Congregaci\u00f3n act\u00faa en iniciativas de acogida, educaci\u00f3n, salud, asistencia social y pastoral parroquial. As\u00ed surgieron colegios, hospitales, cl\u00ednicas, proyectos y obras sociales e asistenciales, y la Congregaci\u00f3n pudo contribuir activamente en el desenvolvimiento espiritual, social y econ\u00f3mico de las comunidades, municipios y regiones enteras.<\/p>\n<p>[\/et_pb_text][\/et_pb_column][\/et_pb_row][et_pb_row _builder_version=&#8221;4.10.4&#8243; _module_preset=&#8221;default&#8221; custom_padding=&#8221;0px|||||&#8221; global_colors_info=&#8221;{}&#8221;][et_pb_column type=&#8221;4_4&#8243; _builder_version=&#8221;4.10.4&#8243; _module_preset=&#8221;default&#8221; global_colors_info=&#8221;{}&#8221;][et_pb_text _builder_version=&#8221;4.13.1&#8243; _module_preset=&#8221;default&#8221; hover_enabled=&#8221;0&#8243; global_colors_info=&#8221;{}&#8221; sticky_enabled=&#8221;0&#8243;]<\/p>\n<p style=\"text-align: justify;\">La acci\u00f3n pastoral siempre fue privilegiada y aconteci\u00f3 de acuerdo con las urgencias del contexto y necesidades de la Iglesia local, a trav\u00e9s de servicios, coordinaciones, asesor\u00edas y administraci\u00f3n de parr\u00f3quias. La Congregaci\u00f3n trabaja en uni\u00f3n con las instituciones de la Iglesia y de la sociedad civil, creando redes y sumando fuerzas en iniciativas de promoci\u00f3n humana y ciudadana, en la educaci\u00f3n p\u00fablica, en la educaci\u00f3n informal, en la salud alternativa y preventiva en las misiones \u201cad gentes\u201d, en la defensa del medio ambiente y en la ecolog\u00eda.<\/p>\n<p>[\/et_pb_text][\/et_pb_column][\/et_pb_row][et_pb_row _builder_version=&#8221;4.10.4&#8243; _module_preset=&#8221;default&#8221; custom_padding=&#8221;0px|||||&#8221; global_colors_info=&#8221;{}&#8221;][et_pb_column type=&#8221;4_4&#8243; _builder_version=&#8221;4.10.4&#8243; _module_preset=&#8221;default&#8221; global_colors_info=&#8221;{}&#8221;][et_pb_text _builder_version=&#8221;4.13.1&#8243; _module_preset=&#8221;default&#8221; hover_enabled=&#8221;0&#8243; global_colors_info=&#8221;{}&#8221; sticky_enabled=&#8221;0&#8243;]<\/p>\n<p style=\"text-align: justify;\">Madre Bernarda tradujo el amor a la Iglesia y la dedicaci\u00f3n al servicio del Reino de Dios en el ejercicio de las obras de misericordia. Por eso, en atenci\u00f3n a las urgencias de cada periodo hist\u00f3rico, la misi\u00f3n podr\u00e1 asumir configuraciones diferentes teniendo siempre como centro la persona humana, promoci\u00f3n de la vida, la justicia, la paz y el cuidado con la creaci\u00f3n.<\/p>\n<p>[\/et_pb_text][\/et_pb_column][\/et_pb_row][et_pb_row column_structure=&#8221;1_3,1_3,1_3&#8243; _builder_version=&#8221;4.10.4&#8243; _module_preset=&#8221;default&#8221; custom_padding=&#8221;0px|||||&#8221; global_colors_info=&#8221;{}&#8221;][et_pb_column type=&#8221;1_3&#8243; _builder_version=&#8221;4.10.4&#8243; _module_preset=&#8221;default&#8221; global_colors_info=&#8221;{}&#8221;][et_pb_text _builder_version=&#8221;4.10.4&#8243; _module_preset=&#8221;default&#8221; global_colors_info=&#8221;{}&#8221;][\/et_pb_text][et_pb_image src=&#8221;https:\/\/franciscanas.org\/portal\/brasil\/wp-content\/uploads\/sites\/5\/2021\/07\/coracao.png&#8221; _builder_version=&#8221;4.13.1&#8243; _module_preset=&#8221;default&#8221; global_colors_info=&#8221;{}&#8221;][\/et_pb_image][\/et_pb_column][et_pb_column type=&#8221;1_3&#8243; _builder_version=&#8221;4.10.4&#8243; _module_preset=&#8221;default&#8221; global_colors_info=&#8221;{}&#8221;][et_pb_text _builder_version=&#8221;4.10.4&#8243; _module_preset=&#8221;default&#8221; global_colors_info=&#8221;{}&#8221;]<\/p>\n<p><strong>Obras de misericordia corporales<\/strong><\/p>\n<p>[\/et_pb_text][et_pb_text _builder_version=&#8221;4.10.4&#8243; _module_preset=&#8221;default&#8221; global_colors_info=&#8221;{}&#8221;]<\/p>\n<p>1. Dar de comer al hambriento.<\/p>\n<p>2. Dar de beber al sediento.<\/p>\n<p>3. Dar posada al peregrino.<\/p>\n<p>4. Vestir al desnudo.<\/p>\n<p>5. Visitar a los enfermos.<\/p>\n<p>6. Visitar a los presos.<\/p>\n<p>7. Enterrar a los muertos.<\/p>\n<p>8. Cuidar de la creaci\u00f3n de Dios<\/p>\n<p>[\/et_pb_text][\/et_pb_column][et_pb_column type=&#8221;1_3&#8243; _builder_version=&#8221;4.10.4&#8243; _module_preset=&#8221;default&#8221; global_colors_info=&#8221;{}&#8221;][et_pb_text _builder_version=&#8221;4.10.4&#8243; _module_preset=&#8221;default&#8221; global_colors_info=&#8221;{}&#8221;]<\/p>\n<p><strong>Obras de misericordia espirituales<\/strong><\/p>\n<p>[\/et_pb_text][et_pb_text _builder_version=&#8221;4.10.4&#8243; _module_preset=&#8221;default&#8221; global_colors_info=&#8221;{}&#8221;]<\/p>\n<p>1.Ense\u00f1ar al que no sabe.<\/p>\n<p>2.Dar buen consejo al que necesita.<\/p>\n<p>3.Corregir al que erra.<\/p>\n<p>4.Perdonar las injurias.<\/p>\n<p>5.Consolar al triste.<\/p>\n<p>6.Sufrir con paciencia las adversidades y flaquezas de Nuestro pr\u00f3jimo.<\/p>\n<p>7.Rogar a Dios por los vivos y los muertos.<\/p>\n<p>8.Contemplar y alabar a Dios presente por la creaci\u00f3n.<\/p>\n<p>[\/et_pb_text][\/et_pb_column][\/et_pb_row][et_pb_row _builder_version=&#8221;4.10.4&#8243; _module_preset=&#8221;default&#8221; global_colors_info=&#8221;{}&#8221;][et_pb_column type=&#8221;4_4&#8243; _builder_version=&#8221;4.10.4&#8243; _module_preset=&#8221;default&#8221; global_colors_info=&#8221;{}&#8221;][et_pb_text _builder_version=&#8221;4.10.4&#8243; _module_preset=&#8221;default&#8221; text_font_size=&#8221;20px&#8221; global_colors_info=&#8221;{}&#8221;]<\/p>\n<p>NOTA: La octava obra de misericordia fue propuesta por el Papa Francisco en 1 de octubre de 2016 para la celebraci\u00f3n del Dia Mundial de Oraci\u00f3n por el Cuidado de la Creaci\u00f3n.<\/p>\n<p>[\/et_pb_text][\/et_pb_column][\/et_pb_row][\/et_pb_section]<\/p>\n","protected":false},"excerpt":{"rendered":"<p>Acci\u00f3n Misionera\u201cEl primer campo de acci\u00f3n misionera fue Chone, en el Ecuador. All\u00ed las hermanas respondieron a las necesidades emergentes del contexto. La acci\u00f3n educativa era urgente y los recursos precarios. Entonces comenzaron modestamente utilizando el patio como sala de clase. Tambi\u00e9n emprendieron esfuerzos en la pastoral parroquial, a trav\u00e9s de la catequesis con ni\u00f1os [&hellip;]<\/p>\n","protected":false},"author":1,"featured_media":0,"parent":0,"menu_order":0,"comment_status":"closed","ping_status":"closed","template":"","meta":{"_et_pb_use_builder":"on","_et_pb_old_content":"","_et_gb_content_width":"","footnotes":""},"class_list":["post-225","page","type-page","status-publish","hentry"],"_links":{"self":[{"href":"https:\/\/franciscanas.org\/portal\/lamerica\/wp-json\/wp\/v2\/pages\/225","targetHints":{"allow":["GET"]}}],"collection":[{"href":"https:\/\/franciscanas.org\/portal\/lamerica\/wp-json\/wp\/v2\/pages"}],"about":[{"href":"https:\/\/franciscanas.org\/portal\/lamerica\/wp-json\/wp\/v2\/types\/page"}],"author":[{"embeddable":true,"href":"https:\/\/franciscanas.org\/portal\/lamerica\/wp-json\/wp\/v2\/users\/1"}],"replies":[{"embeddable":true,"href":"https:\/\/franciscanas.org\/portal\/lamerica\/wp-json\/wp\/v2\/comments?post=225"}],"version-history":[{"count":6,"href":"https:\/\/franciscanas.org\/portal\/lamerica\/wp-json\/wp\/v2\/pages\/225\/revisions"}],"predecessor-version":[{"id":713,"href":"https:\/\/franciscanas.org\/portal\/lamerica\/wp-json\/wp\/v2\/pages\/225\/revisions\/713"}],"wp:attachment":[{"href":"https:\/\/franciscanas.org\/portal\/lamerica\/wp-json\/wp\/v2\/media?parent=225"}],"curies":[{"name":"wp","href":"https:\/\/api.w.org\/{rel}","templated":true}]}}