{"id":193,"date":"2021-08-25T09:42:07","date_gmt":"2021-08-25T14:42:07","guid":{"rendered":"https:\/\/franciscanas.org\/portal\/lamerica\/?page_id=193"},"modified":"2022-03-28T09:05:25","modified_gmt":"2022-03-28T14:05:25","slug":"trayectoria","status":"publish","type":"page","link":"https:\/\/franciscanas.org\/portal\/lamerica\/trayectoria\/","title":{"rendered":"Trayectoria"},"content":{"rendered":"<p>[et_pb_section fb_built=&#8221;1&#8243; _builder_version=&#8221;4.10.4&#8243; _module_preset=&#8221;default&#8221; global_colors_info=&#8221;{}&#8221;][et_pb_row _builder_version=&#8221;4.10.4&#8243; _module_preset=&#8221;default&#8221; custom_padding=&#8221;7px|||||&#8221; global_colors_info=&#8221;{}&#8221;][et_pb_column type=&#8221;4_4&#8243; _builder_version=&#8221;4.10.4&#8243; _module_preset=&#8221;default&#8221; global_colors_info=&#8221;{}&#8221;][et_pb_text _builder_version=&#8221;4.10.4&#8243; _module_preset=&#8221;default&#8221; global_colors_info=&#8221;{}&#8221;]<\/p>\n<h1>Trayectoria<\/h1>\n<p>[\/et_pb_text][\/et_pb_column][\/et_pb_row][et_pb_row column_structure=&#8221;1_2,1_2&#8243; _builder_version=&#8221;4.10.4&#8243; _module_preset=&#8221;default&#8221; custom_padding=&#8221;0px|||||&#8221; global_colors_info=&#8221;{}&#8221;][et_pb_column type=&#8221;1_2&#8243; _builder_version=&#8221;4.10.4&#8243; _module_preset=&#8221;default&#8221; global_colors_info=&#8221;{}&#8221;][et_pb_image src=&#8221;https:\/\/franciscanas.org\/portal\/brasil\/wp-content\/uploads\/sites\/5\/2021\/11\/MaHilf.jpg&#8221; _builder_version=&#8221;4.13.1&#8243; _module_preset=&#8221;default&#8221; custom_padding=&#8221;45px|||||&#8221; global_colors_info=&#8221;{}&#8221;][\/et_pb_image][\/et_pb_column][et_pb_column type=&#8221;1_2&#8243; _builder_version=&#8221;4.10.4&#8243; _module_preset=&#8221;default&#8221; global_colors_info=&#8221;{}&#8221;][et_pb_text _builder_version=&#8221;4.13.1&#8243; _module_preset=&#8221;default&#8221; global_colors_info=&#8221;{}&#8221;]<\/p>\n<p style=\"text-align: justify;\">Atentas a las se\u00f1ales de los tiempos, las Hermanas Franciscanas Misioneras de Mar\u00eda Auxiliadora se organizan para atender a la misi\u00f3n confiada por la Iglesia.<\/p>\n<p style=\"text-align: justify;\">La salida del Convento de Altst\u00e4tten rumo a Chone en el Ecuador, indic\u00f3 el nacimiento de una comunidad independiente para Madre Bernarda y sus seis compa\u00f1eras. A partir de Cartagena, Colombia, donde las hermanas se establecieron despu\u00e9s del Ecuador, la Congregaci\u00f3n se expandi\u00f3. La acogida de Monse\u00f1or Eugenio Biffi signific\u00f3 apoyo y aprobaci\u00f3n por parte de la Iglesia Diocesana.<\/p>\n<p>[\/et_pb_text][\/et_pb_column][\/et_pb_row][et_pb_row _builder_version=&#8221;4.10.4&#8243; _module_preset=&#8221;default&#8221; custom_padding=&#8221;0px|||||&#8221; global_colors_info=&#8221;{}&#8221;][et_pb_column type=&#8221;4_4&#8243; _builder_version=&#8221;4.10.4&#8243; _module_preset=&#8221;default&#8221; global_colors_info=&#8221;{}&#8221;][et_pb_text _builder_version=&#8221;4.13.1&#8243; _module_preset=&#8221;default&#8221; global_colors_info=&#8221;{}&#8221;]<\/p>\n<p style=\"text-align: justify;\">La Congregaci\u00f3n naciente observaba las Constituciones de Mar\u00eda Hilf, aprobadas por Urbano VIII en 1625. Estas, a su vez, legislaban sobre la vida claustral y contemplativa. No hab\u00eda referencias a la vida apost\u00f3lica y misionera. Entonces, se hizo necesaria la composici\u00f3n de nuevas constituciones considerando estas circunstancias, ilumin\u00e1ndolas con fundamentos teol\u00f3gicos y eclesiales. En un primer momento, las nuevas constituciones fueran aprobadas \u201c<em><i>ad experimentum<\/i><\/em>\u201d, en 1912 por el Arzobispo de Cartagena, de Derecho\u00a0Diocesano. Como consecuencia de este proceso, ocurri\u00f3 el Primer Cap\u00edtulo General de la Congregaci\u00f3n, celebrado en 1914 en la Obra P\u00eda, en Cartagena, evento en el cual Madre Bernarda fue elegida Superiora General.<\/p>\n<p>[\/et_pb_text][\/et_pb_column][\/et_pb_row][et_pb_row _builder_version=&#8221;4.10.4&#8243; _module_preset=&#8221;default&#8221; custom_padding=&#8221;0px|||||&#8221; global_colors_info=&#8221;{}&#8221;][et_pb_column type=&#8221;4_4&#8243; _builder_version=&#8221;4.10.4&#8243; _module_preset=&#8221;default&#8221; global_colors_info=&#8221;{}&#8221;][et_pb_text _builder_version=&#8221;4.13.1&#8243; _module_preset=&#8221;default&#8221; global_colors_info=&#8221;{}&#8221;]<\/p>\n<p style=\"text-align: justify;\">Cambios promovidos por la Sede Apost\u00f3lica y la reformulaci\u00f3n de la Regla de la Tercera Orden Regular de San Francisco de As\u00eds, reclamaron la revisi\u00f3n de esta legislaci\u00f3n y sumisi\u00f3n a la nueva aprobaci\u00f3n. Este proceso culmin\u00f3 en 1938, cuando el Papa Pio XI aprob\u00f3 las Constituciones y reconoci\u00f3 la Congregaci\u00f3n de Derecho Pontificio, o sea, en \u00e1mbito de toda Iglesia.<\/p>\n<p>[\/et_pb_text][\/et_pb_column][\/et_pb_row][et_pb_row _builder_version=&#8221;4.10.4&#8243; _module_preset=&#8221;default&#8221; custom_padding=&#8221;0px|||||&#8221; global_colors_info=&#8221;{}&#8221;][et_pb_column type=&#8221;4_4&#8243; _builder_version=&#8221;4.10.4&#8243; _module_preset=&#8221;default&#8221; global_colors_info=&#8221;{}&#8221;][et_pb_text _builder_version=&#8221;4.13.1&#8243; _module_preset=&#8221;default&#8221; global_colors_info=&#8221;{}&#8221;]<\/p>\n<p style=\"text-align: justify;\">Tras la muerte de Madre Bernarda, el 19 de mayo de 1924, la Congregaci\u00f3n sigui\u00f3 su ritmo de expansi\u00f3n en Brasil, en Europa y en Colombia. El proyecto misionero encontr\u00f3 horizonte abierto. Las hermanas se aventuraron descubriendo caminos para el futuro, sin temor. La historia registra el esp\u00edritu audaz con que las hermanas j\u00f3venes, en su mayor\u00eda, superaron las dificultades en todo sentido: adaptaci\u00f3n cultural, ling\u00fc\u00edstica, clim\u00e1tica&#8230;<\/p>\n<p>[\/et_pb_text][\/et_pb_column][\/et_pb_row][et_pb_row _builder_version=&#8221;4.10.4&#8243; _module_preset=&#8221;default&#8221; custom_padding=&#8221;0px|||||&#8221; global_colors_info=&#8221;{}&#8221;][et_pb_column type=&#8221;4_4&#8243; _builder_version=&#8221;4.10.4&#8243; _module_preset=&#8221;default&#8221; global_colors_info=&#8221;{}&#8221;][et_pb_text _builder_version=&#8221;4.13.1&#8243; _module_preset=&#8221;default&#8221; global_colors_info=&#8221;{}&#8221;]<\/p>\n<p style=\"text-align: justify;\">En 1952, la Sagrada Congregaci\u00f3n para la Vida Religiosa recomend\u00f3 la organizaci\u00f3n de la Congregaci\u00f3n en Provincias y la extinci\u00f3n del cargo de Comisaria, ejercido por las representantes de la Congregaci\u00f3n en las regiones misioneras. El XII Cap\u00edtulo General Ordinario de 1953, debati\u00f3 el asunto. M\u00e1s esto solamente sucedi\u00f3 once a\u00f1os despu\u00e9s, con protocolo de autorizaci\u00f3n de la Santa Sede. El d\u00eda 16 de mayo de 1964, el Gobierno General constituy\u00f3 las Provincias: San Jos\u00e9 &#8211; Europa, Inmaculada Concepci\u00f3n &#8211; Brasil y San Francisco &#8211; Colombia. Diferencias culturales, jur\u00eddicas y legales\u00a0\u00a0en la\u00a0estructura de las circunscripciones\u00a0llevaron a la erecci\u00f3n de la Provincia Santa Clara &#8211; Brasil, en 1968 y de la Provincia Mar\u00eda Auxiliadora &#8211; Colombia, en 1969.<\/p>\n<p>[\/et_pb_text][\/et_pb_column][\/et_pb_row][et_pb_row _builder_version=&#8221;4.10.4&#8243; _module_preset=&#8221;default&#8221; custom_padding=&#8221;0px|||||&#8221; global_colors_info=&#8221;{}&#8221;][et_pb_column type=&#8221;4_4&#8243; _builder_version=&#8221;4.10.4&#8243; _module_preset=&#8221;default&#8221; global_colors_info=&#8221;{}&#8221;][et_pb_text _builder_version=&#8221;4.13.1&#8243; _module_preset=&#8221;default&#8221; global_colors_info=&#8221;{}&#8221;]<\/p>\n<p style=\"text-align: justify;\">En los a\u00f1os siguientes, la Congregaci\u00f3n se vio urgida a la actualizaci\u00f3n y revitalizaci\u00f3n. Esto se deb\u00eda a la propuesta del Concilio Vaticano II, \u00a0como tambi\u00e9n de la realizaci\u00f3n de las Conferencias de Medell\u00edn, Puebla y Santo Domingo, que \u00a0repercutieron en la Am\u00e9rica Latina. As\u00ed ocurri\u00f3 una nueva redacci\u00f3n de las Constituciones. A partir de entonces, fueron elaborados otros documentos importantes, como Esp\u00edrito y Misi\u00f3n de la Congregaci\u00f3n, Documento General de Formaci\u00f3n, y Pedagog\u00eda Misionera. Posteriormente se realizaron encuentros congregacionales para mayor integraci\u00f3n de las hermanas y como espacio de reflexi\u00f3n sobre la vida y el apostolado.<\/p>\n<p>[\/et_pb_text][\/et_pb_column][\/et_pb_row][et_pb_row _builder_version=&#8221;4.10.4&#8243; _module_preset=&#8221;default&#8221; custom_padding=&#8221;0px|||||&#8221; global_colors_info=&#8221;{}&#8221;][et_pb_column type=&#8221;4_4&#8243; _builder_version=&#8221;4.10.4&#8243; _module_preset=&#8221;default&#8221; global_colors_info=&#8221;{}&#8221;][et_pb_text _builder_version=&#8221;4.13.1&#8243; _module_preset=&#8221;default&#8221; global_colors_info=&#8221;{}&#8221;]<\/p>\n<p style=\"text-align: justify;\">En estos a\u00f1os, la Congregaci\u00f3n continu\u00f3 \u00a0expandi\u00e9ndose. Ampli\u00f3 la presencia en Brasil, en Colombia y en Europa (Austria, Suiza, Alimania, Italia, Liechtenstein). En 1972 retorn\u00f3 al Ecuador. En 1978 ocurri\u00f3 la primera fundaci\u00f3n en Venezuela. En 1993 se realiz\u00f3 la primera fundaci\u00f3n en Per\u00fa. En 1993, tambi\u00e9n alcanzo tierras africanas y, en 1994, se dio inicio a la misi\u00f3n en Kalan\u00e1 &#8211; Mali. En 1997, se dio inicio a la misi\u00f3n en Bolivia. Se siguieron fundaciones en Chad &#8211; \u00c1frica y en Cuba.<\/p>\n<p>[\/et_pb_text][\/et_pb_column][\/et_pb_row][et_pb_row _builder_version=&#8221;4.10.4&#8243; _module_preset=&#8221;default&#8221; custom_padding=&#8221;0px|||||&#8221; global_colors_info=&#8221;{}&#8221;][et_pb_column type=&#8221;4_4&#8243; _builder_version=&#8221;4.10.4&#8243; _module_preset=&#8221;default&#8221; global_colors_info=&#8221;{}&#8221;][et_pb_text _builder_version=&#8221;4.13.1&#8243; _module_preset=&#8221;default&#8221; global_colors_info=&#8221;{}&#8221;]<\/p>\n<p style=\"text-align: justify;\">En 2010, fue creada la Provincia Madre Bernarda en Ecuador. En secuencia, la Congregaci\u00f3n hizo presencia en Chile, en Panam\u00e1 y regres\u00f3 a Espa\u00f1a.<\/p>\n<p>[\/et_pb_text][\/et_pb_column][\/et_pb_row][et_pb_row _builder_version=&#8221;4.10.4&#8243; _module_preset=&#8221;default&#8221; custom_padding=&#8221;0px|||||&#8221; global_colors_info=&#8221;{}&#8221;][et_pb_column type=&#8221;4_4&#8243; _builder_version=&#8221;4.10.4&#8243; _module_preset=&#8221;default&#8221; global_colors_info=&#8221;{}&#8221;][et_pb_text _builder_version=&#8221;4.13.1&#8243; _module_preset=&#8221;default&#8221; global_colors_info=&#8221;{}&#8221;]<\/p>\n<p style=\"text-align: justify;\">A partir del 2016, atentas a las se\u00f1ales de los tiempos, a los nuevos paradigmas hist\u00f3ricos, en fidelidad a las fuentes del carisma y el llamamiento de la Iglesia, la Congregaci\u00f3n ha dado un paso m\u00e1s en la revisi\u00f3n de su vida y \u00a0misi\u00f3n. Buscamos un modelo organizacional que nos ayude a vivir nuestra vocaci\u00f3n de consagradas y expresar las Obras de Misericordia en el contexto de hoy.<\/p>\n<p>[\/et_pb_text][\/et_pb_column][\/et_pb_row][et_pb_row _builder_version=&#8221;4.10.4&#8243; _module_preset=&#8221;default&#8221; custom_padding=&#8221;0px|||||&#8221; global_colors_info=&#8221;{}&#8221;][et_pb_column type=&#8221;4_4&#8243; _builder_version=&#8221;4.10.4&#8243; _module_preset=&#8221;default&#8221; global_colors_info=&#8221;{}&#8221;][et_pb_text _builder_version=&#8221;4.14.8&#8243; _module_preset=&#8221;default&#8221; hover_enabled=&#8221;0&#8243; global_colors_info=&#8221;{}&#8221; sticky_enabled=&#8221;0&#8243;]<\/p>\n<p style=\"text-align: justify;\">Del 9 al 20 de diciembre de 2018 se celebr\u00f3 el Cap\u00edtulo General Extraordinario, que defini\u00f3 la reorganizaci\u00f3n de la Congregaci\u00f3n en tres regiones misioneras. Este modelo de organizaci\u00f3n fue ratificado e implementado en el XIX Cap\u00edtulo General Ordinario de la Congregaci\u00f3n, realizado en septiembre de 2021 en Cartagena, Colombia, extingui\u00e9ndose el modelo de organizaci\u00f3n por provincias que hab\u00eda estado vigente hasta entonces.<\/p>\n<p>[\/et_pb_text][\/et_pb_column][\/et_pb_row][\/et_pb_section]<\/p>\n","protected":false},"excerpt":{"rendered":"<p>TrayectoriaAtentas a las se\u00f1ales de los tiempos, las Hermanas Franciscanas Misioneras de Mar\u00eda Auxiliadora se organizan para atender a la misi\u00f3n confiada por la Iglesia. La salida del Convento de Altst\u00e4tten rumo a Chone en el Ecuador, indic\u00f3 el nacimiento de una comunidad independiente para Madre Bernarda y sus seis compa\u00f1eras. A partir de Cartagena, [&hellip;]<\/p>\n","protected":false},"author":1,"featured_media":0,"parent":0,"menu_order":0,"comment_status":"closed","ping_status":"closed","template":"","meta":{"_et_pb_use_builder":"on","_et_pb_old_content":"","_et_gb_content_width":"","footnotes":""},"class_list":["post-193","page","type-page","status-publish","hentry"],"_links":{"self":[{"href":"https:\/\/franciscanas.org\/portal\/lamerica\/wp-json\/wp\/v2\/pages\/193","targetHints":{"allow":["GET"]}}],"collection":[{"href":"https:\/\/franciscanas.org\/portal\/lamerica\/wp-json\/wp\/v2\/pages"}],"about":[{"href":"https:\/\/franciscanas.org\/portal\/lamerica\/wp-json\/wp\/v2\/types\/page"}],"author":[{"embeddable":true,"href":"https:\/\/franciscanas.org\/portal\/lamerica\/wp-json\/wp\/v2\/users\/1"}],"replies":[{"embeddable":true,"href":"https:\/\/franciscanas.org\/portal\/lamerica\/wp-json\/wp\/v2\/comments?post=193"}],"version-history":[{"count":4,"href":"https:\/\/franciscanas.org\/portal\/lamerica\/wp-json\/wp\/v2\/pages\/193\/revisions"}],"predecessor-version":[{"id":923,"href":"https:\/\/franciscanas.org\/portal\/lamerica\/wp-json\/wp\/v2\/pages\/193\/revisions\/923"}],"wp:attachment":[{"href":"https:\/\/franciscanas.org\/portal\/lamerica\/wp-json\/wp\/v2\/media?parent=193"}],"curies":[{"name":"wp","href":"https:\/\/api.w.org\/{rel}","templated":true}]}}