{"id":186,"date":"2021-08-25T09:06:29","date_gmt":"2021-08-25T14:06:29","guid":{"rendered":"https:\/\/franciscanas.org\/portal\/lamerica\/?page_id=186"},"modified":"2021-11-22T12:22:47","modified_gmt":"2021-11-22T17:22:47","slug":"fundadora","status":"publish","type":"page","link":"https:\/\/franciscanas.org\/portal\/lamerica\/fundadora\/","title":{"rendered":"Fundadora"},"content":{"rendered":"<p>[et_pb_section fb_built=&#8221;1&#8243; _builder_version=&#8221;4.10.4&#8243; _module_preset=&#8221;default&#8221; global_colors_info=&#8221;{}&#8221;][et_pb_row _builder_version=&#8221;4.10.4&#8243; _module_preset=&#8221;default&#8221; custom_padding=&#8221;3px|||||&#8221; global_colors_info=&#8221;{}&#8221;][et_pb_column type=&#8221;4_4&#8243; _builder_version=&#8221;4.10.4&#8243; _module_preset=&#8221;default&#8221; global_colors_info=&#8221;{}&#8221;][et_pb_text _builder_version=&#8221;4.10.6&#8243; _module_preset=&#8221;default&#8221; global_colors_info=&#8221;{}&#8221;]<\/p>\n<h1>Fundadora<\/h1>\n<p>[\/et_pb_text][\/et_pb_column][\/et_pb_row][et_pb_row column_structure=&#8221;3_5,2_5&#8243; _builder_version=&#8221;4.10.4&#8243; _module_preset=&#8221;default&#8221; custom_padding=&#8221;3px|||||&#8221; global_colors_info=&#8221;{}&#8221;][et_pb_column type=&#8221;3_5&#8243; _builder_version=&#8221;4.10.4&#8243; _module_preset=&#8221;default&#8221; global_colors_info=&#8221;{}&#8221;][et_pb_text _builder_version=&#8221;4.13.1&#8243; _module_preset=&#8221;default&#8221; global_colors_info=&#8221;{}&#8221;]<\/p>\n<p style=\"text-align: justify;\">La Congregaci\u00f3n de las Hermanas Franciscanas Misioneras de Mar\u00eda Auxiliadora fue fundada d\u00eda\u00a019 de junio de 1888, en Chone, en el Ecuador, por Santa Mar\u00eda Bernarda B\u00fctler. Madre Bernarda nasci\u00f3 en Auw, Canton de Argau, en Suiza, en 28 de mayo de 1848. A los diecinueve a\u00f1os, ingres\u00f3 en el Convento de las Hermanas Capuchinas de Mar\u00eda Hilff (Mar\u00eda Auxiliadora), en Altst\u00e4tten. Se consagro a Dios por los Votos Religiosos, el d\u00eda 04 de octubre de 1869. Se destac\u00f3 por la simplicidad de vida, alegr\u00eda, humildad, profunda espiritualidad, personalidad firme y esperanza inquebrantable. Contribuy\u00f3 con la renovaci\u00f3n del convento. Ejerci\u00f3 en \u00e9l los servicios de ec\u00f3noma, maestra de novicias y superiora. En la vida contemplativa, alcanz\u00f3 la gracia de la uni\u00f3n m\u00edstica con Dios viviendo el carisma franciscano.<\/p>\n<p style=\"text-align: justify;\">Despu\u00e9s de conocer la realidad de las misiones latino-americanas, sinti\u00f3 el llamado para hacerse misionera en el Ecuador. Con ese objetivo, el d\u00eda <strong>19 de mayo de 1888<\/strong>, obteniendo el permiso de la Santa Sede, Madre Bernarda parti\u00f3 junto con seis hermanas dispuestas a abrazar ese servicio: Hermana Mar\u00eda C\u00e1ritas Brader, Hermana Mar\u00eda Isabel Huber, Hermana Mar\u00eda Laurentia Suter, Hermana Mar\u00eda Dom\u00ednica Spirig, Hermana Mar\u00eda Othmara Haltmeier, Novicia Mar\u00eda Micaela Rhomberg.<\/p>\n<p>[\/et_pb_text][\/et_pb_column][et_pb_column type=&#8221;2_5&#8243; _builder_version=&#8221;4.10.4&#8243; _module_preset=&#8221;default&#8221; global_colors_info=&#8221;{}&#8221;][et_pb_image src=&#8221;https:\/\/franciscanas.org\/portal\/brasil\/wp-content\/uploads\/sites\/5\/2021\/09\/madre-1.png&#8221; _builder_version=&#8221;4.13.1&#8243; _module_preset=&#8221;default&#8221; use_background_color_gradient=&#8221;on&#8221; background_color_gradient_start=&#8221;rgba(0,0,0,0)&#8221; background_color_gradient_end=&#8221;#708607&#8243; custom_margin=&#8221;||6px|||&#8221; hover_enabled=&#8221;0&#8243; border_width_all=&#8221;3px&#8221; border_color_all=&#8221;#000000&#8243; global_colors_info=&#8221;{}&#8221; sticky_enabled=&#8221;0&#8243;][\/et_pb_image][et_pb_text _builder_version=&#8221;4.13.1&#8243; _module_preset=&#8221;default&#8221; global_colors_info=&#8221;{}&#8221;]<\/p>\n<p style=\"text-align: center;\"><em>Santa Mar\u00eda Bernarda<\/em><\/p>\n<p>[\/et_pb_text][\/et_pb_column][\/et_pb_row][et_pb_row _builder_version=&#8221;4.10.4&#8243; _module_preset=&#8221;default&#8221; custom_padding=&#8221;3px|||||&#8221; global_colors_info=&#8221;{}&#8221;][et_pb_column type=&#8221;4_4&#8243; _builder_version=&#8221;4.10.4&#8243; _module_preset=&#8221;default&#8221; global_colors_info=&#8221;{}&#8221;][et_pb_text _builder_version=&#8221;4.13.1&#8243; _module_preset=&#8221;default&#8221; global_colors_info=&#8221;{}&#8221;]<\/p>\n<p style=\"text-align: justify;\">El\u00a0Obispo Monse\u00f1or Pedro Schumacher les indic\u00f3 el pueblo de <strong>Chone<\/strong>\u00a0como primer campo de misi\u00f3n. All\u00ed, encuentran una realidad de falta de fe, personas sin instrucci\u00f3n, sufridas por la pobreza material y espiritual,\u00a0maltratadas\u00a0por la persecuci\u00f3n religiosa, resentidas por las inundaciones del rio Chone e intemperies del tiempo. Las hermanas se dedicaron al cuidado de los enfermos, a la catequesis, a la educaci\u00f3n. Rezaban con el pueblo, dando testimonio de vida cristiana y ejerc\u00edan las Obras de Misericordia.<\/p>\n<p>[\/et_pb_text][\/et_pb_column][\/et_pb_row][et_pb_row _builder_version=&#8221;4.10.4&#8243; _module_preset=&#8221;default&#8221; custom_padding=&#8221;3px|||||&#8221; global_colors_info=&#8221;{}&#8221;][et_pb_column type=&#8221;4_4&#8243; _builder_version=&#8221;4.10.4&#8243; _module_preset=&#8221;default&#8221; global_colors_info=&#8221;{}&#8221;][et_pb_text _builder_version=&#8221;4.13.1&#8243; _module_preset=&#8221;default&#8221; global_colors_info=&#8221;{}&#8221;]<\/p>\n<p style=\"text-align: justify;\">La distancia y las dificultades de comunicaci\u00f3n llevan a la separaci\u00f3n entre ellas y el Convento de Mar\u00eda Hilf. As\u00ed surge la nueva Congregaci\u00f3n: <strong>Hermanas Franciscanas Misioneras de Mar\u00eda Auxiliadora.<\/strong><\/p>\n<p>[\/et_pb_text][\/et_pb_column][\/et_pb_row][et_pb_row column_structure=&#8221;1_3,2_3&#8243; _builder_version=&#8221;4.10.4&#8243; _module_preset=&#8221;default&#8221; custom_padding=&#8221;3px|||||&#8221; global_colors_info=&#8221;{}&#8221;][et_pb_column type=&#8221;1_3&#8243; _builder_version=&#8221;4.10.4&#8243; _module_preset=&#8221;default&#8221; global_colors_info=&#8221;{}&#8221;][et_pb_image src=&#8221;https:\/\/franciscanas.org\/portal\/brasil\/wp-content\/uploads\/sites\/5\/2021\/11\/Ecuador.jpg&#8221; _builder_version=&#8221;4.13.1&#8243; _module_preset=&#8221;default&#8221; global_colors_info=&#8221;{}&#8221;][\/et_pb_image][\/et_pb_column][et_pb_column type=&#8221;2_3&#8243; _builder_version=&#8221;4.10.4&#8243; _module_preset=&#8221;default&#8221; global_colors_info=&#8221;{}&#8221;][et_pb_text _builder_version=&#8221;4.13.1&#8243; _module_preset=&#8221;default&#8221; global_colors_info=&#8221;{}&#8221;]<\/p>\n<p style=\"text-align: justify;\">En 1895, sete a\u00f1os despu\u00e9s de la fundaci\u00f3n de la peque\u00f1a Congregaci\u00f3n, las hermanas se ven obligadas a dejar el pa\u00eds &#8211; \u00a0Ecuador &#8211; debido a una revoluci\u00f3n civil marcada por la persecuci\u00f3n religiosa, comandada por el general Eloy Alfaro. Embarcan, sin rumo, en un nav\u00edo con direcci\u00f3n a Panam\u00e1. Ellas pidieron ayuda al Obispo Monse\u00f1or Eugenio Biffi, que las acoge en la Di\u00f3cesis de Cartagena, en Colombia.<strong>\u00a0<\/strong><\/p>\n<p>[\/et_pb_text][\/et_pb_column][\/et_pb_row][et_pb_row _builder_version=&#8221;4.10.4&#8243; _module_preset=&#8221;default&#8221; custom_padding=&#8221;3px|||||&#8221; global_colors_info=&#8221;{}&#8221;][et_pb_column type=&#8221;4_4&#8243; _builder_version=&#8221;4.10.4&#8243; _module_preset=&#8221;default&#8221; global_colors_info=&#8221;{}&#8221;][et_pb_text _builder_version=&#8221;4.13.1&#8243; _module_preset=&#8221;default&#8221; global_colors_info=&#8221;{}&#8221;]<\/p>\n<p style=\"text-align: justify;\">Desde \u00a0Colombia, a partir de entonces se abri\u00f3 un vasto campo de misi\u00f3n. La Congregaci\u00f3n creci\u00f3 como \u00e1rbol frondosa. Extendi\u00f3 sus ramas a otros lugares y pa\u00edses, dedicando mayor atenci\u00f3n para las personas en realidad de pobreza.<strong>\u00a0<\/strong><\/p>\n<p>[\/et_pb_text][\/et_pb_column][\/et_pb_row][et_pb_row _builder_version=&#8221;4.10.4&#8243; _module_preset=&#8221;default&#8221; custom_padding=&#8221;3px|||||&#8221; global_colors_info=&#8221;{}&#8221;][et_pb_column type=&#8221;4_4&#8243; _builder_version=&#8221;4.10.4&#8243; _module_preset=&#8221;default&#8221; global_colors_info=&#8221;{}&#8221;][et_pb_text _builder_version=&#8221;4.13.1&#8243; _module_preset=&#8221;default&#8221; global_colors_info=&#8221;{}&#8221;]<\/p>\n<p style=\"text-align: justify;\">En 1920, Madre Bernarda dej\u00f3 el cargo de Superiora General que fue asumido por la Hermana Francisca Holenstein. Madre Bernarda se dedica entonces, a \u00a0sus escritos y a la oraci\u00f3n. Tras cuatro a\u00f1os, padeciendo\u00a0enteritis aguda, falleci\u00f3 \u00a0el d\u00eda 19 de mayo de 1924. Su muerte fue anunciada en la catedral de Cartagena: \u201c<em><i>Esta ma\u00f1ana muri\u00f3 en la ciudad una santa, la reverenda Madre Mar\u00eda Bernarda<\/i><\/em>\u201d. A\u00f1os despu\u00e9s se inici\u00f3 el proceso can\u00f3nico para el reconocimiento de algunos milagros a ella atribuidos. Fue beatificada el 29 de octubre de 1995, por San Juan Pablo II y canonizada por el Papa Benedicto XVI \u00a0el d\u00eda 12 de octubre de 2008.<\/p>\n<p>[\/et_pb_text][\/et_pb_column][\/et_pb_row][\/et_pb_section]<\/p>\n","protected":false},"excerpt":{"rendered":"<p>FundadoraLa Congregaci\u00f3n de las Hermanas Franciscanas Misioneras de Mar\u00eda Auxiliadora fue fundada d\u00eda\u00a019 de junio de 1888, en Chone, en el Ecuador, por Santa Mar\u00eda Bernarda B\u00fctler. Madre Bernarda nasci\u00f3 en Auw, Canton de Argau, en Suiza, en 28 de mayo de 1848. A los diecinueve a\u00f1os, ingres\u00f3 en el Convento de las Hermanas Capuchinas [&hellip;]<\/p>\n","protected":false},"author":1,"featured_media":0,"parent":0,"menu_order":0,"comment_status":"closed","ping_status":"closed","template":"","meta":{"_et_pb_use_builder":"on","_et_pb_old_content":"","_et_gb_content_width":"","footnotes":""},"class_list":["post-186","page","type-page","status-publish","hentry"],"_links":{"self":[{"href":"https:\/\/franciscanas.org\/portal\/lamerica\/wp-json\/wp\/v2\/pages\/186","targetHints":{"allow":["GET"]}}],"collection":[{"href":"https:\/\/franciscanas.org\/portal\/lamerica\/wp-json\/wp\/v2\/pages"}],"about":[{"href":"https:\/\/franciscanas.org\/portal\/lamerica\/wp-json\/wp\/v2\/types\/page"}],"author":[{"embeddable":true,"href":"https:\/\/franciscanas.org\/portal\/lamerica\/wp-json\/wp\/v2\/users\/1"}],"replies":[{"embeddable":true,"href":"https:\/\/franciscanas.org\/portal\/lamerica\/wp-json\/wp\/v2\/comments?post=186"}],"version-history":[{"count":19,"href":"https:\/\/franciscanas.org\/portal\/lamerica\/wp-json\/wp\/v2\/pages\/186\/revisions"}],"predecessor-version":[{"id":700,"href":"https:\/\/franciscanas.org\/portal\/lamerica\/wp-json\/wp\/v2\/pages\/186\/revisions\/700"}],"wp:attachment":[{"href":"https:\/\/franciscanas.org\/portal\/lamerica\/wp-json\/wp\/v2\/media?parent=186"}],"curies":[{"name":"wp","href":"https:\/\/api.w.org\/{rel}","templated":true}]}}