{"id":1262,"date":"2022-08-07T14:27:31","date_gmt":"2022-08-07T19:27:31","guid":{"rendered":"https:\/\/franciscanas.org\/portal\/lamerica\/?page_id=1262"},"modified":"2025-08-30T08:01:49","modified_gmt":"2025-08-30T13:01:49","slug":"como-leer-las-cartas-de-madre-bernarda","status":"publish","type":"page","link":"https:\/\/franciscanas.org\/portal\/lamerica\/como-leer-las-cartas-de-madre-bernarda\/","title":{"rendered":"\u00bfComo leer las cartas de Madre Bernarda?"},"content":{"rendered":"<p>[et_pb_section fb_built=&#8221;1&#8243; _builder_version=&#8221;4.17.4&#8243; _module_preset=&#8221;default&#8221; custom_padding=&#8221;30px|||||&#8221; global_colors_info=&#8221;{}&#8221;][et_pb_row _builder_version=&#8221;4.17.4&#8243; _module_preset=&#8221;default&#8221; custom_padding=&#8221;||3px|||&#8221; global_colors_info=&#8221;{}&#8221;][et_pb_column type=&#8221;4_4&#8243; _builder_version=&#8221;4.17.4&#8243; _module_preset=&#8221;default&#8221; global_colors_info=&#8221;{}&#8221;][et_pb_text _builder_version=&#8221;4.17.4&#8243; _module_preset=&#8221;default&#8221; global_colors_info=&#8221;{}&#8221;]<\/p>\n<h1>\u00bfComo leer las cartas de Madre Bernarda?<\/h1>\n<p>[\/et_pb_text][\/et_pb_column][\/et_pb_row][et_pb_row _builder_version=&#8221;4.17.4&#8243; _module_preset=&#8221;default&#8221; custom_padding=&#8221;8px|||||&#8221; global_colors_info=&#8221;{}&#8221;][et_pb_column type=&#8221;4_4&#8243; _builder_version=&#8221;4.17.4&#8243; _module_preset=&#8221;default&#8221; global_colors_info=&#8221;{}&#8221;][et_pb_text _builder_version=&#8221;4.17.4&#8243; _module_preset=&#8221;default&#8221; custom_margin=&#8221;||0px|||&#8221; global_colors_info=&#8221;{}&#8221;]<\/p>\n<p><strong>GUI\u00d3N SUGERENCIA PARA LECTURA ORANTE<\/strong><\/p>\n<p>[\/et_pb_text][\/et_pb_column][\/et_pb_row][et_pb_row _builder_version=&#8221;4.17.4&#8243; _module_preset=&#8221;default&#8221; custom_padding=&#8221;8px||2px|||&#8221; global_colors_info=&#8221;{}&#8221;][et_pb_column type=&#8221;4_4&#8243; _builder_version=&#8221;4.17.4&#8243; _module_preset=&#8221;default&#8221; global_colors_info=&#8221;{}&#8221;][et_pb_text _builder_version=&#8221;4.27.4&#8243; _module_preset=&#8221;default&#8221; custom_margin=&#8221;||0px|||&#8221; hover_enabled=&#8221;0&#8243; global_colors_info=&#8221;{}&#8221; sticky_enabled=&#8221;0&#8243;]<\/p>\n<p><strong>1) Ponte en actitud de oraci\u00f3n y escucha<\/strong><br \/>&#8211; Elija un momento adecuado y tranquilo para la meditaci\u00f3n;<br \/>&#8211; Busca una posici\u00f3n corporal que te ayude a concentrarte;<br \/>&#8211; Toma conciencia de ti mismo y de lo que vas a reflexionar y orar;<br \/>&#8211; Hacer silencio interior y activar el deseo de conocer y profundizar esta carta.<\/p>\n<p>[\/et_pb_text][\/et_pb_column][\/et_pb_row][et_pb_row _builder_version=&#8221;4.17.4&#8243; _module_preset=&#8221;default&#8221; custom_padding=&#8221;8px||2px|||&#8221; global_colors_info=&#8221;{}&#8221;][et_pb_column type=&#8221;4_4&#8243; _builder_version=&#8221;4.17.4&#8243; _module_preset=&#8221;default&#8221; global_colors_info=&#8221;{}&#8221;][et_pb_text _builder_version=&#8221;4.27.4&#8243; _module_preset=&#8221;default&#8221; custom_margin=&#8221;||0px|||&#8221; hover_enabled=&#8221;0&#8243; global_colors_info=&#8221;{}&#8221; sticky_enabled=&#8221;0&#8243;]<\/p>\n<p><strong>2) Leer la carta seleccionada<\/strong><br \/>&#8211; Lea atentamente, lentamente, la carta propuesta;<br \/>&#8211; Si es posible, lea el texto en voz alta;<br \/>&#8211; Repasa esta carta con tus ojos y con tu mente, palabra por palabra y visual\u00edzala durante mucho tiempo.<br \/>&#8211; Intenta situar esta carta en el contexto hist\u00f3rico en el que fue escrita a trav\u00e9s de expresiones propias y peculiares. A partir de este contexto, trate de comprender tales expresiones y su significado.<\/p>\n<p>[\/et_pb_text][\/et_pb_column][\/et_pb_row][et_pb_row _builder_version=&#8221;4.17.4&#8243; _module_preset=&#8221;default&#8221; custom_padding=&#8221;8px||6px|||&#8221; global_colors_info=&#8221;{}&#8221;][et_pb_column type=&#8221;4_4&#8243; _builder_version=&#8221;4.17.4&#8243; _module_preset=&#8221;default&#8221; global_colors_info=&#8221;{}&#8221;][et_pb_text _builder_version=&#8221;4.27.4&#8243; _module_preset=&#8221;default&#8221; custom_margin=&#8221;||0px|||&#8221; custom_padding=&#8221;||0px|||&#8221; hover_enabled=&#8221;0&#8243; global_colors_info=&#8221;{}&#8221; sticky_enabled=&#8221;0&#8243;]<\/p>\n<p><strong>3) Meditar en la Carta<\/strong><br \/>&#8211; Trata de comprender lo que hoy te dice Santa Mar\u00eda Bernarda, cu\u00e1l es su significado en este momento de la vida;<br \/>&#8211; Identificar el n\u00facleo esencial de la carta y las ense\u00f1anzas que ofrece Santa Mar\u00eda Bernarda;<br \/>&#8211; S\u00e9 consciente de que este texto es para ti en este momento de tu vida, fraternidad y misi\u00f3n; analiza tu forma de vivir;<br \/>&#8211; Reconoce cu\u00e1les son los valores que t\u00fa y tu fraternidad os anim\u00e1is a fortalecer o las debilidades y sombras a superar&#8230;<\/p>\n<p>[\/et_pb_text][\/et_pb_column][\/et_pb_row][et_pb_row _builder_version=&#8221;4.17.4&#8243; _module_preset=&#8221;default&#8221; custom_padding=&#8221;8px||2px|||&#8221; global_colors_info=&#8221;{}&#8221;][et_pb_column type=&#8221;4_4&#8243; _builder_version=&#8221;4.17.4&#8243; _module_preset=&#8221;default&#8221; global_colors_info=&#8221;{}&#8221;][et_pb_text _builder_version=&#8221;4.27.4&#8243; _module_preset=&#8221;default&#8221; custom_margin=&#8221;||0px|||&#8221; custom_padding=&#8221;||0px|||&#8221; hover_enabled=&#8221;0&#8243; global_colors_info=&#8221;{}&#8221; sticky_enabled=&#8221;0&#8243;]<\/p>\n<p><strong>4) Orar con el texto le\u00eddo y meditado<\/strong><br \/>&#8211; Despu\u00e9s de escuchar y reflexionar atentamente, ahora es el momento de dar tu respuesta, de decir tu oraci\u00f3n; trata de comprender lo que esta carta te lleva a decir a Dios;<br \/>&#8211; Deja que el Esp\u00edritu de Dios dirija tu oraci\u00f3n, tu respuesta;<br \/>&#8211; No te preocupes por el razonamiento y las oraciones bien articuladas. Expresa lo que brota de tu coraz\u00f3n fiel en esta hora;<br \/>&#8211; Recordar y expresar un pasaje del Evangelio sobre el(los) tema(s) que la carta ya menciona o sugiere. Siempre es importante relacionar el contenido teol\u00f3gico\/espiritual de las cartas con la Palabra de Dios.<\/p>\n<p>[\/et_pb_text][\/et_pb_column][\/et_pb_row][et_pb_row _builder_version=&#8221;4.17.4&#8243; _module_preset=&#8221;default&#8221; custom_padding=&#8221;1px|||||&#8221; global_colors_info=&#8221;{}&#8221;][et_pb_column type=&#8221;4_4&#8243; _builder_version=&#8221;4.17.4&#8243; _module_preset=&#8221;default&#8221; global_colors_info=&#8221;{}&#8221;][et_pb_text _builder_version=&#8221;4.27.4&#8243; _module_preset=&#8221;default&#8221; custom_margin=&#8221;7px|||||&#8221; hover_enabled=&#8221;0&#8243; global_colors_info=&#8221;{}&#8221; sticky_enabled=&#8221;0&#8243;]<\/p>\n<p><strong>5)\u00a0Contemplar la vida a la luz de estas ense\u00f1anzas<\/strong><br \/>&#8211; Tratad de contemplar la realidad donde viv\u00eds y la misi\u00f3n que desempe\u00f1\u00e1is y reconoced la importancia, para hoy, de lo que propone Mar\u00eda Bernarda;<br \/>&#8211; Date cuenta de lo que necesitas cambiar o hacer a partir de esta meditaci\u00f3n y haz un compromiso personal de conversi\u00f3n y cambio;<br \/>&#8211; Busca formas de poner en pr\u00e1ctica lo que el Esp\u00edritu te ha mostrado;<br \/>&#8211; Mira tambi\u00e9n c\u00f3mo puedes ayudar a tu fraternidad y a las personas con las que trabajas, a vivir los valores humanos\/espirituales que presenta la carta;<br \/>&#8211; Agradece a Dios por este tiempo de formaci\u00f3n y oraci\u00f3n que tuviste.<\/p>\n<p>[\/et_pb_text][\/et_pb_column][\/et_pb_row][\/et_pb_section]<\/p>\n","protected":false},"excerpt":{"rendered":"<p>\u00bfComo leer las cartas de Madre Bernarda?GUI\u00d3N SUGERENCIA PARA LECTURA ORANTE1) Ponte en actitud de oraci\u00f3n y escucha- Elija un momento adecuado y tranquilo para la meditaci\u00f3n;- Busca una posici\u00f3n corporal que te ayude a concentrarte;- Toma conciencia de ti mismo y de lo que vas a reflexionar y orar;- Hacer silencio interior y activar [&hellip;]<\/p>\n","protected":false},"author":1,"featured_media":0,"parent":0,"menu_order":0,"comment_status":"closed","ping_status":"closed","template":"","meta":{"_et_pb_use_builder":"on","_et_pb_old_content":"","_et_gb_content_width":"","footnotes":""},"class_list":["post-1262","page","type-page","status-publish","hentry"],"_links":{"self":[{"href":"https:\/\/franciscanas.org\/portal\/lamerica\/wp-json\/wp\/v2\/pages\/1262","targetHints":{"allow":["GET"]}}],"collection":[{"href":"https:\/\/franciscanas.org\/portal\/lamerica\/wp-json\/wp\/v2\/pages"}],"about":[{"href":"https:\/\/franciscanas.org\/portal\/lamerica\/wp-json\/wp\/v2\/types\/page"}],"author":[{"embeddable":true,"href":"https:\/\/franciscanas.org\/portal\/lamerica\/wp-json\/wp\/v2\/users\/1"}],"replies":[{"embeddable":true,"href":"https:\/\/franciscanas.org\/portal\/lamerica\/wp-json\/wp\/v2\/comments?post=1262"}],"version-history":[{"count":5,"href":"https:\/\/franciscanas.org\/portal\/lamerica\/wp-json\/wp\/v2\/pages\/1262\/revisions"}],"predecessor-version":[{"id":6023,"href":"https:\/\/franciscanas.org\/portal\/lamerica\/wp-json\/wp\/v2\/pages\/1262\/revisions\/6023"}],"wp:attachment":[{"href":"https:\/\/franciscanas.org\/portal\/lamerica\/wp-json\/wp\/v2\/media?parent=1262"}],"curies":[{"name":"wp","href":"https:\/\/api.w.org\/{rel}","templated":true}]}}