{"id":831,"date":"2021-09-03T13:27:15","date_gmt":"2021-09-03T16:27:15","guid":{"rendered":"https:\/\/franciscanas.org\/portal\/brasil\/?page_id=831"},"modified":"2026-03-20T15:56:47","modified_gmt":"2026-03-20T18:56:47","slug":"escritos-espirituais","status":"publish","type":"page","link":"https:\/\/franciscanas.org\/portal\/brasil\/escritos-espirituais\/","title":{"rendered":"Escritos espirituais"},"content":{"rendered":"<p>[et_pb_section fb_built=&#8221;1&#8243; _builder_version=&#8221;4.17.4&#8243; _module_preset=&#8221;default&#8221; custom_padding=&#8221;||2px|||&#8221; global_colors_info=&#8221;{}&#8221;][et_pb_row _builder_version=&#8221;4.16&#8243; _module_preset=&#8221;default&#8221; custom_padding=&#8221;5px|||||&#8221; global_colors_info=&#8221;{}&#8221;][et_pb_column type=&#8221;4_4&#8243; _builder_version=&#8221;4.16&#8243; _module_preset=&#8221;default&#8221; global_colors_info=&#8221;{}&#8221;][et_pb_text _builder_version=&#8221;4.16&#8243; _module_preset=&#8221;default&#8221; global_colors_info=&#8221;{}&#8221;]<\/p>\n<h1>Escritos de Santa Maria Bernarda<\/h1>\n<p>[\/et_pb_text][\/et_pb_column][\/et_pb_row][et_pb_row column_structure=&#8221;3_5,2_5&#8243; _builder_version=&#8221;4.16&#8243; _module_preset=&#8221;default&#8221; custom_padding=&#8221;2px|||||&#8221; global_colors_info=&#8221;{}&#8221;][et_pb_column type=&#8221;3_5&#8243; _builder_version=&#8221;4.16&#8243; _module_preset=&#8221;default&#8221; global_colors_info=&#8221;{}&#8221;][et_pb_text _builder_version=&#8221;4.16&#8243; _module_preset=&#8221;default&#8221; global_colors_info=&#8221;{}&#8221;]<\/p>\n<p>Maria Bernarda era dotada de temperamento vivaz e comunicativo. Na escola fundamental, sentia prazer em escrever reda\u00e7\u00f5es, descrever a beleza das flores, dos prados multicores, o misterioso segredo da natureza e falar com as pessoas. <\/p>\n<p>[\/et_pb_text][et_pb_text _builder_version=&#8221;4.16&#8243; _module_preset=&#8221;default&#8221; global_colors_info=&#8221;{}&#8221;]<\/p>\n<p>Ao fundar a Congrega\u00e7\u00e3o das Irm\u00e3s Franciscanas Mission\u00e1rias de Maria Auxiliadora, Madre Bernarda cultivou esta mesma caracter\u00edstica e for\u00e7a comunicativa. Dava a todos a confian\u00e7a de poder contar com uma pessoa atenta \u00e0s inspira\u00e7\u00f5es de Deus, fiel \u00e0 Igreja e aberta \u00e0 realidade.<\/p>\n<p>[\/et_pb_text][\/et_pb_column][et_pb_column type=&#8221;2_5&#8243; _builder_version=&#8221;4.16&#8243; _module_preset=&#8221;default&#8221; global_colors_info=&#8221;{}&#8221;][et_pb_image src=&#8221;https:\/\/franciscanas.org\/portal\/brasil\/wp-content\/uploads\/sites\/5\/2022\/06\/pluma.jpg&#8221; title_text=&#8221;pluma&#8221; url=&#8221;https:\/\/franciscanas.org\/portal\/brasil\/pt_br\/como-ler-as-cartas-de-mb\/&#8221; align=&#8221;center&#8221; _builder_version=&#8221;4.17.4&#8243; _module_preset=&#8221;default&#8221; custom_margin=&#8221;||-2px|||&#8221; global_colors_info=&#8221;{}&#8221;][\/et_pb_image][et_pb_text _builder_version=&#8221;4.17.4&#8243; _module_preset=&#8221;default&#8221; text_text_color=&#8221;#7f3e0f&#8221; background_color=&#8221;#d6d6d6&#8243; custom_margin=&#8221;1px||||false|false&#8221; custom_padding=&#8221;16px||24px||false|false&#8221; link_option_url=&#8221;https:\/\/franciscanas.org\/portal\/brasil\/pt_br\/como-ler-as-cartas-de-mb\/&#8221; locked=&#8221;off&#8221; global_colors_info=&#8221;{}&#8221;]<\/p>\n<p style=\"text-align: center;\">Como ler as cartas de MB?<\/p>\n<p>[\/et_pb_text][\/et_pb_column][\/et_pb_row][et_pb_row _builder_version=&#8221;4.17.4&#8243; _module_preset=&#8221;default&#8221; custom_padding=&#8221;3px|||||&#8221; global_colors_info=&#8221;{}&#8221;][et_pb_column type=&#8221;4_4&#8243; _builder_version=&#8221;4.17.4&#8243; _module_preset=&#8221;default&#8221; global_colors_info=&#8221;{}&#8221;][et_pb_text _builder_version=&#8221;4.16&#8243; _module_preset=&#8221;default&#8221; global_colors_info=&#8221;{}&#8221;]<\/p>\n<p>Como religiosa, no mosteiro de Maria Hilf, Su\u00ed\u00e7a, mantinha um di\u00e1logo fraterno, aberto, claro e confiante com as irm\u00e3s. Buscava conselho e tamb\u00e9m aconselhava. Mantinha grande comunica\u00e7\u00e3o com o Bispo, e com as autoridades da Igreja e da localidade.\u00a0<\/p>\n<p>[\/et_pb_text][\/et_pb_column][\/et_pb_row][et_pb_row column_structure=&#8221;2_5,3_5&#8243; _builder_version=&#8221;4.16&#8243; _module_preset=&#8221;default&#8221; custom_padding=&#8221;6px|||||&#8221; global_colors_info=&#8221;{}&#8221;][et_pb_column type=&#8221;2_5&#8243; _builder_version=&#8221;4.16&#8243; _module_preset=&#8221;default&#8221; global_colors_info=&#8221;{}&#8221;][et_pb_image src=&#8221;https:\/\/franciscanas.org\/portal\/brasil\/wp-content\/uploads\/sites\/5\/2022\/06\/escritoraMBbrilho.jpg&#8221; title_text=&#8221;escritoraMBbrilho&#8221; _builder_version=&#8221;4.17.4&#8243; _module_preset=&#8221;default&#8221; custom_padding=&#8221;65px|||||&#8221; global_colors_info=&#8221;{}&#8221;][\/et_pb_image][\/et_pb_column][et_pb_column type=&#8221;3_5&#8243; _builder_version=&#8221;4.16&#8243; _module_preset=&#8221;default&#8221; global_colors_info=&#8221;{}&#8221;][et_pb_text _builder_version=&#8221;4.16&#8243; _module_preset=&#8221;default&#8221; global_colors_info=&#8221;{}&#8221;]<\/p>\n<p>Maria Bernarda foi uma grande comunicadora e m\u00edstica. \u00c9 necess\u00e1rio destacar a valiosa heran\u00e7a que nos deixou nos seus escritos. Temos hoje: treze volumes com 2159 cartas, que ela dirigiu a irm\u00e3s individualmente, para alguma fraternidade ou \u00e0 Congrega\u00e7\u00e3o. H\u00e1 ainda quatro volumes com 401 temas de conte\u00fado doutrinal e 37 di\u00e1rios de fin\u00edssimo sabor m\u00edstico e espiritual.<\/p>\n<p>[\/et_pb_text][et_pb_text _builder_version=&#8221;4.16&#8243; _module_preset=&#8221;default&#8221; global_colors_info=&#8221;{}&#8221;]<\/p>\n<p>Isto \u00e9 realmente impressionante, sem ignorar que, possivelmente, muitos outros escritos se perderam pelo caminho por circunst\u00e2ncias diversas, como o tempo, as dist\u00e2ncias, a precariedade dos meios de comunica\u00e7\u00e3o e de transporte&#8230;<\/p>\n<p>[\/et_pb_text][et_pb_text _builder_version=&#8221;4.16&#8243; _module_preset=&#8221;default&#8221; global_colors_info=&#8221;{}&#8221;]<\/p>\n<p>Nesta fonte, registrou sua viv\u00eancia e as ideias que a animaram na viv\u00eancia da f\u00e9 e na miss\u00e3o. S\u00e3o express\u00e3o de uma espiritualidade profunda. Atrav\u00e9s dos escritos, ela exerceu a miss\u00e3o de l\u00edder e de Fundadora, conduziu com responsabilidade e seguran\u00e7a sua Congrega\u00e7\u00e3o e formou as irm\u00e3s na confian\u00e7a em Deus, na fidelidade ao Esp\u00edrito, \u00e0 Igreja, ao Evangelho, atentas \u00e0 realidade mission\u00e1ria. <\/p>\n<p>[\/et_pb_text][\/et_pb_column][\/et_pb_row][et_pb_row _builder_version=&#8221;4.16&#8243; _module_preset=&#8221;default&#8221; custom_padding=&#8221;6px|||||&#8221; global_colors_info=&#8221;{}&#8221;][et_pb_column type=&#8221;4_4&#8243; _builder_version=&#8221;4.16&#8243; _module_preset=&#8221;default&#8221; global_colors_info=&#8221;{}&#8221;][et_pb_text _builder_version=&#8221;4.16&#8243; _module_preset=&#8221;default&#8221; global_colors_info=&#8221;{}&#8221;]<\/p>\n<p>O conte\u00fado dos seus escritos d\u00e1 \u00eanfase a agradecimento, exorta\u00e7\u00e3o, motiva\u00e7\u00e3o, animando e consolando nas dificuldades, orientando ao autoconhecimento, a fidelidade \u00e0 voca\u00e7\u00e3o e no cumprimento fiel da miss\u00e3o. Maria Bernarda mantinha, tamb\u00e9m, a comunica\u00e7\u00e3o com Jesus, a Palavra encarnada do Pai, colocando-se em di\u00e1logo com Ele, em profundos encontros m\u00edsticos, registrados nos seus di\u00e1rios.<\/p>\n<p>[\/et_pb_text][\/et_pb_column][\/et_pb_row][et_pb_row _builder_version=&#8221;4.16&#8243; _module_preset=&#8221;default&#8221; custom_padding=&#8221;6px|||||&#8221; global_colors_info=&#8221;{}&#8221;][et_pb_column type=&#8221;4_4&#8243; _builder_version=&#8221;4.16&#8243; _module_preset=&#8221;default&#8221; global_colors_info=&#8221;{}&#8221;][et_pb_text _builder_version=&#8221;4.16&#8243; _module_preset=&#8221;default&#8221; global_colors_info=&#8221;{}&#8221;]<\/p>\n<p>Era grande o valor da pena e do tinteiro. Em suas m\u00e3os, tornaram-se meio de instru\u00e7\u00e3o e forma\u00e7\u00e3o. Considerava a correspond\u00eancia como um s\u00e9rio e sagrado dever de of\u00edcio. Viajou muito pouco, por\u00e9m, escrevia inumer\u00e1veis cartas e bilhetes para as irm\u00e3s.<\/p>\n<p>[\/et_pb_text][\/et_pb_column][\/et_pb_row][et_pb_row _builder_version=&#8221;4.16&#8243; _module_preset=&#8221;default&#8221; custom_padding=&#8221;6px|||||&#8221; global_colors_info=&#8221;{}&#8221;][et_pb_column type=&#8221;4_4&#8243; _builder_version=&#8221;4.16&#8243; _module_preset=&#8221;default&#8221; global_colors_info=&#8221;{}&#8221;][et_pb_text _builder_version=&#8221;4.16&#8243; _module_preset=&#8221;default&#8221; global_colors_info=&#8221;{}&#8221;]<\/p>\n<p>As irm\u00e3s asseguraram que as cartas da superiora correspondiam sempre ao estado de seu ser. Ela respondia perguntas e resolvia d\u00favidas n\u00e3o expressas, mas que habitava a mente e o cora\u00e7\u00e3o de cada uma. Cada carta despertava satisfa\u00e7\u00e3o e alegria. Por isso, eram guardadas para serem retomadas como especial carinho de Deus.<\/p>\n<p>[\/et_pb_text][\/et_pb_column][\/et_pb_row][et_pb_row _builder_version=&#8221;4.16&#8243; _module_preset=&#8221;default&#8221; custom_padding=&#8221;6px|||||&#8221; global_colors_info=&#8221;{}&#8221;][et_pb_column type=&#8221;4_4&#8243; _builder_version=&#8221;4.16&#8243; _module_preset=&#8221;default&#8221; global_colors_info=&#8221;{}&#8221;][et_pb_text _builder_version=&#8221;4.16&#8243; _module_preset=&#8221;default&#8221; global_colors_info=&#8221;{}&#8221;]<\/p>\n<p>Madre Bernarda tamb\u00e9m insistia, de modo claro, no modo de usar a palavra: \u201cFazei de vossa l\u00edngua, de vossas palavras, instrumento do bem, de alegre e sadia anima\u00e7\u00e3o \u00e0s pessoas, ajustada \u00e0s circunst\u00e2ncias do momento\u201d.<\/p>\n<p>[\/et_pb_text][\/et_pb_column][\/et_pb_row][et_pb_row _builder_version=&#8221;4.16&#8243; _module_preset=&#8221;default&#8221; custom_padding=&#8221;6px|||||&#8221; global_colors_info=&#8221;{}&#8221;][et_pb_column type=&#8221;4_4&#8243; _builder_version=&#8221;4.16&#8243; _module_preset=&#8221;default&#8221; global_colors_info=&#8221;{}&#8221;][et_pb_text _builder_version=&#8221;4.16&#8243; _module_preset=&#8221;default&#8221; global_colors_info=&#8221;{}&#8221;]<\/p>\n<p>Certamente, quanto a falta de comunica\u00e7\u00e3o golpeou Madre Bernarda quando, durante a Primeira Guerra Mundial, j\u00e1 n\u00e3o podia enviar cartas \u00e1s irm\u00e3s na miss\u00e3o distante da Col\u00f4mbia, \u00e0 que estavam na Europa e no Brasil.<\/p>\n<p>[\/et_pb_text][\/et_pb_column][\/et_pb_row][et_pb_row _builder_version=&#8221;4.16&#8243; _module_preset=&#8221;default&#8221; custom_padding=&#8221;6px|||||&#8221; global_colors_info=&#8221;{}&#8221;][et_pb_column type=&#8221;4_4&#8243; _builder_version=&#8221;4.16&#8243; _module_preset=&#8221;default&#8221; global_colors_info=&#8221;{}&#8221;][et_pb_text _builder_version=&#8221;4.16&#8243; _module_preset=&#8221;default&#8221; global_colors_info=&#8221;{}&#8221;]<\/p>\n<p>No processo de canoniza\u00e7\u00e3o, a Igreja analisou seus escritos. Reconheceu que s\u00e3o de grande contribui\u00e7\u00e3o \u00e0 forma\u00e7\u00e3o da vida crist\u00e3, \u00e0 difus\u00e3o do Evangelho e no an\u00fancio do Reino de Deus. Os te\u00f3logos ficaram admirados com a riqueza de seus pensamentos e a coer\u00eancia dos seus ensinamentos. N\u00e3o h\u00e1 virtude e nem meio de salva\u00e7\u00e3o que sejam esquecidos. Ela menciona e recomenda serem perseguidos com insist\u00eancia, em especial a humildade, a caridade, a miseric\u00f3rdia, a fraternidade, a intimidade com Deus e a aten\u00e7\u00e3o aos mais necessitados. Os ideais aspirados brilharam no seu testemunho de vida e na palavra.<\/p>\n<p>[\/et_pb_text][\/et_pb_column][\/et_pb_row][et_pb_row _builder_version=&#8221;4.16&#8243; _module_preset=&#8221;default&#8221; custom_padding=&#8221;6px|||||&#8221; global_colors_info=&#8221;{}&#8221;][et_pb_column type=&#8221;4_4&#8243; _builder_version=&#8221;4.16&#8243; _module_preset=&#8221;default&#8221; global_colors_info=&#8221;{}&#8221;][et_pb_text _builder_version=&#8221;4.16&#8243; _module_preset=&#8221;default&#8221; global_colors_info=&#8221;{}&#8221;]<\/p>\n<p>Que Maria Bernarda nos conceda um pouco de sua capacidade de comunica\u00e7\u00e3o e profundidade espiritual. Tudo isso ela fez com a pena e o tinteiro. O que n\u00e3o faria com os meios dispon\u00edveis atualmente?<\/p>\n<p>[\/et_pb_text][\/et_pb_column][\/et_pb_row][\/et_pb_section][et_pb_section fb_built=&#8221;1&#8243; _builder_version=&#8221;4.17.4&#8243; _module_preset=&#8221;default&#8221; custom_padding=&#8221;28px|||||&#8221; global_colors_info=&#8221;{}&#8221;][et_pb_row _builder_version=&#8221;4.17.4&#8243; _module_preset=&#8221;default&#8221; custom_padding=&#8221;6px||3px|||&#8221; global_colors_info=&#8221;{}&#8221;][et_pb_column type=&#8221;4_4&#8243; _builder_version=&#8221;4.17.4&#8243; _module_preset=&#8221;default&#8221; global_colors_info=&#8221;{}&#8221;][et_pb_text _builder_version=&#8221;4.17.4&#8243; _module_preset=&#8221;default&#8221; custom_margin=&#8221;||20px|||&#8221; global_colors_info=&#8221;{}&#8221;]<\/p>\n<h2>Lista das Cartas<\/h2>\n<p>[\/et_pb_text][\/et_pb_column][\/et_pb_row][et_pb_row column_structure=&#8221;1_2,1_2&#8243; _builder_version=&#8221;4.17.4&#8243; _module_preset=&#8221;default&#8221; custom_padding=&#8221;6px||3px|||&#8221; global_colors_info=&#8221;{}&#8221;][et_pb_column type=&#8221;1_2&#8243; _builder_version=&#8221;4.17.4&#8243; _module_preset=&#8221;default&#8221; global_colors_info=&#8221;{}&#8221;][et_pb_image src=&#8221;https:\/\/franciscanas.org\/portal\/brasil\/wp-content\/uploads\/sites\/5\/2021\/07\/cartas.png&#8221; title_text=&#8221;cartas&#8221; url=&#8221;https:\/\/franciscanas.org\/portal\/brasil\/cartas-de-espiritualidade\/&#8221; _builder_version=&#8221;4.27.5&#8243; _module_preset=&#8221;default&#8221; custom_margin=&#8221;||-2px|||&#8221; global_colors_info=&#8221;{}&#8221;][\/et_pb_image][et_pb_text _builder_version=&#8221;4.27.5&#8243; _module_preset=&#8221;default&#8221; custom_margin=&#8221;||-1px|||&#8221; custom_padding=&#8221;11px||1px|||&#8221; link_option_url=&#8221;https:\/\/franciscanas.org\/portal\/brasil\/cartas-de-espiritualidade\/&#8221; global_colors_info=&#8221;{}&#8221;]<\/p>\n<p style=\"text-align: center;\"><strong>Cartas de Espiritualidade<\/strong><\/p>\n<p>[\/et_pb_text][\/et_pb_column][et_pb_column type=&#8221;1_2&#8243; _builder_version=&#8221;4.27.5&#8243; _module_preset=&#8221;default&#8221; global_colors_info=&#8221;{}&#8221;][et_pb_image src=&#8221;https:\/\/franciscanas.org\/portal\/brasil\/wp-content\/uploads\/sites\/5\/2026\/03\/cartas_AM.jpg&#8221; title_text=&#8221;cartas_AM&#8221; url=&#8221;https:\/\/franciscanas.org\/portal\/brasil\/cartas-amor-e-misericordia\/&#8221; _builder_version=&#8221;4.27.5&#8243; _module_preset=&#8221;default&#8221; custom_margin=&#8221;||-4px|||&#8221; global_colors_info=&#8221;{}&#8221;][\/et_pb_image][et_pb_text _builder_version=&#8221;4.27.5&#8243; _module_preset=&#8221;default&#8221; custom_margin=&#8221;||-1px|||&#8221; custom_padding=&#8221;11px||1px|||&#8221; link_option_url=&#8221;https:\/\/franciscanas.org\/portal\/brasil\/cartas-amor-e-misericordia\/&#8221; global_colors_info=&#8221;{}&#8221;]<\/p>\n<p style=\"text-align: center;\"><strong>Cartas Amor e Misericordia<\/strong><\/p>\n<p>[\/et_pb_text][\/et_pb_column][\/et_pb_row][\/et_pb_section]<\/p>\n","protected":false},"excerpt":{"rendered":"<p>Maria Bernarda foi uma grande comunicadora e m\u00edstica. \u00c9 necess\u00e1rio destacar a valiosa heran\u00e7a que nos deixou nos seus escritos. <\/p>\n","protected":false},"author":1,"featured_media":0,"parent":0,"menu_order":0,"comment_status":"closed","ping_status":"closed","template":"","meta":{"_et_pb_use_builder":"on","_et_pb_old_content":"","_et_gb_content_width":"","footnotes":""},"class_list":["post-831","page","type-page","status-publish","hentry"],"_links":{"self":[{"href":"https:\/\/franciscanas.org\/portal\/brasil\/wp-json\/wp\/v2\/pages\/831","targetHints":{"allow":["GET"]}}],"collection":[{"href":"https:\/\/franciscanas.org\/portal\/brasil\/wp-json\/wp\/v2\/pages"}],"about":[{"href":"https:\/\/franciscanas.org\/portal\/brasil\/wp-json\/wp\/v2\/types\/page"}],"author":[{"embeddable":true,"href":"https:\/\/franciscanas.org\/portal\/brasil\/wp-json\/wp\/v2\/users\/1"}],"replies":[{"embeddable":true,"href":"https:\/\/franciscanas.org\/portal\/brasil\/wp-json\/wp\/v2\/comments?post=831"}],"version-history":[{"count":34,"href":"https:\/\/franciscanas.org\/portal\/brasil\/wp-json\/wp\/v2\/pages\/831\/revisions"}],"predecessor-version":[{"id":6729,"href":"https:\/\/franciscanas.org\/portal\/brasil\/wp-json\/wp\/v2\/pages\/831\/revisions\/6729"}],"wp:attachment":[{"href":"https:\/\/franciscanas.org\/portal\/brasil\/wp-json\/wp\/v2\/media?parent=831"}],"curies":[{"name":"wp","href":"https:\/\/api.w.org\/{rel}","templated":true}]}}