{"id":790,"date":"2021-09-03T10:19:05","date_gmt":"2021-09-03T13:19:05","guid":{"rendered":"https:\/\/franciscanas.org\/portal\/brasil\/?page_id=790"},"modified":"2023-03-09T13:55:25","modified_gmt":"2023-03-09T16:55:25","slug":"onde-estamos","status":"publish","type":"page","link":"https:\/\/franciscanas.org\/portal\/brasil\/onde-estamos\/","title":{"rendered":"Onde estamos"},"content":{"rendered":"<p>[et_pb_section fb_built=&#8221;1&#8243; _builder_version=&#8221;4.16&#8243; _module_preset=&#8221;default&#8221; global_colors_info=&#8221;{}&#8221;][et_pb_row _builder_version=&#8221;4.16&#8243; _module_preset=&#8221;default&#8221; custom_padding=&#8221;6px|||||&#8221; global_colors_info=&#8221;{}&#8221;][et_pb_column type=&#8221;4_4&#8243; _builder_version=&#8221;4.16&#8243; _module_preset=&#8221;default&#8221; global_colors_info=&#8221;{}&#8221;][et_pb_text _builder_version=&#8221;4.16&#8243; _module_preset=&#8221;default&#8221; global_colors_info=&#8221;{}&#8221;]<\/p>\n<h1>Onde estamos<\/h1>\n<p>[\/et_pb_text][\/et_pb_column][\/et_pb_row][et_pb_row _builder_version=&#8221;4.16&#8243; _module_preset=&#8221;default&#8221; custom_padding=&#8221;0px|||||&#8221; global_colors_info=&#8221;{}&#8221;][et_pb_column type=&#8221;4_4&#8243; _builder_version=&#8221;4.16&#8243; _module_preset=&#8221;default&#8221; global_colors_info=&#8221;{}&#8221;][et_pb_text _builder_version=&#8221;4.16&#8243; _module_preset=&#8221;default&#8221; global_colors_info=&#8221;{}&#8221;]<\/p>\n<p>Conforme as Constitui\u00e7\u00f5es da Congrega\u00e7\u00e3o estamos \u201c<em><i>atentas \u00e0 inspira\u00e7\u00e3o do Esp\u00edrito Santo, fazendo nossas as preocupa\u00e7\u00f5es da Igreja, dispostas a estender nossa a\u00e7\u00e3o apost\u00f3lica a todas as partes do mundo, adaptando-nos \u00e0s circunst\u00e2ncias, as necessidades dos tempos e lugares buscando a constru\u00e7\u00e3o do Reino de Deus<\/i><\/em>\u201d.<\/p>\n<p>[\/et_pb_text][\/et_pb_column][\/et_pb_row][et_pb_row _builder_version=&#8221;4.16&#8243; _module_preset=&#8221;default&#8221; custom_padding=&#8221;2px|||||&#8221; global_colors_info=&#8221;{}&#8221;][et_pb_column type=&#8221;4_4&#8243; _builder_version=&#8221;4.16&#8243; _module_preset=&#8221;default&#8221; global_colors_info=&#8221;{}&#8221;][et_pb_text _builder_version=&#8221;4.16&#8243; _module_preset=&#8221;default&#8221; global_colors_info=&#8221;{}&#8221;]<\/p>\n<p>Nossa a\u00e7\u00e3o mission\u00e1ria alcan\u00e7a, hoje, tr\u00eas continentes:<\/p>\n<p>&#8211; \u00c1frica &#8211; nos pa\u00edses do Chad e Mali.<\/p>\n<p>&#8211; Am\u00e9rica &#8211; onde est\u00e1 o ber\u00e7o congregacional, nos pa\u00edses da Bol\u00edvia, Brasil, Col\u00f4mbia, Cuba, Equador e Per\u00fa.<\/p>\n<p>&#8211; Europa: na \u00c1ustria, Espanha e Su\u00ed\u00e7a.<\/p>\n<p>[\/et_pb_text][\/et_pb_column][\/et_pb_row][et_pb_row _builder_version=&#8221;4.16&#8243; _module_preset=&#8221;default&#8221; custom_padding=&#8221;2px|||||&#8221; global_colors_info=&#8221;{}&#8221;][et_pb_column type=&#8221;4_4&#8243; _builder_version=&#8221;4.16&#8243; _module_preset=&#8221;default&#8221; global_colors_info=&#8221;{}&#8221;][et_pb_image src=&#8221;https:\/\/franciscanas.org\/portal\/brasil\/wp-content\/uploads\/sites\/5\/2023\/03\/mapa2.png&#8221; align=&#8221;center&#8221; _builder_version=&#8221;4.19.5&#8243; _module_preset=&#8221;default&#8221; custom_padding=&#8221;27px|||||&#8221; hover_enabled=&#8221;0&#8243; global_colors_info=&#8221;{}&#8221; title_text=&#8221;mapa2&#8243; sticky_enabled=&#8221;0&#8243;][\/et_pb_image][\/et_pb_column][\/et_pb_row][\/et_pb_section]<\/p>\n","protected":false},"excerpt":{"rendered":"<p>Onde estamosConforme as Constitui\u00e7\u00f5es da Congrega\u00e7\u00e3o estamos \u201catentas \u00e0 inspira\u00e7\u00e3o do Esp\u00edrito Santo, fazendo nossas as preocupa\u00e7\u00f5es da Igreja, dispostas a estender nossa a\u00e7\u00e3o apost\u00f3lica a todas as partes do mundo, adaptando-nos \u00e0s circunst\u00e2ncias, as necessidades dos tempos e lugares buscando a constru\u00e7\u00e3o do Reino de Deus\u201d.Nossa a\u00e7\u00e3o mission\u00e1ria alcan\u00e7a, hoje, tr\u00eas continentes: &#8211; \u00c1frica [&hellip;]<\/p>\n","protected":false},"author":1,"featured_media":0,"parent":0,"menu_order":0,"comment_status":"closed","ping_status":"closed","template":"","meta":{"_et_pb_use_builder":"on","_et_pb_old_content":"","_et_gb_content_width":"","footnotes":""},"class_list":["post-790","page","type-page","status-publish","hentry"],"_links":{"self":[{"href":"https:\/\/franciscanas.org\/portal\/brasil\/wp-json\/wp\/v2\/pages\/790","targetHints":{"allow":["GET"]}}],"collection":[{"href":"https:\/\/franciscanas.org\/portal\/brasil\/wp-json\/wp\/v2\/pages"}],"about":[{"href":"https:\/\/franciscanas.org\/portal\/brasil\/wp-json\/wp\/v2\/types\/page"}],"author":[{"embeddable":true,"href":"https:\/\/franciscanas.org\/portal\/brasil\/wp-json\/wp\/v2\/users\/1"}],"replies":[{"embeddable":true,"href":"https:\/\/franciscanas.org\/portal\/brasil\/wp-json\/wp\/v2\/comments?post=790"}],"version-history":[{"count":6,"href":"https:\/\/franciscanas.org\/portal\/brasil\/wp-json\/wp\/v2\/pages\/790\/revisions"}],"predecessor-version":[{"id":2281,"href":"https:\/\/franciscanas.org\/portal\/brasil\/wp-json\/wp\/v2\/pages\/790\/revisions\/2281"}],"wp:attachment":[{"href":"https:\/\/franciscanas.org\/portal\/brasil\/wp-json\/wp\/v2\/media?parent=790"}],"curies":[{"name":"wp","href":"https:\/\/api.w.org\/{rel}","templated":true}]}}