{"id":692,"date":"2021-08-30T16:07:11","date_gmt":"2021-08-30T19:07:11","guid":{"rendered":"https:\/\/franciscanas.org\/portal\/brasil\/?page_id=692"},"modified":"2021-09-18T17:14:07","modified_gmt":"2021-09-18T20:14:07","slug":"mbernarda","status":"publish","type":"page","link":"https:\/\/franciscanas.org\/portal\/brasil\/mbernarda\/","title":{"rendered":"Santa Maria Bernarda"},"content":{"rendered":"<p>[et_pb_section fb_built=&#8221;1&#8243; _builder_version=&#8221;4.10.5&#8243; _module_preset=&#8221;default&#8221; global_colors_info=&#8221;{}&#8221;][et_pb_row _builder_version=&#8221;4.10.5&#8243; _module_preset=&#8221;default&#8221; custom_padding=&#8221;5px|||||&#8221; global_colors_info=&#8221;{}&#8221;][et_pb_column type=&#8221;4_4&#8243; _builder_version=&#8221;4.10.5&#8243; _module_preset=&#8221;default&#8221; global_colors_info=&#8221;{}&#8221;][et_pb_text _builder_version=&#8221;4.10.5&#8243; _module_preset=&#8221;default&#8221; global_colors_info=&#8221;{}&#8221;]<\/p>\n<h1>Santa Maria Bernarda<\/h1>\n<p>[\/et_pb_text][\/et_pb_column][\/et_pb_row][et_pb_row _builder_version=&#8221;4.10.5&#8243; _module_preset=&#8221;default&#8221; custom_padding=&#8221;5px|||||&#8221; global_colors_info=&#8221;{}&#8221; column_structure=&#8221;3_5,2_5&#8243;][et_pb_column type=&#8221;3_5&#8243; _builder_version=&#8221;4.10.5&#8243; _module_preset=&#8221;default&#8221; global_colors_info=&#8221;{}&#8221;][et_pb_text _builder_version=&#8221;4.10.5&#8243; _module_preset=&#8221;default&#8221; global_colors_info=&#8221;{}&#8221;]<\/p>\n<p>Santa Maria Bernarda \u00e9 a Fundadora da Congrega\u00e7\u00e3o. Sempre viva no Jardim de Deus, ela nos inspira a assumir o \u00eaxodo mission\u00e1rio e a ser Igreja em sa\u00edda, atrav\u00e9s da pr\u00e1tica das obras de miseric\u00f3rdia.<\/p>\n<p>[\/et_pb_text][et_pb_text _builder_version=&#8221;4.10.5&#8243; _module_preset=&#8221;default&#8221; global_colors_info=&#8221;{}&#8221;]<\/p>\n<p>De batismo leva o nome de Verena. Ingressou no convento das Capuchinas de Mar\u00eda Hilf aos 19 anos. Quando vestiu o h\u00e1bito religioso aos 21 anos, recebeu o nome de Maria Bernarda do Sagrado Cora\u00e7\u00e3o de Maria. Como jovem religiosa, ela cultivou ideais de renova\u00e7\u00e3o para a vida de sua comunidade.<\/p>\n<p>[\/et_pb_text][et_pb_text _builder_version=&#8221;4.10.5&#8243; _module_preset=&#8221;default&#8221; global_colors_info=&#8221;{}&#8221;]<\/p>\n<p>Em Mar\u00eda Hilf, Maria Bernarda exerceu as fun\u00e7\u00f5es de economia, mestra das novi\u00e7as, chegando posteriormente a ser eleita como Superiora. Assim, ela trabalhou pela renova\u00e7\u00e3o espiritual da comunidade com base no Evangelho e na regra de vida franciscana. A comunidade despertou na alegria e no compromisso radical da vida consagrada atraindo muitas voca\u00e7\u00f5es que desejavam ingressar no convento.<\/p>\n<p>[\/et_pb_text][\/et_pb_column][et_pb_column type=&#8221;2_5&#8243; _builder_version=&#8221;4.10.5&#8243; _module_preset=&#8221;default&#8221; global_colors_info=&#8221;{}&#8221;][et_pb_image src=&#8221;https:\/\/franciscanas.org\/portal\/brasil\/wp-content\/uploads\/sites\/5\/2021\/09\/madre-1.png&#8221; _builder_version=&#8221;4.10.7&#8243; _module_preset=&#8221;default&#8221; title_text=&#8221;madre&#8221; align=&#8221;center&#8221; border_width_all=&#8221;3px&#8221; border_style_all=&#8221;inset&#8221; hover_enabled=&#8221;0&#8243; sticky_enabled=&#8221;0&#8243; border_color_all=&#8221;#331a09&#8243; use_background_color_gradient=&#8221;on&#8221; background_color_gradient_end=&#8221;rgba(0,0,0,0)&#8221; background_color_gradient_start=&#8221;#6c8200&#8243; background_color_gradient_direction=&#8221;4deg&#8221; global_module=&#8221;875&#8243; saved_tabs=&#8221;all&#8221;][\/et_pb_image][\/et_pb_column][\/et_pb_row][et_pb_row _builder_version=&#8221;4.10.5&#8243; _module_preset=&#8221;default&#8221; custom_padding=&#8221;5px|||||&#8221; global_colors_info=&#8221;{}&#8221;][et_pb_column type=&#8221;4_4&#8243; _builder_version=&#8221;4.10.5&#8243; _module_preset=&#8221;default&#8221; global_colors_info=&#8221;{}&#8221;][et_pb_text _builder_version=&#8221;4.10.5&#8243; _module_preset=&#8221;default&#8221; global_colors_info=&#8221;{}&#8221;]<\/p>\n<p>Mais tarde, conhecendo a realidade das miss\u00f5es na Am\u00e9rica Latina, Maria Bernarda com outras seis irm\u00e3s embarcaram em um \u00eaxodo mission\u00e1rio para o Equador. Foi o nascimento da Congrega\u00e7\u00e3o das Irm\u00e3s Franciscanas Mission\u00e1rias de Maria Auxiliadora. Migrando para a Col\u00f4mbia devido \u00e0s dificuldades do contexto pol\u00edtico-social do Equador, as irm\u00e3s se estabeleceram em Cartagena, de onde a comunidade se expandiu para outros pa\u00edses e continentes. Em Cartagena Madre Maria Bernarda passou os \u00faltimos anos de sua vida.<\/p>\n<p>[\/et_pb_text][\/et_pb_column][\/et_pb_row][et_pb_row _builder_version=&#8221;4.10.5&#8243; _module_preset=&#8221;default&#8221; custom_padding=&#8221;5px|||||&#8221; global_colors_info=&#8221;{}&#8221;][et_pb_column type=&#8221;4_4&#8243; _builder_version=&#8221;4.10.5&#8243; _module_preset=&#8221;default&#8221; global_colors_info=&#8221;{}&#8221;][et_pb_text _builder_version=&#8221;4.10.5&#8243; _module_preset=&#8221;default&#8221; global_colors_info=&#8221;{}&#8221;]<\/p>\n<p>Madre Maria Bernarda deixou uma rica heran\u00e7a espiritual. Seus escritos e cartas com diversidade de temas e conte\u00fados revelam sua profundidade m\u00edstica e o acompanhamento dedicado \u00e0s irm\u00e3s. No dia de sua eleva\u00e7\u00e3o aos altares dos santos, Maria Bernarda foi reconhecida pelo Papa Bento XVI como a Mision\u00e1ria da Miseric\u00f3rdia.<\/p>\n<p>[\/et_pb_text][\/et_pb_column][\/et_pb_row][\/et_pb_section]<\/p>\n","protected":false},"excerpt":{"rendered":"<p>Santa Maria BernardaSanta Maria Bernarda \u00e9 a Fundadora da Congrega\u00e7\u00e3o. Sempre viva no Jardim de Deus, ela nos inspira a assumir o \u00eaxodo mission\u00e1rio e a ser Igreja em sa\u00edda, atrav\u00e9s da pr\u00e1tica das obras de miseric\u00f3rdia.De batismo leva o nome de Verena. Ingressou no convento das Capuchinas de Mar\u00eda Hilf aos 19 anos. Quando [&hellip;]<\/p>\n","protected":false},"author":1,"featured_media":0,"parent":0,"menu_order":0,"comment_status":"closed","ping_status":"closed","template":"","meta":{"_et_pb_use_builder":"on","_et_pb_old_content":"","_et_gb_content_width":"","footnotes":""},"class_list":["post-692","page","type-page","status-publish","hentry"],"_links":{"self":[{"href":"https:\/\/franciscanas.org\/portal\/brasil\/wp-json\/wp\/v2\/pages\/692","targetHints":{"allow":["GET"]}}],"collection":[{"href":"https:\/\/franciscanas.org\/portal\/brasil\/wp-json\/wp\/v2\/pages"}],"about":[{"href":"https:\/\/franciscanas.org\/portal\/brasil\/wp-json\/wp\/v2\/types\/page"}],"author":[{"embeddable":true,"href":"https:\/\/franciscanas.org\/portal\/brasil\/wp-json\/wp\/v2\/users\/1"}],"replies":[{"embeddable":true,"href":"https:\/\/franciscanas.org\/portal\/brasil\/wp-json\/wp\/v2\/comments?post=692"}],"version-history":[{"count":6,"href":"https:\/\/franciscanas.org\/portal\/brasil\/wp-json\/wp\/v2\/pages\/692\/revisions"}],"predecessor-version":[{"id":880,"href":"https:\/\/franciscanas.org\/portal\/brasil\/wp-json\/wp\/v2\/pages\/692\/revisions\/880"}],"wp:attachment":[{"href":"https:\/\/franciscanas.org\/portal\/brasil\/wp-json\/wp\/v2\/media?parent=692"}],"curies":[{"name":"wp","href":"https:\/\/api.w.org\/{rel}","templated":true}]}}