{"id":6721,"date":"2026-03-20T15:31:33","date_gmt":"2026-03-20T18:31:33","guid":{"rendered":"https:\/\/franciscanas.org\/portal\/brasil\/?page_id=6721"},"modified":"2026-03-20T16:14:40","modified_gmt":"2026-03-20T19:14:40","slug":"cartas-amor-e-misericordia","status":"publish","type":"page","link":"https:\/\/franciscanas.org\/portal\/brasil\/cartas-amor-e-misericordia\/","title":{"rendered":"Cartas Amor e Miseric\u00f3rdia"},"content":{"rendered":"<p>[et_pb_section fb_built=&#8221;1&#8243; _builder_version=&#8221;4.27.5&#8243; _module_preset=&#8221;default&#8221; global_colors_info=&#8221;{}&#8221;][et_pb_row _builder_version=&#8221;4.27.5&#8243; _module_preset=&#8221;default&#8221; custom_padding=&#8221;5px|||||&#8221; global_colors_info=&#8221;{}&#8221;][et_pb_column type=&#8221;4_4&#8243; _builder_version=&#8221;4.27.5&#8243; _module_preset=&#8221;default&#8221; global_colors_info=&#8221;{}&#8221;][et_pb_text _builder_version=&#8221;4.27.5&#8243; _module_preset=&#8221;default&#8221; global_colors_info=&#8221;{}&#8221;]<\/p>\n<h2>Cartas Amor e Miseric\u00f3rdia<\/h2>\n<p>[\/et_pb_text][et_pb_text _builder_version=&#8221;4.27.5&#8243; _module_preset=&#8221;default&#8221; hover_enabled=&#8221;0&#8243; sticky_enabled=&#8221;0&#8243;]<\/p>\n<p>As cartas da colet\u00e2nea Amor e Miseric\u00f3rdia tratam de temas de capital import\u00e2ncia na constitui\u00e7\u00e3o de nossa espiritualidade: o Amor e a Miseric\u00f3rdia. Elas mostram como Santa Maria Bernarda mergulhou numa rela\u00e7\u00e3o \u00edntima com a Trindade Santa, o Deus Uno e Trino, a fonte de onde emerge o dom do carisma congregacional.<\/p>\n<p>[\/et_pb_text][\/et_pb_column][\/et_pb_row][et_pb_row _builder_version=&#8221;4.27.5&#8243; _module_preset=&#8221;default&#8221; custom_padding=&#8221;2px|||||&#8221; global_colors_info=&#8221;{}&#8221;][et_pb_column type=&#8221;4_4&#8243; _builder_version=&#8221;4.27.5&#8243; _module_preset=&#8221;default&#8221; global_colors_info=&#8221;{}&#8221;][et_pb_blog fullwidth=&#8221;off&#8221; include_categories=&#8221;83&#8243; show_author=&#8221;off&#8221; show_date=&#8221;off&#8221; show_categories=&#8221;off&#8221; show_excerpt=&#8221;off&#8221; show_pagination=&#8221;off&#8221; _builder_version=&#8221;4.27.5&#8243; _module_preset=&#8221;default&#8221; global_colors_info=&#8221;{}&#8221;][\/et_pb_blog][\/et_pb_column][\/et_pb_row][\/et_pb_section]<\/p>\n","protected":false},"excerpt":{"rendered":"<p>Cartas Amor e Miseric\u00f3rdiaAs cartas da colet\u00e2nea Amor e Miseric\u00f3rdia tratam de temas de capital import\u00e2ncia na constitui\u00e7\u00e3o de nossa espiritualidade: o Amor e a Miseric\u00f3rdia. Elas mostram como Santa Maria Bernarda mergulhou numa rela\u00e7\u00e3o \u00edntima com a Trindade Santa, o Deus Uno e Trino, a fonte de onde emerge o dom do carisma congregacional.<\/p>\n","protected":false},"author":1,"featured_media":0,"parent":0,"menu_order":0,"comment_status":"closed","ping_status":"closed","template":"","meta":{"_et_pb_use_builder":"on","_et_pb_old_content":"","_et_gb_content_width":"1200","footnotes":""},"class_list":["post-6721","page","type-page","status-publish","hentry"],"_links":{"self":[{"href":"https:\/\/franciscanas.org\/portal\/brasil\/wp-json\/wp\/v2\/pages\/6721","targetHints":{"allow":["GET"]}}],"collection":[{"href":"https:\/\/franciscanas.org\/portal\/brasil\/wp-json\/wp\/v2\/pages"}],"about":[{"href":"https:\/\/franciscanas.org\/portal\/brasil\/wp-json\/wp\/v2\/types\/page"}],"author":[{"embeddable":true,"href":"https:\/\/franciscanas.org\/portal\/brasil\/wp-json\/wp\/v2\/users\/1"}],"replies":[{"embeddable":true,"href":"https:\/\/franciscanas.org\/portal\/brasil\/wp-json\/wp\/v2\/comments?post=6721"}],"version-history":[{"count":5,"href":"https:\/\/franciscanas.org\/portal\/brasil\/wp-json\/wp\/v2\/pages\/6721\/revisions"}],"predecessor-version":[{"id":6731,"href":"https:\/\/franciscanas.org\/portal\/brasil\/wp-json\/wp\/v2\/pages\/6721\/revisions\/6731"}],"wp:attachment":[{"href":"https:\/\/franciscanas.org\/portal\/brasil\/wp-json\/wp\/v2\/media?parent=6721"}],"curies":[{"name":"wp","href":"https:\/\/api.w.org\/{rel}","templated":true}]}}