{"id":648,"date":"2021-08-23T17:41:30","date_gmt":"2021-08-23T20:41:30","guid":{"rendered":"https:\/\/franciscanas.org\/portal\/brasil\/?page_id=648"},"modified":"2021-08-23T17:41:39","modified_gmt":"2021-08-23T20:41:39","slug":"missao-de-almaber","status":"publish","type":"page","link":"https:\/\/franciscanas.org\/portal\/brasil\/missao-de-almaber\/","title":{"rendered":"Miss\u00e3o de ALMABER"},"content":{"rendered":"<p>[et_pb_section fb_built=&#8221;1&#8243; _builder_version=&#8221;4.10.3&#8243; _module_preset=&#8221;default&#8221;][et_pb_row _builder_version=&#8221;4.10.3&#8243; _module_preset=&#8221;default&#8221; custom_padding=&#8221;7px|||||&#8221;][et_pb_column _builder_version=&#8221;4.10.3&#8243; _module_preset=&#8221;default&#8221; type=&#8221;4_4&#8243;][et_pb_text _builder_version=&#8221;4.10.3&#8243; _module_preset=&#8221;default&#8221; hover_enabled=&#8221;0&#8243; sticky_enabled=&#8221;0&#8243;]<\/p>\n<h1>Miss\u00e3o de ALMABER<\/h1>\n<p>[\/et_pb_text][\/et_pb_column][\/et_pb_row][et_pb_row _builder_version=&#8221;4.10.3&#8243; _module_preset=&#8221;default&#8221; custom_padding=&#8221;0px|||||&#8221;][et_pb_column _builder_version=&#8221;4.10.3&#8243; _module_preset=&#8221;default&#8221; type=&#8221;4_4&#8243;][et_pb_text _builder_version=&#8221;4.10.3&#8243; _module_preset=&#8221;default&#8221; hover_enabled=&#8221;0&#8243; sticky_enabled=&#8221;0&#8243;]<\/p>\n<p style=\"text-align: justify;\">O carisma do(a) leigo(a) ALMABER \u00e9 VIVER O EVANGELHO. Isso consiste no cora\u00e7\u00e3o do projeto de Vida Franciscano. \u00c9 a fonte. Francisco desejava viver o Evangelho \u201csem glosa\u201d, isto \u00e9, sem explica\u00e7\u00f5es, \u00e0 risca. A Palavra de Deus n\u00e3o \u00e9 para ser explicada, mas vivida. A Palavra de Deus \u00e9 Jesus Cristo. Seu testemunho \u00e9 vida. Seu amor n\u00e3o \u00e9 uma intui\u00e7\u00e3o, mas algo concreto. Sendo Deus, inseriu-se na hist\u00f3ria humana pela encarna\u00e7\u00e3o. Viveu no meio de seu povo, experimentou ao extremo a condi\u00e7\u00e3o humana em todas as suas dimens\u00f5es. Viveu radicalmente o amor a ponto de enfrentar a morte na Cruz. Sendo plenamente humano foi inteiramente divino. Venceu o mal, a morte com o bem. E ressuscitou. Para Viver o Evangelho, \u00e9 fundamental na vida franciscana, olhar para Jesus Cristo e seguir os seus passos.<\/p>\n<p>[\/et_pb_text][\/et_pb_column][\/et_pb_row][et_pb_row _builder_version=&#8221;4.10.3&#8243; _module_preset=&#8221;default&#8221; custom_padding=&#8221;1px|||||&#8221;][et_pb_column _builder_version=&#8221;4.10.3&#8243; _module_preset=&#8221;default&#8221; type=&#8221;4_4&#8243;][et_pb_text _builder_version=&#8221;4.10.3&#8243; _module_preset=&#8221;default&#8221; hover_enabled=&#8221;0&#8243; sticky_enabled=&#8221;0&#8243;]<\/p>\n<p style=\"text-align: justify;\">Santa Maria Bernarda insistia muito de que o Evangelho n\u00e3o fosse apenas um livro para reverenciar e meditar. Ele deve ser o CAMINHO a ser percorrido, a vida concreta do crist\u00e3o. O Evangelho era sua ESTRELA POLAR, seu norte, seu guia. O amor evang\u00e9lico \u00e9 expresso na rela\u00e7\u00e3o com Deus, com os irm\u00e3os e irm\u00e3s e consigo mesma.<\/p>\n<p>[\/et_pb_text][\/et_pb_column][\/et_pb_row][et_pb_row _builder_version=&#8221;4.10.3&#8243; _module_preset=&#8221;default&#8221; custom_padding=&#8221;1px|||||&#8221;][et_pb_column _builder_version=&#8221;4.10.3&#8243; _module_preset=&#8221;default&#8221; type=&#8221;4_4&#8243;][et_pb_text _builder_version=&#8221;4.10.3&#8243; _module_preset=&#8221;default&#8221; hover_enabled=&#8221;0&#8243; sticky_enabled=&#8221;0&#8243;]<\/p>\n<p style=\"text-align: justify;\">Para os(as) franciscanos(as), os valores do Evangelho devem tornar-se viva, testemunho. Essa \u00e9 a primeira forma de evangelizar, de fazer pastoral. Depois poder\u00e3o vir as demais. Para ALMABER, isso acontece, antes de mais nada, o seio familiar, na fraternidade laical, no mundo do trabalho, no conv\u00edvio social. A\u00ed encarnam o Evangelho de forma criativa, atraente e contagiante.<\/p>\n<p>[\/et_pb_text][\/et_pb_column][\/et_pb_row][\/et_pb_section]<\/p>\n","protected":false},"excerpt":{"rendered":"<p>Miss\u00e3o de ALMABERO carisma do(a) leigo(a) ALMABER \u00e9 VIVER O EVANGELHO. Isso consiste no cora\u00e7\u00e3o do projeto de Vida Franciscano. \u00c9 a fonte. Francisco desejava viver o Evangelho \u201csem glosa\u201d, isto \u00e9, sem explica\u00e7\u00f5es, \u00e0 risca. A Palavra de Deus n\u00e3o \u00e9 para ser explicada, mas vivida. A Palavra de Deus \u00e9 Jesus Cristo. Seu [&hellip;]<\/p>\n","protected":false},"author":1,"featured_media":0,"parent":0,"menu_order":0,"comment_status":"closed","ping_status":"closed","template":"","meta":{"_et_pb_use_builder":"on","_et_pb_old_content":"","_et_gb_content_width":"","footnotes":""},"class_list":["post-648","page","type-page","status-publish","hentry"],"_links":{"self":[{"href":"https:\/\/franciscanas.org\/portal\/brasil\/wp-json\/wp\/v2\/pages\/648","targetHints":{"allow":["GET"]}}],"collection":[{"href":"https:\/\/franciscanas.org\/portal\/brasil\/wp-json\/wp\/v2\/pages"}],"about":[{"href":"https:\/\/franciscanas.org\/portal\/brasil\/wp-json\/wp\/v2\/types\/page"}],"author":[{"embeddable":true,"href":"https:\/\/franciscanas.org\/portal\/brasil\/wp-json\/wp\/v2\/users\/1"}],"replies":[{"embeddable":true,"href":"https:\/\/franciscanas.org\/portal\/brasil\/wp-json\/wp\/v2\/comments?post=648"}],"version-history":[{"count":3,"href":"https:\/\/franciscanas.org\/portal\/brasil\/wp-json\/wp\/v2\/pages\/648\/revisions"}],"predecessor-version":[{"id":652,"href":"https:\/\/franciscanas.org\/portal\/brasil\/wp-json\/wp\/v2\/pages\/648\/revisions\/652"}],"wp:attachment":[{"href":"https:\/\/franciscanas.org\/portal\/brasil\/wp-json\/wp\/v2\/media?parent=648"}],"curies":[{"name":"wp","href":"https:\/\/api.w.org\/{rel}","templated":true}]}}