{"id":644,"date":"2021-08-23T17:23:01","date_gmt":"2021-08-23T20:23:01","guid":{"rendered":"https:\/\/franciscanas.org\/portal\/brasil\/?page_id=644"},"modified":"2021-08-27T14:05:06","modified_gmt":"2021-08-27T17:05:06","slug":"pilares-da-espiritualidade-de-almaber","status":"publish","type":"page","link":"https:\/\/franciscanas.org\/portal\/brasil\/pilares-da-espiritualidade-de-almaber\/","title":{"rendered":"Pilares da espiritualidade de ALMABER"},"content":{"rendered":"<p>[et_pb_section fb_built=&#8221;1&#8243; _builder_version=&#8221;4.10.3&#8243; _module_preset=&#8221;default&#8221; global_colors_info=&#8221;{}&#8221;][et_pb_row _builder_version=&#8221;4.10.3&#8243; _module_preset=&#8221;default&#8221; global_colors_info=&#8221;{}&#8221;][et_pb_column type=&#8221;4_4&#8243; _builder_version=&#8221;4.10.3&#8243; _module_preset=&#8221;default&#8221; global_colors_info=&#8221;{}&#8221;][et_pb_text _builder_version=&#8221;4.10.3&#8243; _module_preset=&#8221;default&#8221; global_colors_info=&#8221;{}&#8221;]<\/p>\n<h1>Pilares da espiritualidade de ALMABER<\/h1>\n<p>[\/et_pb_text][\/et_pb_column][\/et_pb_row][et_pb_row _builder_version=&#8221;4.10.3&#8243; _module_preset=&#8221;default&#8221; global_colors_info=&#8221;{}&#8221; custom_padding=&#8221;1px|||||&#8221;][et_pb_column type=&#8221;4_4&#8243; _builder_version=&#8221;4.10.3&#8243; _module_preset=&#8221;default&#8221; global_colors_info=&#8221;{}&#8221;][et_pb_text _builder_version=&#8221;4.10.4&#8243; _module_preset=&#8221;default&#8221; global_colors_info=&#8221;{}&#8221;]<\/p>\n<p>A pessoas que desejam integrar-se a ALMABER s\u00e3o convidadas a aprofundar seu conhecimento sobre o carisma franciscano e o carisma de Santa Maria Bernarda, para assumir o projeto de vida laical e a miss\u00e3o pr\u00f3pria que destaca tr\u00eas pilares:<\/p>\n<p>[\/et_pb_text][\/et_pb_column][\/et_pb_row][et_pb_row column_structure=&#8221;1_3,1_3,1_3&#8243; _builder_version=&#8221;4.10.3&#8243; _module_preset=&#8221;default&#8221; global_colors_info=&#8221;{}&#8221;][et_pb_column type=&#8221;1_3&#8243; _builder_version=&#8221;4.10.3&#8243; _module_preset=&#8221;default&#8221; global_colors_info=&#8221;{}&#8221;][et_pb_text _builder_version=&#8221;4.10.3&#8243; _module_preset=&#8221;default&#8221; global_colors_info=&#8221;{}&#8221;]<\/p>\n<h1 style=\"text-align: center;\">Fraternidade<\/h1>\n<p>[\/et_pb_text][et_pb_text _builder_version=&#8221;4.10.3&#8243; _module_preset=&#8221;default&#8221; global_colors_info=&#8221;{}&#8221;]<\/p>\n<p style=\"text-align: justify;\">\u00c9 o valor essencial do carisma franciscano, herdado por ALMABER. Emana da experi\u00eancia da paternidade de Deus e filia\u00e7\u00e3o divina de Cristo. Se Deus \u00e9 nosso Pai, n\u00f3s somos todos irm\u00e3os(\u00e3s). Esta \u00e9 a dignidade que deve caracterizar a conviv\u00eancia e as rela\u00e7\u00f5es. Nela supera-se toda forma de hipocrisia. \u00c9 no irm\u00e3o e na irm\u00e3 que ALMABER encontra a presen\u00e7a m\u00edstica de Cristo. Implica testemunhar o amor, o respeito e a rever\u00eancia para com a fraternidade laical, com a vida e com toda a cria\u00e7\u00e3o. Isso deve manifestar-se, especialmente, com os pobres e necessitados. \u00c9 na fraternidade que se criam la\u00e7os profundos, onde se vive o perd\u00e3o, a reconcilia\u00e7\u00e3o. Os pecados e debilidades dos irm\u00e3os e irm\u00e3os n\u00e3o podem ser motivos de separa\u00e7\u00e3o. Os irm\u00e3os se importam com as necessidades uns dos outros. Afinal, \u00e9 o que somos: irm\u00e3os e irm\u00e3s.<\/p>\n<p>[\/et_pb_text][\/et_pb_column][et_pb_column type=&#8221;1_3&#8243; _builder_version=&#8221;4.10.3&#8243; _module_preset=&#8221;default&#8221; global_colors_info=&#8221;{}&#8221;][et_pb_text _builder_version=&#8221;4.10.3&#8243; _module_preset=&#8221;default&#8221; global_colors_info=&#8221;{}&#8221;]<\/p>\n<h1 style=\"text-align: center;\">Minoridade<\/h1>\n<p>[\/et_pb_text][et_pb_text _builder_version=&#8221;4.10.3&#8243; _module_preset=&#8221;default&#8221; global_colors_info=&#8221;{}&#8221;]<\/p>\n<p style=\"text-align: justify;\">Est\u00e1 intimamente ligada \u00e0 vida em fraternidade. \u00c9 um esp\u00edrito alternativo quanto ao exerc\u00edcio do poder, da lideran\u00e7a, dos dons, do servi\u00e7o&#8230; Como filhos de Deus somos irm\u00e3os. Ent\u00e3o, isso \u00e9 o que conforma a dignidade da pessoa. Ningu\u00e9m \u00e9 mais que ningu\u00e9m. Todos s\u00e3o chamados a servir. Trata-se do exerc\u00edcio do poder na horizontalidade e n\u00e3o na verticalidade. As decis\u00f5es s\u00e3o partilhadas, consensuadas e n\u00e3o impostas. O exerc\u00edcio de lideran\u00e7a existe, porque esta sempre ser\u00e1 necess\u00e1ria, mas a pessoa o far\u00e1 com humildade e despojamento. O l\u00edder \u00e9 o primeiro que serve por que \u201co maior no Reino dos C\u00e9us \u00e9 aquele que serve\u201d (Mt 20). O exemplo est\u00e1 em Jesus. S\u00e3o Francisco compreende que, mesmo a pessoa mais desprovida ou limitada tem algo a contribuir e deve ser ouvida em fidelidade ao Esp\u00edrito. Para eliminar qualquer forma de abuso na rela\u00e7\u00e3o fraterna, Francisco instrui os irm\u00e3os a servir e honrar uns aos outros. Tamb\u00e9m devem sentir-se honrados quando estiverem no meio dos pobres. A pessoa que vive a minoridade deixa Deus agir em sua vida e torna-se seu instrumento.<\/p>\n<p>[\/et_pb_text][\/et_pb_column][et_pb_column type=&#8221;1_3&#8243; _builder_version=&#8221;4.10.3&#8243; _module_preset=&#8221;default&#8221; global_colors_info=&#8221;{}&#8221;][et_pb_text _builder_version=&#8221;4.10.3&#8243; _module_preset=&#8221;default&#8221; global_colors_info=&#8221;{}&#8221;]<\/p>\n<h1 style=\"text-align: center;\">Miseric\u00f3rdia<\/h1>\n<p>[\/et_pb_text][et_pb_text _builder_version=&#8221;4.10.3&#8243; _module_preset=&#8221;default&#8221; global_colors_info=&#8221;{}&#8221;]<\/p>\n<p style=\"text-align: justify;\">A palavra miseric\u00f3rdia significa dar o cora\u00e7\u00e3o ao miser\u00e1vel. A pessoa misericordiosa abre o cora\u00e7\u00e3o \u00e0 condi\u00e7\u00e3o de quem sofre para agir em resgate da vida. A miseric\u00f3rdia \u00e9 a caridade em obras. A compaix\u00e3o transforma-se em gestos e atitudes. Santa Maria Bernarda deixou a clausura e lan\u00e7ou-se \u00e1 miss\u00e3o. Dar aten\u00e7\u00e3o \u00e0 necessidade do pobre \u00e9 um imperativo \u00e9tico. Para Francisco, a miseric\u00f3rdia \u00e9 fonte e fruto de seu processo de convers\u00e3o. Ela define seu modo de ser, de atuar e sua pedagogia. \u00c9 a atitude que caracteriza Francisco depois de sua convers\u00e3o. A miseric\u00f3rdia feita com os leprosos leva Francisco \u00e0 experi\u00eancia da reconcilia\u00e7\u00e3o com Deus e com as pessoas. A convers\u00e3o implica o servi\u00e7o pois a pessoa torna-se instrumento de Deus. A pessoa misericordiosa \u00e9 capaz de transformar seus sentimentos e seu ju\u00edzo sobre a realidade pela compreens\u00e3o da Boa-Not\u00edcia do Evangelho.<\/p>\n<p>[\/et_pb_text][\/et_pb_column][\/et_pb_row][\/et_pb_section]<\/p>\n","protected":false},"excerpt":{"rendered":"<p>Pilares da espiritualidade de ALMABERA pessoas que desejam integrar-se a ALMABER s\u00e3o convidadas a aprofundar seu conhecimento sobre o carisma franciscano e o carisma de Santa Maria Bernarda, para assumir o projeto de vida laical e a miss\u00e3o pr\u00f3pria que destaca tr\u00eas pilares:Fraternidade\u00c9 o valor essencial do carisma franciscano, herdado por ALMABER. Emana da experi\u00eancia [&hellip;]<\/p>\n","protected":false},"author":1,"featured_media":0,"parent":0,"menu_order":0,"comment_status":"closed","ping_status":"closed","template":"","meta":{"_et_pb_use_builder":"on","_et_pb_old_content":"","_et_gb_content_width":"","footnotes":""},"class_list":["post-644","page","type-page","status-publish","hentry"],"_links":{"self":[{"href":"https:\/\/franciscanas.org\/portal\/brasil\/wp-json\/wp\/v2\/pages\/644","targetHints":{"allow":["GET"]}}],"collection":[{"href":"https:\/\/franciscanas.org\/portal\/brasil\/wp-json\/wp\/v2\/pages"}],"about":[{"href":"https:\/\/franciscanas.org\/portal\/brasil\/wp-json\/wp\/v2\/types\/page"}],"author":[{"embeddable":true,"href":"https:\/\/franciscanas.org\/portal\/brasil\/wp-json\/wp\/v2\/users\/1"}],"replies":[{"embeddable":true,"href":"https:\/\/franciscanas.org\/portal\/brasil\/wp-json\/wp\/v2\/comments?post=644"}],"version-history":[{"count":4,"href":"https:\/\/franciscanas.org\/portal\/brasil\/wp-json\/wp\/v2\/pages\/644\/revisions"}],"predecessor-version":[{"id":688,"href":"https:\/\/franciscanas.org\/portal\/brasil\/wp-json\/wp\/v2\/pages\/644\/revisions\/688"}],"wp:attachment":[{"href":"https:\/\/franciscanas.org\/portal\/brasil\/wp-json\/wp\/v2\/media?parent=644"}],"curies":[{"name":"wp","href":"https:\/\/api.w.org\/{rel}","templated":true}]}}