{"id":640,"date":"2021-08-23T17:12:02","date_gmt":"2021-08-23T20:12:02","guid":{"rendered":"https:\/\/franciscanas.org\/portal\/brasil\/?page_id=640"},"modified":"2021-08-23T17:43:43","modified_gmt":"2021-08-23T20:43:43","slug":"associacao-almaber","status":"publish","type":"page","link":"https:\/\/franciscanas.org\/portal\/brasil\/associacao-almaber\/","title":{"rendered":"Associa\u00e7\u00e3o ALMABER"},"content":{"rendered":"<p>[et_pb_section fb_built=&#8221;1&#8243; _builder_version=&#8221;4.10.3&#8243; _module_preset=&#8221;default&#8221; global_colors_info=&#8221;{}&#8221;][et_pb_row _builder_version=&#8221;4.10.3&#8243; _module_preset=&#8221;default&#8221; custom_padding=&#8221;7px|||||&#8221; global_colors_info=&#8221;{}&#8221;][et_pb_column type=&#8221;4_4&#8243; _builder_version=&#8221;4.10.3&#8243; _module_preset=&#8221;default&#8221; global_colors_info=&#8221;{}&#8221;][et_pb_text _builder_version=&#8221;4.10.3&#8243; _module_preset=&#8221;default&#8221; global_colors_info=&#8221;{}&#8221;]<\/p>\n<h1>Associa\u00e7\u00e3o ALMABER<\/h1>\n<p>[\/et_pb_text][\/et_pb_column][\/et_pb_row][et_pb_row _builder_version=&#8221;4.10.3&#8243; _module_preset=&#8221;default&#8221; custom_padding=&#8221;0px|||||&#8221; global_colors_info=&#8221;{}&#8221;][et_pb_column type=&#8221;4_4&#8243; _builder_version=&#8221;4.10.3&#8243; _module_preset=&#8221;default&#8221; global_colors_info=&#8221;{}&#8221;][et_pb_text _builder_version=&#8221;4.10.3&#8243; _module_preset=&#8221;default&#8221; hover_enabled=&#8221;0&#8243; global_colors_info=&#8221;{}&#8221; sticky_enabled=&#8221;0&#8243;]<\/p>\n<p style=\"text-align: justify;\">\u00c9 uma entidade de car\u00e1ter espiritual e mission\u00e1rio. Est\u00e1 constitu\u00edda de homens e mulheres animados pelo esp\u00edrito de S\u00e3o Francisco de Assis e Santa Maria Bernarda B\u00fctler. Integram a Fam\u00edlia Franciscana e partilham da espiritualidade das Irm\u00e3s Franciscanas Mission\u00e1rias de Maria Auxiliadora.<\/p>\n<p>[\/et_pb_text][\/et_pb_column][\/et_pb_row][et_pb_row _builder_version=&#8221;4.10.3&#8243; _module_preset=&#8221;default&#8221; custom_padding=&#8221;0px|||||&#8221; global_colors_info=&#8221;{}&#8221;][et_pb_column type=&#8221;4_4&#8243; _builder_version=&#8221;4.10.3&#8243; _module_preset=&#8221;default&#8221; global_colors_info=&#8221;{}&#8221;][et_pb_text _builder_version=&#8221;4.10.3&#8243; _module_preset=&#8221;default&#8221; global_colors_info=&#8221;{}&#8221;]<\/p>\n<p style=\"text-align: justify;\">O carisma de ALMABER \u00e9 um dom de Deus para a miss\u00e3o evangelizadora da Igreja. Tem sua fonte no amor misericordioso de Deus Uno e Trino, particularmente manifestado na Encarna\u00e7\u00e3o de Jesus Cristo. Os membros de ALMABER est\u00e3o chamados a viver esse mist\u00e9rio na radicalidade do compromisso batismal, testemunh\u00e1-lo e promover o Reino de Deus, mediante uma vida de fidelidade ao Evangelho e de servi\u00e7o misericordioso a todos, especialmente aos mais necessitados.<\/p>\n<p>[\/et_pb_text][\/et_pb_column][\/et_pb_row][\/et_pb_section]<\/p>\n","protected":false},"excerpt":{"rendered":"<p>Associa\u00e7\u00e3o ALMABER\u00c9 uma entidade de car\u00e1ter espiritual e mission\u00e1rio. Est\u00e1 constitu\u00edda de homens e mulheres animados pelo esp\u00edrito de S\u00e3o Francisco de Assis e Santa Maria Bernarda B\u00fctler. Integram a Fam\u00edlia Franciscana e partilham da espiritualidade das Irm\u00e3s Franciscanas Mission\u00e1rias de Maria Auxiliadora.O carisma de ALMABER \u00e9 um dom de Deus para a miss\u00e3o evangelizadora [&hellip;]<\/p>\n","protected":false},"author":1,"featured_media":0,"parent":0,"menu_order":0,"comment_status":"closed","ping_status":"closed","template":"","meta":{"_et_pb_use_builder":"on","_et_pb_old_content":"","_et_gb_content_width":"","footnotes":""},"class_list":["post-640","page","type-page","status-publish","hentry"],"_links":{"self":[{"href":"https:\/\/franciscanas.org\/portal\/brasil\/wp-json\/wp\/v2\/pages\/640","targetHints":{"allow":["GET"]}}],"collection":[{"href":"https:\/\/franciscanas.org\/portal\/brasil\/wp-json\/wp\/v2\/pages"}],"about":[{"href":"https:\/\/franciscanas.org\/portal\/brasil\/wp-json\/wp\/v2\/types\/page"}],"author":[{"embeddable":true,"href":"https:\/\/franciscanas.org\/portal\/brasil\/wp-json\/wp\/v2\/users\/1"}],"replies":[{"embeddable":true,"href":"https:\/\/franciscanas.org\/portal\/brasil\/wp-json\/wp\/v2\/comments?post=640"}],"version-history":[{"count":3,"href":"https:\/\/franciscanas.org\/portal\/brasil\/wp-json\/wp\/v2\/pages\/640\/revisions"}],"predecessor-version":[{"id":653,"href":"https:\/\/franciscanas.org\/portal\/brasil\/wp-json\/wp\/v2\/pages\/640\/revisions\/653"}],"wp:attachment":[{"href":"https:\/\/franciscanas.org\/portal\/brasil\/wp-json\/wp\/v2\/media?parent=640"}],"curies":[{"name":"wp","href":"https:\/\/api.w.org\/{rel}","templated":true}]}}