{"id":634,"date":"2021-08-23T17:07:34","date_gmt":"2021-08-23T20:07:34","guid":{"rendered":"https:\/\/franciscanas.org\/portal\/brasil\/?page_id=634"},"modified":"2021-08-23T17:45:08","modified_gmt":"2021-08-23T20:45:08","slug":"leigos-na-igreja","status":"publish","type":"page","link":"https:\/\/franciscanas.org\/portal\/brasil\/leigos-na-igreja\/","title":{"rendered":"Crist\u00e3os leigos e leigas"},"content":{"rendered":"<p>[et_pb_section fb_built=&#8221;1&#8243; _builder_version=&#8221;4.10.3&#8243; _module_preset=&#8221;default&#8221; global_colors_info=&#8221;{}&#8221;][et_pb_row _builder_version=&#8221;4.10.3&#8243; _module_preset=&#8221;default&#8221; global_colors_info=&#8221;{}&#8221;][et_pb_column type=&#8221;4_4&#8243; _builder_version=&#8221;4.10.3&#8243; _module_preset=&#8221;default&#8221; global_colors_info=&#8221;{}&#8221;][et_pb_text _builder_version=&#8221;4.10.3&#8243; _module_preset=&#8221;default&#8221; global_colors_info=&#8221;{}&#8221;]<\/p>\n<h1>Crist\u00e3os leigos e leigas na Igreja e na sociedade<\/h1>\n<p>[\/et_pb_text][\/et_pb_column][\/et_pb_row][et_pb_row _builder_version=&#8221;4.10.3&#8243; _module_preset=&#8221;default&#8221; custom_padding=&#8221;3px|||||&#8221; global_colors_info=&#8221;{}&#8221;][et_pb_column type=&#8221;4_4&#8243; _builder_version=&#8221;4.10.3&#8243; _module_preset=&#8221;default&#8221; global_colors_info=&#8221;{}&#8221;][et_pb_text _builder_version=&#8221;4.10.3&#8243; _module_preset=&#8221;default&#8221; global_colors_info=&#8221;{}&#8221;]<\/p>\n<p style=\"text-align: justify;\">Sal da terra e luz do mundo, na Igreja e na sociedade! Os crist\u00e3os leigos e leigas receberam pelo Batismo e pela Crisma a gra\u00e7a de serem Igreja e, por isso, a gra\u00e7a de serem sal da terra e luz do mundo.<\/p>\n<p>[\/et_pb_text][\/et_pb_column][\/et_pb_row][et_pb_row _builder_version=&#8221;4.10.3&#8243; _module_preset=&#8221;default&#8221; custom_padding=&#8221;0px|||||&#8221; global_colors_info=&#8221;{}&#8221;][et_pb_column type=&#8221;4_4&#8243; _builder_version=&#8221;4.10.3&#8243; _module_preset=&#8221;default&#8221; global_colors_info=&#8221;{}&#8221;][et_pb_text _builder_version=&#8221;4.10.3&#8243; _module_preset=&#8221;default&#8221; global_colors_info=&#8221;{}&#8221;]<\/p>\n<p style=\"text-align: justify;\">Os que recebem a gra\u00e7a do seguimento tornam-se disc\u00edpulos mission\u00e1rios. O disc\u00edpulo, tocado pelo chamado, aprende, no seguimento, o modo de Jesus. Na descoberta de viver como Ele, torna-se anunciador e testemunha.<\/p>\n<p>[\/et_pb_text][\/et_pb_column][\/et_pb_row][et_pb_row _builder_version=&#8221;4.10.3&#8243; _module_preset=&#8221;default&#8221; custom_padding=&#8221;2px|||||&#8221; global_colors_info=&#8221;{}&#8221;][et_pb_column type=&#8221;4_4&#8243; _builder_version=&#8221;4.10.3&#8243; _module_preset=&#8221;default&#8221; global_colors_info=&#8221;{}&#8221;][et_pb_text _builder_version=&#8221;4.10.3&#8243; _module_preset=&#8221;default&#8221; global_colors_info=&#8221;{}&#8221;]<\/p>\n<p style=\"text-align: justify;\">Nos bens recebidos do Esp\u00edrito Santo e colocados a servi\u00e7o da edifica\u00e7\u00e3o da comunidade eclesial e da sociedade, os crist\u00e3os leigos, homens e mulheres, s\u00e3o chamados \u00e0 santidade. S\u00e3o chamados a assumir ativamente a voca\u00e7\u00e3o de serem sal da terra e luz do mundo, ajudando na transforma\u00e7\u00e3o da sociedade. Devem descer e entrar em tudo o que \u00e9 humano, que constr\u00f3i um mundo mais humano e que nos humaniza.<\/p>\n<p>[\/et_pb_text][\/et_pb_column][\/et_pb_row][\/et_pb_section]<\/p>\n","protected":false},"excerpt":{"rendered":"<p>Crist\u00e3os leigos e leigas na Igreja e na sociedadeSal da terra e luz do mundo, na Igreja e na sociedade! Os crist\u00e3os leigos e leigas receberam pelo Batismo e pela Crisma a gra\u00e7a de serem Igreja e, por isso, a gra\u00e7a de serem sal da terra e luz do mundo.Os que recebem a gra\u00e7a do [&hellip;]<\/p>\n","protected":false},"author":1,"featured_media":0,"parent":0,"menu_order":0,"comment_status":"closed","ping_status":"closed","template":"","meta":{"_et_pb_use_builder":"on","_et_pb_old_content":"","_et_gb_content_width":"","footnotes":""},"class_list":["post-634","page","type-page","status-publish","hentry"],"_links":{"self":[{"href":"https:\/\/franciscanas.org\/portal\/brasil\/wp-json\/wp\/v2\/pages\/634","targetHints":{"allow":["GET"]}}],"collection":[{"href":"https:\/\/franciscanas.org\/portal\/brasil\/wp-json\/wp\/v2\/pages"}],"about":[{"href":"https:\/\/franciscanas.org\/portal\/brasil\/wp-json\/wp\/v2\/types\/page"}],"author":[{"embeddable":true,"href":"https:\/\/franciscanas.org\/portal\/brasil\/wp-json\/wp\/v2\/users\/1"}],"replies":[{"embeddable":true,"href":"https:\/\/franciscanas.org\/portal\/brasil\/wp-json\/wp\/v2\/comments?post=634"}],"version-history":[{"count":4,"href":"https:\/\/franciscanas.org\/portal\/brasil\/wp-json\/wp\/v2\/pages\/634\/revisions"}],"predecessor-version":[{"id":654,"href":"https:\/\/franciscanas.org\/portal\/brasil\/wp-json\/wp\/v2\/pages\/634\/revisions\/654"}],"wp:attachment":[{"href":"https:\/\/franciscanas.org\/portal\/brasil\/wp-json\/wp\/v2\/media?parent=634"}],"curies":[{"name":"wp","href":"https:\/\/api.w.org\/{rel}","templated":true}]}}