{"id":609,"date":"2021-08-23T16:42:38","date_gmt":"2021-08-23T19:42:38","guid":{"rendered":"https:\/\/franciscanas.org\/portal\/brasil\/?page_id=609"},"modified":"2021-09-02T18:08:26","modified_gmt":"2021-09-02T21:08:26","slug":"o-milagre-da-canonizacao","status":"publish","type":"page","link":"https:\/\/franciscanas.org\/portal\/brasil\/o-milagre-da-canonizacao\/","title":{"rendered":"Milagre da Canoniza\u00e7\u00e3o"},"content":{"rendered":"<p>[et_pb_section fb_built=&#8221;1&#8243; _builder_version=&#8221;4.10.3&#8243; _module_preset=&#8221;default&#8221; global_colors_info=&#8221;{}&#8221;][et_pb_row _builder_version=&#8221;4.10.3&#8243; _module_preset=&#8221;default&#8221; custom_padding=&#8221;8px|||||&#8221; global_colors_info=&#8221;{}&#8221;][et_pb_column type=&#8221;4_4&#8243; _builder_version=&#8221;4.10.3&#8243; _module_preset=&#8221;default&#8221; global_colors_info=&#8221;{}&#8221;][et_pb_text _builder_version=&#8221;4.10.3&#8243; _module_preset=&#8221;default&#8221; global_colors_info=&#8221;{}&#8221;]<\/p>\n<h1>O milagre da canoniza\u00e7\u00e3o<\/h1>\n<p>[\/et_pb_text][\/et_pb_column][\/et_pb_row][et_pb_row _builder_version=&#8221;4.10.3&#8243; _module_preset=&#8221;default&#8221; custom_padding=&#8221;2px|||||&#8221; global_colors_info=&#8221;{}&#8221;][et_pb_column type=&#8221;4_4&#8243; _builder_version=&#8221;4.10.3&#8243; _module_preset=&#8221;default&#8221; global_colors_info=&#8221;{}&#8221;][et_pb_text _builder_version=&#8221;4.10.3&#8243; _module_preset=&#8221;default&#8221; global_colors_info=&#8221;{}&#8221;]<\/p>\n<p style=\"text-align: justify;\">Santa Maria Bernarda Butler foi elevada aos altares da santidade pela revela\u00e7\u00e3o de um segundo milagre. Neste caso, a gra\u00e7a da cura uma m\u00e9dica colombiana, a Dr. Myrna Jazime Correa, acometida de uma grave e incomum pneumonia.<\/p>\n<p>[\/et_pb_text][\/et_pb_column][\/et_pb_row][et_pb_row _builder_version=&#8221;4.10.3&#8243; _module_preset=&#8221;default&#8221; custom_padding=&#8221;2px|||||&#8221; global_colors_info=&#8221;{}&#8221;][et_pb_column type=&#8221;4_4&#8243; _builder_version=&#8221;4.10.3&#8243; _module_preset=&#8221;default&#8221; global_colors_info=&#8221;{}&#8221;][et_pb_text _builder_version=&#8221;4.10.3&#8243; _module_preset=&#8221;default&#8221; global_colors_info=&#8221;{}&#8221;]<\/p>\n<p style=\"text-align: justify;\">A Dr. Myrna foi internada na Cl\u00ednica Madre Bernarda numa quarta-feira, 26 de julho de 2002, diagnosticada com pneumonia at\u00edpica. Diante da impossibilidade de descoberta da bact\u00e9ria infecciosa, o tratamento tornava-se dif\u00edcil.<\/p>\n<p>[\/et_pb_text][\/et_pb_column][\/et_pb_row][et_pb_row _builder_version=&#8221;4.10.3&#8243; _module_preset=&#8221;default&#8221; custom_padding=&#8221;2px|||||&#8221; global_colors_info=&#8221;{}&#8221;][et_pb_column type=&#8221;4_4&#8243; _builder_version=&#8221;4.10.3&#8243; _module_preset=&#8221;default&#8221; global_colors_info=&#8221;{}&#8221;][et_pb_text _builder_version=&#8221;4.10.3&#8243; _module_preset=&#8221;default&#8221; global_colors_info=&#8221;{}&#8221;]<\/p>\n<p style=\"text-align: justify;\">M\u00e9dicos e especialistas informaram \u00e0 fam\u00edlia e alertaram para que estivessem preparados. A paciente apresentava grave dano pulmonar e, em caso de cura, ficaria com muitas sequelas. Praticamente n\u00e3o havia bons progn\u00f3sticos, nem esperan\u00e7a.<\/p>\n<p>[\/et_pb_text][\/et_pb_column][\/et_pb_row][et_pb_row _builder_version=&#8221;4.10.3&#8243; _module_preset=&#8221;default&#8221; custom_padding=&#8221;2px|||||&#8221; global_colors_info=&#8221;{}&#8221;][et_pb_column type=&#8221;4_4&#8243; _builder_version=&#8221;4.10.3&#8243; _module_preset=&#8221;default&#8221; global_colors_info=&#8221;{}&#8221;][et_pb_text _builder_version=&#8221;4.10.3&#8243; _module_preset=&#8221;default&#8221; global_colors_info=&#8221;{}&#8221;]<\/p>\n<p style=\"text-align: justify;\">Com muita f\u00e9, a Sra. Lilian, m\u00e3e da Dra. Myrna, foi ao Centro de Tratamento Intensivo (CTI) e colocou, a rel\u00edquia da Beata Maria Bernarda na cabe\u00e7a da filha. Junto a isso, mobilizou a fam\u00edlia para uma novena \u00e0 Beata Maria Bernarda. Os familiares uniram-se em intensa ora\u00e7\u00e3o, pedindo a Deus um milagre. A essa ora\u00e7\u00e3o insistente, cheia de confian\u00e7a e de abandono, uniram-se outros familiares, amigos, os funcion\u00e1rios da Cl\u00ednica Madre Bernarda e as irm\u00e3s.<\/p>\n<p>[\/et_pb_text][\/et_pb_column][\/et_pb_row][et_pb_row _builder_version=&#8221;4.10.3&#8243; _module_preset=&#8221;default&#8221; custom_padding=&#8221;2px|||||&#8221; global_colors_info=&#8221;{}&#8221;][et_pb_column type=&#8221;4_4&#8243; _builder_version=&#8221;4.10.3&#8243; _module_preset=&#8221;default&#8221; global_colors_info=&#8221;{}&#8221;][et_pb_text _builder_version=&#8221;4.10.3&#8243; _module_preset=&#8221;default&#8221; global_colors_info=&#8221;{}&#8221;]<\/p>\n<p style=\"text-align: justify;\">No dia seguinte ao fato, observou-se uma incr\u00edvel recupera\u00e7\u00e3o no estado de sa\u00fade da Dra. Myrna. O edema diminuiu, houve melhora na respira\u00e7\u00e3o e redu\u00e7\u00e3o do derrame pleural.<\/p>\n<p>[\/et_pb_text][\/et_pb_column][\/et_pb_row][et_pb_row _builder_version=&#8221;4.10.3&#8243; _module_preset=&#8221;default&#8221; custom_padding=&#8221;2px|||||&#8221; global_colors_info=&#8221;{}&#8221;][et_pb_column type=&#8221;4_4&#8243; _builder_version=&#8221;4.10.3&#8243; _module_preset=&#8221;default&#8221; global_colors_info=&#8221;{}&#8221;][et_pb_text _builder_version=&#8221;4.10.3&#8243; _module_preset=&#8221;default&#8221; global_colors_info=&#8221;{}&#8221;]<\/p>\n<p style=\"text-align: justify;\">No terceiro dia subsequente, ela saiu do CTI. Decorreu-se um quadro de melhora constante at\u00e9 o processo de alta. Contrariando o diagn\u00f3stico dos m\u00e9dicos, n\u00e3o houve sequela nos pulm\u00f5es. Uma cura cientificamente inexplic\u00e1vel pelo relato dos pr\u00f3prios m\u00e9dicos. Um deles, o Dr. Angelo Larius, assim testemunhou: \u201cComo m\u00e9dico, para mim n\u00e3o h\u00e1 explica\u00e7\u00f5es cientificas na cura da Dra. Myrna. Atribuo a cura da Myrna \u00e0 f\u00e9 que todos colocaram em Deus pedindo a sua recupera\u00e7\u00e3o, pela intercess\u00e3o da Beata Maria Bernarda e, porque n\u00e3o dizer, ocorreu um milagre\u201d. Para Deus, nada \u00e9 imposs\u00edvel.<\/p>\n<p>[\/et_pb_text][\/et_pb_column][\/et_pb_row][et_pb_row _builder_version=&#8221;4.10.3&#8243; _module_preset=&#8221;default&#8221; custom_padding=&#8221;2px|||||&#8221; global_colors_info=&#8221;{}&#8221;][et_pb_column type=&#8221;4_4&#8243; _builder_version=&#8221;4.10.3&#8243; _module_preset=&#8221;default&#8221; global_colors_info=&#8221;{}&#8221;][et_pb_text _builder_version=&#8221;4.10.3&#8243; _module_preset=&#8221;default&#8221; global_colors_info=&#8221;{}&#8221;]<\/p>\n<p><strong>Fonte<\/strong>: Canoniza\u00e7\u00e3o. Exalta\u00e7\u00e3o de uma vida. Roma. Em espanhol, 2008, p. 7.<\/p>\n<p>[\/et_pb_text][\/et_pb_column][\/et_pb_row][\/et_pb_section]<\/p>\n","protected":false},"excerpt":{"rendered":"<p>O milagre da canoniza\u00e7\u00e3oSanta Maria Bernarda Butler foi elevada aos altares da santidade pela revela\u00e7\u00e3o de um segundo milagre. Neste caso, a gra\u00e7a da cura uma m\u00e9dica colombiana, a Dr. Myrna Jazime Correa, acometida de uma grave e incomum pneumonia.A Dr. Myrna foi internada na Cl\u00ednica Madre Bernarda numa quarta-feira, 26 de julho de 2002, [&hellip;]<\/p>\n","protected":false},"author":1,"featured_media":0,"parent":0,"menu_order":0,"comment_status":"closed","ping_status":"closed","template":"","meta":{"_et_pb_use_builder":"on","_et_pb_old_content":"","_et_gb_content_width":"","footnotes":""},"class_list":["post-609","page","type-page","status-publish","hentry"],"_links":{"self":[{"href":"https:\/\/franciscanas.org\/portal\/brasil\/wp-json\/wp\/v2\/pages\/609","targetHints":{"allow":["GET"]}}],"collection":[{"href":"https:\/\/franciscanas.org\/portal\/brasil\/wp-json\/wp\/v2\/pages"}],"about":[{"href":"https:\/\/franciscanas.org\/portal\/brasil\/wp-json\/wp\/v2\/types\/page"}],"author":[{"embeddable":true,"href":"https:\/\/franciscanas.org\/portal\/brasil\/wp-json\/wp\/v2\/users\/1"}],"replies":[{"embeddable":true,"href":"https:\/\/franciscanas.org\/portal\/brasil\/wp-json\/wp\/v2\/comments?post=609"}],"version-history":[{"count":4,"href":"https:\/\/franciscanas.org\/portal\/brasil\/wp-json\/wp\/v2\/pages\/609\/revisions"}],"predecessor-version":[{"id":751,"href":"https:\/\/franciscanas.org\/portal\/brasil\/wp-json\/wp\/v2\/pages\/609\/revisions\/751"}],"wp:attachment":[{"href":"https:\/\/franciscanas.org\/portal\/brasil\/wp-json\/wp\/v2\/media?parent=609"}],"curies":[{"name":"wp","href":"https:\/\/api.w.org\/{rel}","templated":true}]}}