{"id":573,"date":"2021-08-23T13:30:49","date_gmt":"2021-08-23T16:30:49","guid":{"rendered":"https:\/\/franciscanas.org\/portal\/brasil\/?page_id=573"},"modified":"2022-06-19T20:09:32","modified_gmt":"2022-06-19T23:09:32","slug":"museu-de-smb","status":"publish","type":"page","link":"https:\/\/franciscanas.org\/portal\/brasil\/museu-de-smb\/","title":{"rendered":"O museu"},"content":{"rendered":"<p>[et_pb_section fb_built=&#8221;1&#8243; _builder_version=&#8221;4.16&#8243; _module_preset=&#8221;default&#8221; global_colors_info=&#8221;{}&#8221;][et_pb_row _builder_version=&#8221;4.16&#8243; _module_preset=&#8221;default&#8221; global_colors_info=&#8221;{}&#8221;][et_pb_column type=&#8221;4_4&#8243; _builder_version=&#8221;4.16&#8243; _module_preset=&#8221;default&#8221; global_colors_info=&#8221;{}&#8221;][et_pb_text _builder_version=&#8221;4.16&#8243; _module_preset=&#8221;default&#8221; global_colors_info=&#8221;{}&#8221;]<\/p>\n<h1 style=\"text-align: justify;\">O museu<\/h1>\n<p>[\/et_pb_text][\/et_pb_column][\/et_pb_row][et_pb_row _builder_version=&#8221;4.16&#8243; _module_preset=&#8221;default&#8221; custom_padding=&#8221;0px|||||&#8221; global_colors_info=&#8221;{}&#8221;][et_pb_column type=&#8221;4_4&#8243; _builder_version=&#8221;4.16&#8243; _module_preset=&#8221;default&#8221; global_colors_info=&#8221;{}&#8221;][et_pb_text _builder_version=&#8221;4.16&#8243; _module_preset=&#8221;default&#8221; global_colors_info=&#8221;{}&#8221;]<\/p>\n<p style=\"text-align: justify;\">A exalta\u00e7\u00e3o dos santos e santas na Igreja Cat\u00f3lica servem para a edifica\u00e7\u00e3o do Povo de Deus. Atrav\u00e9s do seu testemunho, de suas virtudes, tornaram-se crist\u00e3os exemplares que, apesar de suas fraquezas, viveram com radicalidade o seguimento de Jesus Cristo. Essa \u00e9 a meta de todo crist\u00e3o e a ess\u00eancia de uma vida de santidade. Os santos e santas reconhecidos pela Igreja, s\u00e3o pessoas simples. Eles viveram a f\u00e9 num contexto hist\u00f3rico concreto, transformando o ordin\u00e1rio em extraordin\u00e1rio pelo sentido que deram \u00e0 vida. Para salvaguardar a hist\u00f3ria e a mem\u00f3ria de Santa Maria Bernarda, foi criado o Museu Biogr\u00e1fico Madre Bernarda, inaugurado em 19 de outubro de 2010.<\/p>\n<p>[\/et_pb_text][\/et_pb_column][\/et_pb_row][et_pb_row _builder_version=&#8221;4.16&#8243; _module_preset=&#8221;default&#8221; custom_padding=&#8221;0px|||||&#8221; global_colors_info=&#8221;{}&#8221;][et_pb_column type=&#8221;4_4&#8243; _builder_version=&#8221;4.16&#8243; _module_preset=&#8221;default&#8221; global_colors_info=&#8221;{}&#8221;][et_pb_text _builder_version=&#8221;4.16&#8243; _module_preset=&#8221;default&#8221; global_colors_info=&#8221;{}&#8221;]<\/p>\n<p style=\"text-align: justify;\">Visitando o Museu Biogr\u00e1fico de Santa Maria Bernarda \u00e9 poss\u00edvel conhecer sua vida e sua trajet\u00f3ria. Desde o nascimento, a vida familiar, o ingresso e consagra\u00e7\u00e3o na vida religiosa, sua partida para a miss\u00e3o na Am\u00e9rica, sua passagem pelo Equador, a chegada em Cartagena e seu trabalho mission\u00e1rio, at\u00e9 sua morte em 19 de maio de 1924, na Obra Pia.<\/p>\n<p>[\/et_pb_text][\/et_pb_column][\/et_pb_row][et_pb_row _builder_version=&#8221;4.16&#8243; _module_preset=&#8221;default&#8221; custom_padding=&#8221;0px|||||&#8221; global_colors_info=&#8221;{}&#8221;][et_pb_column type=&#8221;4_4&#8243; _builder_version=&#8221;4.16&#8243; _module_preset=&#8221;default&#8221; global_colors_info=&#8221;{}&#8221;][et_pb_image src=&#8221;https:\/\/franciscanas.org\/portal\/brasil\/wp-content\/uploads\/sites\/5\/2022\/06\/museointerior.jpg&#8221; title_text=&#8221;museointerior&#8221; _builder_version=&#8221;4.17.4&#8243; _module_preset=&#8221;default&#8221; hover_enabled=&#8221;0&#8243; global_colors_info=&#8221;{}&#8221; sticky_enabled=&#8221;0&#8243;][\/et_pb_image][\/et_pb_column][\/et_pb_row][et_pb_row _builder_version=&#8221;4.16&#8243; _module_preset=&#8221;default&#8221; custom_padding=&#8221;0px|||||&#8221; global_colors_info=&#8221;{}&#8221;][et_pb_column type=&#8221;4_4&#8243; _builder_version=&#8221;4.16&#8243; _module_preset=&#8221;default&#8221; global_colors_info=&#8221;{}&#8221;][et_pb_text _builder_version=&#8221;4.16&#8243; _module_preset=&#8221;default&#8221; global_colors_info=&#8221;{}&#8221;]<\/p>\n<p style=\"text-align: justify;\">Inclui ainda a exalta\u00e7\u00e3o de sua vida exemplar, as fontes de sua espiritualidade, seus escritos e os de outros bi\u00f3grafos e estudiosos, bem como, o processo de Beatifica\u00e7\u00e3o e Canoniza\u00e7\u00e3o.<\/p>\n<p>[\/et_pb_text][\/et_pb_column][\/et_pb_row][et_pb_row _builder_version=&#8221;4.16&#8243; _module_preset=&#8221;default&#8221; custom_padding=&#8221;0px|||||&#8221; global_colors_info=&#8221;{}&#8221;][et_pb_column type=&#8221;4_4&#8243; _builder_version=&#8221;4.16&#8243; _module_preset=&#8221;default&#8221; global_colors_info=&#8221;{}&#8221;][et_pb_text _builder_version=&#8221;4.16&#8243; _module_preset=&#8221;default&#8221; global_colors_info=&#8221;{}&#8221;]<\/p>\n<p style=\"text-align: justify;\">Neste espa\u00e7o difunde-se tamb\u00e9m a a\u00e7\u00e3o mission\u00e1ria das Irm\u00e3s Franciscanas Mission\u00e1rias de Maria Auxiliadora, na \u00c1frica, Am\u00e9rica e Europa.<\/p>\n<p>[\/et_pb_text][\/et_pb_column][\/et_pb_row][et_pb_row _builder_version=&#8221;4.16&#8243; _module_preset=&#8221;default&#8221; custom_padding=&#8221;0px|||||&#8221; global_colors_info=&#8221;{}&#8221;][et_pb_column type=&#8221;4_4&#8243; _builder_version=&#8221;4.16&#8243; _module_preset=&#8221;default&#8221; global_colors_info=&#8221;{}&#8221;][et_pb_text _builder_version=&#8221;4.16&#8243; _module_preset=&#8221;default&#8221; global_colors_info=&#8221;{}&#8221;]<\/p>\n<p style=\"text-align: justify;\">Cada detalhe do Museu Biogr\u00e1fico de Santa Maria Bernarda tem um significado profundo. Foi idealizado pelo muse\u00f3logo Sallin Osta, colombiano, formado na Espanha. Tem um estilo moderno e europeu. Quer levar seus visitantes a uma viv\u00eancia da espiritualidade franciscana e mission\u00e1ria.<\/p>\n<p>[\/et_pb_text][\/et_pb_column][\/et_pb_row][\/et_pb_section]<\/p>\n","protected":false},"excerpt":{"rendered":"<p>No Museu Biogr\u00e1fico de Santa Maria Bernarda \u00e9 poss\u00edvel conhecer sua vida e sua trajet\u00f3ria. Desde o nascimento, a vida familiar, o ingresso e consagra\u00e7\u00e3o na vida religiosa, sua partida para a miss\u00e3o na Am\u00e9rica, sua passagem pelo Equador, a chegada em Cartagena e seu trabalho mission\u00e1rio, at\u00e9 sua morte em 19 de maio de 1924, na Obra Pia.<\/p>\n","protected":false},"author":1,"featured_media":0,"parent":0,"menu_order":0,"comment_status":"closed","ping_status":"closed","template":"","meta":{"_et_pb_use_builder":"on","_et_pb_old_content":"","_et_gb_content_width":"","footnotes":""},"class_list":["post-573","page","type-page","status-publish","hentry"],"_links":{"self":[{"href":"https:\/\/franciscanas.org\/portal\/brasil\/wp-json\/wp\/v2\/pages\/573","targetHints":{"allow":["GET"]}}],"collection":[{"href":"https:\/\/franciscanas.org\/portal\/brasil\/wp-json\/wp\/v2\/pages"}],"about":[{"href":"https:\/\/franciscanas.org\/portal\/brasil\/wp-json\/wp\/v2\/types\/page"}],"author":[{"embeddable":true,"href":"https:\/\/franciscanas.org\/portal\/brasil\/wp-json\/wp\/v2\/users\/1"}],"replies":[{"embeddable":true,"href":"https:\/\/franciscanas.org\/portal\/brasil\/wp-json\/wp\/v2\/comments?post=573"}],"version-history":[{"count":9,"href":"https:\/\/franciscanas.org\/portal\/brasil\/wp-json\/wp\/v2\/pages\/573\/revisions"}],"predecessor-version":[{"id":1389,"href":"https:\/\/franciscanas.org\/portal\/brasil\/wp-json\/wp\/v2\/pages\/573\/revisions\/1389"}],"wp:attachment":[{"href":"https:\/\/franciscanas.org\/portal\/brasil\/wp-json\/wp\/v2\/media?parent=573"}],"curies":[{"name":"wp","href":"https:\/\/api.w.org\/{rel}","templated":true}]}}