{"id":534,"date":"2021-08-19T14:16:26","date_gmt":"2021-08-19T17:16:26","guid":{"rendered":"https:\/\/franciscanas.org\/portal\/brasil\/?page_id=534"},"modified":"2021-08-25T16:10:59","modified_gmt":"2021-08-25T19:10:59","slug":"itinerario-formativo","status":"publish","type":"page","link":"https:\/\/franciscanas.org\/portal\/brasil\/itinerario-formativo\/","title":{"rendered":"Itiner\u00e1rio formativo"},"content":{"rendered":"<p>[et_pb_section fb_built=&#8221;1&#8243; _builder_version=&#8221;4.10.1&#8243; _module_preset=&#8221;default&#8221; global_colors_info=&#8221;{}&#8221;][et_pb_row _builder_version=&#8221;4.10.1&#8243; _module_preset=&#8221;default&#8221; global_colors_info=&#8221;{}&#8221;][et_pb_column type=&#8221;4_4&#8243; _builder_version=&#8221;4.10.1&#8243; _module_preset=&#8221;default&#8221; global_colors_info=&#8221;{}&#8221;][et_pb_text _builder_version=&#8221;4.10.1&#8243; _module_preset=&#8221;default&#8221; global_colors_info=&#8221;{}&#8221;]<\/p>\n<h1>Itiner\u00e1rio formativo<\/h1>\n<p>[\/et_pb_text][\/et_pb_column][\/et_pb_row][et_pb_row _builder_version=&#8221;4.10.1&#8243; _module_preset=&#8221;default&#8221; custom_padding=&#8221;8px|||||&#8221; global_colors_info=&#8221;{}&#8221;][et_pb_column type=&#8221;4_4&#8243; _builder_version=&#8221;4.10.1&#8243; _module_preset=&#8221;default&#8221; global_colors_info=&#8221;{}&#8221;][et_pb_text _builder_version=&#8221;4.10.1&#8243; _module_preset=&#8221;default&#8221; global_colors_info=&#8221;{}&#8221;]<\/p>\n<h3>Processo formativo<\/h3>\n<p>[\/et_pb_text][\/et_pb_column][\/et_pb_row][et_pb_row _builder_version=&#8221;4.10.1&#8243; _module_preset=&#8221;default&#8221; custom_padding=&#8221;3px|||||&#8221; global_colors_info=&#8221;{}&#8221;][et_pb_column type=&#8221;4_4&#8243; _builder_version=&#8221;4.10.1&#8243; _module_preset=&#8221;default&#8221; global_colors_info=&#8221;{}&#8221;][et_pb_text _builder_version=&#8221;4.10.1&#8243; _module_preset=&#8221;default&#8221; global_colors_info=&#8221;{}&#8221;]<\/p>\n<p style=\"text-align: justify;\">O processo Formativo na vida consagrada se inicia desde o momento em que se percebe o chamado de Deus e abrange toda a vida. Em nossa Congrega\u00e7\u00e3o, a forma\u00e7\u00e3o compreende duas grandes etapas: a inicial e a continuada.<\/p>\n<p>[\/et_pb_text][\/et_pb_column][\/et_pb_row][et_pb_row _builder_version=&#8221;4.10.1&#8243; _module_preset=&#8221;default&#8221; custom_padding=&#8221;6px||30px|||&#8221; global_colors_info=&#8221;{}&#8221;][et_pb_column type=&#8221;4_4&#8243; _builder_version=&#8221;4.10.1&#8243; _module_preset=&#8221;default&#8221; global_colors_info=&#8221;{}&#8221;][et_pb_text _builder_version=&#8221;4.10.1&#8243; _module_preset=&#8221;default&#8221; global_colors_info=&#8221;{}&#8221;]<\/p>\n<h4>Primeira etapa &#8211; Forma\u00e7\u00e3o inicial<\/h4>\n<p>[\/et_pb_text][\/et_pb_column][\/et_pb_row][et_pb_row _builder_version=&#8221;4.10.1&#8243; _module_preset=&#8221;default&#8221; custom_padding=&#8221;2px|||||&#8221; global_colors_info=&#8221;{}&#8221;][et_pb_column type=&#8221;4_4&#8243; _builder_version=&#8221;4.10.1&#8243; _module_preset=&#8221;default&#8221; global_colors_info=&#8221;{}&#8221;][et_pb_text _builder_version=&#8221;4.10.1&#8243; _module_preset=&#8221;default&#8221; global_colors_info=&#8221;{}&#8221;]<\/p>\n<p style=\"text-align: justify;\">A forma\u00e7\u00e3o inicial abrange desde a anima\u00e7\u00e3o vocacional at\u00e9 a profiss\u00e3o definitiva. A dura\u00e7\u00e3o de cada n\u00edvel pode variar de acordo com a caminhada de cada formanda no que se refere a maturidade humano-espiritual, experi\u00eancia pastoral, profissional, idade. Para cada n\u00edvel, h\u00e1 um itiner\u00e1rio pr\u00f3prio de estudo.<\/p>\n<p>[\/et_pb_text][\/et_pb_column][\/et_pb_row][et_pb_row _builder_version=&#8221;4.10.1&#8243; _module_preset=&#8221;default&#8221; custom_padding=&#8221;4px|||||&#8221; global_colors_info=&#8221;{}&#8221;][et_pb_column type=&#8221;4_4&#8243; _builder_version=&#8221;4.10.1&#8243; _module_preset=&#8221;default&#8221; global_colors_info=&#8221;{}&#8221;][et_pb_text _builder_version=&#8221;4.10.1&#8243; _module_preset=&#8221;default&#8221; global_colors_info=&#8221;{}&#8221;]<\/p>\n<p>Os n\u00edveis s\u00e3o:<\/p>\n<p>1. Acompanhamento Vocacional<br \/>2. Pr\u00e9-postulantado<br \/>3. Postulantado<br \/>4. Noviciado Can\u00f4nico<br \/>5. Noviciado Apost\u00f3lico<br \/>6. Juniorato<br \/>\u00a0&#8211; Prepara\u00e7\u00e3o para a Profiss\u00e3o Definitiva<\/p>\n<p>[\/et_pb_text][\/et_pb_column][\/et_pb_row][et_pb_row _builder_version=&#8221;4.10.1&#8243; _module_preset=&#8221;default&#8221; custom_padding=&#8221;4px|||||&#8221; global_colors_info=&#8221;{}&#8221;][et_pb_column type=&#8221;4_4&#8243; _builder_version=&#8221;4.10.1&#8243; _module_preset=&#8221;default&#8221; global_colors_info=&#8221;{}&#8221;][et_pb_text _builder_version=&#8221;4.10.1&#8243; _module_preset=&#8221;default&#8221; global_colors_info=&#8221;{}&#8221;]<\/p>\n<h4>Segunda Etapa &#8211; Forma\u00e7\u00e3o continuada<\/h4>\n<p>[\/et_pb_text][\/et_pb_column][\/et_pb_row][et_pb_row _builder_version=&#8221;4.10.1&#8243; _module_preset=&#8221;default&#8221; custom_padding=&#8221;1px|||||&#8221; global_colors_info=&#8221;{}&#8221;][et_pb_column type=&#8221;4_4&#8243; _builder_version=&#8221;4.10.1&#8243; _module_preset=&#8221;default&#8221; global_colors_info=&#8221;{}&#8221;][et_pb_text _builder_version=&#8221;4.10.1&#8243; _module_preset=&#8221;default&#8221; global_colors_info=&#8221;{}&#8221;]<\/p>\n<p style=\"text-align: justify;\">Inicia com a consagra\u00e7\u00e3o definitiva a deus e se prolonga ao longo da vida. \u00c9 tempo de consolida\u00e7\u00e3o da consagra\u00e7\u00e3o, assumida como Irm\u00e3 Franciscana Mission\u00e1ria de Maria Auxiliadora e vivida cotidianamente em processo de maturidade humano- espiritual, em atitude permanente de convers\u00e3o, com alegria, plenitude, dinamismo e fidelidade criativa.<\/p>\n<p>[\/et_pb_text][\/et_pb_column][\/et_pb_row][et_pb_row _builder_version=&#8221;4.10.1&#8243; _module_preset=&#8221;default&#8221; custom_padding=&#8221;1px||3px|||&#8221; global_colors_info=&#8221;{}&#8221;][et_pb_column type=&#8221;4_4&#8243; _builder_version=&#8221;4.10.1&#8243; _module_preset=&#8221;default&#8221; global_colors_info=&#8221;{}&#8221;][et_pb_text _builder_version=&#8221;4.10.1&#8243; _module_preset=&#8221;default&#8221; global_colors_info=&#8221;{}&#8221;]<\/p>\n<p>N\u00edveis:<\/p>\n<p>Forma\u00e7\u00e3o para cada ciclo de vida.<\/p>\n<p>[\/et_pb_text][\/et_pb_column][\/et_pb_row][\/et_pb_section]<\/p>\n","protected":false},"excerpt":{"rendered":"<p>Itiner\u00e1rio formativoProcesso formativoO processo Formativo na vida consagrada se inicia desde o momento em que se percebe o chamado de Deus e abrange toda a vida. Em nossa Congrega\u00e7\u00e3o, a forma\u00e7\u00e3o compreende duas grandes etapas: a inicial e a continuada.Primeira etapa &#8211; Forma\u00e7\u00e3o inicialA forma\u00e7\u00e3o inicial abrange desde a anima\u00e7\u00e3o vocacional at\u00e9 a profiss\u00e3o definitiva. [&hellip;]<\/p>\n","protected":false},"author":1,"featured_media":0,"parent":0,"menu_order":0,"comment_status":"closed","ping_status":"closed","template":"","meta":{"_et_pb_use_builder":"on","_et_pb_old_content":"","_et_gb_content_width":"","footnotes":""},"class_list":["post-534","page","type-page","status-publish","hentry"],"_links":{"self":[{"href":"https:\/\/franciscanas.org\/portal\/brasil\/wp-json\/wp\/v2\/pages\/534","targetHints":{"allow":["GET"]}}],"collection":[{"href":"https:\/\/franciscanas.org\/portal\/brasil\/wp-json\/wp\/v2\/pages"}],"about":[{"href":"https:\/\/franciscanas.org\/portal\/brasil\/wp-json\/wp\/v2\/types\/page"}],"author":[{"embeddable":true,"href":"https:\/\/franciscanas.org\/portal\/brasil\/wp-json\/wp\/v2\/users\/1"}],"replies":[{"embeddable":true,"href":"https:\/\/franciscanas.org\/portal\/brasil\/wp-json\/wp\/v2\/comments?post=534"}],"version-history":[{"count":6,"href":"https:\/\/franciscanas.org\/portal\/brasil\/wp-json\/wp\/v2\/pages\/534\/revisions"}],"predecessor-version":[{"id":684,"href":"https:\/\/franciscanas.org\/portal\/brasil\/wp-json\/wp\/v2\/pages\/534\/revisions\/684"}],"wp:attachment":[{"href":"https:\/\/franciscanas.org\/portal\/brasil\/wp-json\/wp\/v2\/media?parent=534"}],"curies":[{"name":"wp","href":"https:\/\/api.w.org\/{rel}","templated":true}]}}