{"id":5274,"date":"2025-05-23T22:39:47","date_gmt":"2025-05-24T01:39:47","guid":{"rendered":"https:\/\/franciscanas.org\/portal\/brasil\/?page_id=5274"},"modified":"2025-07-22T14:52:07","modified_gmt":"2025-07-22T17:52:07","slug":"maria-auxiliadora","status":"publish","type":"page","link":"https:\/\/franciscanas.org\/portal\/brasil\/maria-auxiliadora\/","title":{"rendered":"Maria Auxiliadora"},"content":{"rendered":"\n[et_pb_section fb_built=&#8221;1&#8243; _builder_version=&#8221;4.27.4&#8243; _module_preset=&#8221;default&#8221; global_colors_info=&#8221;{}&#8221;][et_pb_row _builder_version=&#8221;4.27.4&#8243; _module_preset=&#8221;default&#8221; global_colors_info=&#8221;{}&#8221;][et_pb_column type=&#8221;4_4&#8243; _builder_version=&#8221;4.27.4&#8243; _module_preset=&#8221;default&#8221; global_colors_info=&#8221;{}&#8221;][et_pb_text _builder_version=&#8221;4.27.4&#8243; _module_preset=&#8221;default&#8221; global_colors_info=&#8221;{}&#8221;]<h1>Maria Auxiliadora<\/h1>[\/et_pb_text][\/et_pb_column][\/et_pb_row][et_pb_row column_structure=&#8221;2_3,1_3&#8243; _builder_version=&#8221;4.27.4&#8243; _module_preset=&#8221;default&#8221; custom_padding=&#8221;1px||5px|||&#8221; global_colors_info=&#8221;{}&#8221;][et_pb_column type=&#8221;2_3&#8243; _builder_version=&#8221;4.27.4&#8243; _module_preset=&#8221;default&#8221; global_colors_info=&#8221;{}&#8221;][et_pb_text _builder_version=&#8221;4.27.4&#8243; _module_preset=&#8221;default&#8221; custom_padding=&#8221;||0px|||&#8221; global_colors_info=&#8221;{}&#8221;]<p>A Congrega\u00e7\u00e3o da Irm\u00e3s Franciscanas Mission\u00e1rias de Maria Auxiliadora tem como padroeira Nossa Senhora sob o t\u00edtulo de Maria Aux\u00edlio dos Crist\u00e3os ou Nossa Senhora Auxiliadora. Mas de onde nasceu essa devo\u00e7\u00e3o?<\/p>\n<p>O convento que recebeu Santa Maria Bernarda, muito antes de sua chegada, ou seja, no s\u00e9culo XVI ao que tudo indica, foi se consolidando a partir do movimento de mulheres piedosas que surgiu na idade m\u00e9dia chamado beguinas. Nesta \u00e9poca, o convento foi integrado \u00e0 Terceira Ordem Regular de S\u00e3o Francisco de Assis, assumindo o carisma franciscano e sendo denominadas Capuchinhas de Maria Hilf.<\/p>\n<p>Junto ao convento existia uma capela. O bispo local dedicou essa capela sob o amparo de Maria Hilf. Traduzido do alem\u00e3o, ent\u00e3o, Maria Auxiliadora. N\u00e3o se sabe ao certo o que moveu esta devo\u00e7\u00e3o naquele momento. Pode ter ocorrido a partir da influ\u00eancia de alguma espiritualidade ou de um evento ocorrido naquele per\u00edodo. O que se sabe \u00e9 que a Europa cultivou uma forte devo\u00e7\u00e3o a Maria Auxiliadora a partir da batalha de Lepanto, em 1571, vencida pelos crist\u00e3os que lutavam contra a domina\u00e7\u00e3o dos mouros. Da\u00ed, o Papa Pio V, incluiu o t\u00edtulo \u201cMar\u00eda Auxiliadora\u201d \u00e0 ladainha de Nossa Senhora.<\/p>[\/et_pb_text][\/et_pb_column][et_pb_column type=&#8221;1_3&#8243; _builder_version=&#8221;4.27.4&#8243; _module_preset=&#8221;default&#8221; global_colors_info=&#8221;{}&#8221;][et_pb_image src=&#8221;https:\/\/franciscanas.org\/portal\/brasil\/wp-content\/uploads\/sites\/5\/2025\/05\/maria.jpg&#8221; title_text=&#8221;maria&#8221; _builder_version=&#8221;4.27.4&#8243; _module_preset=&#8221;default&#8221; custom_margin=&#8221;||3px|||&#8221; custom_padding=&#8221;||0px|||&#8221; global_colors_info=&#8221;{}&#8221;][\/et_pb_image][et_pb_text _builder_version=&#8221;4.27.4&#8243; _module_preset=&#8221;default&#8221; global_colors_info=&#8221;{}&#8221;]<p style=\"text-align: center;\"><em>Imagem ilustrativa.<\/em><\/p>[\/et_pb_text][\/et_pb_column][\/et_pb_row][et_pb_row _builder_version=&#8221;4.27.4&#8243; _module_preset=&#8221;default&#8221; custom_padding=&#8221;1px||4px|||&#8221; hover_enabled=&#8221;0&#8243; global_colors_info=&#8221;{}&#8221; column_structure=&#8221;2_5,3_5&#8243; sticky_enabled=&#8221;0&#8243;][et_pb_column type=&#8221;2_5&#8243; _builder_version=&#8221;4.27.4&#8243; _module_preset=&#8221;default&#8221; global_colors_info=&#8221;{}&#8221;][et_pb_image src=&#8221;https:\/\/franciscanas.org\/portal\/brasil\/wp-content\/uploads\/sites\/5\/2025\/05\/Auxiliadora.jpg&#8221; _builder_version=&#8221;4.27.4&#8243; _module_preset=&#8221;default&#8221; title_text=&#8221;Auxiliadora&#8221; hover_enabled=&#8221;0&#8243; sticky_enabled=&#8221;0&#8243; custom_margin=&#8221;||3px|||&#8221;][\/et_pb_image][et_pb_text _builder_version=&#8221;4.27.4&#8243; _module_preset=&#8221;default&#8221; hover_enabled=&#8221;0&#8243; sticky_enabled=&#8221;0&#8243;]<p style=\"text-align: center;\"><em>Imagem de Maria Auxiliadora<\/em><\/p>[\/et_pb_text][\/et_pb_column][et_pb_column type=&#8221;3_5&#8243; _builder_version=&#8221;4.27.4&#8243; _module_preset=&#8221;default&#8221; global_colors_info=&#8221;{}&#8221;][et_pb_text _builder_version=&#8221;4.27.4&#8243; _module_preset=&#8221;default&#8221; global_colors_info=&#8221;{}&#8221; custom_margin=&#8221;|||-21px||&#8221;]<p>Mas tamb\u00e9m \u00e9 conhecido que S\u00e3o Jo\u00e3o Cris\u00f3stomo, no s\u00e9culo V, chamou a Virgem Maria de Aux\u00edlio dos Crist\u00e3os e que S\u00e3o Jo\u00e3o Damasceno, no s\u00e9culo XIII, difundiu a invoca\u00e7\u00e3o a Maria Auxiliadora. Esses eventos denotam a devo\u00e7\u00e3o a Maria Auxiliadora desde os prim\u00f3rdios da Igreja. Qualquer uma destas influ\u00eancias pode ter dado origem \u00e0 iniciativa da dedica\u00e7\u00e3o da capela do convento \u00e0 Maria Auxiliadora.<\/p>\n<p>Quando Santa Maria Bernarda partiu para a miss\u00e3o no Equador, depois de ter dedicado vinte anos \u00e0 vida religiosa contemplativa, ela e suas seis companheiras renunciaram aos seus direitos e deveres para partir rumo ao desconhecido. Na despedida, diante da imagem de Maria Auxiliadora, as mission\u00e1rias e as demais religiosas, rezaram e invocaram a prote\u00e7\u00e3o e a b\u00ean\u00e7\u00e3o de Nossa Senhora para a viagem e sobre a iniciativa que estavam empreendendo. A congrega\u00e7\u00e3o que surgiu a partir deste \u00eaxodo mission\u00e1rio tamb\u00e9m adotou a Maria Auxiliadora como sua patrona, manifestando o desejo de viver em fidelidade \u00e0s intui\u00e7\u00f5es da origem.\u00a0<\/p>[\/et_pb_text][\/et_pb_column][\/et_pb_row][et_pb_row _builder_version=&#8221;4.27.4&#8243; _module_preset=&#8221;default&#8221; custom_padding=&#8221;1px|||||&#8221; global_colors_info=&#8221;{}&#8221;][et_pb_column type=&#8221;4_4&#8243; _builder_version=&#8221;4.27.4&#8243; _module_preset=&#8221;default&#8221; global_colors_info=&#8221;{}&#8221;][et_pb_text _builder_version=&#8221;4.27.4&#8243; _module_preset=&#8221;default&#8221; global_colors_info=&#8221;{}&#8221;]<p>A imagem de Maria Auxiliadora da qual era devota Santa Maria Bernarda e as irm\u00e3s de Maria Hilf tem um aspecto diferente da imagem de Maria Auxiliadora que conhecemos atualmente. Ao inv\u00e9s de uma coroa na cabe\u00e7a, o menino Jesus nos bra\u00e7os e o cetro real na m\u00e3o, aquela imagem evoca a M\u00e3e da Miseric\u00f3rdia. Trata-se de Nossa Senhora que abre seu manto e acolhe sob ele todos os seus filhos, especialmente os necessitados da miseric\u00f3rdia divina. Seu olhar est\u00e1 atento \u00e0s realidades que acolhe sob o seu manto.<\/p>[\/et_pb_text][\/et_pb_column][\/et_pb_row][\/et_pb_section]\n","protected":false},"excerpt":{"rendered":"<p>Maria AuxiliadoraA Congrega\u00e7\u00e3o da Irm\u00e3s Franciscanas Mission\u00e1rias de Maria Auxiliadora tem como padroeira Nossa Senhora sob o t\u00edtulo de Maria Aux\u00edlio dos Crist\u00e3os ou Nossa Senhora Auxiliadora. Mas de onde nasceu essa devo\u00e7\u00e3o? O convento que recebeu Santa Maria Bernarda, muito antes de sua chegada, ou seja, no s\u00e9culo XVI ao que tudo indica, foi [&hellip;]<\/p>\n","protected":false},"author":1,"featured_media":0,"parent":0,"menu_order":0,"comment_status":"closed","ping_status":"closed","template":"","meta":{"_et_pb_use_builder":"on","_et_pb_old_content":"","_et_gb_content_width":"","footnotes":""},"class_list":["post-5274","page","type-page","status-publish","hentry"],"_links":{"self":[{"href":"https:\/\/franciscanas.org\/portal\/brasil\/wp-json\/wp\/v2\/pages\/5274","targetHints":{"allow":["GET"]}}],"collection":[{"href":"https:\/\/franciscanas.org\/portal\/brasil\/wp-json\/wp\/v2\/pages"}],"about":[{"href":"https:\/\/franciscanas.org\/portal\/brasil\/wp-json\/wp\/v2\/types\/page"}],"author":[{"embeddable":true,"href":"https:\/\/franciscanas.org\/portal\/brasil\/wp-json\/wp\/v2\/users\/1"}],"replies":[{"embeddable":true,"href":"https:\/\/franciscanas.org\/portal\/brasil\/wp-json\/wp\/v2\/comments?post=5274"}],"version-history":[{"count":13,"href":"https:\/\/franciscanas.org\/portal\/brasil\/wp-json\/wp\/v2\/pages\/5274\/revisions"}],"predecessor-version":[{"id":6043,"href":"https:\/\/franciscanas.org\/portal\/brasil\/wp-json\/wp\/v2\/pages\/5274\/revisions\/6043"}],"wp:attachment":[{"href":"https:\/\/franciscanas.org\/portal\/brasil\/wp-json\/wp\/v2\/media?parent=5274"}],"curies":[{"name":"wp","href":"https:\/\/api.w.org\/{rel}","templated":true}]}}