{"id":527,"date":"2021-08-18T13:14:34","date_gmt":"2021-08-18T16:14:34","guid":{"rendered":"https:\/\/franciscanas.org\/portal\/brasil\/?page_id=527"},"modified":"2021-08-18T13:14:34","modified_gmt":"2021-08-18T16:14:34","slug":"acompanhamento-vocacional","status":"publish","type":"page","link":"https:\/\/franciscanas.org\/portal\/brasil\/acompanhamento-vocacional\/","title":{"rendered":"Acompanhamento vocacional"},"content":{"rendered":"<p>[et_pb_section fb_built=&#8221;1&#8243; _builder_version=&#8221;4.9.11&#8243; _module_preset=&#8221;default&#8221;][et_pb_row _builder_version=&#8221;4.9.11&#8243; _module_preset=&#8221;default&#8221;][et_pb_column _builder_version=&#8221;4.9.11&#8243; _module_preset=&#8221;default&#8221; type=&#8221;4_4&#8243;][et_pb_text _builder_version=&#8221;4.9.11&#8243; _module_preset=&#8221;default&#8221; hover_enabled=&#8221;0&#8243; sticky_enabled=&#8221;0&#8243;]<\/p>\n<h1 style=\"text-align: justify;\">Acompanhamento vocacional<\/h1>\n<p>[\/et_pb_text][\/et_pb_column][\/et_pb_row][et_pb_row _builder_version=&#8221;4.9.11&#8243; _module_preset=&#8221;default&#8221; custom_padding=&#8221;7px|||||&#8221;][et_pb_column _builder_version=&#8221;4.9.11&#8243; _module_preset=&#8221;default&#8221; type=&#8221;4_4&#8243;][et_pb_text _builder_version=&#8221;4.9.11&#8243; _module_preset=&#8221;default&#8221; hover_enabled=&#8221;0&#8243; sticky_enabled=&#8221;0&#8243; custom_margin=&#8221;||19px|||&#8221;]<\/p>\n<p style=\"text-align: justify;\">A voca\u00e7\u00e3o n\u00e3o nasce pronta. Ela \u00e9 um processo onde nos desenvolvemos continuamente. Para sua feliz realiza\u00e7\u00e3o \u00e9 preciso entrar numa din\u00e2mica que leve a maior clareza do caminho a empreender. Por isso, desde o despertar vocacional, torna-se fundamental empreender um processo de discernimento pessoal. A resposta ao chamado de Deus requer amadurecimento na intimidade e no amor. Assim, as decis\u00f5es poder\u00e3o ser tomadas com liberdade e confian\u00e7a em cada fase da vida e etapa de forma\u00e7\u00e3o.<\/p>\n<p>[\/et_pb_text][\/et_pb_column][\/et_pb_row][et_pb_row _builder_version=&#8221;4.9.11&#8243; _module_preset=&#8221;default&#8221; custom_padding=&#8221;7px|||||&#8221;][et_pb_column _builder_version=&#8221;4.9.11&#8243; _module_preset=&#8221;default&#8221; type=&#8221;4_4&#8243;][et_pb_text _builder_version=&#8221;4.9.11&#8243; _module_preset=&#8221;default&#8221; hover_enabled=&#8221;0&#8243; sticky_enabled=&#8221;0&#8243; custom_margin=&#8221;||20px|||&#8221;]<\/p>\n<p style=\"text-align: justify;\">Na vida religiosa consagrada, o discernimento vocacional come\u00e7a quando a pessoa manifesta seu prop\u00f3sito. Ela \u00e9 acompanhada por algu\u00e9m, por uma religiosa e faz um processo de aproxima\u00e7\u00e3o gradual da comunidade religiosa. Ser\u00e1 convidada a participar de conviv\u00eancias, encontros e a frequentar a fraternidade. Assim, conhecer\u00e1 seu carisma, e a comunidade passa a conhec\u00ea-la nos seus dons, sonhos, aspira\u00e7\u00f5es e motiva\u00e7\u00f5es, a fim de integra-la. O processo vocacional envolve a confronta\u00e7\u00e3o com outros estilos e modelos de resposta \u00e0 voca\u00e7\u00e3o, presentes na Igreja.<\/p>\n<p>[\/et_pb_text][\/et_pb_column][\/et_pb_row][et_pb_row _builder_version=&#8221;4.9.11&#8243; _module_preset=&#8221;default&#8221; custom_padding=&#8221;7px|||||&#8221;][et_pb_column _builder_version=&#8221;4.9.11&#8243; _module_preset=&#8221;default&#8221; type=&#8221;4_4&#8243;][et_pb_text _builder_version=&#8221;4.9.11&#8243; _module_preset=&#8221;default&#8221; hover_enabled=&#8221;0&#8243; sticky_enabled=&#8221;0&#8243;]<\/p>\n<p style=\"text-align: justify;\">O processo de discernimento, tem como objetivo facilitar a conforma\u00e7\u00e3o entre a personalidade da pessoa e o carisma da institui\u00e7\u00e3o. Implica autoconhecimento, reflex\u00e3o, ora\u00e7\u00e3o, di\u00e1logo e a conviv\u00eancia. Passa pela orienta\u00e7\u00e3o pessoal e espiritual. Os meios de crescimento v\u00e3o tornando poss\u00edvel o ingresso \u00e0s etapas formativas da vida consagrada e a transi\u00e7\u00e3o ao compromisso definitivo.<\/p>\n<p>[\/et_pb_text][\/et_pb_column][\/et_pb_row][\/et_pb_section]<\/p>\n","protected":false},"excerpt":{"rendered":"<p>Acompanhamento vocacionalA voca\u00e7\u00e3o n\u00e3o nasce pronta. Ela \u00e9 um processo onde nos desenvolvemos continuamente. Para sua feliz realiza\u00e7\u00e3o \u00e9 preciso entrar numa din\u00e2mica que leve a maior clareza do caminho a empreender. Por isso, desde o despertar vocacional, torna-se fundamental empreender um processo de discernimento pessoal. A resposta ao chamado de Deus requer amadurecimento na [&hellip;]<\/p>\n","protected":false},"author":1,"featured_media":0,"parent":0,"menu_order":0,"comment_status":"closed","ping_status":"closed","template":"","meta":{"_et_pb_use_builder":"on","_et_pb_old_content":"","_et_gb_content_width":"","footnotes":""},"class_list":["post-527","page","type-page","status-publish","hentry"],"_links":{"self":[{"href":"https:\/\/franciscanas.org\/portal\/brasil\/wp-json\/wp\/v2\/pages\/527","targetHints":{"allow":["GET"]}}],"collection":[{"href":"https:\/\/franciscanas.org\/portal\/brasil\/wp-json\/wp\/v2\/pages"}],"about":[{"href":"https:\/\/franciscanas.org\/portal\/brasil\/wp-json\/wp\/v2\/types\/page"}],"author":[{"embeddable":true,"href":"https:\/\/franciscanas.org\/portal\/brasil\/wp-json\/wp\/v2\/users\/1"}],"replies":[{"embeddable":true,"href":"https:\/\/franciscanas.org\/portal\/brasil\/wp-json\/wp\/v2\/comments?post=527"}],"version-history":[{"count":2,"href":"https:\/\/franciscanas.org\/portal\/brasil\/wp-json\/wp\/v2\/pages\/527\/revisions"}],"predecessor-version":[{"id":530,"href":"https:\/\/franciscanas.org\/portal\/brasil\/wp-json\/wp\/v2\/pages\/527\/revisions\/530"}],"wp:attachment":[{"href":"https:\/\/franciscanas.org\/portal\/brasil\/wp-json\/wp\/v2\/media?parent=527"}],"curies":[{"name":"wp","href":"https:\/\/api.w.org\/{rel}","templated":true}]}}