{"id":518,"date":"2021-08-18T11:55:40","date_gmt":"2021-08-18T14:55:40","guid":{"rendered":"https:\/\/franciscanas.org\/portal\/brasil\/?page_id=518"},"modified":"2021-09-03T11:09:07","modified_gmt":"2021-09-03T14:09:07","slug":"vocacao","status":"publish","type":"page","link":"https:\/\/franciscanas.org\/portal\/brasil\/vocacao\/","title":{"rendered":"Voca\u00e7\u00e3o"},"content":{"rendered":"\n[et_pb_section fb_built=&#8221;1&#8243; _builder_version=&#8221;4.9.11&#8243; _module_preset=&#8221;default&#8221;][et_pb_row _builder_version=&#8221;4.9.11&#8243; _module_preset=&#8221;default&#8221;][et_pb_column _builder_version=&#8221;4.9.11&#8243; _module_preset=&#8221;default&#8221; type=&#8221;4_4&#8243;][et_pb_text _builder_version=&#8221;4.9.11&#8243; _module_preset=&#8221;default&#8221; hover_enabled=&#8221;0&#8243; sticky_enabled=&#8221;0&#8243;]<h1>Voca\u00e7\u00e3o<\/h1>[\/et_pb_text][\/et_pb_column][\/et_pb_row][et_pb_row _builder_version=&#8221;4.9.11&#8243; _module_preset=&#8221;default&#8221; custom_padding=&#8221;1px|||||&#8221;][et_pb_column _builder_version=&#8221;4.9.11&#8243; _module_preset=&#8221;default&#8221; type=&#8221;4_4&#8243;][et_pb_text _builder_version=&#8221;4.9.11&#8243; _module_preset=&#8221;default&#8221; hover_enabled=&#8221;0&#8243; sticky_enabled=&#8221;0&#8243;]<p style=\"text-align: justify;\">Toda pessoa almeja descobrir o sentido \u00faltimo de sua exist\u00eancia, encontrar algo que a leve \u00e0 realiza\u00e7\u00e3o plena. O ser humano que vive conscientemente tende a questionar-se sobre o que trilhar, sobre as op\u00e7\u00f5es e decis\u00f5es a tomar, sobre o destino a dar \u00e0 sua vida, sobre o quer SER e FAZER.<\/p>[\/et_pb_text][\/et_pb_column][\/et_pb_row][et_pb_row _builder_version=&#8221;4.9.11&#8243; _module_preset=&#8221;default&#8221; custom_padding=&#8221;2px|||||&#8221;][et_pb_column _builder_version=&#8221;4.9.11&#8243; _module_preset=&#8221;default&#8221; type=&#8221;4_4&#8243;][et_pb_text _builder_version=&#8221;4.9.11&#8243; _module_preset=&#8221;default&#8221; hover_enabled=&#8221;0&#8243; sticky_enabled=&#8221;0&#8243;]<p style=\"text-align: justify;\">Sob a \u00f3tica crist\u00e3, acreditamos que todos recebem a semente da voca\u00e7\u00e3o. Na origem de seu significado, a palavra voca\u00e7\u00e3o traduz-se por chamado. Deus nos chama a realizar uma miss\u00e3o no mundo. Sob esta perspectiva, a exist\u00eancia humana nunca estar\u00e1 entregue ao acaso.<\/p>[\/et_pb_text][\/et_pb_column][\/et_pb_row][et_pb_row _builder_version=&#8221;4.9.11&#8243; _module_preset=&#8221;default&#8221; custom_padding=&#8221;3px|||||&#8221;][et_pb_column _builder_version=&#8221;4.9.11&#8243; _module_preset=&#8221;default&#8221; type=&#8221;4_4&#8243;][et_pb_text _builder_version=&#8221;4.9.11&#8243; _module_preset=&#8221;default&#8221; hover_enabled=&#8221;0&#8243; sticky_enabled=&#8221;0&#8243;]<p style=\"text-align: justify;\">A voca\u00e7\u00e3o \u00e9 especial e \u00fanica. Deus nos chama a partir de uma realidade concreta para sermos seus \u201cbra\u00e7os\u201d na constru\u00e7\u00e3o do Reino de Deus, vivendo no amor. A ades\u00e3o ao chamado passa por uma experi\u00eancia de Deus, de seu amor, feita de forma \u00edntima e pessoal. Ele age na nossa hist\u00f3ria, marcada pelo pecado e pela gra\u00e7a, comunica-se, atrav\u00e9s dela, tocando nossa vida e revelando o BEM MAIOR.<\/p>[\/et_pb_text][\/et_pb_column][\/et_pb_row][et_pb_row _builder_version=&#8221;4.9.11&#8243; _module_preset=&#8221;default&#8221; custom_padding=&#8221;3px|||||&#8221;][et_pb_column _builder_version=&#8221;4.9.11&#8243; _module_preset=&#8221;default&#8221; type=&#8221;4_4&#8243;][et_pb_text _builder_version=&#8221;4.9.11&#8243; _module_preset=&#8221;default&#8221; hover_enabled=&#8221;0&#8243; sticky_enabled=&#8221;0&#8243;]<p style=\"text-align: justify;\">A resposta ao chamado de Deus envolve perdas e ganhos. Assim, \u201cquando encontra uma p\u00e9rola de grande valor, \u2018a pessoa\u2019 vai, vende todos os seus bens, e compra essa p\u00e9rola\u201d (Mt 13, 46). \u00c9 sempre uma realidade que nos ultrapassa, como uma pequena semente de mostarda que \u201ccresce fica maior que todas as \u00e1rvores\u201d (Mt 13, 32).<\/p>[\/et_pb_text][\/et_pb_column][\/et_pb_row][\/et_pb_section]\n","protected":false},"excerpt":{"rendered":"<p>Voca\u00e7\u00e3oToda pessoa almeja descobrir o sentido \u00faltimo de sua exist\u00eancia, encontrar algo que a leve \u00e0 realiza\u00e7\u00e3o plena. O ser humano que vive conscientemente tende a questionar-se sobre o que trilhar, sobre as op\u00e7\u00f5es e decis\u00f5es a tomar, sobre o destino a dar \u00e0 sua vida, sobre o quer SER e FAZER.Sob a \u00f3tica crist\u00e3, [&hellip;]<\/p>\n","protected":false},"author":1,"featured_media":0,"parent":0,"menu_order":0,"comment_status":"closed","ping_status":"closed","template":"","meta":{"_et_pb_use_builder":"on","_et_pb_old_content":"","_et_gb_content_width":"","footnotes":""},"class_list":["post-518","page","type-page","status-publish","hentry"],"_links":{"self":[{"href":"https:\/\/franciscanas.org\/portal\/brasil\/wp-json\/wp\/v2\/pages\/518","targetHints":{"allow":["GET"]}}],"collection":[{"href":"https:\/\/franciscanas.org\/portal\/brasil\/wp-json\/wp\/v2\/pages"}],"about":[{"href":"https:\/\/franciscanas.org\/portal\/brasil\/wp-json\/wp\/v2\/types\/page"}],"author":[{"embeddable":true,"href":"https:\/\/franciscanas.org\/portal\/brasil\/wp-json\/wp\/v2\/users\/1"}],"replies":[{"embeddable":true,"href":"https:\/\/franciscanas.org\/portal\/brasil\/wp-json\/wp\/v2\/comments?post=518"}],"version-history":[{"count":4,"href":"https:\/\/franciscanas.org\/portal\/brasil\/wp-json\/wp\/v2\/pages\/518\/revisions"}],"predecessor-version":[{"id":800,"href":"https:\/\/franciscanas.org\/portal\/brasil\/wp-json\/wp\/v2\/pages\/518\/revisions\/800"}],"wp:attachment":[{"href":"https:\/\/franciscanas.org\/portal\/brasil\/wp-json\/wp\/v2\/media?parent=518"}],"curies":[{"name":"wp","href":"https:\/\/api.w.org\/{rel}","templated":true}]}}