{"id":5170,"date":"2025-04-21T11:27:47","date_gmt":"2025-04-21T14:27:47","guid":{"rendered":"https:\/\/franciscanas.org\/portal\/brasil\/?page_id=5170"},"modified":"2025-07-11T22:38:36","modified_gmt":"2025-07-12T01:38:36","slug":"cancoes-congregacionais","status":"publish","type":"page","link":"https:\/\/franciscanas.org\/portal\/brasil\/cancoes-congregacionais\/","title":{"rendered":"Can\u00e7\u00f5es Congregacionais"},"content":{"rendered":"<p>[et_pb_section fb_built=&#8221;1&#8243; _builder_version=&#8221;4.27.4&#8243; _module_preset=&#8221;default&#8221; custom_padding=&#8221;||6px|||&#8221; global_colors_info=&#8221;{}&#8221;][et_pb_row _builder_version=&#8221;4.27.4&#8243; _module_preset=&#8221;default&#8221; global_colors_info=&#8221;{}&#8221;][et_pb_column type=&#8221;4_4&#8243; _builder_version=&#8221;4.27.4&#8243; _module_preset=&#8221;default&#8221; global_colors_info=&#8221;{}&#8221;][et_pb_post_title meta=&#8221;off&#8221; featured_image=&#8221;off&#8221; _builder_version=&#8221;4.27.4&#8243; _module_preset=&#8221;default&#8221; global_colors_info=&#8221;{}&#8221;][\/et_pb_post_title][et_pb_text _builder_version=&#8221;4.27.4&#8243; _module_preset=&#8221;default&#8221; global_colors_info=&#8221;{}&#8221;]<\/p>\n<p><em>&#8230; Cantemos<span ng-repeat=\"versicle in versicles\" ng-class=\"{selected:versicle.verse_number == search.verse_number}\" class=\"ng-scope\"><span ng-bind-html=\"versicle.verse_content\" class=\"ng-binding\"> louvando o Senhor de todo o cora\u00e7\u00e3o <\/span><\/span><\/em><span ng-repeat=\"versicle in versicles\" ng-class=\"{selected:versicle.verse_number == search.verse_number}\" class=\"ng-scope\"><span ng-bind-html=\"versicle.verse_content\" class=\"ng-binding\">(Ef 5, 19)<\/span><\/span><em><span ng-repeat=\"versicle in versicles\" ng-class=\"{selected:versicle.verse_number == search.verse_number}\" class=\"ng-scope\"><span ng-bind-html=\"versicle.verse_content\" class=\"ng-binding\">.<\/span><\/span><\/em><\/p>\n<p>Recolhemos a preciosa inspira\u00e7\u00e3o de nossas Irm\u00e3s desde sua viv\u00eancia profunda e intimidade com Deus em sintonia com realidade que nos cerca; fazemos vis\u00edvel as melodias in\u00e9ditas de Irm\u00e3s e leigos que ao longo de nossa hist\u00f3ria congregacional vem colaborando e produzindo s\u00edntese da vida, miss\u00e3o, carisma e santidade de nossa querida fundadora, bem como as experi\u00eancias da vida e miss\u00e3o da congrega\u00e7\u00e3o.<\/p>\n<p>Esperamos que estas can\u00e7\u00f5es continuem sendo instrumento \u00fatil para os encontros de grupos, as pastorais e o trabalho mission\u00e1rio onde marcamos presen\u00e7a. As letras e melodias das can\u00e7\u00f5es s\u00e3o composi\u00e7\u00f5es de nossas Irm\u00e3s e de leigos: Irm\u00e3s Esther Myriam \u00c1lvarez, + Irm\u00e3 L\u00eddia Amanda Cuenca, Irm\u00e3 Maria Aleida Cond\u00e9, \u00a0outras Irm\u00e3s e leigos colaboraram com a inspira\u00e7\u00e3o e os detalhes de cada can\u00e7\u00e3o. \u00c9 um trabalho que queremos oferecer a Deus Pai, para o louvor e a gl\u00f3ria de seu santo nome<\/p>\n<p>Partilha esses dons musicais queremos guardar na mem\u00f3ria e comunicar com nossa voz para que as maravilhas de Deus sejam anunciadas e celebradas.<\/p>\n<p>Cantemos com alegria! Cantemos sempre as maravilhas do Senhor!<\/p>\n<p>[\/et_pb_text][\/et_pb_column][\/et_pb_row][\/et_pb_section][et_pb_section fb_built=&#8221;1&#8243; _builder_version=&#8221;4.27.4&#8243; _module_preset=&#8221;default&#8221; custom_padding=&#8221;27px|||||&#8221; global_colors_info=&#8221;{}&#8221;][et_pb_row _builder_version=&#8221;4.27.4&#8243; _module_preset=&#8221;default&#8221; global_colors_info=&#8221;{}&#8221;][et_pb_column type=&#8221;4_4&#8243; _builder_version=&#8221;4.27.4&#8243; _module_preset=&#8221;default&#8221; global_colors_info=&#8221;{}&#8221;][et_pb_text _builder_version=&#8221;4.27.4&#8243; _module_preset=&#8221;default&#8221; global_colors_info=&#8221;{}&#8221;]<\/p>\n<h3>Lista de can\u00e7\u00f5es<\/h3>\n<p>[\/et_pb_text][et_pb_blog fullwidth=&#8221;off&#8221; posts_number=&#8221;12&#8243; include_categories=&#8221;109&#8243; show_author=&#8221;off&#8221; show_date=&#8221;off&#8221; show_categories=&#8221;off&#8221; show_excerpt=&#8221;off&#8221; _builder_version=&#8221;4.27.4&#8243; _module_preset=&#8221;default&#8221; header_level=&#8221;h6&#8243; header_text_align=&#8221;center&#8221; hover_enabled=&#8221;0&#8243; box_shadow_style=&#8221;preset1&#8243; global_colors_info=&#8221;{}&#8221; sticky_enabled=&#8221;0&#8243;][\/et_pb_blog][\/et_pb_column][\/et_pb_row][\/et_pb_section]<\/p>\n","protected":false},"excerpt":{"rendered":"<p>&#8230; Cantemos louvando o Senhor de todo o cora\u00e7\u00e3o (Ef 5, 19). Recolhemos a preciosa inspira\u00e7\u00e3o de nossas Irm\u00e3s desde sua viv\u00eancia profunda e intimidade com Deus em sintonia com realidade que nos cerca; fazemos vis\u00edvel as melodias in\u00e9ditas de Irm\u00e3s e leigos que ao longo de nossa hist\u00f3ria congregacional vem colaborando e produzindo s\u00edntese [&hellip;]<\/p>\n","protected":false},"author":1,"featured_media":0,"parent":0,"menu_order":0,"comment_status":"closed","ping_status":"closed","template":"","meta":{"_et_pb_use_builder":"on","_et_pb_old_content":"","_et_gb_content_width":"","footnotes":""},"class_list":["post-5170","page","type-page","status-publish","hentry"],"_links":{"self":[{"href":"https:\/\/franciscanas.org\/portal\/brasil\/wp-json\/wp\/v2\/pages\/5170","targetHints":{"allow":["GET"]}}],"collection":[{"href":"https:\/\/franciscanas.org\/portal\/brasil\/wp-json\/wp\/v2\/pages"}],"about":[{"href":"https:\/\/franciscanas.org\/portal\/brasil\/wp-json\/wp\/v2\/types\/page"}],"author":[{"embeddable":true,"href":"https:\/\/franciscanas.org\/portal\/brasil\/wp-json\/wp\/v2\/users\/1"}],"replies":[{"embeddable":true,"href":"https:\/\/franciscanas.org\/portal\/brasil\/wp-json\/wp\/v2\/comments?post=5170"}],"version-history":[{"count":10,"href":"https:\/\/franciscanas.org\/portal\/brasil\/wp-json\/wp\/v2\/pages\/5170\/revisions"}],"predecessor-version":[{"id":5994,"href":"https:\/\/franciscanas.org\/portal\/brasil\/wp-json\/wp\/v2\/pages\/5170\/revisions\/5994"}],"wp:attachment":[{"href":"https:\/\/franciscanas.org\/portal\/brasil\/wp-json\/wp\/v2\/media?parent=5170"}],"curies":[{"name":"wp","href":"https:\/\/api.w.org\/{rel}","templated":true}]}}