{"id":488,"date":"2021-07-21T15:19:28","date_gmt":"2021-07-21T18:19:28","guid":{"rendered":"https:\/\/franciscanas.org\/portal\/brasil\/?page_id=488"},"modified":"2023-07-13T21:40:45","modified_gmt":"2023-07-14T00:40:45","slug":"acolhida","status":"publish","type":"page","link":"https:\/\/franciscanas.org\/portal\/brasil\/acolhida\/","title":{"rendered":"Acolhida"},"content":{"rendered":"<p>[et_pb_section fb_built=&#8221;1&#8243; _builder_version=&#8221;4.16&#8243; _module_preset=&#8221;default&#8221; global_colors_info=&#8221;{}&#8221;][et_pb_row _builder_version=&#8221;4.16&#8243; _module_preset=&#8221;default&#8221; global_colors_info=&#8221;{}&#8221;][et_pb_column type=&#8221;4_4&#8243; _builder_version=&#8221;4.16&#8243; _module_preset=&#8221;default&#8221; global_colors_info=&#8221;{}&#8221;][et_pb_text _builder_version=&#8221;4.16&#8243; _module_preset=&#8221;default&#8221; global_colors_info=&#8221;{}&#8221;]<\/p>\n<h1>Acolhida<\/h1>\n<p>[\/et_pb_text][\/et_pb_column][\/et_pb_row][et_pb_row column_structure=&#8221;2_3,1_3&#8243; _builder_version=&#8221;4.16&#8243; _module_preset=&#8221;default&#8221; custom_padding=&#8221;1px||14px|||&#8221; global_colors_info=&#8221;{}&#8221;][et_pb_column type=&#8221;2_3&#8243; _builder_version=&#8221;4.16&#8243; _module_preset=&#8221;default&#8221; global_colors_info=&#8221;{}&#8221;][et_pb_text _builder_version=&#8221;4.16&#8243; _module_preset=&#8221;default&#8221; global_colors_info=&#8221;{}&#8221;]<\/p>\n<p style=\"text-align: justify;\">A acolhida \u00e9 uma atitude que permeia a viv\u00eancia das obras de miseric\u00f3rdia corporais. Est\u00e1 normalmente relacionada com a hospitalidade e fomenta a cultura do encontro. Nada h\u00e1 de melhor que sentir-se acolhido, encontrar abrigo e lar \u201cfora de casa\u201d. Nada mais desolador que sentir-se \u201cestrangeiro(a)\u201d, \u201csem perten\u00e7a\u201d, \u201csem p\u00e1tria\u201d, exclu\u00eddo(a). A acolhida \u00e9 uma atitude que humaniza e dignifica. Na espiritualidade franciscana, a acolhida est\u00e1 diretamente relacionada com a fraternidade, com o modo de tratar os(as) irm\u00e3os(\u00e3s) e na abertura ao diferente. S\u00f3 \u00e9 capaz de acolher a pessoa espiritualmente livre. A acolhida \u00e9 irm\u00e3 da caridade. Est\u00e1 impregnada de bondade, alegria e cortesia.<\/p>\n<p>[\/et_pb_text][\/et_pb_column][et_pb_column type=&#8221;1_3&#8243; _builder_version=&#8221;4.16&#8243; _module_preset=&#8221;default&#8221; global_colors_info=&#8221;{}&#8221;][et_pb_image src=&#8221;https:\/\/franciscanas.org\/portal\/brasil\/wp-content\/uploads\/sites\/5\/2021\/11\/bmv.jpg&#8221; title_text=&#8221;bmv&#8221; _builder_version=&#8221;4.16&#8243; _module_preset=&#8221;default&#8221; global_colors_info=&#8221;{}&#8221;][\/et_pb_image][\/et_pb_column][\/et_pb_row][et_pb_row _builder_version=&#8221;4.16&#8243; _module_preset=&#8221;default&#8221; custom_padding=&#8221;1px|||||&#8221; global_colors_info=&#8221;{}&#8221;][et_pb_column type=&#8221;4_4&#8243; _builder_version=&#8221;4.16&#8243; _module_preset=&#8221;default&#8221; global_colors_info=&#8221;{}&#8221;][et_pb_text _builder_version=&#8221;4.16&#8243; _module_preset=&#8221;default&#8221; global_colors_info=&#8221;{}&#8221;]<\/p>\n<p>A acolhida perpassa a miss\u00e3o das Irm\u00e3s Franciscanas Mission\u00e1rias de Maria Auxiliadora, seja nas iniciativas de evangeliza\u00e7\u00e3o, na a\u00e7\u00e3o pastoral, nas iniciativas de educa\u00e7\u00e3o, sa\u00fade e promo\u00e7\u00e3o social. A Congrega\u00e7\u00e3o mant\u00e9m casas de acolhida para reuni\u00f5es, encontros, forma\u00e7\u00e3o com grupos, retiros, hospedagem e tratamento de sa\u00fade.<\/p>\n<p>Conhe\u00e7a mais&#8230;<\/p>\n<p>[\/et_pb_text][\/et_pb_column][\/et_pb_row][et_pb_row column_structure=&#8221;1_5,1_5,1_5,1_5,1_5&#8243; _builder_version=&#8221;4.16&#8243; _module_preset=&#8221;default&#8221; custom_padding=&#8221;1px|||||&#8221; global_colors_info=&#8221;{}&#8221;][et_pb_column type=&#8221;1_5&#8243; _builder_version=&#8221;4.16&#8243; _module_preset=&#8221;default&#8221; global_colors_info=&#8221;{}&#8221;][et_pb_text _builder_version=&#8221;4.16&#8243; _module_preset=&#8221;default&#8221; text_font=&#8221;Abel||||||||&#8221; text_text_color=&#8221;#331a09&#8243; link_option_url=&#8221;https:\/\/franciscanas.org\/portal\/brasil\/pt_br\/centro-de-espiritualidade\/&#8221; border_width_all=&#8221;2px&#8221; border_color_all=&#8221;#80583c&#8221; box_shadow_style=&#8221;preset1&#8243; global_colors_info=&#8221;{}&#8221;]<\/p>\n<p style=\"text-align: center;\">\n<p style=\"text-align: center;\">Centro de Espiritualidade<\/p>\n<p style=\"text-align: center;\">\n<p style=\"text-align: center;\">\n<p>[\/et_pb_text][\/et_pb_column][et_pb_column type=&#8221;1_5&#8243; _builder_version=&#8221;4.16&#8243; _module_preset=&#8221;default&#8221; global_colors_info=&#8221;{}&#8221;][et_pb_text _builder_version=&#8221;4.16&#8243; _module_preset=&#8221;default&#8221; text_font=&#8221;Abel||||||||&#8221; text_text_color=&#8221;#331a09&#8243; link_option_url=&#8221;https:\/\/franciscanas.org\/portal\/brasil\/pt_br\/caminho-de-auw\/&#8221; border_width_all=&#8221;2px&#8221; border_color_all=&#8221;#80583c&#8221; box_shadow_style=&#8221;preset1&#8243; global_colors_info=&#8221;{}&#8221;]<\/p>\n<p style=\"text-align: center;\">\n<p style=\"text-align: center;\">\n<p style=\"text-align: center;\">Caminho de AUW<\/p>\n<p style=\"text-align: center;\">\n<p style=\"text-align: center;\">\n<p>[\/et_pb_text][\/et_pb_column][et_pb_column type=&#8221;1_5&#8243; _builder_version=&#8221;4.16&#8243; _module_preset=&#8221;default&#8221; global_colors_info=&#8221;{}&#8221;][et_pb_text _builder_version=&#8221;4.21.0&#8243; _module_preset=&#8221;default&#8221; text_font=&#8221;Abel||||||||&#8221; text_text_color=&#8221;#331a09&#8243; header_font=&#8221;||||||||&#8221; link_option_url=&#8221;https:\/\/www.mariahilf-montafon.at\/&#8221; hover_enabled=&#8221;0&#8243; border_width_all=&#8221;2px&#8221; box_shadow_style=&#8221;preset1&#8243; global_colors_info=&#8221;{}&#8221; link_option_url_new_window=&#8221;on&#8221; sticky_enabled=&#8221;0&#8243; locked=&#8221;off&#8221;]<\/p>\n<p style=\"text-align: center;\">\n<p style=\"text-align: center;\">Pens\u00e3o<br \/>Maria Hilf<\/p>\n<p style=\"text-align: center;\">\n<p style=\"text-align: center;\">\n<p>[\/et_pb_text][\/et_pb_column][et_pb_column type=&#8221;1_5&#8243; _builder_version=&#8221;4.16&#8243; _module_preset=&#8221;default&#8221; global_colors_info=&#8221;{}&#8221;][\/et_pb_column][et_pb_column type=&#8221;1_5&#8243; _builder_version=&#8221;4.16&#8243; _module_preset=&#8221;default&#8221; global_colors_info=&#8221;{}&#8221;][\/et_pb_column][\/et_pb_row][\/et_pb_section]<\/p>\n","protected":false},"excerpt":{"rendered":"<p>AcolhidaA acolhida \u00e9 uma atitude que permeia a viv\u00eancia das obras de miseric\u00f3rdia corporais. Est\u00e1 normalmente relacionada com a hospitalidade e fomenta a cultura do encontro. Nada h\u00e1 de melhor que sentir-se acolhido, encontrar abrigo e lar \u201cfora de casa\u201d. Nada mais desolador que sentir-se \u201cestrangeiro(a)\u201d, \u201csem perten\u00e7a\u201d, \u201csem p\u00e1tria\u201d, exclu\u00eddo(a). A acolhida \u00e9 uma [&hellip;]<\/p>\n","protected":false},"author":1,"featured_media":0,"parent":0,"menu_order":0,"comment_status":"closed","ping_status":"closed","template":"","meta":{"_et_pb_use_builder":"on","_et_pb_old_content":"","_et_gb_content_width":"","footnotes":""},"class_list":["post-488","page","type-page","status-publish","hentry"],"_links":{"self":[{"href":"https:\/\/franciscanas.org\/portal\/brasil\/wp-json\/wp\/v2\/pages\/488","targetHints":{"allow":["GET"]}}],"collection":[{"href":"https:\/\/franciscanas.org\/portal\/brasil\/wp-json\/wp\/v2\/pages"}],"about":[{"href":"https:\/\/franciscanas.org\/portal\/brasil\/wp-json\/wp\/v2\/types\/page"}],"author":[{"embeddable":true,"href":"https:\/\/franciscanas.org\/portal\/brasil\/wp-json\/wp\/v2\/users\/1"}],"replies":[{"embeddable":true,"href":"https:\/\/franciscanas.org\/portal\/brasil\/wp-json\/wp\/v2\/comments?post=488"}],"version-history":[{"count":15,"href":"https:\/\/franciscanas.org\/portal\/brasil\/wp-json\/wp\/v2\/pages\/488\/revisions"}],"predecessor-version":[{"id":2951,"href":"https:\/\/franciscanas.org\/portal\/brasil\/wp-json\/wp\/v2\/pages\/488\/revisions\/2951"}],"wp:attachment":[{"href":"https:\/\/franciscanas.org\/portal\/brasil\/wp-json\/wp\/v2\/media?parent=488"}],"curies":[{"name":"wp","href":"https:\/\/api.w.org\/{rel}","templated":true}]}}