{"id":482,"date":"2021-07-21T15:17:08","date_gmt":"2021-07-21T18:17:08","guid":{"rendered":"https:\/\/franciscanas.org\/portal\/brasil\/?page_id=482"},"modified":"2021-09-03T10:08:47","modified_gmt":"2021-09-03T13:08:47","slug":"evangelizacao","status":"publish","type":"page","link":"https:\/\/franciscanas.org\/portal\/brasil\/evangelizacao\/","title":{"rendered":"Evangeliza\u00e7\u00e3o"},"content":{"rendered":"\n[et_pb_section fb_built=&#8221;1&#8243; _builder_version=&#8221;4.9.10&#8243; _module_preset=&#8221;default&#8221; global_colors_info=&#8221;{}&#8221;][et_pb_row _builder_version=&#8221;4.9.10&#8243; _module_preset=&#8221;default&#8221; global_colors_info=&#8221;{}&#8221; custom_padding=&#8221;7px|||||&#8221;][et_pb_column type=&#8221;4_4&#8243; _builder_version=&#8221;4.9.10&#8243; _module_preset=&#8221;default&#8221; global_colors_info=&#8221;{}&#8221;][et_pb_text _builder_version=&#8221;4.9.11&#8243; _module_preset=&#8221;default&#8221; global_colors_info=&#8221;{}&#8221;]<h1>Evangeliza\u00e7\u00e3o<\/h1>[\/et_pb_text][\/et_pb_column][\/et_pb_row][et_pb_row _builder_version=&#8221;4.9.10&#8243; _module_preset=&#8221;default&#8221; custom_padding=&#8221;1px||16px|||&#8221; global_colors_info=&#8221;{}&#8221;][et_pb_column type=&#8221;4_4&#8243; _builder_version=&#8221;4.9.10&#8243; _module_preset=&#8221;default&#8221; global_colors_info=&#8221;{}&#8221;][et_pb_text _builder_version=&#8221;4.9.10&#8243; _module_preset=&#8221;default&#8221; global_colors_info=&#8221;{}&#8221;]<p>Somos uma Congrega\u00e7\u00e3o mission\u00e1ria. A missionariedade \u00e9 consequ\u00eancia do compromisso batismal de todo crist\u00e3o. Engloba duas a\u00e7\u00f5es importantes: a pastoral e a evangeliza\u00e7\u00e3o. O pastoreio indica o acompanhamento daqueles que aderiram \u00e0 comunidade crist\u00e3 e est\u00e3o em forma\u00e7\u00e3o permanente. A evangeliza\u00e7\u00e3o comporta anuncio do Reino de Deus, do Evangelho e da pessoa de Jesus Cristo aos que n\u00e3o o conhecem. <br \/>As Irm\u00e3s Franciscanas Mission\u00e1rias de Maria Auxiliadora atuam nestas frentes, atrav\u00e9s das pastorais da Igreja, nos lugares onde est\u00e3o inseridas. A atua\u00e7\u00e3o das irm\u00e3s acompanham:<\/p>[\/et_pb_text][\/et_pb_column][\/et_pb_row][et_pb_row _builder_version=&#8221;4.9.10&#8243; _module_preset=&#8221;default&#8221; custom_padding=&#8221;6px|||||&#8221; global_colors_info=&#8221;{}&#8221;][et_pb_column type=&#8221;4_4&#8243; _builder_version=&#8221;4.9.10&#8243; _module_preset=&#8221;default&#8221; global_colors_info=&#8221;{}&#8221;][et_pb_text _builder_version=&#8221;4.9.10&#8243; _module_preset=&#8221;default&#8221; global_colors_info=&#8221;{}&#8221;]<ul>\n<li>Pastoral da Crian\u00e7a;<\/li>\n<li>Pontif\u00edcias Obras da Inf\u00e2ncia e Adolesc\u00eancia Mission\u00e1rias &#8211; IAM;<\/li>\n<li>Pastoral Juventude;<\/li>\n<li>Pastoral da Pessoa Idosa;<\/li>\n<li>Pastoral da Visita\u00e7\u00e3o;<\/li>\n<li>Servi\u00e7o de Anima\u00e7\u00e3o Vocacional;<\/li>\n<li>Catequese da Inicia\u00e7\u00e3o \u00e0 Vida Crist\u00e3;<\/li>\n<li>Pastoral Lit\u00fargica<\/li>\n<li>Movimentos Eclesiais de Adolescentes, Jovens, Adultos, Casais;<\/li>\n<li>Associa\u00e7\u00e3o de Leigos Mission\u00e1rios Franciscanos de Madre Bernarda &#8211; ALMABER.<\/li>\n<li>Associa\u00e7\u00f5es laicais presentes na Igreja Local(Ordem Franciscana Secular, Sociedade S\u00e3o Vicente de Paulo&#8230;);<\/li>\n<li>Pastoral da Sa\u00fade;<\/li>\n<li>Pastoral da Educa\u00e7\u00e3o<\/li>\n<li>Pastorais Sociais<\/li>\n<li>Pastoral Familiar;<\/li>\n<li>Pastoral do Migrante<\/li>\n<\/ul>[\/et_pb_text][\/et_pb_column][\/et_pb_row][\/et_pb_section]\n","protected":false},"excerpt":{"rendered":"<p>Evangeliza\u00e7\u00e3oSomos uma Congrega\u00e7\u00e3o mission\u00e1ria. A missionariedade \u00e9 consequ\u00eancia do compromisso batismal de todo crist\u00e3o. Engloba duas a\u00e7\u00f5es importantes: a pastoral e a evangeliza\u00e7\u00e3o. O pastoreio indica o acompanhamento daqueles que aderiram \u00e0 comunidade crist\u00e3 e est\u00e3o em forma\u00e7\u00e3o permanente. A evangeliza\u00e7\u00e3o comporta anuncio do Reino de Deus, do Evangelho e da pessoa de Jesus Cristo [&hellip;]<\/p>\n","protected":false},"author":1,"featured_media":0,"parent":0,"menu_order":0,"comment_status":"closed","ping_status":"closed","template":"","meta":{"_et_pb_use_builder":"on","_et_pb_old_content":"","_et_gb_content_width":"","footnotes":""},"class_list":["post-482","page","type-page","status-publish","hentry"],"_links":{"self":[{"href":"https:\/\/franciscanas.org\/portal\/brasil\/wp-json\/wp\/v2\/pages\/482","targetHints":{"allow":["GET"]}}],"collection":[{"href":"https:\/\/franciscanas.org\/portal\/brasil\/wp-json\/wp\/v2\/pages"}],"about":[{"href":"https:\/\/franciscanas.org\/portal\/brasil\/wp-json\/wp\/v2\/types\/page"}],"author":[{"embeddable":true,"href":"https:\/\/franciscanas.org\/portal\/brasil\/wp-json\/wp\/v2\/users\/1"}],"replies":[{"embeddable":true,"href":"https:\/\/franciscanas.org\/portal\/brasil\/wp-json\/wp\/v2\/comments?post=482"}],"version-history":[{"count":9,"href":"https:\/\/franciscanas.org\/portal\/brasil\/wp-json\/wp\/v2\/pages\/482\/revisions"}],"predecessor-version":[{"id":781,"href":"https:\/\/franciscanas.org\/portal\/brasil\/wp-json\/wp\/v2\/pages\/482\/revisions\/781"}],"wp:attachment":[{"href":"https:\/\/franciscanas.org\/portal\/brasil\/wp-json\/wp\/v2\/media?parent=482"}],"curies":[{"name":"wp","href":"https:\/\/api.w.org\/{rel}","templated":true}]}}