{"id":474,"date":"2021-07-21T15:03:10","date_gmt":"2021-07-21T18:03:10","guid":{"rendered":"https:\/\/franciscanas.org\/portal\/brasil\/?page_id=474"},"modified":"2022-03-28T17:30:49","modified_gmt":"2022-03-28T20:30:49","slug":"social","status":"publish","type":"page","link":"https:\/\/franciscanas.org\/portal\/brasil\/social\/","title":{"rendered":"Social"},"content":{"rendered":"<p>[et_pb_section fb_built=&#8221;1&#8243; _builder_version=&#8221;4.9.10&#8243; _module_preset=&#8221;default&#8221; global_colors_info=&#8221;{}&#8221;][et_pb_row _builder_version=&#8221;4.9.10&#8243; _module_preset=&#8221;default&#8221; global_colors_info=&#8221;{}&#8221;][et_pb_column type=&#8221;4_4&#8243; _builder_version=&#8221;4.9.10&#8243; _module_preset=&#8221;default&#8221; global_colors_info=&#8221;{}&#8221;][et_pb_text _builder_version=&#8221;4.9.10&#8243; _module_preset=&#8221;default&#8221; global_colors_info=&#8221;{}&#8221;]<\/p>\n<h1>Social<\/h1>\n<p>[\/et_pb_text][\/et_pb_column][\/et_pb_row][et_pb_row _builder_version=&#8221;4.9.10&#8243; _module_preset=&#8221;default&#8221; global_colors_info=&#8221;{}&#8221;][et_pb_column type=&#8221;4_4&#8243; _builder_version=&#8221;4.9.10&#8243; _module_preset=&#8221;default&#8221; global_colors_info=&#8221;{}&#8221;][et_pb_text _builder_version=&#8221;4.9.10&#8243; _module_preset=&#8221;default&#8221; global_colors_info=&#8221;{}&#8221;]<\/p>\n<p>A promo\u00e7\u00e3o humana compreende a disponibilidade de melhores condi\u00e7\u00f5es sociais. Isso s\u00f3 \u00e9 poss\u00edvel quando a sociedade e suas institui\u00e7\u00f5es se unem e somam esfor\u00e7os a fim de proporcionar melhores possibilidades de dignidade, autonomia e progresso, cuidando da vida, especialmente para pessoas e grupos vulner\u00e1veis. Na pr\u00e1tica de Jesus, percebemos que a f\u00e9 se traduz em a\u00e7\u00f5es concretas de emancipa\u00e7\u00e3o da pessoa e\/ou no compromisso prof\u00e9tico &#8211; luta pela justi\u00e7a. A tradi\u00e7\u00e3o crist\u00e3 comprova: o compromisso com a Palavra de Deus, com a vida e com as pessoas pode transformar contextos, situa\u00e7\u00f5es concretas e at\u00e9 a hist\u00f3ria dos povos. Na espiritualidade franciscana, o cuidado e a promo\u00e7\u00e3o da vida est\u00e3o na raiz da fraternidade. \u00c9 o modo franciscano de promover a vida. As Irm\u00e3s Franciscanas Mission\u00e1rias de Maria Auxiliadora atuam efetivamente em obras e projetos de assist\u00eancia social.<\/p>\n<p>[\/et_pb_text][\/et_pb_column][\/et_pb_row][et_pb_row _builder_version=&#8221;4.9.10&#8243; _module_preset=&#8221;default&#8221; global_colors_info=&#8221;{}&#8221; custom_padding=&#8221;4px|||||&#8221;][et_pb_column type=&#8221;4_4&#8243; _builder_version=&#8221;4.9.10&#8243; _module_preset=&#8221;default&#8221; global_colors_info=&#8221;{}&#8221;][et_pb_text _builder_version=&#8221;4.14.8&#8243; _module_preset=&#8221;default&#8221; hover_enabled=&#8221;0&#8243; global_colors_info=&#8221;{}&#8221; sticky_enabled=&#8221;0&#8243; custom_padding=&#8221;||0px|||&#8221;]<\/p>\n<p>Nossos projetos focam:<\/p>\n<ul>\n<li><span><\/span>Crian\u00e7as, adolescentes e jovens;<\/li>\n<li><span><\/span>A mulher;<\/li>\n<li><span><\/span>Os Migrantes;<\/li>\n<li><span><\/span>Os Ind\u00edgenas;<\/li>\n<li><span><\/span>Os Catadores;<\/li>\n<li><span><\/span>Profissionaliza\u00e7\u00e3o;<\/li>\n<li><span><\/span>Pessoas com necessidades especiais;<\/li>\n<li><span><\/span>Fam\u00edlias em situa\u00e7\u00e3o de vulnerabilidade e doen\u00e7a;<\/li>\n<li><span><\/span>Cuidado com o meio-ambiente e destina\u00e7\u00e3o de res\u00edduos.\u00a0<\/li>\n<\/ul>\n<ul><\/ul>\n<p>[\/et_pb_text][\/et_pb_column][\/et_pb_row][et_pb_row _builder_version=&#8221;4.9.10&#8243; _module_preset=&#8221;default&#8221; hover_enabled=&#8221;0&#8243; global_colors_info=&#8221;{}&#8221; custom_padding=&#8221;4px|||||&#8221; sticky_enabled=&#8221;0&#8243;][et_pb_column type=&#8221;4_4&#8243; _builder_version=&#8221;4.9.10&#8243; _module_preset=&#8221;default&#8221; global_colors_info=&#8221;{}&#8221;][et_pb_text _builder_version=&#8221;4.14.8&#8243; _module_preset=&#8221;default&#8221; hover_enabled=&#8221;0&#8243; global_colors_info=&#8221;{}&#8221; sticky_enabled=&#8221;0&#8243; custom_padding=&#8221;||0px|||&#8221;]Obras assistenciais:<\/p>\n<li><span><\/span>Resid\u00eancias do longa perman\u00eancia.<\/li>\n<p>[\/et_pb_text][\/et_pb_column][\/et_pb_row][et_pb_row _builder_version=&#8221;4.9.10&#8243; _module_preset=&#8221;default&#8221; global_colors_info=&#8221;{}&#8221;][et_pb_column type=&#8221;4_4&#8243; _builder_version=&#8221;4.9.10&#8243; _module_preset=&#8221;default&#8221; global_colors_info=&#8221;{}&#8221;][et_pb_text _builder_version=&#8221;4.9.10&#8243; _module_preset=&#8221;default&#8221; link_option_url=&#8221;https:\/\/www.transformacao.eco.br&#8221; link_option_url_new_window=&#8221;on&#8221; global_colors_info=&#8221;{}&#8221;]<\/p>\n<h3>Projeto Sociais<\/h3>\n<p>[\/et_pb_text][\/et_pb_column][\/et_pb_row][et_pb_row column_structure=&#8221;1_5,1_5,1_5,1_5,1_5&#8243; _builder_version=&#8221;4.13.1&#8243; _module_preset=&#8221;default&#8221; custom_padding=&#8221;||8px|||&#8221; hover_enabled=&#8221;0&#8243; locked=&#8221;off&#8221; global_colors_info=&#8221;{}&#8221; sticky_enabled=&#8221;0&#8243;][et_pb_column type=&#8221;1_5&#8243; _builder_version=&#8221;4.9.9&#8243; _module_preset=&#8221;default&#8221; global_colors_info=&#8221;{}&#8221;][et_pb_text _builder_version=&#8221;4.14.8&#8243; _module_preset=&#8221;default&#8221; text_font=&#8221;Abel||||||||&#8221; text_text_color=&#8221;#331a09&#8243; link_option_url=&#8221;https:\/\/www.transformacao.eco.br&#8221; link_option_url_new_window=&#8221;on&#8221; hover_enabled=&#8221;0&#8243; border_width_all=&#8221;2px&#8221; border_color_all=&#8221;#331a09&#8243; box_shadow_style=&#8221;preset1&#8243; global_colors_info=&#8221;{}&#8221; sticky_enabled=&#8221;0&#8243;]<\/p>\n<p style=\"text-align: center;\">\n<p style=\"text-align: center;\">\n<p style=\"text-align: center;\">Projeto TransformA\u00e7\u00e3o<\/p>\n<p style=\"text-align: center;\">\n<p style=\"text-align: center;\">[\/et_pb_text][\/et_pb_column][et_pb_column type=&#8221;1_5&#8243; _builder_version=&#8221;4.9.9&#8243; _module_preset=&#8221;default&#8221; global_colors_info=&#8221;{}&#8221;][et_pb_text _builder_version=&#8221;4.14.8&#8243; _module_preset=&#8221;default&#8221; text_font=&#8221;Abel||||||||&#8221; text_text_color=&#8221;#331a09&#8243; link_option_url=&#8221;https:\/\/imabe.org.br\/&#8221; link_option_url_new_window=&#8221;on&#8221; hover_enabled=&#8221;0&#8243; border_width_all=&#8221;2px&#8221; border_color_all=&#8221;#331a09&#8243; box_shadow_style=&#8221;preset1&#8243; global_colors_info=&#8221;{}&#8221; sticky_enabled=&#8221;0&#8243;]<\/p>\n<p style=\"text-align: center;\"><span style=\"font-size: 25px;\"><\/span><\/p>\n<p style=\"text-align: center;\"><span style=\"font-size: 25px;\"><\/span><\/p>\n<p style=\"text-align: center;\"><span style=\"font-size: 25px;\">Instituto Madre Bernarda<\/span><\/p>\n<p style=\"text-align: center;\"><span style=\"font-size: 25px;\"><\/span><\/p>\n<p style=\"text-align: center;\"><span style=\"font-size: 25px;\"><\/span><\/p>\n<p>[\/et_pb_text][\/et_pb_column][et_pb_column type=&#8221;1_5&#8243; _builder_version=&#8221;4.9.9&#8243; _module_preset=&#8221;default&#8221; global_colors_info=&#8221;{}&#8221;][\/et_pb_column][et_pb_column type=&#8221;1_5&#8243; _builder_version=&#8221;4.9.9&#8243; _module_preset=&#8221;default&#8221; global_colors_info=&#8221;{}&#8221;][\/et_pb_column][et_pb_column type=&#8221;1_5&#8243; _builder_version=&#8221;4.9.9&#8243; _module_preset=&#8221;default&#8221; global_colors_info=&#8221;{}&#8221;][\/et_pb_column][\/et_pb_row][\/et_pb_section]<\/p>\n","protected":false},"excerpt":{"rendered":"<p>SocialA promo\u00e7\u00e3o humana compreende a disponibilidade de melhores condi\u00e7\u00f5es sociais. Isso s\u00f3 \u00e9 poss\u00edvel quando a sociedade e suas institui\u00e7\u00f5es se unem e somam esfor\u00e7os a fim de proporcionar melhores possibilidades de dignidade, autonomia e progresso, cuidando da vida, especialmente para pessoas e grupos vulner\u00e1veis. Na pr\u00e1tica de Jesus, percebemos que a f\u00e9 se traduz [&hellip;]<\/p>\n","protected":false},"author":1,"featured_media":0,"parent":0,"menu_order":0,"comment_status":"closed","ping_status":"closed","template":"","meta":{"_et_pb_use_builder":"on","_et_pb_old_content":"","_et_gb_content_width":"","footnotes":""},"class_list":["post-474","page","type-page","status-publish","hentry"],"_links":{"self":[{"href":"https:\/\/franciscanas.org\/portal\/brasil\/wp-json\/wp\/v2\/pages\/474","targetHints":{"allow":["GET"]}}],"collection":[{"href":"https:\/\/franciscanas.org\/portal\/brasil\/wp-json\/wp\/v2\/pages"}],"about":[{"href":"https:\/\/franciscanas.org\/portal\/brasil\/wp-json\/wp\/v2\/types\/page"}],"author":[{"embeddable":true,"href":"https:\/\/franciscanas.org\/portal\/brasil\/wp-json\/wp\/v2\/users\/1"}],"replies":[{"embeddable":true,"href":"https:\/\/franciscanas.org\/portal\/brasil\/wp-json\/wp\/v2\/comments?post=474"}],"version-history":[{"count":13,"href":"https:\/\/franciscanas.org\/portal\/brasil\/wp-json\/wp\/v2\/pages\/474\/revisions"}],"predecessor-version":[{"id":1179,"href":"https:\/\/franciscanas.org\/portal\/brasil\/wp-json\/wp\/v2\/pages\/474\/revisions\/1179"}],"wp:attachment":[{"href":"https:\/\/franciscanas.org\/portal\/brasil\/wp-json\/wp\/v2\/media?parent=474"}],"curies":[{"name":"wp","href":"https:\/\/api.w.org\/{rel}","templated":true}]}}