{"id":278,"date":"2021-07-02T07:04:24","date_gmt":"2021-07-02T10:04:24","guid":{"rendered":"https:\/\/franciscanas.org\/portal\/brasil\/?page_id=278"},"modified":"2022-03-28T17:01:20","modified_gmt":"2022-03-28T20:01:20","slug":"organizacao","status":"publish","type":"page","link":"https:\/\/franciscanas.org\/portal\/brasil\/organizacao\/","title":{"rendered":"Organiza\u00e7\u00e3o"},"content":{"rendered":"<p>[et_pb_section fb_built=&#8221;1&#8243; _builder_version=&#8221;4.9.7&#8243; _module_preset=&#8221;default&#8221; global_colors_info=&#8221;{}&#8221;][et_pb_row _builder_version=&#8221;4.9.9&#8243; _module_preset=&#8221;default&#8221; global_colors_info=&#8221;{}&#8221;][et_pb_column type=&#8221;4_4&#8243; _builder_version=&#8221;4.9.9&#8243; _module_preset=&#8221;default&#8221; global_colors_info=&#8221;{}&#8221;][et_pb_text _builder_version=&#8221;4.9.9&#8243; _module_preset=&#8221;default&#8221; global_colors_info=&#8221;{}&#8221;]<\/p>\n<h1>Organiza\u00e7\u00e3o<\/h1>\n<p>[\/et_pb_text][\/et_pb_column][\/et_pb_row][et_pb_row column_structure=&#8221;3_5,2_5&#8243; _builder_version=&#8221;4.9.9&#8243; _module_preset=&#8221;default&#8221; custom_padding=&#8221;2px|||||&#8221; global_colors_info=&#8221;{}&#8221;][et_pb_column type=&#8221;3_5&#8243; _builder_version=&#8221;4.9.9&#8243; _module_preset=&#8221;default&#8221; global_colors_info=&#8221;{}&#8221;][et_pb_text _builder_version=&#8221;4.13.1&#8243; _module_preset=&#8221;default&#8221; custom_margin=&#8221;||23px|||&#8221; global_colors_info=&#8221;{}&#8221;]<\/p>\n<p style=\"text-align: justify;\">A Congrega\u00e7\u00e3o tem sua Sede Geral em Bogot\u00e1 na Col\u00f4mbia. Conta ainda com algumas sedes regionais e administrativas para o acompanhamento da miss\u00e3o e a gest\u00e3o das obras, em conson\u00e2ncia com a constitui\u00e7\u00e3o e as leis de cada pa\u00eds.<\/p>\n<p style=\"text-align: justify;\">Confira nossos endere\u00e7os:<\/p>\n<p>[\/et_pb_text][et_pb_text _builder_version=&#8221;4.14.8&#8243; _module_preset=&#8221;default&#8221; custom_padding=&#8221;||||false|false&#8221; hover_enabled=&#8221;0&#8243; global_colors_info=&#8221;{}&#8221; sticky_enabled=&#8221;0&#8243; custom_margin=&#8221;||17px|||&#8221;]<\/p>\n<h3>Sede Geral da Congrega\u00e7\u00e3o<\/h3>\n<p>[\/et_pb_text][et_pb_text _builder_version=&#8221;4.14.8&#8243; _module_preset=&#8221;default&#8221; custom_padding=&#8221;|||0px|false|false&#8221; hover_enabled=&#8221;0&#8243; global_colors_info=&#8221;{}&#8221; sticky_enabled=&#8221;0&#8243;]<\/p>\n<p style=\"padding-left: 40px;\">Rua 16 N\u00ba 136-33<br \/>Bairro Contador<br \/>Bogot\u00e1 &#8211; Col\u00f4mbia<br \/>Fone: <span>(Colombia +57)<\/span> 601 642 3133<\/p>\n<p>[\/et_pb_text][\/et_pb_column][et_pb_column type=&#8221;2_5&#8243; _builder_version=&#8221;4.9.9&#8243; _module_preset=&#8221;default&#8221; global_colors_info=&#8221;{}&#8221;][et_pb_image src=&#8221;https:\/\/franciscanas.org\/portal\/brasil\/wp-content\/uploads\/sites\/5\/2021\/11\/gps.png&#8221; title_text=&#8221;gps&#8221; _builder_version=&#8221;4.13.1&#8243; _module_preset=&#8221;default&#8221; global_colors_info=&#8221;{}&#8221;][\/et_pb_image][\/et_pb_column][\/et_pb_row][et_pb_row _builder_version=&#8221;4.9.9&#8243; _module_preset=&#8221;default&#8221; global_colors_info=&#8221;{}&#8221;][et_pb_column type=&#8221;4_4&#8243; _builder_version=&#8221;4.9.9&#8243; _module_preset=&#8221;default&#8221; global_colors_info=&#8221;{}&#8221;][et_pb_text _builder_version=&#8221;4.14.8&#8243; _module_preset=&#8221;default&#8221; custom_padding=&#8221;||||false|false&#8221; hover_enabled=&#8221;0&#8243; global_colors_info=&#8221;{}&#8221; sticky_enabled=&#8221;0&#8243; locked=&#8221;off&#8221;]<\/p>\n<h3>Sedes de las Regiones Misioneras<\/h3>\n<p>[\/et_pb_text][\/et_pb_column][\/et_pb_row][et_pb_row column_structure=&#8221;1_3,1_3,1_3&#8243; _builder_version=&#8221;4.9.7&#8243; _module_preset=&#8221;default&#8221; custom_padding=&#8221;2px|||||&#8221; hover_enabled=&#8221;0&#8243; global_colors_info=&#8221;{}&#8221; sticky_enabled=&#8221;0&#8243; locked=&#8221;off&#8221;][et_pb_column type=&#8221;1_3&#8243; _builder_version=&#8221;4.9.7&#8243; _module_preset=&#8221;default&#8221; global_colors_info=&#8221;{}&#8221;][et_pb_text _builder_version=&#8221;4.14.8&#8243; _module_preset=&#8221;default&#8221; text_font_size=&#8221;20px&#8221; hover_enabled=&#8221;0&#8243; global_colors_info=&#8221;{}&#8221; sticky_enabled=&#8221;0&#8243; custom_padding=&#8221;|6px||||&#8221;]<\/p>\n<h2>Regi\u00e3o Missionaria Santa Clara<\/h2>\n<p>Carrera 20c n\u00ba45\u201380\/ Calle 45c<br \/>Parte lateral de Bomberos<br \/>Barrio Buenos Aires &#8211; Vergel<br \/>Medellin, Antioquia &#8211; Colombia<br \/>Fone: (Colombia +57) 604 221 2557<br \/>libiaacostamendoza23@gmail.com<\/p>\n<p>&nbsp;<\/p>\n<p>[\/et_pb_text][\/et_pb_column][et_pb_column type=&#8221;1_3&#8243; _builder_version=&#8221;4.9.7&#8243; _module_preset=&#8221;default&#8221; global_colors_info=&#8221;{}&#8221;][et_pb_text _builder_version=&#8221;4.14.8&#8243; _module_preset=&#8221;default&#8221; text_font_size=&#8221;20px&#8221; hover_enabled=&#8221;0&#8243; global_colors_info=&#8221;{}&#8221; sticky_enabled=&#8221;0&#8243; custom_padding=&#8221;|7px||||&#8221;]<\/p>\n<h2>Regi\u00e3o Mission\u00e1ria\u00a0 Santa Maria Bernarda<\/h2>\n<p>Calle 12 (Saliendo)<br \/>Bairro Siete Trojes<br \/>Funza, Cundinamarca &#8211; Colombia<br \/>Fone: (Colombia +57) 601 826 4252<br \/>Celular: (Colombia +57) 312 592 5069 <br \/>ssantamariabernarda@gmail.com<\/p>\n<p>[\/et_pb_text][\/et_pb_column][et_pb_column type=&#8221;1_3&#8243; _builder_version=&#8221;4.9.7&#8243; _module_preset=&#8221;default&#8221; global_colors_info=&#8221;{}&#8221;][et_pb_text _builder_version=&#8221;4.10.4&#8243; _module_preset=&#8221;default&#8221; text_font_size=&#8221;20px&#8221; global_colors_info=&#8221;{}&#8221; custom_padding=&#8221;|1px||||&#8221;]<\/p>\n<h2>Regi\u00e3o Mission\u00e1ria S\u00e3o Francisco de Assis<\/h2>\n<p>Rua Pe. Champagnat, 04<br \/>Bairro Lucas Ara\u00fajo, Passo Fundo,\u00a0 Rio Grande do Sul &#8211; Brasil<br \/>Fone: (Brasil +55) 54 3311 7433<br \/>secretaria@franciscanasbr.org<\/p>\n<p>&nbsp;<\/p>\n<p>[\/et_pb_text][\/et_pb_column][\/et_pb_row][\/et_pb_section]<\/p>\n","protected":false},"excerpt":{"rendered":"<p>Organiza\u00e7\u00e3oA Congrega\u00e7\u00e3o tem sua Sede Geral em Bogot\u00e1 na Col\u00f4mbia. Conta ainda com algumas sedes regionais e administrativas para o acompanhamento da miss\u00e3o e a gest\u00e3o das obras, em conson\u00e2ncia com a constitui\u00e7\u00e3o e as leis de cada pa\u00eds. Confira nossos endere\u00e7os:Sede Geral da Congrega\u00e7\u00e3oRua 16 N\u00ba 136-33Bairro ContadorBogot\u00e1 &#8211; Col\u00f4mbiaFone: (Colombia +57) 601 642 [&hellip;]<\/p>\n","protected":false},"author":1,"featured_media":0,"parent":0,"menu_order":0,"comment_status":"closed","ping_status":"closed","template":"","meta":{"_et_pb_use_builder":"on","_et_pb_old_content":"","_et_gb_content_width":"","footnotes":""},"class_list":["post-278","page","type-page","status-publish","hentry"],"_links":{"self":[{"href":"https:\/\/franciscanas.org\/portal\/brasil\/wp-json\/wp\/v2\/pages\/278","targetHints":{"allow":["GET"]}}],"collection":[{"href":"https:\/\/franciscanas.org\/portal\/brasil\/wp-json\/wp\/v2\/pages"}],"about":[{"href":"https:\/\/franciscanas.org\/portal\/brasil\/wp-json\/wp\/v2\/types\/page"}],"author":[{"embeddable":true,"href":"https:\/\/franciscanas.org\/portal\/brasil\/wp-json\/wp\/v2\/users\/1"}],"replies":[{"embeddable":true,"href":"https:\/\/franciscanas.org\/portal\/brasil\/wp-json\/wp\/v2\/comments?post=278"}],"version-history":[{"count":26,"href":"https:\/\/franciscanas.org\/portal\/brasil\/wp-json\/wp\/v2\/pages\/278\/revisions"}],"predecessor-version":[{"id":1167,"href":"https:\/\/franciscanas.org\/portal\/brasil\/wp-json\/wp\/v2\/pages\/278\/revisions\/1167"}],"wp:attachment":[{"href":"https:\/\/franciscanas.org\/portal\/brasil\/wp-json\/wp\/v2\/media?parent=278"}],"curies":[{"name":"wp","href":"https:\/\/api.w.org\/{rel}","templated":true}]}}