{"id":255,"date":"2021-07-02T06:48:33","date_gmt":"2021-07-02T09:48:33","guid":{"rendered":"https:\/\/franciscanas.org\/portal\/brasil\/?page_id=255"},"modified":"2021-11-20T12:42:33","modified_gmt":"2021-11-20T15:42:33","slug":"regra-da-tor","status":"publish","type":"page","link":"https:\/\/franciscanas.org\/portal\/brasil\/regra-da-tor\/","title":{"rendered":"Regra da TOR"},"content":{"rendered":"<p>[et_pb_section fb_built=&#8221;1&#8243; _builder_version=&#8221;4.9.7&#8243; _module_preset=&#8221;default&#8221; global_colors_info=&#8221;{}&#8221;][et_pb_row _builder_version=&#8221;4.10.4&#8243; _module_preset=&#8221;default&#8221; custom_padding=&#8221;4px|||||&#8221; global_colors_info=&#8221;{}&#8221;][et_pb_column type=&#8221;4_4&#8243; _builder_version=&#8221;4.10.4&#8243; _module_preset=&#8221;default&#8221; global_colors_info=&#8221;{}&#8221;][et_pb_text _builder_version=&#8221;4.10.4&#8243; _module_preset=&#8221;default&#8221; global_colors_info=&#8221;{}&#8221;]<\/p>\n<h1>Regra da TOR<\/h1>\n<p>[\/et_pb_text][\/et_pb_column][\/et_pb_row][et_pb_row _builder_version=&#8221;4.10.4&#8243; _module_preset=&#8221;default&#8221; custom_padding=&#8221;4px||0px|||&#8221; global_colors_info=&#8221;{}&#8221; column_structure=&#8221;3_5,2_5&#8243;][et_pb_column type=&#8221;3_5&#8243; _builder_version=&#8221;4.10.4&#8243; _module_preset=&#8221;default&#8221; global_colors_info=&#8221;{}&#8221;][et_pb_text _builder_version=&#8221;4.13.1&#8243; _module_preset=&#8221;default&#8221; hover_enabled=&#8221;0&#8243; global_colors_info=&#8221;{}&#8221; sticky_enabled=&#8221;0&#8243; min_height=&#8221;70px&#8221; custom_padding=&#8221;40px||0px|||&#8221;]<\/p>\n<p style=\"text-align: justify;\">A regra da Terceira Ordem Regular de S\u00e3o Francisco de Assis , conhecida como a regra da TOR, \u00e9 a que orienta nossa forma de vida.<\/p>\n<p style=\"text-align: justify;\">\n<p style=\"text-align: justify;\">Veja os t\u00f3picos abaixo e conhe\u00e7a a regra na \u00edntegra.<\/p>\n<p>[\/et_pb_text][\/et_pb_column][et_pb_column type=&#8221;2_5&#8243; _builder_version=&#8221;4.10.4&#8243; _module_preset=&#8221;default&#8221; global_colors_info=&#8221;{}&#8221;][et_pb_image src=&#8221;https:\/\/franciscanas.org\/portal\/brasil\/wp-content\/uploads\/sites\/5\/2021\/11\/bussula.png&#8221; _builder_version=&#8221;4.13.1&#8243; _module_preset=&#8221;default&#8221; title_text=&#8221;bussula&#8221; hover_enabled=&#8221;0&#8243; sticky_enabled=&#8221;0&#8243;][\/et_pb_image][\/et_pb_column][\/et_pb_row][et_pb_row _builder_version=&#8221;4.13.1&#8243; _module_preset=&#8221;default&#8221; custom_padding=&#8221;1px|||||&#8221; hover_enabled=&#8221;0&#8243; global_colors_info=&#8221;{}&#8221; sticky_enabled=&#8221;0&#8243;][et_pb_column type=&#8221;4_4&#8243; _builder_version=&#8221;4.9.7&#8243; _module_preset=&#8221;default&#8221; global_colors_info=&#8221;{}&#8221;][et_pb_toggle title=&#8221;PALAVRAS DE S\u00c3O FRANCISCO A SEUS SEGUIDORES&#8221; _builder_version=&#8221;4.13.1&#8243; _module_preset=&#8221;default&#8221; title_text_color=&#8221;#653622&#8243; hover_enabled=&#8221;0&#8243; global_colors_info=&#8221;{}&#8221; sticky_enabled=&#8221;0&#8243;]<\/p>\n<p style=\"text-align: justify;\">&#8220;Todos aqueles que amam o Senhor de todo o cora\u00e7\u00e3o, de toda alma e mente, com todo o vigor, e amam seu pr\u00f3ximo como a si mesmos, odeiam seus corpos com os v\u00edcios e pecados e recebem o corpo e o sangue de Nosso Senhor Jesus Cristo, e fazem dignos frutos de penit\u00eancia: Oh! Como s\u00e3o felizes e benditos estes e estas enquanto fazem tais obras e nelas perseveram, porque o Esp\u00edrito do Senhor repousar\u00e1 sobre eles e neles far\u00e1 habita\u00e7\u00e3o e morada. E s\u00e3o filhos do Pai celeste, cujas obras fazem, e s\u00e3o esposos, irm\u00e3os e m\u00e3es de Nosso Senhor Jesus Cristo. Somos esposos, quando no Esp\u00edrito Santo a alma fiel \u00e9 unida a Nosso Senhor Jesus Cristo.<\/p>\n<p style=\"text-align: justify;\">Somos seus irm\u00e3os, quando fazemos a vontade do pai que est\u00e1 nos c\u00e9us; m\u00e3es, quando O trazemos no cora\u00e7\u00e3o e no nosso corpo impregnados de amor divino e, de consci\u00eancia pura e sincera, O geramos pelo santo operar, que deve brilhar aos outros como exemplo. Oh! Como \u00e9 glorioso, santo e grande ter nos c\u00e9us um Pai! Oh! Como \u00e9 santo, consolador, belo e admir\u00e1vel ter tal esposo! Oh! Como \u00e9 santo e dileto, benfazejo, humilde, pac\u00edfico, doce, am\u00e1vel e, acima de tudo, desej\u00e1vel ter tal irm\u00e3o e tal filho: Nosso Senhor Jesus Cristo, que deu sua vida pelas ovelhas e orou ao Pai dizendo: Pai santo, guarda-os em teu nome os que me deste no mundo. Eram teus e os deste a mim. E dei-lhes as palavras que me deste e eles receberam e acreditaram verdadeiramente que sa\u00ed de ti e reconheceram que tu me enviaste. Rogo por eles e n\u00e3o pelo mundo. Aben\u00e7oa-os e santifica-os, e por eles santifico-me a mim mesmo. N\u00e3o rogo apenas por eles, mas tamb\u00e9m por aqueles que h\u00e3o de acreditar em mim pela palavra deles, para que sejam santificados na unidade, como n\u00f3s. E quero, \u00f3 Pai, que, onde eu estou, tamb\u00e9m eles estejam comigo, para que vejam a minha gl\u00f3ria no teu reino.<\/p>\n<p style=\"text-align: justify;\">Am\u00e9n.<\/p>\n<p>[\/et_pb_toggle][et_pb_toggle title=&#8221;EM NOME DO SENHOR!&#8221; _builder_version=&#8221;4.10.4&#8243; _module_preset=&#8221;default&#8221; title_text_color=&#8221;#653622&#8243; global_colors_info=&#8221;{}&#8221;]<\/p>\n<p>COME\u00c7A A REGRA E A VIDA DOS IRM\u00c3OS E IRM\u00c3S DA TERCEIRA ORDEM REGULAR DE S\u00c3O FRANCISCO<\/p>\n<p>[\/et_pb_toggle][et_pb_toggle title=&#8221;Cap\u00edtulo 1 | Nossa identidade &#8221; _builder_version=&#8221;4.13.1&#8243; _module_preset=&#8221;default&#8221; title_text_color=&#8221;#653622&#8243; hover_enabled=&#8221;0&#8243; global_colors_info=&#8221;{}&#8221; custom_margin=&#8221;||36px|||&#8221; sticky_enabled=&#8221;0&#8243;]<\/p>\n<p style=\"text-align: justify;\">1. A forma de vida dos irm\u00e3os e irm\u00e3s da Terceira Ordem Regular de S\u00e3o Francisco \u00e9 observar o santo evangelho de Nosso Senhor Jesus Cristo, vivendo em obedi\u00eancia, em pobreza e em castidade. Seguindo a Jesus Cristo, a exemplo de S\u00e3o Francisco, est\u00e3o obrigados a fazer mais e maiores coisas, observando os preceitos e conselhos de nosso Senhor Jesus Cristo, e devem abnegar-se a si mesmos conforme cada um prometeu ao senhor.<br \/>2. Os irm\u00e3os e irm\u00e3s desta Ordem, juntamente com todos os que querem servir ao Senhor Deus na santa Igreja Cat\u00f3lica e Apost\u00f3lica, perseverem na verdadeira f\u00e9 e penit\u00eancia. Queiram viver esta convers\u00e3o evang\u00e9lica em esp\u00edrito de ora\u00e7\u00e3o, de pobreza e humildade. abstenham-se de todo o mal e perseverem no bem at\u00e9 o fim, porque o mesmo filho de Deus vir\u00e1 em gl\u00f3ria e dir\u00e1 a todos que o conheceram, adoraram e lhe serviram em penit\u00eancia: Vinde, benditos de meu Pai, recebei o Reino que vos est\u00e1 preparado desde a origem do mundo.<br \/>3. Os irm\u00e3os e as irm\u00e3s prometem obedi\u00eancia ao Papa e \u00e0 Igreja Cat\u00f3lica. No mesmo esp\u00edrito obede\u00e7am \u00e0queles que foram institu\u00eddos no servi\u00e7o da fraternidade. E onde quer que estejam e sempre que se encontrarem em algum lugar, devem respeitar-se e honrar-se espiritual e diligentemente uns aos outros e fomentem a unidade e a comunh\u00e3o com todos os membros da fam\u00edlia franciscana.<\/p>\n<p>[\/et_pb_toggle][et_pb_toggle title=&#8221;Cap\u00edtulo 2 | Do modo de aceitar esta vida&#8221; _builder_version=&#8221;4.10.4&#8243; _module_preset=&#8221;default&#8221; title_text_color=&#8221;#653622&#8243; global_colors_info=&#8221;{}&#8221;]<\/p>\n<p style=\"text-align: justify;\"><span>4. <\/span>Aqueles que, por inspira\u00e7\u00e3o do Senhor v\u00eam a n\u00f3s, querendo aceitar esta vida, sejam recebidos benignamente. E no tempo oportuno sejam eles apresentados aos ministros, aos quais cabe o poder de admiti-los \u00e0 fraternidade.<\/p>\n<p style=\"text-align: justify;\">5. Os ministros se certifiquem se os aspirantes t\u00eam verdadeira ades\u00e3o \u00e0 f\u00e9 cat\u00f3lica e aos sacramentos da Igreja. Se eles forem id\u00f4neos, sejam iniciados na vida da fraternidade. Seja-lhes diligentemente exposto tudo o que pertence a esta vida evang\u00e9lica, especialmente estas palavras do Senhor: Se queres ser perfeito, vai e vende tudo o que tens, d\u00e1-o aos pobres, e ter\u00e1s um tesouro nos c\u00e9us, e vem e segue-me. E se algu\u00e9m quiser vir depois de mim, renuncie a si mesmo, carregue sua cruz e siga-me.<\/p>\n<p style=\"text-align: justify;\">6. Assim, conduzidos pelo Senhor, iniciem a vida de penit\u00eancia, cientes de que todos n\u00f3s estamos em cont\u00ednua convers\u00e3o. Como sinal de convers\u00e3o e consagra\u00e7\u00e3o \u00e0 vida evang\u00e9lica usem vestes baratas e vivam de modo simples.<\/p>\n<p style=\"text-align: justify;\"><span>7. <\/span>Terminado o tempo de prova\u00e7\u00e3o sejam recebidos \u00e0 obedi\u00eancia, prometendo observar sempre esta vida e regra. E pondo de lado todos os cuidados e inquieta\u00e7\u00f5es esforcem-se, da melhor maneira que puderem, por servir, amar, honrar e adorar o Senhor Deus com o cora\u00e7\u00e3o limpo e a mente pura.<\/p>\n<p style=\"text-align: justify;\">8. Fa\u00e7am sempre em si mesmos uma habita\u00e7\u00e3o e uma morada para Ele, que \u00e9 o Senhor Deus onipotente, Pai, Filho e Esp\u00edrito Santo. E assim com o cora\u00e7\u00e3o indiviso cres\u00e7am no amor universal, convertendo-se continuamente a Deus e ao pr\u00f3ximo.<\/p>\n<p>[\/et_pb_toggle][et_pb_toggle title=&#8221;Cap\u00edtulo 3 | Do esp\u00edrito de ora\u00e7\u00e3o&#8221; _builder_version=&#8221;4.10.4&#8243; _module_preset=&#8221;default&#8221; title_text_color=&#8221;#653622&#8243; global_colors_info=&#8221;{}&#8221;]<\/p>\n<p style=\"text-align: justify;\">9. Os irm\u00e3os e as irm\u00e3s, por toda parte, em todo lugar, a toda hora e todo o tempo, creiam na veracidade e humildade, tenham no cora\u00e7\u00e3o e amem. Honrem, adorem, sirvam, louvem, bendigam e glorifiquem o Alt\u00edssimo e sumo Deus eterno, Pai, Filho e Esp\u00edrito Santo. E o adorem com o cora\u00e7\u00e3o puro, porque \u00e9 necess\u00e1rio rezar sempre sem desfalecer; pois o Pai busca tais adoradores. No mesmo esp\u00edrito celebrem o Of\u00edcio Divino em uni\u00e3o com a Igreja universal. Aqueles e aquelas que o Senhor chamou para a vida de contempla\u00e7\u00e3o manifestem sua dedica\u00e7\u00e3o Deus, com alegria renovada todos os dias, celebrem o amor que o Pai tem pelo mundo. Ele, que nos criou, redimiu e nos salvar\u00e1 por pura miseric\u00f3rdia.<br \/>10. Os irm\u00e3os e as irm\u00e3s louvem ao Senhor, rei do c\u00e9u e da terra, com todas as suas criaturas, e lhe rendam gra\u00e7as, porque por sua santa vontade e por seu Filho \u00fanico com o Esp\u00edrito Santo criou todas as coisas espirituais e corporais e nos fez \u00e0 sua imagem e semelhan\u00e7a.<br \/>11. Os irm\u00e3os e as irm\u00e3s, conformando-se totalmente ao santo evangelho, meditem e conservem as palavras de Nosso Senhor Jesus Cristo, que \u00e9 o Verbo do Pai, e as palavras do Esp\u00edrito Santo, que s\u00e3o esp\u00edrito e vida.<br \/>12. Participem do sacrif\u00edcio de Nosso Senhor Jesus Cristo e recebam seu corpo e sangue com grande humildade e venera\u00e7\u00e3o, recordando o que diz o Senhor: Quem come a minha carne e bebe o meu sangue tem a vida eterna. Mostrem toda rever\u00eancia e honra, tanto quanto puderem, aos sant\u00edssimos corpo e sangue de Nosso Senhor Jesus Cristo e a seus sacrat\u00edssimos nome e palavras escritas, em quem todas as coisas no c\u00e9us e na terra foram pacificadas e reconciliadas com Deus onipotente.<br \/>13. E os irm\u00e3os e as irm\u00e3s em todas as suas ofensas, n\u00e3o tardem em punir-se interiormente pela contri\u00e7\u00e3o e exteriormente pela confiss\u00e3o, e fa\u00e7am dignos frutos de penit\u00eancia. Devem tamb\u00e9m jejuar, mas procurem ser sempre simples e humildes. Portanto, nenhuma outra coisa desejem, a n\u00e3o ser o Nosso Salvador, que pelo seu pr\u00f3prio sangue se ofereceu a si mesmo em sacrif\u00edcio e como h\u00f3stia sobre o altar da cruz, pelos nossos pecados, deixando-nos o exemplo para que sigamos seus vest\u00edgios.<\/p>\n<p>[\/et_pb_toggle][et_pb_toggle title=&#8221;Cap\u00edtulo 4 | Da vida em castidade por causa do Reino dos C\u00e9us&#8221; _builder_version=&#8221;4.13.1&#8243; _module_preset=&#8221;default&#8221; title_text_color=&#8221;#653622&#8243; hover_enabled=&#8221;0&#8243; global_colors_info=&#8221;{}&#8221; sticky_enabled=&#8221;0&#8243;]<\/p>\n<p style=\"text-align: justify;\">14. Os irm\u00e3os e as irm\u00e3s considerem a que excel\u00eancia o Senhor os elevou, porque ele os criou segundo o corpo \u00e0 imagem de seu Filho dileto, e segundo o esp\u00edrito \u00e0 sua semelhan\u00e7a. Criados por Cristo e em Cristo, escolheram eles essa forma de vida, que est\u00e1 fundamentada nas palavras e exemplos de Nosso Redentor.<br \/>15. Os que professam a castidade por causa do Reino dos C\u00e9us s\u00e3o sol\u00edcitos naquilo que \u00e9 do Senhor, e n\u00e3o tem outra coisa para fazer, a n\u00e3o ser seguir a vontade do Senhor e agradar-lhe, e fa\u00e7am tudo de tal modo, que o amor a Deus e a todos os irm\u00e3os brilhe pelas suas obras. <br \/>16. Lembrem-se de que foram chamados pelo ex\u00edmio dom da gra\u00e7a, para manifestar em suas vidas aquele admir\u00e1vel mist\u00e9rio da Igreja, pelo qual ela est\u00e1 unida ao Cristo, seu divino esposo.<br \/>17. Tenham diante dos olhos, sobretudo, o exemplo da Sant\u00edssima Virgem Maria, M\u00e3e de Deus e de nosso senhor Jesus cristo. Fa\u00e7am isto segundo o mandato de S\u00e3o Francisco, que teve a m\u00e1xima venera\u00e7\u00e3o para Santa Maria, Senhora e Rainha, que se tornou a virgem igreja. E recordem-se de que a imaculada virgem Maria chamou a si mesma de serva do Senhor, e sigam o exemplo.<\/p>\n<p>[\/et_pb_toggle][et_pb_toggle title=&#8221;Cap\u00edtulo 5 | Do modo de servir e trabalhar&#8221; _builder_version=&#8221;4.13.1&#8243; _module_preset=&#8221;default&#8221; title_text_color=&#8221;#653622&#8243; hover_enabled=&#8221;0&#8243; global_colors_info=&#8221;{}&#8221; sticky_enabled=&#8221;0&#8243;]<\/p>\n<p style=\"text-align: justify;\">18. Como pobres, os irm\u00e3os e irm\u00e3s, a quem o Senhor deu a gra\u00e7a de servir e trabalhar, sirvam e trabalhem fiel e devotamente de tal modo que, exclu\u00edda a ociosidade, inimiga da alma, n\u00e3o extingam o esp\u00edrito da santa ora\u00e7\u00e3o e devo\u00e7\u00e3o, ao qual devem servir todas as outras coisas temporais.<br \/>19. Em paga pelo trabalho, por\u00e9m, recebam para si e para os seus irm\u00e3os e irm\u00e3s as coisas necess\u00e1rias para o corpo e fa\u00e7am isso humildemente, assim como conv\u00e9m a servos de Deus e seguidores da sant\u00edssima pobreza. E tudo o que sobrar procurem dar aos pobres. E nunca devem desejar estar acima dos outros, mas devem muito mais ser servos e s\u00fadito de toda humana criatura por causa de Deus.<br \/>20. Os irm\u00e3os e as irm\u00e3s sejam suaves, pac\u00edficos e modestos, mansos e humildes, e falem honestamente com todos, como conv\u00e9m. E onde quer que estiverem ou andarem pelo mundo, n\u00e3o briguem nem fa\u00e7am contendas com palavras, nem julguem os outros, mas mostrem-se sempre alegres no Senhor, joviais e convenientemente graciosos. Como sauda\u00e7\u00e3o digam: o Senhor te d\u00ea a paz.<\/p>\n<p>[\/et_pb_toggle][et_pb_toggle title=&#8221;Cap\u00edtulo 6 | Da vida em pobreza&#8221; _builder_version=&#8221;4.13.1&#8243; _module_preset=&#8221;default&#8221; title_text_color=&#8221;#653622&#8243; hover_enabled=&#8221;0&#8243; global_colors_info=&#8221;{}&#8221; sticky_enabled=&#8221;0&#8243;]<\/p>\n<p style=\"text-align: justify;\">21. Todos os irm\u00e3os e irm\u00e3s se empenhem em seguir a humildade e pobreza de Nosso Senhor Jesus Cristo, que, sendo infinitamente rico, quis ele mesmo no mundo, juntamente com a bem-aventurada Virgem, sua M\u00e3e, escolher a pobreza e aniquilar-se a si mesmo. E recordem-se que n\u00e3o nos \u00e9 necess\u00e1ria ter nenhuma outra coisa no mundo inteiro, a n\u00e3o ser como diz o ap\u00f3stolo: Tendo alimento e com que nos cobrir, com isso estamos contentes. E tomem muito cuidado com o dinheiro. E devem alegrar-se quando se acharem entre pessoas vis e desprezadas ou entre os pobres, os fracos, os leprosos e junto dos que mendigam pela rua.<br \/>22. Os que s\u00e3o verdadeiramente pobres no vigor do esp\u00edrito, e seguem o exemplo do Senhor, de nada se apropriam nem se defendem contra o outro, mas vivem como peregrinos estrangeiros neste s\u00e9culo. Esta \u00e9 aquela grandeza da alt\u00edssima pobreza que nos instituiu herdeiros e reis do reino dos c\u00e9us, que nos fez pobres de coisas , mas nos sublimou pelas virtudes. Esta seja a nossa por\u00e7\u00e3o que nos conduz \u00e0 terra dos vivos. Totalmente apegados a ela, em nome de nosso Senhor Jesus Cristo n\u00e3o queiramos jamais ter nenhuma outra ciosa debaixo dos c\u00e9us.<\/p>\n<p>[\/et_pb_toggle][et_pb_toggle title=&#8221;Cap\u00edtulo 7 | Da vida fraterna&#8221; _builder_version=&#8221;4.13.1&#8243; _module_preset=&#8221;default&#8221; title_text_color=&#8221;#653622&#8243; hover_enabled=&#8221;0&#8243; global_colors_info=&#8221;{}&#8221; sticky_enabled=&#8221;0&#8243;]<\/p>\n<p style=\"text-align: justify;\">23. Por causa do amor de Deus, os irm\u00e3os e as irm\u00e3s amem-se uns aos outros, como diz o Senhor: Este \u00e9 o meu mandamento, que vos ameis uns aos outros como eu vos amei. E manifestem pelas obras o amor que t\u00eam para com o outro. E com confian\u00e7a manifeste um ao outro sua necessidade, para que ele encontre o necess\u00e1rio e lhe sirva. Bem-aventurados aqueles que amarem o outro tanto quando ele est\u00e1 doente e n\u00e3o pode satisfazer-lhes como quando ele est\u00e1 s\u00e3o e pode satisfazer-lhes. E por tudo que lhes acontecer rendam gra\u00e7as ao Criador, e desejem ser tais como o Senhor quer que sejam, seja com sa\u00fade, seja doentes.<br \/>24. Se acontecer que entre eles, por uma palavra ou gesto, surgir alguma ocasi\u00e3o de perturba\u00e7\u00e3o, imediatamente antes de apresentar a Deus a oferta de sua ora\u00e7\u00e3o , pe\u00e7a humildemente perd\u00e3o um ao outro. Se algu\u00e9m tiver negligenciado gravemente a forma de vida que professou, seja admoestado pelo ministro ou por aqueles que tiverem conhecimento da culpa dele. E n\u00e3o o fa\u00e7am passar vergonha e nem detraiam mas tenham grande miseric\u00f3rdia para com ele. Mas todos devem cuidar atentamente de n\u00e3o se irritarem ou perturbarem-se por causa do pecado do outro, porque a ira e perturba\u00e7\u00e3o impede a caridade.<\/p>\n<p>[\/et_pb_toggle][et_pb_toggle title=&#8221;Cap\u00edtulo 8 | Da obedi\u00eancia por amor&#8221; _builder_version=&#8221;4.13.1&#8243; _module_preset=&#8221;default&#8221; title_text_color=&#8221;#653622&#8243; hover_enabled=&#8221;0&#8243; global_colors_info=&#8221;{}&#8221; sticky_enabled=&#8221;0&#8243;]<\/p>\n<p style=\"text-align: justify;\">25. A exemplo do Senhor Jesus, que colocou sua vontade na vontade do Pai, recordem-se os irm\u00e3os e as irm\u00e3s que, por causa de Deus, abnegaram as pr\u00f3prias vontades. Em todos os cap\u00edtulos que fazem, busquem antes de tudo o reino de Deus e sua justi\u00e7a e exortem-se entre si para poderem observar melhor a regra que prometeram e poderem seguir fielmente os vest\u00edgios de Nosso Senhor Jesus Cristo. N\u00e3o exer\u00e7am poder ou dom\u00ednio, principalmente entre si. Pela caridade do esp\u00edrito sirvam e obede\u00e7am voluntariamente uns aos outros. E esta \u00e9 a verdadeira e santa obedi\u00eancia de Nosso Senhor Jesus Cristo.<br \/>26. Estejam obrigados a ter sempre um como ministro e servo da fraternidade e estejam firmemente obrigados a obedecer-lhe em tudo aquilo que prometeram ao Senhor observar e que n\u00e3o seja contr\u00e1rio \u00e0 alma e a esta regra.<br \/>27. Aqueles que s\u00e3o ministros e servos de todos, os visitem e com humildade e com caridade os admoestem e os confortem. E onde quer que estiverem, os irm\u00e3os e as irm\u00e3s que sabem ou conhecem n\u00e3o lhes ser poss\u00edvel observar espiritualmente a regra, devem e podem recorrer a seus ministros. Os ministros, por\u00e9m, os recebam caridosa e benignamente e tenham com eles tanta familiaridade, que eles possam falar e haver-se como senhores com seus servos; pois assim deve ser, que os ministros sejam servos de todos.<br \/>28. E ningu\u00e9m se aproprie de algum minist\u00e9rio; mas no tempo estabelecido deponha de bom grado seu of\u00edcio. <\/p>\n<p>[\/et_pb_toggle][et_pb_toggle title=&#8221;Cap\u00edtulo 9 | Da vida apost\u00f3lica&#8221; _builder_version=&#8221;4.13.1&#8243; _module_preset=&#8221;default&#8221; title_text_color=&#8221;#653622&#8243; hover_enabled=&#8221;0&#8243; global_colors_info=&#8221;{}&#8221; sticky_enabled=&#8221;0&#8243;]<\/p>\n<p style=\"text-align: justify;\">29. Os irm\u00e3os e as irm\u00e3s amem o Senhor de todo o cora\u00e7\u00e3o, de toda alma e mente, com todo o vigor, e amem a seu pr\u00f3ximo como a si mesmos. E exaltem o Senhor em suas obras porque ele os enviou ao mundo inteiro para que, pela palavra e pela obra, d\u00eaem testemunho de sua voz, e fa\u00e7am saber a todos que n\u00e3o h\u00e1 outro onipotente al\u00e9m dele.<br \/>30. A paz que anunciam com a boca, tenham-na mais amplamente em seus cora\u00e7\u00f5es. Ningu\u00e9m seja por eles provocado \u00e0 ira, ao esc\u00e2ndalo, mas pela mansid\u00e3o sejam provocados `a paz, benignidade e \u00e0 conc\u00f3rdia. Pois os irm\u00e3os e as irm\u00e3s foram chamados para curar os feridos, reanimar os abatidos e reconduzir os errantes. E em toda parte onde estiverem, recordem-se que se doaram a si mesmos e entregaram seus corpos ao Senhor Jesus Cristo. E por amor ao Senhor devem expor-se tanto aos inimigos vis\u00edveis quanto aos invis\u00edveis, porque diz o Senhor: Bem-aventurados os que sofrem persegui\u00e7\u00e3o por causa da justi\u00e7a, porque deles \u00e9 o reino dos c\u00e9us.<br \/>31. Na caridade, que \u00e9 o pr\u00f3prio Deus, esforcem-se todos os irm\u00e3os e as irm\u00e3s para humilhar-se em tudo, seja orando, seja servindo ou seja trabalhando; se empenhem de n\u00e3o se gloriar de si mesmos nem se alegrar ou se exaltar interiormente por suas boas palavras e obras, at\u00e9 mesmo por nada do que Deus faz ou diz ou alguma vez opera neles ou por meio deles. Em todo o lugar e em todas as circunst\u00e2ncias, reconhe\u00e7am que todos os bens s\u00e3o do senhor deus, alt\u00edssimo e soberano de todas as coisas, e a ele rendam gra\u00e7as porque dele procede todo bem.<\/p>\n<p>[\/et_pb_toggle][et_pb_toggle title=&#8221;Exorta\u00e7\u00e3o e b\u00ean\u00e7\u00e3o&#8221; _builder_version=&#8221;4.13.1&#8243; _module_preset=&#8221;default&#8221; title_text_color=&#8221;#653622&#8243; hover_enabled=&#8221;0&#8243; global_colors_info=&#8221;{}&#8221; sticky_enabled=&#8221;0&#8243;]<\/p>\n<p style=\"text-align: justify;\">32. Todos os irm\u00e3os e irm\u00e3s estejam atentos ao dever de desejar, acima de todas as coisas, ter o esp\u00edrito do Senhor e seu santo modo de operar. E sempre s\u00faditos da santa Igreja e est\u00e1veis na f\u00e9 cat\u00f3lica, observem a pobreza e a humildade e o Santo Evangelho de Nosso Senhor Jesus Cristo que firmemente prometeram. E todo aquele que observar estas coisas, seja no c\u00e9u cumulado com a b\u00ean\u00e7\u00e3o do alt\u00edssimo Pai e na terra com a b\u00ean\u00e7\u00e3o de seu Filho dileto e com o sant\u00edssimo Esp\u00edrito Consolador e com todas as virtudes do c\u00e9u e todos os santos. E eu, frei Francisco, pequenino, vosso servo, tanto quanto posso, vos confirmo interior e exteriormente esta sant\u00edssima b\u00ean\u00e7\u00e3o.<\/p>\n<p>[\/et_pb_toggle][\/et_pb_column][\/et_pb_row][\/et_pb_section]<\/p>\n","protected":false},"excerpt":{"rendered":"<p>Regra da TORA regra da Terceira Ordem Regular de S\u00e3o Francisco de Assis , conhecida como a regra da TOR, \u00e9 a que orienta nossa forma de vida. Veja os t\u00f3picos abaixo e conhe\u00e7a a regra na \u00edntegra.&#8221;Todos aqueles que amam o Senhor de todo o cora\u00e7\u00e3o, de toda alma e mente, com todo o [&hellip;]<\/p>\n","protected":false},"author":1,"featured_media":0,"parent":0,"menu_order":0,"comment_status":"closed","ping_status":"closed","template":"","meta":{"_et_pb_use_builder":"on","_et_pb_old_content":"","_et_gb_content_width":"","footnotes":""},"class_list":["post-255","page","type-page","status-publish","hentry"],"_links":{"self":[{"href":"https:\/\/franciscanas.org\/portal\/brasil\/wp-json\/wp\/v2\/pages\/255","targetHints":{"allow":["GET"]}}],"collection":[{"href":"https:\/\/franciscanas.org\/portal\/brasil\/wp-json\/wp\/v2\/pages"}],"about":[{"href":"https:\/\/franciscanas.org\/portal\/brasil\/wp-json\/wp\/v2\/types\/page"}],"author":[{"embeddable":true,"href":"https:\/\/franciscanas.org\/portal\/brasil\/wp-json\/wp\/v2\/users\/1"}],"replies":[{"embeddable":true,"href":"https:\/\/franciscanas.org\/portal\/brasil\/wp-json\/wp\/v2\/comments?post=255"}],"version-history":[{"count":17,"href":"https:\/\/franciscanas.org\/portal\/brasil\/wp-json\/wp\/v2\/pages\/255\/revisions"}],"predecessor-version":[{"id":940,"href":"https:\/\/franciscanas.org\/portal\/brasil\/wp-json\/wp\/v2\/pages\/255\/revisions\/940"}],"wp:attachment":[{"href":"https:\/\/franciscanas.org\/portal\/brasil\/wp-json\/wp\/v2\/media?parent=255"}],"curies":[{"name":"wp","href":"https:\/\/api.w.org\/{rel}","templated":true}]}}