{"id":225,"date":"2021-07-01T23:47:28","date_gmt":"2021-07-02T02:47:28","guid":{"rendered":"https:\/\/franciscanas.org\/portal\/brasil\/?page_id=225"},"modified":"2021-11-19T22:25:52","modified_gmt":"2021-11-20T01:25:52","slug":"fundadora","status":"publish","type":"page","link":"https:\/\/franciscanas.org\/portal\/brasil\/fundadora\/","title":{"rendered":"Fundadora"},"content":{"rendered":"<p>[et_pb_section fb_built=&#8221;1&#8243; _builder_version=&#8221;4.9.7&#8243; _module_preset=&#8221;default&#8221; global_colors_info=&#8221;{}&#8221;][et_pb_row _builder_version=&#8221;4.9.7&#8243; _module_preset=&#8221;default&#8221; custom_padding=&#8221;||0px|||&#8221; global_colors_info=&#8221;{}&#8221;][et_pb_column type=&#8221;4_4&#8243; _builder_version=&#8221;4.9.7&#8243; _module_preset=&#8221;default&#8221; global_colors_info=&#8221;{}&#8221;][et_pb_text _builder_version=&#8221;4.9.7&#8243; _module_preset=&#8221;default&#8221; global_colors_info=&#8221;{}&#8221; min_height=&#8221;70px&#8221;]<\/p>\n<h1>Fundadora<\/h1>\n<p>[\/et_pb_text][\/et_pb_column][\/et_pb_row][et_pb_row column_structure=&#8221;3_5,2_5&#8243; _builder_version=&#8221;4.9.7&#8243; _module_preset=&#8221;default&#8221; custom_margin=&#8221;1px|auto||auto||&#8221; custom_padding=&#8221;3px||30px|||&#8221; global_colors_info=&#8221;{}&#8221;][et_pb_column type=&#8221;3_5&#8243; _builder_version=&#8221;4.9.7&#8243; _module_preset=&#8221;default&#8221; global_colors_info=&#8221;{}&#8221;][et_pb_text _builder_version=&#8221;4.13.1&#8243; _module_preset=&#8221;default&#8221; hover_enabled=&#8221;0&#8243; global_colors_info=&#8221;{}&#8221; sticky_enabled=&#8221;0&#8243;]<\/p>\n<p style=\"text-align: justify;\">A Congrega\u00e7\u00e3o das Irm\u00e3s Franciscanas Mission\u00e1rias de Maria Auxiliadora foi fundada dia\u00a019 de junho de 1888, em Chone, no Equador, por Santa Maria Bernarda B\u00fctler.\u00a0Madre Bernarda nasceu em Auw, Cant\u00e3o de Argau, na Su\u00ed\u00e7a, em\u00a028 de\u00a0maio de 1848. Aos dezenove anos, ingressou no Convento das Irm\u00e3s Capuchinhas de Maria Hilff (Maria Auxiliadora), em Altsttatten. Consagrou-se a Deus pelos Votos Religiosos, no dia 04 de outubro de 1869. Destacou-se pela simplicidade de vida, alegria, humildade, profunda espiritualidade, personalidade firme e esperan\u00e7a inabal\u00e1vel. Contribuiu com a renova\u00e7\u00e3o deste convento. Exerceu nele os servi\u00e7os de ec\u00f4noma, mestra de novi\u00e7as e superiora geral. Na vida contemplativa, alcan\u00e7ou a gra\u00e7a da uni\u00e3o m\u00edstica com Deus\u00a0vivendo o carisma franciscano.<\/p>\n<p style=\"text-align: justify;\">Depois de conhecer a realidade das miss\u00f5es latino-americanas, sentiu o apelo para tornar-se\u00a0mission\u00e1ria\u00a0no Equador.\u00a0Com esse objetivo, no\u00a0dia <strong>19 de maio de 1888<\/strong>, obtendo\u00a0a permiss\u00e3o da Santa S\u00e9, Madre Bernarda partiu\u00a0junto a seis\u00a0Irm\u00e3s\u00a0disposta a abra\u00e7ar esse servi\u00e7o: Irm\u00e3 Maria C\u00e1ritas Brader, Irm\u00e3 Maria Isabel Huber, Irm\u00e3 Maria Laurentia Suter, Irm\u00e3 Maria Dom\u00ednica Spirig, Irm\u00e3 Maria Othmara Haltmeier, Novi\u00e7a Maria Micaela Rhomberg.<\/p>\n<p>[\/et_pb_text][\/et_pb_column][et_pb_column type=&#8221;2_5&#8243; _builder_version=&#8221;4.9.7&#8243; _module_preset=&#8221;default&#8221; global_colors_info=&#8221;{}&#8221;][et_pb_image src=&#8221;https:\/\/franciscanas.org\/portal\/brasil\/wp-content\/uploads\/sites\/5\/2021\/09\/madre-1.png&#8221; title_text=&#8221;madre&#8221; align=&#8221;center&#8221; _builder_version=&#8221;4.13.1&#8243; _module_preset=&#8221;default&#8221; use_background_color_gradient=&#8221;on&#8221; background_color_gradient_start=&#8221;#6c8200&#8243; background_color_gradient_end=&#8221;rgba(0,0,0,0)&#8221; background_color_gradient_direction=&#8221;4deg&#8221; hover_enabled=&#8221;0&#8243; border_width_all=&#8221;3px&#8221; border_color_all=&#8221;#331a09&#8243; border_style_all=&#8221;inset&#8221; global_module=&#8221;875&#8243; global_colors_info=&#8221;{}&#8221; sticky_enabled=&#8221;0&#8243; custom_margin=&#8221;||5px|||&#8221;][\/et_pb_image][et_pb_text _builder_version=&#8221;4.13.1&#8243; _module_preset=&#8221;default&#8221; hover_enabled=&#8221;0&#8243; sticky_enabled=&#8221;0&#8243;]<\/p>\n<p style=\"text-align: center;\"><em>Santa Maria Bernarda<\/em><\/p>\n<p>[\/et_pb_text][\/et_pb_column][\/et_pb_row][et_pb_row _builder_version=&#8221;4.10.7&#8243; _module_preset=&#8221;default&#8221; custom_padding=&#8221;4px|||||&#8221; global_colors_info=&#8221;{}&#8221;][et_pb_column type=&#8221;4_4&#8243; _builder_version=&#8221;4.10.7&#8243; _module_preset=&#8221;default&#8221; global_colors_info=&#8221;{}&#8221;][et_pb_text _builder_version=&#8221;4.13.1&#8243; _module_preset=&#8221;default&#8221; hover_enabled=&#8221;0&#8243; global_colors_info=&#8221;{}&#8221; sticky_enabled=&#8221;0&#8243;]<\/p>\n<p style=\"text-align: justify;\">O Bispo D. Pedro Schumacher lhes indicou o povoado de <strong>Chone<\/strong>\u00a0como\u00a0primeiro\u00a0campo de miss\u00e3o. L\u00e1, encontram\u00a0pessoas\u00a0sem f\u00e9, sem instru\u00e7\u00e3o, sofridas\u00a0pela pobreza material e espiritual, a\u00e7oitadas\u00a0pela persegui\u00e7\u00e3o religiosa, ressentidas\u00a0pelas enchentes do rio Chone e intemp\u00e9ries do tempo.\u00a0As irm\u00e3s dedicaram-se ao cuidado dos\u00a0enfermos, \u00e0\u00a0catequese,\u00a0\u00e0 educa\u00e7\u00e3o. Rezavam com e pelo povo, dando testemunho de vida crist\u00e3, e exerciam as Obras de Miseric\u00f3rdia.<\/p>\n<p>[\/et_pb_text][\/et_pb_column][\/et_pb_row][et_pb_row _builder_version=&#8221;4.10.7&#8243; _module_preset=&#8221;default&#8221; custom_padding=&#8221;5px|||||&#8221; global_colors_info=&#8221;{}&#8221;][et_pb_column type=&#8221;4_4&#8243; _builder_version=&#8221;4.10.7&#8243; _module_preset=&#8221;default&#8221; global_colors_info=&#8221;{}&#8221;][et_pb_text _builder_version=&#8221;4.13.1&#8243; _module_preset=&#8221;default&#8221; custom_padding=&#8221;0px|||||&#8221; hover_enabled=&#8221;0&#8243; global_colors_info=&#8221;{}&#8221; sticky_enabled=&#8221;0&#8243;]<\/p>\n<p style=\"text-align: justify;\">A dist\u00e2ncia e as dificuldades de comunica\u00e7\u00e3o levam ao\u00a0desligamento entre elas e o Convento de Maria Hilf. Assim surge a\u00a0nova Congrega\u00e7\u00e3o: <strong>Irm\u00e3s Franciscanas Mission\u00e1rias de Maria Auxiliadora.<\/strong><\/p>\n<p>[\/et_pb_text][\/et_pb_column][\/et_pb_row][et_pb_row _builder_version=&#8221;4.10.7&#8243; _module_preset=&#8221;default&#8221; custom_padding=&#8221;5px|||||&#8221; global_colors_info=&#8221;{}&#8221; column_structure=&#8221;1_3,2_3&#8243;][et_pb_column type=&#8221;1_3&#8243; _builder_version=&#8221;4.10.7&#8243; _module_preset=&#8221;default&#8221; global_colors_info=&#8221;{}&#8221;][et_pb_image src=&#8221;https:\/\/franciscanas.org\/portal\/brasil\/wp-content\/uploads\/sites\/5\/2021\/11\/Ecuador.jpg&#8221; _builder_version=&#8221;4.13.1&#8243; _module_preset=&#8221;default&#8221; title_text=&#8221;Ecuador&#8221; hover_enabled=&#8221;0&#8243; sticky_enabled=&#8221;0&#8243;][\/et_pb_image][\/et_pb_column][et_pb_column type=&#8221;2_3&#8243; _builder_version=&#8221;4.10.7&#8243; _module_preset=&#8221;default&#8221; global_colors_info=&#8221;{}&#8221;][et_pb_text _builder_version=&#8221;4.13.1&#8243; _module_preset=&#8221;default&#8221; custom_padding=&#8221;0px|||||&#8221; hover_enabled=&#8221;0&#8243; global_colors_info=&#8221;{}&#8221; sticky_enabled=&#8221;0&#8243;]<\/p>\n<p style=\"text-align: justify;\">Em 1895, sete anos ap\u00f3s a funda\u00e7\u00e3o, a pequena Congrega\u00e7\u00e3o se v\u00ea obrigada a deixar o pa\u00eds &#8211; o Equador &#8211; devido a uma revolu\u00e7\u00e3o civil marcada pela persegui\u00e7\u00e3o religiosa, comandada pelo general Eloy Alfaro. As irm\u00e3s embarcam, sem rumo, num navio em dire\u00e7\u00e3o ao Panam\u00e1. Elas pediram ajuda ao Bispo Dom Eugenio Biffi, que as acolheu na Diocese de Cartagena, na Col\u00f4mbia.<\/p>\n<p>[\/et_pb_text][\/et_pb_column][\/et_pb_row][et_pb_row _builder_version=&#8221;4.10.7&#8243; _module_preset=&#8221;default&#8221; custom_padding=&#8221;5px|||||&#8221; global_colors_info=&#8221;{}&#8221;][et_pb_column type=&#8221;4_4&#8243; _builder_version=&#8221;4.10.7&#8243; _module_preset=&#8221;default&#8221; global_colors_info=&#8221;{}&#8221;][et_pb_text _builder_version=&#8221;4.13.1&#8243; _module_preset=&#8221;default&#8221; custom_padding=&#8221;0px|||||&#8221; hover_enabled=&#8221;0&#8243; global_colors_info=&#8221;{}&#8221; sticky_enabled=&#8221;0&#8243;]<\/p>\n<p style=\"text-align: justify;\">Na Col\u00f4mbia, abre-se um vasto\u00a0campo de miss\u00e3o. A Congrega\u00e7\u00e3o cresce como \u00e1rvore frondosa. Estende seus ramos a outros lugares e pa\u00edses, dedicando maior aten\u00e7\u00e3o \u00e0s pessoas em realidade de\u00a0pobreza.<\/p>\n<p>[\/et_pb_text][\/et_pb_column][\/et_pb_row][et_pb_row _builder_version=&#8221;4.9.7&#8243; _module_preset=&#8221;default&#8221; custom_padding=&#8221;5px|||||&#8221; global_colors_info=&#8221;{}&#8221;][et_pb_column type=&#8221;4_4&#8243; _builder_version=&#8221;4.9.7&#8243; _module_preset=&#8221;default&#8221; global_colors_info=&#8221;{}&#8221;][et_pb_text _builder_version=&#8221;4.13.1&#8243; _module_preset=&#8221;default&#8221; hover_enabled=&#8221;0&#8243; global_colors_info=&#8221;{}&#8221; sticky_enabled=&#8221;0&#8243;]<\/p>\n<p style=\"text-align: justify;\">Em 1920, Madre Bernarda dep\u00f5e o cargo de Superiora Geral. Neste momento, o cargo \u00e9 assumido pela Irm\u00e3 Francisca Holenstein. Madre Bernarda passa, ent\u00e3o, a dedica-se aos seus escritos e \u00e0 ora\u00e7\u00e3o. Ap\u00f3s quatro anos, padecendo enterite aguda, faleceu no dia 19 de maio de 1924. Sua morte foi anunciada na catedral de Cartagena: \u201c<em><i>Esta manh\u00e3 morreu na cidade uma santa, a reverenda Madre Maria Bernarda<\/i><\/em>\u201d. Submetido processo can\u00f4nico para o reconhecimento de alguns milagres a ela atribu\u00eddos, foi beatificada em 29 de outubro de 1995 por S\u00e3o Jo\u00e3o Paulo II e canonizada pelo Papa Bento XVI no dia 12 de outubro de 2008.<\/p>\n<p>[\/et_pb_text][\/et_pb_column][\/et_pb_row][\/et_pb_section]<\/p>\n","protected":false},"excerpt":{"rendered":"<p>FundadoraA Congrega\u00e7\u00e3o das Irm\u00e3s Franciscanas Mission\u00e1rias de Maria Auxiliadora foi fundada dia\u00a019 de junho de 1888, em Chone, no Equador, por Santa Maria Bernarda B\u00fctler.\u00a0Madre Bernarda nasceu em Auw, Cant\u00e3o de Argau, na Su\u00ed\u00e7a, em\u00a028 de\u00a0maio de 1848. Aos dezenove anos, ingressou no Convento das Irm\u00e3s Capuchinhas de Maria Hilff (Maria Auxiliadora), em Altsttatten. Consagrou-se [&hellip;]<\/p>\n","protected":false},"author":1,"featured_media":0,"parent":0,"menu_order":0,"comment_status":"closed","ping_status":"closed","template":"","meta":{"_et_pb_use_builder":"on","_et_pb_old_content":"","_et_gb_content_width":"","footnotes":""},"class_list":["post-225","page","type-page","status-publish","hentry"],"_links":{"self":[{"href":"https:\/\/franciscanas.org\/portal\/brasil\/wp-json\/wp\/v2\/pages\/225","targetHints":{"allow":["GET"]}}],"collection":[{"href":"https:\/\/franciscanas.org\/portal\/brasil\/wp-json\/wp\/v2\/pages"}],"about":[{"href":"https:\/\/franciscanas.org\/portal\/brasil\/wp-json\/wp\/v2\/types\/page"}],"author":[{"embeddable":true,"href":"https:\/\/franciscanas.org\/portal\/brasil\/wp-json\/wp\/v2\/users\/1"}],"replies":[{"embeddable":true,"href":"https:\/\/franciscanas.org\/portal\/brasil\/wp-json\/wp\/v2\/comments?post=225"}],"version-history":[{"count":8,"href":"https:\/\/franciscanas.org\/portal\/brasil\/wp-json\/wp\/v2\/pages\/225\/revisions"}],"predecessor-version":[{"id":911,"href":"https:\/\/franciscanas.org\/portal\/brasil\/wp-json\/wp\/v2\/pages\/225\/revisions\/911"}],"wp:attachment":[{"href":"https:\/\/franciscanas.org\/portal\/brasil\/wp-json\/wp\/v2\/media?parent=225"}],"curies":[{"name":"wp","href":"https:\/\/api.w.org\/{rel}","templated":true}]}}