{"id":216,"date":"2021-07-01T23:38:20","date_gmt":"2021-07-02T02:38:20","guid":{"rendered":"https:\/\/franciscanas.org\/portal\/brasil\/?page_id=216"},"modified":"2021-11-20T11:06:29","modified_gmt":"2021-11-20T14:06:29","slug":"escudo","status":"publish","type":"page","link":"https:\/\/franciscanas.org\/portal\/brasil\/escudo\/","title":{"rendered":"Escudo"},"content":{"rendered":"<p>[et_pb_section fb_built=&#8221;1&#8243; _builder_version=&#8221;4.9.7&#8243; _module_preset=&#8221;default&#8221; global_colors_info=&#8221;{}&#8221;][et_pb_row _builder_version=&#8221;4.9.7&#8243; _module_preset=&#8221;default&#8221; custom_padding=&#8221;||18px|||&#8221; global_colors_info=&#8221;{}&#8221;][et_pb_column type=&#8221;4_4&#8243; _builder_version=&#8221;4.9.7&#8243; _module_preset=&#8221;default&#8221; global_colors_info=&#8221;{}&#8221;][et_pb_text _builder_version=&#8221;4.9.7&#8243; _module_preset=&#8221;default&#8221; custom_margin=&#8221;||1px|||&#8221; global_colors_info=&#8221;{}&#8221;]<\/p>\n<h1><strong><b>Escudo<\/b><\/strong><\/h1>\n<p>[\/et_pb_text][\/et_pb_column][\/et_pb_row][et_pb_row _builder_version=&#8221;4.9.7&#8243; _module_preset=&#8221;default&#8221; custom_padding=&#8221;5px||6px|||&#8221; global_colors_info=&#8221;{}&#8221;][et_pb_column type=&#8221;4_4&#8243; _builder_version=&#8221;4.9.7&#8243; _module_preset=&#8221;default&#8221; global_colors_info=&#8221;{}&#8221;][et_pb_text _builder_version=&#8221;4.13.1&#8243; _module_preset=&#8221;default&#8221; custom_margin=&#8221;0px|||||&#8221; global_colors_info=&#8221;{}&#8221;]<\/p>\n<p style=\"text-align: justify;\">A significado presente no escudo da Congrega\u00e7\u00e3o re\u00fane os seguintes elementos: <strong><b><\/b><\/strong><\/p>\n<p style=\"text-align: justify;\"><strong><b>Cor branca:<\/b><\/strong>\u00a0Representa a abertura aos sinais dos tempos e os valores franciscanos que devemos buscar no trabalho pela extens\u00e3o do Reino: a universalidade, a transcend\u00eancia, a sensibilidade, a pureza de cora\u00e7\u00e3o e a paz.<strong><b>\u00a0<\/b><\/strong><\/p>\n<p>[\/et_pb_text][\/et_pb_column][\/et_pb_row][et_pb_row column_structure=&#8221;3_5,2_5&#8243; _builder_version=&#8221;4.9.7&#8243; _module_preset=&#8221;default&#8221; custom_padding=&#8221;12px||0px|||&#8221; global_colors_info=&#8221;{}&#8221;][et_pb_column type=&#8221;3_5&#8243; _builder_version=&#8221;4.9.7&#8243; _module_preset=&#8221;default&#8221; global_colors_info=&#8221;{}&#8221;][et_pb_text _builder_version=&#8221;4.13.1&#8243; _module_preset=&#8221;default&#8221; global_colors_info=&#8221;{}&#8221;]<\/p>\n<p style=\"text-align: justify;\"><strong><b>Cor marrom:<\/b><\/strong>\u00a0\u00c9 a cor que identifica o carisma\u00a0franciscano. A Santa\u00a0Maria Bernarda assumiu a vida franciscana\u00a0como modo peculiar e especial de viver o\u00a0Evangelho\u00a0de Cristo.<\/p>\n<p>[\/et_pb_text][et_pb_text _builder_version=&#8221;4.13.1&#8243; _module_preset=&#8221;default&#8221; global_colors_info=&#8221;{}&#8221;]<\/p>\n<p style=\"text-align: justify;\"><strong><b>Tau<\/b><\/strong>: Sinal escolhido por S\u00e3o Francisco de Assis como s\u00edmbolo da sua voca\u00e7\u00e3o e dos seus seguidores. O Tau foi a sua rubrica. \u00c9 a \u00faltima letra do alfabeto hebraico, s\u00edmbolo da humildade em que se fundamenta o Evangelho. O Tau tem exatamente a mesma forma da Cruz em que Jesus Cristo foi pregado.<\/p>\n<p>[\/et_pb_text][et_pb_text _builder_version=&#8221;4.13.1&#8243; _module_preset=&#8221;default&#8221; custom_padding=&#8221;||0px|||&#8221; global_colors_info=&#8221;{}&#8221;]<\/p>\n<p style=\"text-align: justify;\"><strong><b>EVANGELIUM VITA MEA<\/b><\/strong> &#8211; \u201c<em><i>Meu viver \u00e9 o Evangelho<\/i><\/em>\u201d. Esta frase\u00a0foi o lema da fundadora, com o qual aceitou e quis que suas irm\u00e3s\u00a0aderissem a\u00a0uma vida plenamente evang\u00e9lica.<\/p>\n<p>[\/et_pb_text][et_pb_text _builder_version=&#8221;4.13.1&#8243; _module_preset=&#8221;default&#8221; global_colors_info=&#8221;{}&#8221;]<\/p>\n<p style=\"text-align: justify;\"><strong><b>Cor marrom:<\/b><\/strong>\u00a0\u00c9 a cor que identifica o carisma\u00a0franciscano. A Santa\u00a0Maria Bernarda assumiu a vida franciscana\u00a0como modo peculiar e especial de viver o\u00a0Evangelho\u00a0de Cristo.<\/p>\n<p style=\"text-align: justify;\">\n<p>[\/et_pb_text][\/et_pb_column][et_pb_column type=&#8221;2_5&#8243; _builder_version=&#8221;4.9.7&#8243; _module_preset=&#8221;default&#8221; global_colors_info=&#8221;{}&#8221;][et_pb_image src=&#8221;https:\/\/franciscanas.org\/portal\/brasil\/wp-content\/uploads\/sites\/5\/2021\/07\/EscudoLatinVetorizado.png&#8221; title_text=&#8221;EscudoLatinVetorizado&#8221; _builder_version=&#8221;4.13.1&#8243; _module_preset=&#8221;default&#8221; min_height=&#8221;370.4px&#8221; custom_padding=&#8221;50px|||||&#8221; global_colors_info=&#8221;{}&#8221;][\/et_pb_image][\/et_pb_column][\/et_pb_row][et_pb_row _builder_version=&#8221;4.9.7&#8243; _module_preset=&#8221;default&#8221; custom_padding=&#8221;7px|||||&#8221; global_colors_info=&#8221;{}&#8221;][et_pb_column type=&#8221;4_4&#8243; _builder_version=&#8221;4.9.7&#8243; _module_preset=&#8221;default&#8221; global_colors_info=&#8221;{}&#8221;][et_pb_text _builder_version=&#8221;4.13.1&#8243; _module_preset=&#8221;default&#8221; custom_padding=&#8221;||0px|||&#8221; global_colors_info=&#8221;{}&#8221;]<\/p>\n<p style=\"text-align: justify;\"><strong><\/strong>Letra \u201c<strong><b>M<\/b><\/strong>\u201d \u2013 azul: Expressa uma Congrega\u00e7\u00e3o essencialmente Mariana.<\/p>\n<p>[\/et_pb_text][\/et_pb_column][\/et_pb_row][et_pb_row _builder_version=&#8221;4.9.7&#8243; _module_preset=&#8221;default&#8221; custom_padding=&#8221;7px|||||&#8221; global_colors_info=&#8221;{}&#8221;][et_pb_column type=&#8221;4_4&#8243; _builder_version=&#8221;4.9.7&#8243; _module_preset=&#8221;default&#8221; global_colors_info=&#8221;{}&#8221;][et_pb_text _builder_version=&#8221;4.13.1&#8243; _module_preset=&#8221;default&#8221; custom_padding=&#8221;||0px|||&#8221; global_colors_info=&#8221;{}&#8221;]<\/p>\n<p style=\"text-align: justify;\"><strong><b>Coroa<\/b><\/strong><strong><b>:<\/b><\/strong>\u00a0A coroa\u00a0\u00e9 pintada na cor dourada e\u00a0significa a plenitude de Jesus Cristo. Para Madre Bernarda o Reino de Deus est\u00e1 sempre em emerg\u00eancia. Suas seguidoras \u00a0devem se empenhar, ativa e constantemente, pela implanta\u00e7\u00e3o do Reino de Deus.<\/p>\n<p>[\/et_pb_text][\/et_pb_column][\/et_pb_row][et_pb_row _builder_version=&#8221;4.9.7&#8243; _module_preset=&#8221;default&#8221; custom_padding=&#8221;7px|||||&#8221; global_colors_info=&#8221;{}&#8221;][et_pb_column type=&#8221;4_4&#8243; _builder_version=&#8221;4.9.7&#8243; _module_preset=&#8221;default&#8221; global_colors_info=&#8221;{}&#8221;][et_pb_text _builder_version=&#8221;4.13.1&#8243; _module_preset=&#8221;default&#8221; global_colors_info=&#8221;{}&#8221;]<\/p>\n<p style=\"text-align: justify;\"><strong><b>Mundo<\/b><\/strong> \u2013 \u00c9 apresentado entre o Tau e a letra M.\u00a0A humanidade inteira \u00e9 a extens\u00e3o da miss\u00e3o da Congrega\u00e7\u00e3o, onde as irm\u00e3s atuam, como \u201cOper\u00e1rias\u201d\u00a0do Reino, mediante a espiritualidade franciscana, sob a prote\u00e7\u00e3o de Maria Auxiliadora.<\/p>\n<p>[\/et_pb_text][\/et_pb_column][\/et_pb_row][et_pb_row _builder_version=&#8221;4.9.7&#8243; _module_preset=&#8221;default&#8221; custom_padding=&#8221;7px|||||&#8221; global_colors_info=&#8221;{}&#8221;][et_pb_column type=&#8221;4_4&#8243; _builder_version=&#8221;4.9.7&#8243; _module_preset=&#8221;default&#8221; global_colors_info=&#8221;{}&#8221;][et_pb_text _builder_version=&#8221;4.13.1&#8243; _module_preset=&#8221;default&#8221; global_colors_info=&#8221;{}&#8221;]<\/p>\n<p style=\"text-align: justify;\"><strong><b>Nome da Congrega\u00e7\u00e3o em latim:<\/b><\/strong>\u00a0As irm\u00e3s devem formar uma fraternidade onde ser\u00e3o capazes de amar, servir e apoiar-se\u00a0sem distin\u00e7\u00f5es ou diferen\u00e7as, regidas pelo\u00a0amor.<\/p>\n<p>[\/et_pb_text][\/et_pb_column][\/et_pb_row][\/et_pb_section]<\/p>\n","protected":false},"excerpt":{"rendered":"<p>EscudoA significado presente no escudo da Congrega\u00e7\u00e3o re\u00fane os seguintes elementos: Cor branca:\u00a0Representa a abertura aos sinais dos tempos e os valores franciscanos que devemos buscar no trabalho pela extens\u00e3o do Reino: a universalidade, a transcend\u00eancia, a sensibilidade, a pureza de cora\u00e7\u00e3o e a paz.\u00a0Cor marrom:\u00a0\u00c9 a cor que identifica o carisma\u00a0franciscano. A Santa\u00a0Maria Bernarda [&hellip;]<\/p>\n","protected":false},"author":1,"featured_media":0,"parent":0,"menu_order":0,"comment_status":"closed","ping_status":"closed","template":"","meta":{"_et_pb_use_builder":"on","_et_pb_old_content":"","_et_gb_content_width":"","footnotes":""},"class_list":["post-216","page","type-page","status-publish","hentry"],"_links":{"self":[{"href":"https:\/\/franciscanas.org\/portal\/brasil\/wp-json\/wp\/v2\/pages\/216","targetHints":{"allow":["GET"]}}],"collection":[{"href":"https:\/\/franciscanas.org\/portal\/brasil\/wp-json\/wp\/v2\/pages"}],"about":[{"href":"https:\/\/franciscanas.org\/portal\/brasil\/wp-json\/wp\/v2\/types\/page"}],"author":[{"embeddable":true,"href":"https:\/\/franciscanas.org\/portal\/brasil\/wp-json\/wp\/v2\/users\/1"}],"replies":[{"embeddable":true,"href":"https:\/\/franciscanas.org\/portal\/brasil\/wp-json\/wp\/v2\/comments?post=216"}],"version-history":[{"count":8,"href":"https:\/\/franciscanas.org\/portal\/brasil\/wp-json\/wp\/v2\/pages\/216\/revisions"}],"predecessor-version":[{"id":929,"href":"https:\/\/franciscanas.org\/portal\/brasil\/wp-json\/wp\/v2\/pages\/216\/revisions\/929"}],"wp:attachment":[{"href":"https:\/\/franciscanas.org\/portal\/brasil\/wp-json\/wp\/v2\/media?parent=216"}],"curies":[{"name":"wp","href":"https:\/\/api.w.org\/{rel}","templated":true}]}}