{"id":194,"date":"2021-07-01T23:08:57","date_gmt":"2021-07-02T02:08:57","guid":{"rendered":"https:\/\/franciscanas.org\/portal\/brasil\/?page_id=194"},"modified":"2021-11-19T21:35:54","modified_gmt":"2021-11-20T00:35:54","slug":"sobre-nos","status":"publish","type":"page","link":"https:\/\/franciscanas.org\/portal\/brasil\/sobre-nos\/","title":{"rendered":"Sobre n\u00f3s"},"content":{"rendered":"<p>[et_pb_section fb_built=&#8221;1&#8243; _builder_version=&#8221;4.9.7&#8243; _module_preset=&#8221;default&#8221; global_colors_info=&#8221;{}&#8221;][et_pb_row _builder_version=&#8221;4.9.7&#8243; _module_preset=&#8221;default&#8221; custom_padding=&#8221;8px|||||&#8221; global_colors_info=&#8221;{}&#8221;][et_pb_column type=&#8221;4_4&#8243; _builder_version=&#8221;4.9.7&#8243; _module_preset=&#8221;default&#8221; global_colors_info=&#8221;{}&#8221;][et_pb_text _builder_version=&#8221;4.9.9&#8243; _module_preset=&#8221;default&#8221; global_colors_info=&#8221;{}&#8221;]<\/p>\n<h1>Sobre n\u00f3s<\/h1>\n<p>[\/et_pb_text][\/et_pb_column][\/et_pb_row][et_pb_row column_structure=&#8221;1_2,1_2&#8243; _builder_version=&#8221;4.9.7&#8243; _module_preset=&#8221;default&#8221; custom_padding=&#8221;0px|||||&#8221; global_colors_info=&#8221;{}&#8221;][et_pb_column type=&#8221;1_2&#8243; _builder_version=&#8221;4.9.7&#8243; _module_preset=&#8221;default&#8221; global_colors_info=&#8221;{}&#8221;][et_pb_text _builder_version=&#8221;4.9.7&#8243; _module_preset=&#8221;default&#8221; global_colors_info=&#8221;{}&#8221;]<\/p>\n<p>Como Irm\u00e3s Franciscanas Mission\u00e1rias de Maria Auxiliadora, somos uma congrega\u00e7\u00e3o religiosa de direito pontif\u00edcio. Somos mulheres consagradas a servi\u00e7o do Reino de Deus, em comunh\u00e3o com a Igreja Cat\u00f3lica.<\/p>\n<p>[\/et_pb_text][et_pb_text _builder_version=&#8221;4.9.7&#8243; _module_preset=&#8221;default&#8221; global_colors_info=&#8221;{}&#8221;]<\/p>\n<p>Herdeiras do carisma franciscano, assumimos uma atitude de convers\u00e3o permanente e exercemos a miss\u00e3o com simplicidade e como irm\u00e3s menores. Como filhas de Santa Maria Bernarda, \u201c<em><i>somos e devemos ser mission\u00e1rias<\/i><\/em>\u201d, especialmente nas realidades de periferia e fronteira.<\/p>\n<p>[\/et_pb_text][\/et_pb_column][et_pb_column type=&#8221;1_2&#8243; _builder_version=&#8221;4.9.7&#8243; _module_preset=&#8221;default&#8221; global_colors_info=&#8221;{}&#8221;][et_pb_image src=&#8221;https:\/\/franciscanas.org\/portal\/brasil\/wp-content\/uploads\/sites\/5\/2021\/09\/us3.jpg&#8221; title_text=&#8221;us3&#8243; _builder_version=&#8221;4.10.6&#8243; _module_preset=&#8221;default&#8221; global_colors_info=&#8221;{}&#8221;][\/et_pb_image][\/et_pb_column][\/et_pb_row][et_pb_row _builder_version=&#8221;4.9.7&#8243; _module_preset=&#8221;default&#8221; custom_padding=&#8221;0px|||||&#8221; global_colors_info=&#8221;{}&#8221;][et_pb_column type=&#8221;4_4&#8243; _builder_version=&#8221;4.9.7&#8243; _module_preset=&#8221;default&#8221; global_colors_info=&#8221;{}&#8221;][et_pb_text _builder_version=&#8221;4.9.7&#8243; _module_preset=&#8221;default&#8221; global_colors_info=&#8221;{}&#8221;]<\/p>\n<p>Em toda express\u00e3o do ser e fazer, testemunhamos o amor misericordioso de Deus Uno e Trino revelado no Deus Encarnado no seio da humanidade &#8211; Jesus Cristo. Nossa consagra\u00e7\u00e3o religiosa \u00e9 um gesto de entrega generosa da pr\u00f3pria vida em resposta ao amor de Deus. Por isso, professamos os conselhos evang\u00e9licos de castidade, pobreza e obedi\u00eancia.<\/p>\n<p>[\/et_pb_text][\/et_pb_column][\/et_pb_row][et_pb_row _builder_version=&#8221;4.9.7&#8243; _module_preset=&#8221;default&#8221; custom_padding=&#8221;0px|||||&#8221; global_colors_info=&#8221;{}&#8221;][et_pb_column type=&#8221;4_4&#8243; _builder_version=&#8221;4.9.7&#8243; _module_preset=&#8221;default&#8221; global_colors_info=&#8221;{}&#8221;][et_pb_text _builder_version=&#8221;4.9.7&#8243; _module_preset=&#8221;default&#8221; global_colors_info=&#8221;{}&#8221;]<\/p>\n<p>Vivemos em fraternidade franciscana onde os dons de cada irm\u00e3, colocados a servi\u00e7o na caridade, o exerc\u00edcio do cuidado e da acolhida maternal, s\u00e3o express\u00f5es da miseric\u00f3rdia de Deus, do m\u00fatuo apre\u00e7o, estimulo para a miss\u00e3o e caminho de crescimento na perfei\u00e7\u00e3o evang\u00e9lica.<\/p>\n<p>[\/et_pb_text][\/et_pb_column][\/et_pb_row][\/et_pb_section]<\/p>\n","protected":false},"excerpt":{"rendered":"<p>Sobre n\u00f3sComo Irm\u00e3s Franciscanas Mission\u00e1rias de Maria Auxiliadora, somos uma congrega\u00e7\u00e3o religiosa de direito pontif\u00edcio. Somos mulheres consagradas a servi\u00e7o do Reino de Deus, em comunh\u00e3o com a Igreja Cat\u00f3lica.Herdeiras do carisma franciscano, assumimos uma atitude de convers\u00e3o permanente e exercemos a miss\u00e3o com simplicidade e como irm\u00e3s menores. Como filhas de Santa Maria Bernarda, [&hellip;]<\/p>\n","protected":false},"author":1,"featured_media":0,"parent":0,"menu_order":0,"comment_status":"closed","ping_status":"closed","template":"","meta":{"_et_pb_use_builder":"on","_et_pb_old_content":"","_et_gb_content_width":"","footnotes":""},"class_list":["post-194","page","type-page","status-publish","hentry"],"_links":{"self":[{"href":"https:\/\/franciscanas.org\/portal\/brasil\/wp-json\/wp\/v2\/pages\/194","targetHints":{"allow":["GET"]}}],"collection":[{"href":"https:\/\/franciscanas.org\/portal\/brasil\/wp-json\/wp\/v2\/pages"}],"about":[{"href":"https:\/\/franciscanas.org\/portal\/brasil\/wp-json\/wp\/v2\/types\/page"}],"author":[{"embeddable":true,"href":"https:\/\/franciscanas.org\/portal\/brasil\/wp-json\/wp\/v2\/users\/1"}],"replies":[{"embeddable":true,"href":"https:\/\/franciscanas.org\/portal\/brasil\/wp-json\/wp\/v2\/comments?post=194"}],"version-history":[{"count":12,"href":"https:\/\/franciscanas.org\/portal\/brasil\/wp-json\/wp\/v2\/pages\/194\/revisions"}],"predecessor-version":[{"id":902,"href":"https:\/\/franciscanas.org\/portal\/brasil\/wp-json\/wp\/v2\/pages\/194\/revisions\/902"}],"wp:attachment":[{"href":"https:\/\/franciscanas.org\/portal\/brasil\/wp-json\/wp\/v2\/media?parent=194"}],"curies":[{"name":"wp","href":"https:\/\/api.w.org\/{rel}","templated":true}]}}