{"id":1626,"date":"2022-08-07T16:04:49","date_gmt":"2022-08-07T19:04:49","guid":{"rendered":"https:\/\/franciscanas.org\/portal\/brasil\/?page_id=1626"},"modified":"2025-08-30T10:03:48","modified_gmt":"2025-08-30T13:03:48","slug":"como-ler-as-cartas-de-mb","status":"publish","type":"page","link":"https:\/\/franciscanas.org\/portal\/brasil\/como-ler-as-cartas-de-mb\/","title":{"rendered":"Como ler as cartas de MB?"},"content":{"rendered":"<p>[et_pb_section fb_built=&#8221;1&#8243; _builder_version=&#8221;4.17.4&#8243; _module_preset=&#8221;default&#8221; global_colors_info=&#8221;{}&#8221;][et_pb_row _builder_version=&#8221;4.17.4&#8243; _module_preset=&#8221;default&#8221; custom_padding=&#8221;||5px|||&#8221; global_colors_info=&#8221;{}&#8221;][et_pb_column type=&#8221;4_4&#8243; _builder_version=&#8221;4.17.4&#8243; _module_preset=&#8221;default&#8221; global_colors_info=&#8221;{}&#8221;][et_pb_text _builder_version=&#8221;4.17.4&#8243; _module_preset=&#8221;default&#8221; global_colors_info=&#8221;{}&#8221;]<\/p>\n<h1>Como ler as Cartas de Madre Bernarda<\/h1>\n<p>[\/et_pb_text][\/et_pb_column][\/et_pb_row][et_pb_row _builder_version=&#8221;4.17.4&#8243; _module_preset=&#8221;default&#8221; custom_padding=&#8221;4px||13px|||&#8221; global_colors_info=&#8221;{}&#8221;][et_pb_column type=&#8221;4_4&#8243; _builder_version=&#8221;4.17.4&#8243; _module_preset=&#8221;default&#8221; global_colors_info=&#8221;{}&#8221;][et_pb_text _builder_version=&#8221;4.17.4&#8243; _module_preset=&#8221;default&#8221; custom_margin=&#8221;||4px|||&#8221; global_colors_info=&#8221;{}&#8221;]<\/p>\n<p><strong>SUGEST\u00c3O DE ROTEIRO PARA LEITURA ORANTE<\/strong><\/p>\n<p>[\/et_pb_text][\/et_pb_column][\/et_pb_row][et_pb_row _builder_version=&#8221;4.17.4&#8243; _module_preset=&#8221;default&#8221; min_height=&#8221;173px&#8221; custom_margin=&#8221;|auto|13px|auto||&#8221; custom_padding=&#8221;1px||5px|||&#8221; global_colors_info=&#8221;{}&#8221;][et_pb_column type=&#8221;4_4&#8243; _builder_version=&#8221;4.17.4&#8243; _module_preset=&#8221;default&#8221; global_colors_info=&#8221;{}&#8221;][et_pb_text _builder_version=&#8221;4.27.4&#8243; _module_preset=&#8221;default&#8221; hover_enabled=&#8221;0&#8243; global_colors_info=&#8221;{}&#8221; sticky_enabled=&#8221;0&#8243;]<\/p>\n<p><strong>1) Coloque-se em atitude de ora\u00e7\u00e3o e escuta<\/strong><br \/>&#8211; Escolha um momento adequado e tranquilo para a medita\u00e7\u00e3o;<br \/>&#8211; Busque uma posi\u00e7\u00e3o corporal que lhe ajude a concentrar-se;<br \/>&#8211; Tome consci\u00eancia de si mesma e do que vai refletir e rezar;<br \/>&#8211; Fa\u00e7a sil\u00eancio interior e ative o desejo de conhecer e aprofundar esta carta.<\/p>\n<p>[\/et_pb_text][\/et_pb_column][\/et_pb_row][et_pb_row _builder_version=&#8221;4.17.4&#8243; _module_preset=&#8221;default&#8221; min_height=&#8221;173px&#8221; custom_margin=&#8221;|auto|13px|auto||&#8221; custom_padding=&#8221;1px||5px|||&#8221; global_colors_info=&#8221;{}&#8221;][et_pb_column type=&#8221;4_4&#8243; _builder_version=&#8221;4.17.4&#8243; _module_preset=&#8221;default&#8221; global_colors_info=&#8221;{}&#8221;][et_pb_text _builder_version=&#8221;4.27.4&#8243; _module_preset=&#8221;default&#8221; hover_enabled=&#8221;0&#8243; global_colors_info=&#8221;{}&#8221; sticky_enabled=&#8221;0&#8243;]<\/p>\n<p><strong>2) Leia a Carta selecionada<\/strong><br \/>&#8211; Leia com toda a aten\u00e7\u00e3o, pausadamente, a carta proposta;<br \/>&#8211; Se for poss\u00edvel, leia o texto em voz alta;<br \/>&#8211; Repasse com os olhos e com a mente, palavra por palavra desta carta e visualize demoradamente.<br \/>&#8211; Procure situar essa carta no contexto hist\u00f3rico em que foi escrita atrav\u00e9s de express\u00f5es pr\u00f3prias e peculiares. Desde esse contexto, trate de compreender tais express\u00f5es e seu significado.<\/p>\n<p>[\/et_pb_text][\/et_pb_column][\/et_pb_row][et_pb_row _builder_version=&#8221;4.17.4&#8243; _module_preset=&#8221;default&#8221; min_height=&#8221;173px&#8221; custom_margin=&#8221;|auto|13px|auto||&#8221; custom_padding=&#8221;1px||5px|||&#8221; global_colors_info=&#8221;{}&#8221;][et_pb_column type=&#8221;4_4&#8243; _builder_version=&#8221;4.17.4&#8243; _module_preset=&#8221;default&#8221; global_colors_info=&#8221;{}&#8221;][et_pb_text _builder_version=&#8221;4.27.4&#8243; _module_preset=&#8221;default&#8221; custom_padding=&#8221;||0px|||&#8221; hover_enabled=&#8221;0&#8243; global_colors_info=&#8221;{}&#8221; sticky_enabled=&#8221;0&#8243;]<\/p>\n<p><strong>3) Medite a Carta<\/strong><br \/>&#8211; Procure perceber o\u00a0que Santa Maria Bernarda diz a voc\u00ea hoje, qual \u00e9 seu sentido neste momento da vida;<br \/>&#8211; Identifique o n\u00facleo essencial da carta e os ensinamentos que santa Maria Bernarda oferece;<br \/>&#8211; Tome consci\u00eancia de que este texto \u00e9 para voc\u00ea neste momento da sua vida, fraternidade e miss\u00e3o; analise como est\u00e1 seu caminho de viv\u00eancia;<br \/>&#8211; Reconhe\u00e7a quais s\u00e3o os valores que voc\u00ea e sua fraternidade s\u00e3o animadas a fortalecer ou as fragilidades e sombras a superar&#8230;<\/p>\n<p>[\/et_pb_text][\/et_pb_column][\/et_pb_row][et_pb_row _builder_version=&#8221;4.17.4&#8243; _module_preset=&#8221;default&#8221; min_height=&#8221;173px&#8221; custom_margin=&#8221;|auto|13px|auto||&#8221; custom_padding=&#8221;1px||5px|||&#8221; global_colors_info=&#8221;{}&#8221;][et_pb_column type=&#8221;4_4&#8243; _builder_version=&#8221;4.17.4&#8243; _module_preset=&#8221;default&#8221; global_colors_info=&#8221;{}&#8221;][et_pb_text _builder_version=&#8221;4.27.4&#8243; _module_preset=&#8221;default&#8221; custom_padding=&#8221;||0px|||&#8221; hover_enabled=&#8221;0&#8243; global_colors_info=&#8221;{}&#8221; sticky_enabled=&#8221;0&#8243;]<\/p>\n<p><strong>4) Reze com o texto lido e meditado<\/strong><br \/>&#8211; Depois de escutar e refletir atentamente, agora \u00e9 a vez de dar sua resposta, de fazer a sua ora\u00e7\u00e3o; procure perceber o\u00a0que esta carta a leva a dizer a Deus;<br \/>&#8211; Permita que o Esp\u00edrito de Deus dirija a sua ora\u00e7\u00e3o, a sua resposta;<br \/>&#8211; N\u00e3o se preocupe com racioc\u00ednios e frases bem articuladas. Expresse o que brota de seu cora\u00e7\u00e3o fiel nesta hora;<br \/>&#8211; Lembre e expresse alguma passagem do Evangelho referente ao(s) assunto(s) que a carta j\u00e1 cita ou sugere. \u00c9 sempre importante relacionar o conte\u00fado teol\u00f3gico\/espiritual das cartas \u00e0 Palavra de Deus.<\/p>\n<p>[\/et_pb_text][\/et_pb_column][\/et_pb_row][et_pb_row _builder_version=&#8221;4.17.4&#8243; _module_preset=&#8221;default&#8221; min_height=&#8221;173px&#8221; custom_margin=&#8221;|auto|13px|auto||&#8221; custom_padding=&#8221;1px||5px|||&#8221; global_colors_info=&#8221;{}&#8221;][et_pb_column type=&#8221;4_4&#8243; _builder_version=&#8221;4.17.4&#8243; _module_preset=&#8221;default&#8221; global_colors_info=&#8221;{}&#8221;][et_pb_text _builder_version=&#8221;4.27.4&#8243; _module_preset=&#8221;default&#8221; custom_padding=&#8221;||0px|||&#8221; hover_enabled=&#8221;0&#8243; global_colors_info=&#8221;{}&#8221; sticky_enabled=&#8221;0&#8243;]<\/p>\n<p><strong>5)\u00a0Contemple a vida \u00e0 luz destes ensinamentos<\/strong><br \/>&#8211; Procure contemplar a realidade onde voc\u00ea vive e da miss\u00e3o que realiza e reconhecer a import\u00e2ncia para hoje, do que Maria Bernarda prop\u00f5e;<br \/>&#8211; Perceba o que voc\u00ea precisa mudar ou fazer a partir dessa medita\u00e7\u00e3o\u00a0e assuma um compromisso pessoal de convers\u00e3o e mudan\u00e7a;<br \/>&#8211; Busque meios para colocar em pr\u00e1tica o que o Esp\u00edrito lhe mostrou;<br \/>&#8211; Veja tamb\u00e9m como pode ajudar a sua fraternidade e pessoas com quem atua, a viverem os valores humanos\/espirituais que a carta apresenta;<br \/>&#8211; Agrade\u00e7a a Deus este tempo de forma\u00e7\u00e3o e ora\u00e7\u00e3o que teve.<\/p>\n<p>[\/et_pb_text][\/et_pb_column][\/et_pb_row][\/et_pb_section]<\/p>\n","protected":false},"excerpt":{"rendered":"<p>Como ler as Cartas de Madre BernardaSUGEST\u00c3O DE ROTEIRO PARA LEITURA ORANTE1) Coloque-se em atitude de ora\u00e7\u00e3o e escuta- Escolha um momento adequado e tranquilo para a medita\u00e7\u00e3o;- Busque uma posi\u00e7\u00e3o corporal que lhe ajude a concentrar-se;- Tome consci\u00eancia de si mesma e do que vai refletir e rezar;- Fa\u00e7a sil\u00eancio interior e ative o [&hellip;]<\/p>\n","protected":false},"author":1,"featured_media":0,"parent":0,"menu_order":0,"comment_status":"closed","ping_status":"closed","template":"","meta":{"_et_pb_use_builder":"on","_et_pb_old_content":"","_et_gb_content_width":"","footnotes":""},"class_list":["post-1626","page","type-page","status-publish","hentry"],"_links":{"self":[{"href":"https:\/\/franciscanas.org\/portal\/brasil\/wp-json\/wp\/v2\/pages\/1626","targetHints":{"allow":["GET"]}}],"collection":[{"href":"https:\/\/franciscanas.org\/portal\/brasil\/wp-json\/wp\/v2\/pages"}],"about":[{"href":"https:\/\/franciscanas.org\/portal\/brasil\/wp-json\/wp\/v2\/types\/page"}],"author":[{"embeddable":true,"href":"https:\/\/franciscanas.org\/portal\/brasil\/wp-json\/wp\/v2\/users\/1"}],"replies":[{"embeddable":true,"href":"https:\/\/franciscanas.org\/portal\/brasil\/wp-json\/wp\/v2\/comments?post=1626"}],"version-history":[{"count":13,"href":"https:\/\/franciscanas.org\/portal\/brasil\/wp-json\/wp\/v2\/pages\/1626\/revisions"}],"predecessor-version":[{"id":6281,"href":"https:\/\/franciscanas.org\/portal\/brasil\/wp-json\/wp\/v2\/pages\/1626\/revisions\/6281"}],"wp:attachment":[{"href":"https:\/\/franciscanas.org\/portal\/brasil\/wp-json\/wp\/v2\/media?parent=1626"}],"curies":[{"name":"wp","href":"https:\/\/api.w.org\/{rel}","templated":true}]}}