{"id":109,"date":"2021-07-01T20:12:57","date_gmt":"2021-07-01T23:12:57","guid":{"rendered":"https:\/\/franciscanas.org\/portal\/brasil\/?page_id=109"},"modified":"2021-09-03T13:31:31","modified_gmt":"2021-09-03T16:31:31","slug":"centro-de-espiritualidade","status":"publish","type":"page","link":"https:\/\/franciscanas.org\/portal\/brasil\/centro-de-espiritualidade\/","title":{"rendered":"Centro de Espiritualidade"},"content":{"rendered":"<p>[et_pb_section fb_built=&#8221;1&#8243; _builder_version=&#8221;4.9.4&#8243; _module_preset=&#8221;default&#8221; background_image=&#8221;https:\/\/franciscanas.org\/portal\/brasil\/wp-content\/uploads\/sites\/5\/2021\/07\/orar.png&#8221; custom_padding=&#8221;80px||100px|||&#8221; global_colors_info=&#8221;{}&#8221;][et_pb_row column_structure=&#8221;3_5,2_5&#8243; _builder_version=&#8221;4.9.4&#8243; _module_preset=&#8221;default&#8221; global_colors_info=&#8221;{}&#8221;][et_pb_column type=&#8221;3_5&#8243; _builder_version=&#8221;4.9.3&#8243; _module_preset=&#8221;default&#8221; global_colors_info=&#8221;{}&#8221;][\/et_pb_column][et_pb_column type=&#8221;2_5&#8243; _builder_version=&#8221;4.9.4&#8243; _module_preset=&#8221;default&#8221; background_color=&#8221;rgba(255,255,255,0.55)&#8221; custom_padding=&#8221;||||false|false&#8221; global_colors_info=&#8221;{}&#8221;][et_pb_image src=&#8221;https:\/\/franciscanas.org\/portal\/brasil\/wp-content\/uploads\/sites\/5\/2021\/07\/CEMB-1.png&#8221; title_text=&#8221;CEMB&#8221; align=&#8221;center&#8221; _builder_version=&#8221;4.9.7&#8243; _module_preset=&#8221;default&#8221; width=&#8221;40%&#8221; custom_margin_tablet=&#8221;&#8221; custom_margin_phone=&#8221;&#8221; custom_margin_last_edited=&#8221;on|phone&#8221; custom_padding=&#8221;45px||||false|false&#8221; global_colors_info=&#8221;{}&#8221;][\/et_pb_image][et_pb_text _builder_version=&#8221;4.9.4&#8243; _module_preset=&#8221;default&#8221; custom_margin=&#8221;||10px||false|false&#8221; custom_padding=&#8221;4px|||30px|false|false&#8221; custom_padding_tablet=&#8221;50px||||false|false&#8221; custom_padding_phone=&#8221;&#8221; custom_padding_last_edited=&#8221;on|phone&#8221; global_colors_info=&#8221;{}&#8221;]<\/p>\n<h1 style=\"font-size: 39px; text-align: center;\">Centro de Espiritualidade Madre Bernarda<\/h1>\n<p>[\/et_pb_text][et_pb_text _builder_version=&#8221;4.9.4&#8243; _module_preset=&#8221;default&#8221; custom_padding=&#8221;|||30px||&#8221; global_colors_info=&#8221;{}&#8221;]<\/p>\n<p>Complexo que comporta a um centro de acolhida, forma\u00e7\u00e3o e espiritualidade junto \u00e0 Casa M\u00e3e da Congrega\u00e7\u00e3o, onde Santa Maria Bernarda passou os \u00faltimos anos de sua vida.<\/p>\n<p>[\/et_pb_text][et_pb_button button_url=&#8221;https:\/\/franciscanas.org\/portal\/brasil\/pt_br\/o-que-e-o-ce\/&#8221; button_text=&#8221;Saiba mais&#8230;&#8221; button_alignment=&#8221;center&#8221; _builder_version=&#8221;4.10.6&#8243; _module_preset=&#8221;default&#8221; custom_button=&#8221;on&#8221; button_text_color=&#8221;#ffffff&#8221; button_bg_color=&#8221;#330d08&#8243; button_border_width=&#8221;1px&#8221; button_border_color=&#8221;#330d08&#8243; button_border_radius=&#8221;30px&#8221; button_icon=&#8221;%%24%%&#8221; global_colors_info=&#8221;{}&#8221;][\/et_pb_button][\/et_pb_column][\/et_pb_row][\/et_pb_section][et_pb_section fb_built=&#8221;1&#8243; _builder_version=&#8221;4.9.7&#8243; _module_preset=&#8221;default&#8221; background_enable_color=&#8221;off&#8221; custom_padding=&#8221;150px||100px|||&#8221; top_divider_style=&#8221;mountains2&#8243; top_divider_color=&#8221;#bfa56b&#8221; top_divider_height=&#8221;160px&#8221; bottom_divider_style=&#8221;mountains2&#8243; bottom_divider_color=&#8221;#bfa56b&#8221; bottom_divider_height=&#8221;263px&#8221; bottom_divider_flip=&#8221;horizontal&#8221; global_colors_info=&#8221;{}&#8221;][et_pb_row column_structure=&#8221;2_5,3_5&#8243; _builder_version=&#8221;4.9.4&#8243; _module_preset=&#8221;default&#8221; custom_padding=&#8221;20px||13px|||&#8221; global_colors_info=&#8221;{}&#8221;][et_pb_column type=&#8221;2_5&#8243; _builder_version=&#8221;4.9.4&#8243; _module_preset=&#8221;default&#8221; global_colors_info=&#8221;{}&#8221;][et_pb_text _builder_version=&#8221;4.9.3&#8243; _module_preset=&#8221;default&#8221; custom_margin=&#8221;||10px||false|false&#8221; custom_padding=&#8221;69px||||false|false&#8221; custom_padding_tablet=&#8221;50px||||false|false&#8221; custom_padding_phone=&#8221;&#8221; custom_padding_last_edited=&#8221;on|phone&#8221; global_colors_info=&#8221;{}&#8221;]<\/p>\n<h1 style=\"font-size: 39px;\">Santu\u00e1rio de Santa Maria Bernarda<\/h1>\n<p>[\/et_pb_text][et_pb_text _builder_version=&#8221;4.9.4&#8243; _module_preset=&#8221;default&#8221; global_colors_info=&#8221;{}&#8221;]<\/p>\n<p>Junto ao Centro de Espiritualidade Madre Bernarda encontra-se o Santu\u00e1rio de Santa Maria Bernarda. Suas rel\u00edquias est\u00e3o guardadas num altar especial. Visitar o Santu\u00e1rio significa desfrutar da presen\u00e7a desta grande mission\u00e1ria.<\/p>\n<p>[\/et_pb_text][et_pb_button button_url=&#8221;https:\/\/franciscanas.org\/portal\/brasil\/pt_br\/o-santuario\/&#8221; button_text=&#8221;Leia mais&#8230;&#8221; button_alignment=&#8221;left&#8221; _builder_version=&#8221;4.10.6&#8243; _module_preset=&#8221;default&#8221; custom_button=&#8221;on&#8221; button_text_color=&#8221;#ffffff&#8221; button_bg_color=&#8221;#330d08&#8243; button_border_width=&#8221;1px&#8221; button_border_color=&#8221;#330d08&#8243; button_border_radius=&#8221;30px&#8221; button_icon=&#8221;%%24%%&#8221; global_colors_info=&#8221;{}&#8221;][\/et_pb_button][\/et_pb_column][et_pb_column type=&#8221;3_5&#8243; _builder_version=&#8221;4.9.4&#8243; _module_preset=&#8221;default&#8221; global_colors_info=&#8221;{}&#8221;][et_pb_image src=&#8221;https:\/\/franciscanas.org\/portal\/brasil\/wp-content\/uploads\/sites\/5\/2021\/07\/altarrelicario.png&#8221; title_text=&#8221;altarrelicario&#8221; _builder_version=&#8221;4.9.7&#8243; _module_preset=&#8221;default&#8221; custom_padding=&#8221;30px|||||&#8221; global_colors_info=&#8221;{}&#8221;][\/et_pb_image][\/et_pb_column][\/et_pb_row][\/et_pb_section][et_pb_section fb_built=&#8221;1&#8243; _builder_version=&#8221;4.9.4&#8243; _module_preset=&#8221;default&#8221; background_image=&#8221;https:\/\/franciscanas.org\/portal\/brasil\/wp-content\/uploads\/sites\/5\/2021\/07\/museumb.jpg&#8221; height=&#8221;870px&#8221; max_height=&#8221;1000px&#8221; custom_margin=&#8221;||||false|false&#8221; custom_padding=&#8221;149px||41px|||&#8221; global_colors_info=&#8221;{}&#8221;][et_pb_row column_structure=&#8221;2_5,3_5&#8243; _builder_version=&#8221;4.9.4&#8243; _module_preset=&#8221;default&#8221; custom_padding=&#8221;146px|||||&#8221; global_colors_info=&#8221;{}&#8221;][et_pb_column type=&#8221;2_5&#8243; _builder_version=&#8221;4.9.3&#8243; _module_preset=&#8221;default&#8221; global_colors_info=&#8221;{}&#8221;][\/et_pb_column][et_pb_column type=&#8221;3_5&#8243; _builder_version=&#8221;4.9.4&#8243; _module_preset=&#8221;default&#8221; background_color=&#8221;rgba(255,255,255,0.73)&#8221; custom_padding=&#8221;|30px|40px|30px|false|false&#8221; global_colors_info=&#8221;{}&#8221;][et_pb_text _builder_version=&#8221;4.9.7&#8243; _module_preset=&#8221;default&#8221; custom_margin=&#8221;||10px||false|false&#8221; custom_padding=&#8221;100px||||false|false&#8221; custom_padding_tablet=&#8221;&#8221; custom_padding_phone=&#8221;50px||||false|false&#8221; custom_padding_last_edited=&#8221;on|tablet&#8221; global_colors_info=&#8221;{}&#8221;]<\/p>\n<h1>Museu biogr\u00e1fico<\/h1>\n<p>[\/et_pb_text][et_pb_text _builder_version=&#8221;4.9.3&#8243; _module_preset=&#8221;default&#8221; global_colors_info=&#8221;{}&#8221;]<\/p>\n<p>Visitando o Museu Biogr\u00e1fico de Santa Maria Bernarda \u00e9 poss\u00edvel conhecer sua vida e sua trajet\u00f3ria. Desde o nascimento, a vida familiar, o ingresso e consagra\u00e7\u00e3o na vida religiosa, sua partida para a miss\u00e3o na Am\u00e9rica do Sul.<\/p>\n<p>[\/et_pb_text][et_pb_button button_url=&#8221;https:\/\/franciscanas.org\/portal\/brasil\/pt_br\/museu-de-smb\/&#8221; button_text=&#8221;Sobre o museu&#8230;&#8221; button_alignment=&#8221;left&#8221; _builder_version=&#8221;4.10.6&#8243; _module_preset=&#8221;default&#8221; custom_button=&#8221;on&#8221; button_text_color=&#8221;#ffffff&#8221; button_bg_color=&#8221;#330d08&#8243; button_border_width=&#8221;1px&#8221; button_border_color=&#8221;#330d08&#8243; button_border_radius=&#8221;30px&#8221; button_icon=&#8221;%%24%%&#8221; global_colors_info=&#8221;{}&#8221;][\/et_pb_button][\/et_pb_column][\/et_pb_row][\/et_pb_section][et_pb_section fb_built=&#8221;1&#8243; custom_padding_last_edited=&#8221;on|tablet&#8221; _builder_version=&#8221;4.9.7&#8243; _module_preset=&#8221;default&#8221; custom_padding=&#8221;120px||115px|||&#8221; custom_padding_tablet=&#8221;80px||||false|false&#8221; custom_padding_phone=&#8221;60px||115px||false|false&#8221; global_colors_info=&#8221;{}&#8221;][et_pb_row column_structure=&#8221;1_2,1_2&#8243; _builder_version=&#8221;4.9.4&#8243; _module_preset=&#8221;default&#8221; global_colors_info=&#8221;{}&#8221;][et_pb_column type=&#8221;1_2&#8243; _builder_version=&#8221;4.9.4&#8243; _module_preset=&#8221;default&#8221; global_colors_info=&#8221;{}&#8221;][et_pb_text _builder_version=&#8221;4.9.3&#8243; _module_preset=&#8221;default&#8221; width=&#8221;69.2%&#8221; custom_margin=&#8221;||10px||false|false&#8221; custom_padding=&#8221;6px|||||&#8221; custom_padding_tablet=&#8221;50px||||false|false&#8221; custom_padding_phone=&#8221;&#8221; custom_padding_last_edited=&#8221;on|phone&#8221; global_colors_info=&#8221;{}&#8221;]<\/p>\n<h1>Escritos e cartas<\/h1>\n<p>[\/et_pb_text][et_pb_text _builder_version=&#8221;4.9.4&#8243; _module_preset=&#8221;default&#8221; global_colors_info=&#8221;{}&#8221;]<\/p>\n<p>Maria Bernarda foi uma grande comunicadora e m\u00edstica. Ela deixou uma valiosa heran\u00e7a atrav\u00e9s dos seus escritos. S\u00e3o cartas, escritos de conte\u00fado doutrinal e di\u00e1rios espirituais com os quais, registrou sua trajet\u00f3ria as ideias que a animaram na viv\u00eancia da f\u00e9 e na miss\u00e3o. O processo de canoniza\u00e7\u00e3o qua analisou esses escritos revelou potencial para que essa Santa se torne Doutora da Igreja.<\/p>\n<p>[\/et_pb_text][et_pb_button button_text=&#8221;Acesse mais&#8230;&#8221; button_alignment=&#8221;left&#8221; _builder_version=&#8221;4.10.6&#8243; _module_preset=&#8221;default&#8221; custom_button=&#8221;on&#8221; button_text_color=&#8221;#ffffff&#8221; button_bg_color=&#8221;#330d08&#8243; button_border_width=&#8221;1px&#8221; button_border_color=&#8221;#330d08&#8243; button_border_radius=&#8221;30px&#8221; button_icon=&#8221;%%24%%&#8221; hover_enabled=&#8221;0&#8243; global_colors_info=&#8221;{}&#8221; button_url=&#8221;https:\/\/franciscanas.org\/portal\/brasil\/pt_br\/escritos-espirituais\/&#8221; sticky_enabled=&#8221;0&#8243;][\/et_pb_button][\/et_pb_column][et_pb_column type=&#8221;1_2&#8243; _builder_version=&#8221;4.9.3&#8243; _module_preset=&#8221;default&#8221; global_colors_info=&#8221;{}&#8221;][et_pb_image src=&#8221;https:\/\/franciscanas.org\/portal\/brasil\/wp-content\/uploads\/sites\/5\/2021\/07\/Carta.jpg&#8221; title_text=&#8221;Carta&#8221; align_tablet=&#8221;center&#8221; align_phone=&#8221;&#8221; align_last_edited=&#8221;on|phone&#8221; _builder_version=&#8221;4.9.7&#8243; _module_preset=&#8221;default&#8221; custom_margin=&#8221;7px|||||&#8221; global_colors_info=&#8221;{}&#8221;][\/et_pb_image][\/et_pb_column][\/et_pb_row][\/et_pb_section][et_pb_section fb_built=&#8221;1&#8243; _builder_version=&#8221;4.9.3&#8243; _module_preset=&#8221;default&#8221; background_color=&#8221;RGBA(0,0,0,0)&#8221; background_image=&#8221;https:\/\/franciscanas.org\/portal\/brasil\/wp-content\/uploads\/sites\/5\/2021\/07\/entrada.jpg&#8221; global_colors_info=&#8221;{}&#8221;][et_pb_row _builder_version=&#8221;4.9.4&#8243; _module_preset=&#8221;default&#8221; background_color=&#8221;#FFFFFF&#8221; min_height=&#8221;819.7px&#8221; custom_margin=&#8221;||||false|false&#8221; custom_padding=&#8221;70px||0px|||&#8221; global_colors_info=&#8221;{}&#8221;][et_pb_column type=&#8221;4_4&#8243; _builder_version=&#8221;4.9.3&#8243; _module_preset=&#8221;default&#8221; global_colors_info=&#8221;{}&#8221;][et_pb_text _builder_version=&#8221;4.9.4&#8243; _module_preset=&#8221;default&#8221; min_height=&#8221;62px&#8221; custom_margin=&#8221;||1px||false|false&#8221; custom_padding=&#8221;0px||||false|false&#8221; global_colors_info=&#8221;{}&#8221;]<\/p>\n<div class=\"et_pb_column et_pb_column_4_4 et_pb_column_8  et_pb_css_mix_blend_mode_passthrough et-last-child\">\n<div class=\"et_pb_module et_pb_text et_pb_text_9  et_pb_text_align_left et_pb_bg_layout_light\">\n<div class=\"et_pb_text_inner\">\n<h1 style=\"padding-left: 40px;\">Localiza\u00e7\u00e3o<\/h1>\n<\/div>\n<\/div>\n<\/div>\n<p>[\/et_pb_text][et_pb_text _builder_version=&#8221;4.9.4&#8243; _module_preset=&#8221;default&#8221; custom_margin=&#8221;||-3px|||&#8221; global_colors_info=&#8221;{}&#8221;]<\/p>\n<p style=\"padding-left: 40px;\">O Centro de Espiritualidade Santa Maria Bernarda est\u00e1 sediado ao lado das depend\u00eancias do Col\u00e9gio Biffi na Carrera 71 #31A &#8211; 248, Bairro La Provid\u00eancia, Cartagena, Bolivar, Col\u00f4mbia.<\/p>\n<p>&nbsp;<\/p>\n<p>[\/et_pb_text][et_pb_text _builder_version=&#8221;4.9.4&#8243; _module_preset=&#8221;default&#8221; custom_margin=&#8221;-27px||1px|||&#8221; global_colors_info=&#8221;{}&#8221;]<\/p>\n<p><span style=\"font-family: Arial;\"><span style=\"font-size: small;\"> <\/span><\/span><\/p>\n<p><iframe loading=\"lazy\" src=\"https:\/\/www.google.com\/maps\/embed?pb=!1m18!1m12!1m3!1d1166.7187822870228!2d-75.47775748489562!3d10.393069377699774!2m3!1f0!2f0!3f0!3m2!1i1024!2i768!4f13.1!3m3!1m2!1s0x8ef6243471de3835%3A0xa3b9dcabd222f357!2sColegio%20Biffi!5e0!3m2!1spt-BR!2sbr!4v1611236248563!5m2!1spt-BR!2sbr\" style=\"border: 0;\" allowfullscreen=\"\" aria-hidden=\"false\" tabindex=\"0\" width=\"1200\" height=\"600\" frameborder=\"0\"><\/iframe><\/p>\n<p>[\/et_pb_text][\/et_pb_column][\/et_pb_row][\/et_pb_section]<\/p>\n","protected":false},"excerpt":{"rendered":"<p>Centro de Espiritualidade Madre BernardaComplexo que comporta a um centro de acolhida, forma\u00e7\u00e3o e espiritualidade junto \u00e0 Casa M\u00e3e da Congrega\u00e7\u00e3o, onde Santa Maria Bernarda passou os \u00faltimos anos de sua vida.Santu\u00e1rio de Santa Maria BernardaJunto ao Centro de Espiritualidade Madre Bernarda encontra-se o Santu\u00e1rio de Santa Maria Bernarda. Suas rel\u00edquias est\u00e3o guardadas num altar [&hellip;]<\/p>\n","protected":false},"author":1,"featured_media":0,"parent":0,"menu_order":0,"comment_status":"closed","ping_status":"closed","template":"","meta":{"_et_pb_use_builder":"on","_et_pb_old_content":"","_et_gb_content_width":"","footnotes":""},"class_list":["post-109","page","type-page","status-publish","hentry"],"_links":{"self":[{"href":"https:\/\/franciscanas.org\/portal\/brasil\/wp-json\/wp\/v2\/pages\/109","targetHints":{"allow":["GET"]}}],"collection":[{"href":"https:\/\/franciscanas.org\/portal\/brasil\/wp-json\/wp\/v2\/pages"}],"about":[{"href":"https:\/\/franciscanas.org\/portal\/brasil\/wp-json\/wp\/v2\/types\/page"}],"author":[{"embeddable":true,"href":"https:\/\/franciscanas.org\/portal\/brasil\/wp-json\/wp\/v2\/users\/1"}],"replies":[{"embeddable":true,"href":"https:\/\/franciscanas.org\/portal\/brasil\/wp-json\/wp\/v2\/comments?post=109"}],"version-history":[{"count":7,"href":"https:\/\/franciscanas.org\/portal\/brasil\/wp-json\/wp\/v2\/pages\/109\/revisions"}],"predecessor-version":[{"id":838,"href":"https:\/\/franciscanas.org\/portal\/brasil\/wp-json\/wp\/v2\/pages\/109\/revisions\/838"}],"wp:attachment":[{"href":"https:\/\/franciscanas.org\/portal\/brasil\/wp-json\/wp\/v2\/media?parent=109"}],"curies":[{"name":"wp","href":"https:\/\/api.w.org\/{rel}","templated":true}]}}